{"id":21138,"date":"2023-11-12T20:20:08","date_gmt":"2023-11-12T13:20:08","guid":{"rendered":"https:\/\/demo8.thuythu.com\/avsd\/?post_type=product&#038;p=21138"},"modified":"2023-11-12T20:29:33","modified_gmt":"2023-11-12T13:29:33","slug":"can-micro-cho-thiet-bi-hoi-thao-khong-day-loai-linh-hoat-do-dai-40cm","status":"publish","type":"product","link":"https:\/\/demo8.thuythu.com\/avsd\/san-pham\/can-micro-cho-thiet-bi-hoi-thao-khong-day-loai-linh-hoat-do-dai-40cm\/","title":{"rendered":"C\u1ea7n micro cho thi\u1ebft b\u1ecb h\u1ed9i th\u1ea3o kh\u00f4ng d\u00e2y lo\u1ea1i linh ho\u1ea1t \u0111\u1ed9 d\u00e0i 40cm"},"content":{"rendered":"<h2><span style=\"color: #ff6600;\">Th\u00f4ng tin chi ti\u1ebft\u00a0<\/span><\/h2>\n<p><strong>Mike PLM 402 F &#8211; <\/strong>C\u1ea7n micro cho thi\u1ebft b\u1ecb h\u1ed9i th\u1ea3o kh\u00f4ng d\u00e2y, lo\u1ea1i linh ho\u1ea1t, \u0111\u1ed9 d\u00e0i c\u1ea7n 40cm. C\u1ea7n micro c\u00f3 02 kh\u1edbp b\u1ebb linh ho\u1ea1t \u1edf g\u1ea7n gi\u1eafc c\u1eafm c\u1ea7n v\u00e0 \u0111\u1ea7u micro, c\u00f3 kh\u1ea3 n\u0103ng ch\u1ed1ng nhi\u1ec5u s\u00f3ng \u0111i\u1ec7n tho\u1ea1i di \u0111\u1ed9ng. \u0110\u1ea7u c\u1ea7n micro t\u00edch h\u1ee3p \u0111\u00e8n LED c\u00f3 th\u1ec3 hi\u1ec3n th\u1ecb tr\u1ea1ng th\u00e1i c\u1ee7a micro b\u1eb1ng m\u00e0u \u0111\u00e8n. Ng\u01b0\u1eddi d\u00f9ng d\u1ec5 d\u00e0ng c\u1eafm v\u00e0 r\u00fat c\u1ea7n micro ra kh\u1ecfi thi\u1ebft b\u1ecb h\u1ed5i th\u1ea3o kh\u00f4ng d\u00e2y ch\u1ec9 b\u1eb1ng 1 n\u00fat b\u1ea5m.<\/p>\n","protected":false},"excerpt":{"rendered":"<p><strong>D-Cerno F-CM<\/strong>\u00a0l\u00e0 H\u1ed9p Ch\u1ee7 t\u1ecbch\u00a0g\u1eafn \u00e2m b\u00e0n\u00a0d\u00e0nh cho c\u00e1c h\u1ec7 th\u1ed1ng h\u1ed9i th\u1ea3o\u00a0c\u01a1 b\u1ea3n. V\u1edbi thi\u1ebft k\u1ebf\u00a0trang nh\u00e3, thi\u1ebft b\u1ecb c\u00f3 th\u1ec3 t\u00edch h\u1ee3p v\u00e0o\u00a0b\u1ea5t k\u1ef3 n\u1ed9i th\u1ea5t ph\u00f2ng h\u1ecdp n\u00e0o \u0111\u00e3 l\u1eafp \u0111\u1eb7t h\u1ec7 th\u1ed1ng \u00e2m thanh (do b\u1ea3ng \u0111i\u1ec1u khi\u1ec3n c\u1ee7a\u00a0<strong>D-Cerno F-CM<\/strong>\u00a0kh\u00f4ng c\u00f3 loa).<\/p>\n","protected":false},"featured_media":21133,"comment_status":"open","ping_status":"closed","template":"","meta":[],"product_cat":[15,8611,8619],"product_tag":[],"acf":[],"lang":"vi","translations":{"vi":21138},"pll_sync_post":[],"_links":{"self":[{"href":"https:\/\/demo8.thuythu.com\/avsd\/wp-json\/wp\/v2\/product\/21138"}],"collection":[{"href":"https:\/\/demo8.thuythu.com\/avsd\/wp-json\/wp\/v2\/product"}],"about":[{"href":"https:\/\/demo8.thuythu.com\/avsd\/wp-json\/wp\/v2\/types\/product"}],"replies":[{"embeddable":true,"href":"https:\/\/demo8.thuythu.com\/avsd\/wp-json\/wp\/v2\/comments?post=21138"}],"wp:featuredmedia":[{"embeddable":true,"href":"https:\/\/demo8.thuythu.com\/avsd\/wp-json\/wp\/v2\/media\/21133"}],"wp:attachment":[{"href":"https:\/\/demo8.thuythu.com\/avsd\/wp-json\/wp\/v2\/media?parent=21138"}],"wp:term":[{"taxonomy":"product_cat","embeddable":true,"href":"https:\/\/demo8.thuythu.com\/avsd\/wp-json\/wp\/v2\/product_cat?post=21138"},{"taxonomy":"product_tag","embeddable":true,"href":"https:\/\/demo8.thuythu.com\/avsd\/wp-json\/wp\/v2\/product_tag?post=21138"}],"curies":[{"name":"wp","href":"https:\/\/api.w.org\/{rel}","templated":true}]}}