{"id":21142,"date":"2023-11-13T09:26:33","date_gmt":"2023-11-13T02:26:33","guid":{"rendered":"https:\/\/demo8.thuythu.com\/avsd\/?post_type=product&#038;p=21142"},"modified":"2023-11-13T11:04:50","modified_gmt":"2023-11-13T04:04:50","slug":"bo-phat-khong-day-bo-tui","status":"publish","type":"product","link":"https:\/\/demo8.thuythu.com\/avsd\/san-pham\/bo-phat-khong-day-bo-tui\/","title":{"rendered":"B\u1ed9 ph\u00e1t kh\u00f4ng d\u00e2y b\u1ecf t\u00fai"},"content":{"rendered":"<h2><span style=\"color: #ff6600;\">Th\u00f4ng tin chi ti\u1ebft\u00a0<\/span><\/h2>\n<p><strong>Unite TP &#8211; <\/strong>B\u1ed9 ph\u00e1t kh\u00f4ng d\u00e2y b\u1ecf t\u00fai l\u00e0 thi\u1ebft b\u1ecb \u0111\u01b0\u1ee3c t\u1ed1i \u01b0u h\u00f3a cho c\u00e1c \u1ee9ng d\u1ee5ng \u0111\u00e0m tho\u1ea1i kh\u00f4ng d\u00e2y nh\u01b0 h\u01b0\u1edbng d\u1eabn du l\u1ecbch, phi\u00ean d\u1ecbch \u0111a ng\u00f4n ng\u1eef, intercom c\u0169ng nh\u01b0 h\u1ed7 tr\u1ee3 nghe cho ng\u01b0\u1eddi khi\u1ebfm th\u00ednh, khi\u1ebfm th\u1ecb. Thi\u1ebft b\u1ecb \u0111\u01b0\u1ee3c t\u00edch h\u1ee3p ch\u1ee9c n\u0103ng DSP. Ng\u01b0\u1eddi d\u00f9ng c\u0169ng c\u00f3 th\u1ec3 s\u1eed d\u1ee5ng B\u1ed9 ph\u00e1t kh\u00f4ng d\u00e2y b\u00f3 t\u00fai nh\u01b0ng m\u1ed9t h\u1ec7 th\u1ed1ng micro kh\u00f4ng d\u00e2y.<\/p>\n","protected":false},"excerpt":{"rendered":"<p><strong>D-Cerno F-CM<\/strong>\u00a0l\u00e0 H\u1ed9p Ch\u1ee7 t\u1ecbch\u00a0g\u1eafn \u00e2m b\u00e0n\u00a0d\u00e0nh cho c\u00e1c h\u1ec7 th\u1ed1ng h\u1ed9i th\u1ea3o\u00a0c\u01a1 b\u1ea3n. V\u1edbi thi\u1ebft k\u1ebf\u00a0trang nh\u00e3, thi\u1ebft b\u1ecb c\u00f3 th\u1ec3 t\u00edch h\u1ee3p v\u00e0o\u00a0b\u1ea5t k\u1ef3 n\u1ed9i th\u1ea5t ph\u00f2ng h\u1ecdp n\u00e0o \u0111\u00e3 l\u1eafp \u0111\u1eb7t h\u1ec7 th\u1ed1ng \u00e2m thanh (do b\u1ea3ng \u0111i\u1ec1u khi\u1ec3n c\u1ee7a\u00a0<strong>D-Cerno F-CM<\/strong>\u00a0kh\u00f4ng c\u00f3 loa).<\/p>\n","protected":false},"featured_media":21180,"comment_status":"open","ping_status":"closed","template":"","meta":[],"product_cat":[15,8611,8631],"product_tag":[],"acf":[],"lang":"vi","translations":{"vi":21142},"pll_sync_post":[],"_links":{"self":[{"href":"https:\/\/demo8.thuythu.com\/avsd\/wp-json\/wp\/v2\/product\/21142"}],"collection":[{"href":"https:\/\/demo8.thuythu.com\/avsd\/wp-json\/wp\/v2\/product"}],"about":[{"href":"https:\/\/demo8.thuythu.com\/avsd\/wp-json\/wp\/v2\/types\/product"}],"replies":[{"embeddable":true,"href":"https:\/\/demo8.thuythu.com\/avsd\/wp-json\/wp\/v2\/comments?post=21142"}],"wp:featuredmedia":[{"embeddable":true,"href":"https:\/\/demo8.thuythu.com\/avsd\/wp-json\/wp\/v2\/media\/21180"}],"wp:attachment":[{"href":"https:\/\/demo8.thuythu.com\/avsd\/wp-json\/wp\/v2\/media?parent=21142"}],"wp:term":[{"taxonomy":"product_cat","embeddable":true,"href":"https:\/\/demo8.thuythu.com\/avsd\/wp-json\/wp\/v2\/product_cat?post=21142"},{"taxonomy":"product_tag","embeddable":true,"href":"https:\/\/demo8.thuythu.com\/avsd\/wp-json\/wp\/v2\/product_tag?post=21142"}],"curies":[{"name":"wp","href":"https:\/\/api.w.org\/{rel}","templated":true}]}}