{"id":21143,"date":"2023-11-13T09:49:15","date_gmt":"2023-11-13T02:49:15","guid":{"rendered":"https:\/\/demo8.thuythu.com\/avsd\/?post_type=product&#038;p=21143"},"modified":"2023-11-13T10:34:13","modified_gmt":"2023-11-13T03:34:13","slug":"ban-phien-dich-lingua-id-televic","status":"publish","type":"product","link":"https:\/\/demo8.thuythu.com\/avsd\/san-pham\/ban-phien-dich-lingua-id-televic\/","title":{"rendered":"B\u00e0n phi\u00ean d\u1ecbch Lingua ID"},"content":{"rendered":"<h2><span style=\"color: #ff6600;\">Th\u00f4ng tin chi ti\u1ebft\u00a0<\/span><\/h2>\n<ul>\n<li>Thi\u1ebft k\u1ebf c\u00f4ng th\u00e1i h\u1ecdc, ph\u00e2n chia th\u00e0nh khu v\u1ef1c \u0111i\u1ec1u khi\u1ec3n v\u00e0 hi\u1ec3n th\u1ecb, b\u1ed1 tr\u00ed giao di\u1ec7n \u0111i\u1ec1u khi\u1ec3n tr\u1ef1c quan, c\u00e1c n\u00fat \u1ea5n c\u00f3 \u0111\u00e8n LED hi\u1ec3n th\u1ecb tr\u1ea1ng th\u00e1i, t\u00edch h\u1ee3p m\u00e0n h\u00ecnh m\u00e0u<\/li>\n<li>Ph\u1ea3n h\u1ed3i x\u00fac gi\u00e1c v\u00e0 \u00e2m thanh h\u1ed7 tr\u1ee3 cho phi\u00ean d\u1ecbch vi\u00ean khi\u1ebfm th\u1ecb<\/li>\n<li>C\u00f4ng ngh\u1ec7 b\u1ea3o v\u1ec7 th\u00ednh gi\u00e1c<\/li>\n<li>T\u00edch h\u1ee3p 6 k\u00eanh d\u1ecbch relay v\u00e0 l\u1ef1a ch\u1ecdn \u0111\u1ea7u ra A\/B\/C<\/li>\n<li>T\u01b0\u01a1ng th\u00edch v\u1edbi ti\u00eau chu\u1ea9n ISO 20109:2016<\/li>\n<\/ul>\n","protected":false},"excerpt":{"rendered":"<p><strong>D-Cerno F-CM<\/strong>\u00a0l\u00e0 H\u1ed9p Ch\u1ee7 t\u1ecbch\u00a0g\u1eafn \u00e2m b\u00e0n\u00a0d\u00e0nh cho c\u00e1c h\u1ec7 th\u1ed1ng h\u1ed9i th\u1ea3o\u00a0c\u01a1 b\u1ea3n. V\u1edbi thi\u1ebft k\u1ebf\u00a0trang nh\u00e3, thi\u1ebft b\u1ecb c\u00f3 th\u1ec3 t\u00edch h\u1ee3p v\u00e0o\u00a0b\u1ea5t k\u1ef3 n\u1ed9i th\u1ea5t ph\u00f2ng h\u1ecdp n\u00e0o \u0111\u00e3 l\u1eafp \u0111\u1eb7t h\u1ec7 th\u1ed1ng \u00e2m thanh (do b\u1ea3ng \u0111i\u1ec1u khi\u1ec3n c\u1ee7a\u00a0<strong>D-Cerno F-CM<\/strong>\u00a0kh\u00f4ng c\u00f3 loa).<\/p>\n","protected":false},"featured_media":21146,"comment_status":"open","ping_status":"closed","template":"","meta":[],"product_cat":[15,8611,8623],"product_tag":[],"acf":[],"lang":"vi","translations":{"vi":21143},"pll_sync_post":[],"_links":{"self":[{"href":"https:\/\/demo8.thuythu.com\/avsd\/wp-json\/wp\/v2\/product\/21143"}],"collection":[{"href":"https:\/\/demo8.thuythu.com\/avsd\/wp-json\/wp\/v2\/product"}],"about":[{"href":"https:\/\/demo8.thuythu.com\/avsd\/wp-json\/wp\/v2\/types\/product"}],"replies":[{"embeddable":true,"href":"https:\/\/demo8.thuythu.com\/avsd\/wp-json\/wp\/v2\/comments?post=21143"}],"wp:featuredmedia":[{"embeddable":true,"href":"https:\/\/demo8.thuythu.com\/avsd\/wp-json\/wp\/v2\/media\/21146"}],"wp:attachment":[{"href":"https:\/\/demo8.thuythu.com\/avsd\/wp-json\/wp\/v2\/media?parent=21143"}],"wp:term":[{"taxonomy":"product_cat","embeddable":true,"href":"https:\/\/demo8.thuythu.com\/avsd\/wp-json\/wp\/v2\/product_cat?post=21143"},{"taxonomy":"product_tag","embeddable":true,"href":"https:\/\/demo8.thuythu.com\/avsd\/wp-json\/wp\/v2\/product_tag?post=21143"}],"curies":[{"name":"wp","href":"https:\/\/api.w.org\/{rel}","templated":true}]}}