{"id":21172,"date":"2023-11-13T10:22:17","date_gmt":"2023-11-13T03:22:17","guid":{"rendered":"https:\/\/demo8.thuythu.com\/avsd\/?post_type=product&#038;p=21172"},"modified":"2023-11-13T10:33:33","modified_gmt":"2023-11-13T03:33:33","slug":"bo-truyen-phat-hong-ngoai-ky-thuat-so-lingua-t","status":"publish","type":"product","link":"https:\/\/demo8.thuythu.com\/avsd\/san-pham\/bo-truyen-phat-hong-ngoai-ky-thuat-so-lingua-t\/","title":{"rendered":"B\u1ed9 truy\u1ec1n ph\u00e1t h\u1ed3ng ngo\u1ea1i k\u1ef9 thu\u1eadt s\u1ed1 Lingua T"},"content":{"rendered":"<h2><span style=\"color: #ff6600;\">Th\u00f4ng tin chi ti\u1ebft\u00a0<\/span><\/h2>\n<ul>\n<li>Tr\u00e1i tim c\u1ee7a h\u1ec7 th\u1ed1ng phi\u00ean d\u1ecbch h\u1ed3ng ngo\u1ea1i, t\u01b0\u01a1ng th\u00edch v\u1edbi ti\u00eau chu\u1ea9n IEC 61603-7 v\u00e0 IEC 60914<\/li>\n<li>\u00a0\u0110\u1ea7u v\u00e0o Dante audio \u0111\u1ec3 t\u00edch h\u1ee3p v\u1edbi m\u1ea1ng Plixus, truy\u1ec1n ph\u00e1t l\u00ean t\u1edbi 40 k\u00eanh audio s\u1ed1 (thi\u1ebft b\u1ecb s\u1eb5n c\u00f3 06 k\u00eanh v\u00e0 c\u00f3 th\u1ec3 n\u00e2ng c\u1ea5p l\u00ean 12 ho\u1eb7c 40 k\u00eanh b\u1eb1ng<br \/>\nvi\u1ec7c mua th\u00eam license)<\/li>\n<li>C\u00e0i \u0111\u1eb7t v\u00e0 c\u1ea5u h\u00ecnh b\u1eb1ng web server, nh\u1eadn d\u1ea1ng k\u00eanh d\u1ecbch m\u1ed9t c\u00e1ch linh ho\u1ea1t<\/li>\n<li>T\u00edch h\u1ee3p 04 \u0111\u1ea7u ra BNC cho c\u00e1c \u0111\u1ea7u ph\u00e1t h\u1ed3ng ngo\u1ea1i, m\u1ed7i \u0111\u1ea7u ra c\u00f3 th\u1ec3 k\u1ebft n\u1ed1i 20 \u0111\u1ea7u ph\u00e1t v\u1edbi chi\u1ec1u d\u00e0i c\u00e1p t\u1ed1i \u0111a 900m<\/li>\n<li>Ch\u1ee9c n\u0103ng t\u1ef1 \u0111\u1ed9ng b\u00f9 tr\u1ec5 cho c\u00e1c \u0111\u1ea7u ph\u00e1t h\u1ed3ng ngo\u1ea1i, ch\u1ee9c n\u0103ng override tr\u00ean c\u00e1c k\u00eanh phi\u00ean d\u1ecbch, ch\u1ee9c n\u0103ng ki\u1ec3m tra v\u00e0 s\u1eeda l\u1ed7i cho h\u1ec7 th\u1ed1ng<\/li>\n<\/ul>\n","protected":false},"excerpt":{"rendered":"<p><strong>D-Cerno F-CM<\/strong>\u00a0l\u00e0 H\u1ed9p Ch\u1ee7 t\u1ecbch\u00a0g\u1eafn \u00e2m b\u00e0n\u00a0d\u00e0nh cho c\u00e1c h\u1ec7 th\u1ed1ng h\u1ed9i th\u1ea3o\u00a0c\u01a1 b\u1ea3n. V\u1edbi thi\u1ebft k\u1ebf\u00a0trang nh\u00e3, thi\u1ebft b\u1ecb c\u00f3 th\u1ec3 t\u00edch h\u1ee3p v\u00e0o\u00a0b\u1ea5t k\u1ef3 n\u1ed9i th\u1ea5t ph\u00f2ng h\u1ecdp n\u00e0o \u0111\u00e3 l\u1eafp \u0111\u1eb7t h\u1ec7 th\u1ed1ng \u00e2m thanh (do b\u1ea3ng \u0111i\u1ec1u khi\u1ec3n c\u1ee7a\u00a0<strong>D-Cerno F-CM<\/strong>\u00a0kh\u00f4ng c\u00f3 loa).<\/p>\n","protected":false},"featured_media":21151,"comment_status":"open","ping_status":"closed","template":"","meta":[],"product_cat":[15,8611,8623],"product_tag":[],"acf":[],"lang":"vi","translations":{"vi":21172},"pll_sync_post":[],"_links":{"self":[{"href":"https:\/\/demo8.thuythu.com\/avsd\/wp-json\/wp\/v2\/product\/21172"}],"collection":[{"href":"https:\/\/demo8.thuythu.com\/avsd\/wp-json\/wp\/v2\/product"}],"about":[{"href":"https:\/\/demo8.thuythu.com\/avsd\/wp-json\/wp\/v2\/types\/product"}],"replies":[{"embeddable":true,"href":"https:\/\/demo8.thuythu.com\/avsd\/wp-json\/wp\/v2\/comments?post=21172"}],"wp:featuredmedia":[{"embeddable":true,"href":"https:\/\/demo8.thuythu.com\/avsd\/wp-json\/wp\/v2\/media\/21151"}],"wp:attachment":[{"href":"https:\/\/demo8.thuythu.com\/avsd\/wp-json\/wp\/v2\/media?parent=21172"}],"wp:term":[{"taxonomy":"product_cat","embeddable":true,"href":"https:\/\/demo8.thuythu.com\/avsd\/wp-json\/wp\/v2\/product_cat?post=21172"},{"taxonomy":"product_tag","embeddable":true,"href":"https:\/\/demo8.thuythu.com\/avsd\/wp-json\/wp\/v2\/product_tag?post=21172"}],"curies":[{"name":"wp","href":"https:\/\/api.w.org\/{rel}","templated":true}]}}