{"id":21173,"date":"2023-11-13T10:28:32","date_gmt":"2023-11-13T03:28:32","guid":{"rendered":"https:\/\/demo8.thuythu.com\/avsd\/?post_type=product&#038;p=21173"},"modified":"2023-11-13T10:33:16","modified_gmt":"2023-11-13T03:33:16","slug":"dau-phat-hong-ngoai-lingua-rad-h","status":"publish","type":"product","link":"https:\/\/demo8.thuythu.com\/avsd\/san-pham\/dau-phat-hong-ngoai-lingua-rad-h\/","title":{"rendered":"\u0110\u1ea7u ph\u00e1t h\u1ed3ng ngo\u1ea1i Lingua RAD_H"},"content":{"rendered":"<h2><span style=\"color: #ff6600;\">Th\u00f4ng tin chi ti\u1ebft\u00a0<\/span><\/h2>\n<ul>\n<li>C\u00f4ng su\u1ea5t ph\u00e1t 25W<\/li>\n<li>T\u01b0\u01a1ng th\u00edch v\u1edbi ti\u00eau chu\u1ea9n IEC 61603-7 v\u00e0 IEC 60914<\/li>\n<li>T\u1ea7n s\u1ed1 ph\u00e1t t\u1eeb 2 \u0111\u1ebfn 10MHz, kh\u00f4ng b\u1ecb can nhi\u1ec5u b\u1edfi \u00e1nh s\u00e1ng, an to\u00e0n v\u1edbi m\u1eaft<\/li>\n<li>Ch\u1ebf \u0111\u1ed9 qu\u1ea3n l\u00fd c\u00f4ng su\u1ea5t ph\u00e1t th\u00f4ng minh v\u00e0 hi\u1ec7u qu\u1ea3<\/li>\n<li>Ch\u1ee9c n\u0103ng t\u1ef1 \u0111\u1ed9ng b\u00f9 tr\u1ec5 cho c\u00e1c \u0111\u1ea7u ph\u00e1t h\u1ed3ng ngo\u1ea1i, gi\u00fap lo\u1ea1i tr\u1eeb c\u00e1c \u201c\u0111i\u1ec3m ch\u1ebft\u201d trong ph\u00f2ng<\/li>\n<li>K\u00edch th\u01b0\u1edbc g\u1ecdn, nh\u1eb9, d\u1ec5 d\u00e0ng l\u1eafp \u0111\u1eb7t<\/li>\n<\/ul>\n","protected":false},"excerpt":{"rendered":"<p><strong>D-Cerno F-CM<\/strong>\u00a0l\u00e0 H\u1ed9p Ch\u1ee7 t\u1ecbch\u00a0g\u1eafn \u00e2m b\u00e0n\u00a0d\u00e0nh cho c\u00e1c h\u1ec7 th\u1ed1ng h\u1ed9i th\u1ea3o\u00a0c\u01a1 b\u1ea3n. V\u1edbi thi\u1ebft k\u1ebf\u00a0trang nh\u00e3, thi\u1ebft b\u1ecb c\u00f3 th\u1ec3 t\u00edch h\u1ee3p v\u00e0o\u00a0b\u1ea5t k\u1ef3 n\u1ed9i th\u1ea5t ph\u00f2ng h\u1ecdp n\u00e0o \u0111\u00e3 l\u1eafp \u0111\u1eb7t h\u1ec7 th\u1ed1ng \u00e2m thanh (do b\u1ea3ng \u0111i\u1ec1u khi\u1ec3n c\u1ee7a\u00a0<strong>D-Cerno F-CM<\/strong>\u00a0kh\u00f4ng c\u00f3 loa).<\/p>\n","protected":false},"featured_media":21150,"comment_status":"open","ping_status":"closed","template":"","meta":[],"product_cat":[8611,15,8623],"product_tag":[],"acf":[],"lang":"vi","translations":{"vi":21173},"pll_sync_post":[],"_links":{"self":[{"href":"https:\/\/demo8.thuythu.com\/avsd\/wp-json\/wp\/v2\/product\/21173"}],"collection":[{"href":"https:\/\/demo8.thuythu.com\/avsd\/wp-json\/wp\/v2\/product"}],"about":[{"href":"https:\/\/demo8.thuythu.com\/avsd\/wp-json\/wp\/v2\/types\/product"}],"replies":[{"embeddable":true,"href":"https:\/\/demo8.thuythu.com\/avsd\/wp-json\/wp\/v2\/comments?post=21173"}],"wp:featuredmedia":[{"embeddable":true,"href":"https:\/\/demo8.thuythu.com\/avsd\/wp-json\/wp\/v2\/media\/21150"}],"wp:attachment":[{"href":"https:\/\/demo8.thuythu.com\/avsd\/wp-json\/wp\/v2\/media?parent=21173"}],"wp:term":[{"taxonomy":"product_cat","embeddable":true,"href":"https:\/\/demo8.thuythu.com\/avsd\/wp-json\/wp\/v2\/product_cat?post=21173"},{"taxonomy":"product_tag","embeddable":true,"href":"https:\/\/demo8.thuythu.com\/avsd\/wp-json\/wp\/v2\/product_tag?post=21173"}],"curies":[{"name":"wp","href":"https:\/\/api.w.org\/{rel}","templated":true}]}}