{"id":21176,"date":"2023-11-13T10:38:19","date_gmt":"2023-11-13T03:38:19","guid":{"rendered":"https:\/\/demo8.thuythu.com\/avsd\/?post_type=product&#038;p=21176"},"modified":"2023-11-13T10:48:01","modified_gmt":"2023-11-13T03:48:01","slug":"pin-sac-du-phong-cho-bo-thu-hong-ngoai-lingua-bp","status":"publish","type":"product","link":"https:\/\/demo8.thuythu.com\/avsd\/san-pham\/pin-sac-du-phong-cho-bo-thu-hong-ngoai-lingua-bp\/","title":{"rendered":"Pin s\u1ea1c d\u1ef1 ph\u00f2ng cho b\u1ed9 thu h\u1ed3ng ngo\u1ea1i Lingua BP"},"content":{"rendered":"<h2><span style=\"color: #ff6600;\">Th\u00f4ng tin chi ti\u1ebft\u00a0<\/span><\/h2>\n<p>B\u1ed9 pin s\u1ea1c BP \u0111\u1ec3 s\u1eed d\u1ee5ng v\u1edbi m\u00e1y thu Lingua. \u0110\u01b0\u1ee3c s\u1eed d\u1ee5ng trong h\u1ec7 th\u1ed1ng Lingua IR, pin c\u00f3 c\u00e1c bi\u1ec7n ph\u00e1p b\u1ea3o v\u1ec7 sau: b\u1ea3o v\u1ec7 s\u1ea1c qu\u00e1 m\u1ee9c, b\u1ea3o v\u1ec7 x\u1ea3 qu\u00e1 m\u1ee9c, b\u1ea3o v\u1ec7 qu\u00e1 d\u00f2ng, b\u1ea3o v\u1ec7 \u0111o\u1ea3n m\u1ea1ch. Quy\u1ec1n t\u1ef1 ch\u1ee7 l\u00e0 kho\u1ea3ng 20 gi\u1edd. S\u1ed1 l\u01b0\u1ee3ng \u0111\u1eb7t h\u00e0ng t\u1ed1i thi\u1ec3u l\u00e0 6 pin<\/p>\n","protected":false},"excerpt":{"rendered":"<p><strong>D-Cerno F-CM<\/strong>\u00a0l\u00e0 H\u1ed9p Ch\u1ee7 t\u1ecbch\u00a0g\u1eafn \u00e2m b\u00e0n\u00a0d\u00e0nh cho c\u00e1c h\u1ec7 th\u1ed1ng h\u1ed9i th\u1ea3o\u00a0c\u01a1 b\u1ea3n. V\u1edbi thi\u1ebft k\u1ebf\u00a0trang nh\u00e3, thi\u1ebft b\u1ecb c\u00f3 th\u1ec3 t\u00edch h\u1ee3p v\u00e0o\u00a0b\u1ea5t k\u1ef3 n\u1ed9i th\u1ea5t ph\u00f2ng h\u1ecdp n\u00e0o \u0111\u00e3 l\u1eafp \u0111\u1eb7t h\u1ec7 th\u1ed1ng \u00e2m thanh (do b\u1ea3ng \u0111i\u1ec1u khi\u1ec3n c\u1ee7a\u00a0<strong>D-Cerno F-CM<\/strong>\u00a0kh\u00f4ng c\u00f3 loa).<\/p>\n","protected":false},"featured_media":21147,"comment_status":"open","ping_status":"closed","template":"","meta":[],"product_cat":[15,8611,8623],"product_tag":[],"acf":[],"lang":"vi","translations":{"vi":21176},"pll_sync_post":[],"_links":{"self":[{"href":"https:\/\/demo8.thuythu.com\/avsd\/wp-json\/wp\/v2\/product\/21176"}],"collection":[{"href":"https:\/\/demo8.thuythu.com\/avsd\/wp-json\/wp\/v2\/product"}],"about":[{"href":"https:\/\/demo8.thuythu.com\/avsd\/wp-json\/wp\/v2\/types\/product"}],"replies":[{"embeddable":true,"href":"https:\/\/demo8.thuythu.com\/avsd\/wp-json\/wp\/v2\/comments?post=21176"}],"wp:featuredmedia":[{"embeddable":true,"href":"https:\/\/demo8.thuythu.com\/avsd\/wp-json\/wp\/v2\/media\/21147"}],"wp:attachment":[{"href":"https:\/\/demo8.thuythu.com\/avsd\/wp-json\/wp\/v2\/media?parent=21176"}],"wp:term":[{"taxonomy":"product_cat","embeddable":true,"href":"https:\/\/demo8.thuythu.com\/avsd\/wp-json\/wp\/v2\/product_cat?post=21176"},{"taxonomy":"product_tag","embeddable":true,"href":"https:\/\/demo8.thuythu.com\/avsd\/wp-json\/wp\/v2\/product_tag?post=21176"}],"curies":[{"name":"wp","href":"https:\/\/api.w.org\/{rel}","templated":true}]}}