{"id":21177,"date":"2023-11-13T10:48:50","date_gmt":"2023-11-13T03:48:50","guid":{"rendered":"https:\/\/demo8.thuythu.com\/avsd\/?post_type=product&#038;p=21177"},"modified":"2023-11-13T10:51:23","modified_gmt":"2023-11-13T03:51:23","slug":"bo-luu-tru-va-sac-lingua-chc","status":"publish","type":"product","link":"https:\/\/demo8.thuythu.com\/avsd\/san-pham\/bo-luu-tru-va-sac-lingua-chc\/","title":{"rendered":"B\u1ed9 l\u01b0u tr\u1eef v\u00e0 s\u1ea1c Lingua CHC"},"content":{"rendered":"<h2><span style=\"color: #ff6600;\">Th\u00f4ng tin chi ti\u1ebft\u00a0<\/span><\/h2>\n<p>Kh\u1ea3 n\u0103ng s\u1ea1c c\u00f9ng l\u00fac cho 64 b\u1ed9 thu, pin \u0111\u01b0\u1ee3c s\u1ea1c \u0111\u1ea7y trong v\u00f2ng 4 ti\u1ebfng. T\u00edch h\u1ee3p t\u00ednh n\u0103ng qu\u1ea3n l\u00fd b\u1eb1ng web server, c\u00f3 th\u1ec3 qu\u1ea3n l\u00fd v\u00e0 hi\u1ec3n th\u1ecb ph\u1ea7n<br \/>\ntr\u0103m \u0111ang s\u1ea1c, tr\u1ea1ng th\u00e1i \u0111\u1ea7y pin, hi\u1ec3n th\u1ecb l\u1ed7i v\u00e0 c\u00f3 th\u1ec3 c\u1eadp nh\u1eadt firmware c\u1ee7a b\u1ed9 thu h\u1ed3ng ngo\u1ea1i.<\/p>\n","protected":false},"excerpt":{"rendered":"<p><strong>D-Cerno F-CM<\/strong>\u00a0l\u00e0 H\u1ed9p Ch\u1ee7 t\u1ecbch\u00a0g\u1eafn \u00e2m b\u00e0n\u00a0d\u00e0nh cho c\u00e1c h\u1ec7 th\u1ed1ng h\u1ed9i th\u1ea3o\u00a0c\u01a1 b\u1ea3n. V\u1edbi thi\u1ebft k\u1ebf\u00a0trang nh\u00e3, thi\u1ebft b\u1ecb c\u00f3 th\u1ec3 t\u00edch h\u1ee3p v\u00e0o\u00a0b\u1ea5t k\u1ef3 n\u1ed9i th\u1ea5t ph\u00f2ng h\u1ecdp n\u00e0o \u0111\u00e3 l\u1eafp \u0111\u1eb7t h\u1ec7 th\u1ed1ng \u00e2m thanh (do b\u1ea3ng \u0111i\u1ec1u khi\u1ec3n c\u1ee7a\u00a0<strong>D-Cerno F-CM<\/strong>\u00a0kh\u00f4ng c\u00f3 loa).<\/p>\n","protected":false},"featured_media":21148,"comment_status":"open","ping_status":"closed","template":"","meta":[],"product_cat":[8611,15,8623],"product_tag":[],"acf":[],"lang":"vi","translations":{"vi":21177},"pll_sync_post":[],"_links":{"self":[{"href":"https:\/\/demo8.thuythu.com\/avsd\/wp-json\/wp\/v2\/product\/21177"}],"collection":[{"href":"https:\/\/demo8.thuythu.com\/avsd\/wp-json\/wp\/v2\/product"}],"about":[{"href":"https:\/\/demo8.thuythu.com\/avsd\/wp-json\/wp\/v2\/types\/product"}],"replies":[{"embeddable":true,"href":"https:\/\/demo8.thuythu.com\/avsd\/wp-json\/wp\/v2\/comments?post=21177"}],"wp:featuredmedia":[{"embeddable":true,"href":"https:\/\/demo8.thuythu.com\/avsd\/wp-json\/wp\/v2\/media\/21148"}],"wp:attachment":[{"href":"https:\/\/demo8.thuythu.com\/avsd\/wp-json\/wp\/v2\/media?parent=21177"}],"wp:term":[{"taxonomy":"product_cat","embeddable":true,"href":"https:\/\/demo8.thuythu.com\/avsd\/wp-json\/wp\/v2\/product_cat?post=21177"},{"taxonomy":"product_tag","embeddable":true,"href":"https:\/\/demo8.thuythu.com\/avsd\/wp-json\/wp\/v2\/product_tag?post=21177"}],"curies":[{"name":"wp","href":"https:\/\/api.w.org\/{rel}","templated":true}]}}