{"id":21178,"date":"2023-11-13T10:52:19","date_gmt":"2023-11-13T03:52:19","guid":{"rendered":"https:\/\/demo8.thuythu.com\/avsd\/?post_type=product&#038;p=21178"},"modified":"2023-11-13T11:01:53","modified_gmt":"2023-11-13T04:01:53","slug":"chan-de-gan-tuong-cho-dau-phat-hong-ngoai-lingua-rad-mount","status":"publish","type":"product","link":"https:\/\/demo8.thuythu.com\/avsd\/san-pham\/chan-de-gan-tuong-cho-dau-phat-hong-ngoai-lingua-rad-mount\/","title":{"rendered":"Ch\u00e2n \u0111\u1ebf g\u1eafn t\u01b0\u1eddng cho \u0111\u1ea7u ph\u00e1t h\u1ed3ng ngo\u1ea1i Lingua RAD Mount"},"content":{"rendered":"<h2><span style=\"color: #ff6600;\">Th\u00f4ng tin chi ti\u1ebft\u00a0<\/span><\/h2>\n<p>Televic Conference cung c\u1ea5p gi\u00e1 \u0111\u1ee1 tu\u00e2n th\u1ee7 VESA 100 ti\u00eau chu\u1ea9n \u0111\u1ec3 l\u1eafp \u0111\u1eb7t \u0111\u1ea7u ph\u00e1t h\u1ed3ng ngo\u1ea1i Lingua v\u00e0o t\u01b0\u1eddng. Gi\u00e1 \u0111\u1ee1 Lingua RAD d\u1ec5 c\u00e0i \u0111\u1eb7t c\u00f3 ph\u1ea1m vi nghi\u00eang t\u1eeb +75 \u0111\u1ebfn -10 \u0111\u1ed9 v\u00e0 c\u0169ng c\u00f3 th\u1ec3 nghi\u00eang theo chi\u1ec1u ngang.<\/p>\n","protected":false},"excerpt":{"rendered":"<p><strong>D-Cerno F-CM<\/strong>\u00a0l\u00e0 H\u1ed9p Ch\u1ee7 t\u1ecbch\u00a0g\u1eafn \u00e2m b\u00e0n\u00a0d\u00e0nh cho c\u00e1c h\u1ec7 th\u1ed1ng h\u1ed9i th\u1ea3o\u00a0c\u01a1 b\u1ea3n. V\u1edbi thi\u1ebft k\u1ebf\u00a0trang nh\u00e3, thi\u1ebft b\u1ecb c\u00f3 th\u1ec3 t\u00edch h\u1ee3p v\u00e0o\u00a0b\u1ea5t k\u1ef3 n\u1ed9i th\u1ea5t ph\u00f2ng h\u1ecdp n\u00e0o \u0111\u00e3 l\u1eafp \u0111\u1eb7t h\u1ec7 th\u1ed1ng \u00e2m thanh (do b\u1ea3ng \u0111i\u1ec1u khi\u1ec3n c\u1ee7a\u00a0<strong>D-Cerno F-CM<\/strong>\u00a0kh\u00f4ng c\u00f3 loa).<\/p>\n","protected":false},"featured_media":21179,"comment_status":"open","ping_status":"closed","template":"","meta":[],"product_cat":[8611,15,8623],"product_tag":[],"acf":[],"lang":"vi","translations":{"vi":21178},"pll_sync_post":[],"_links":{"self":[{"href":"https:\/\/demo8.thuythu.com\/avsd\/wp-json\/wp\/v2\/product\/21178"}],"collection":[{"href":"https:\/\/demo8.thuythu.com\/avsd\/wp-json\/wp\/v2\/product"}],"about":[{"href":"https:\/\/demo8.thuythu.com\/avsd\/wp-json\/wp\/v2\/types\/product"}],"replies":[{"embeddable":true,"href":"https:\/\/demo8.thuythu.com\/avsd\/wp-json\/wp\/v2\/comments?post=21178"}],"wp:featuredmedia":[{"embeddable":true,"href":"https:\/\/demo8.thuythu.com\/avsd\/wp-json\/wp\/v2\/media\/21179"}],"wp:attachment":[{"href":"https:\/\/demo8.thuythu.com\/avsd\/wp-json\/wp\/v2\/media?parent=21178"}],"wp:term":[{"taxonomy":"product_cat","embeddable":true,"href":"https:\/\/demo8.thuythu.com\/avsd\/wp-json\/wp\/v2\/product_cat?post=21178"},{"taxonomy":"product_tag","embeddable":true,"href":"https:\/\/demo8.thuythu.com\/avsd\/wp-json\/wp\/v2\/product_tag?post=21178"}],"curies":[{"name":"wp","href":"https:\/\/api.w.org\/{rel}","templated":true}]}}