{"id":21181,"date":"2023-11-13T11:07:45","date_gmt":"2023-11-13T04:07:45","guid":{"rendered":"https:\/\/demo8.thuythu.com\/avsd\/?post_type=product&#038;p=21181"},"modified":"2023-11-13T11:42:38","modified_gmt":"2023-11-13T04:42:38","slug":"bo-phat-khong-day-cam-tay","status":"publish","type":"product","link":"https:\/\/demo8.thuythu.com\/avsd\/san-pham\/bo-phat-khong-day-cam-tay\/","title":{"rendered":"B\u1ed9 ph\u00e1t kh\u00f4ng d\u00e2y c\u1ea7m tay"},"content":{"rendered":"<h2><span style=\"color: #ff6600;\">Th\u00f4ng tin chi ti\u1ebft\u00a0<\/span><\/h2>\n<p><strong>Unite TH &#8211; <\/strong>B\u1ed9 ph\u00e1t kh\u00f4ng d\u00e2y c\u1ea7m tay k\u1ef9 thu\u1eadt s\u1ed1 \u0111\u01b0\u1ee3c t\u00edch h\u1ee3p t\u00ednh n\u0103ng DSP, n\u00f3 c\u00f3 th\u1ec3 t\u1ef1 \u0111\u1ed9ng \u0111i\u1ec1u ch\u1ec9nh ch\u1ee9c n\u0103ng khu\u1ebfch \u0111\u1ea1i micro v\u00e0 gi\u1ea3m thi\u1ec3u ti\u1ebfng nhi\u1ec5u n\u1ec1n. V\u1edbi vi\u1ec7c s\u1eed d\u1ee5ng menu c\u00f3 thi\u1ebft l\u1eadp b\u1eb1ng ch\u1eef s\u1ed1, vi\u1ec7c s\u1eed d\u1ee5ng v\u00e0 c\u00e0i \u0111\u1eb7t tr\u1edf n\u00ean th\u00e2n thi\u1ec7n v\u1edbi ng\u01b0\u1eddi d\u00f9ng, \u0111\u1ea3m b\u1ea3o th\u1eddi gian s\u1eed d\u1ee5ng l\u00e2u d\u00e0i. Thi\u1ebft b\u1ecb ph\u00f9 h\u1ee3p v\u1edbi c\u00e1c \u1ee9ng d\u1ee5ng \u0111\u00e0m tho\u1ea1i kh\u00f4ng d\u00e2y nh\u01b0 h\u01b0\u1edbng d\u1eabn du l\u1ecbch, thuy\u1ebft tr\u00ecnh c\u0169ng nh\u01b0 phi\u00ean d\u1ecbch \u0111a ng\u00f4n ng\u1eef.<\/p>\n","protected":false},"excerpt":{"rendered":"<p><strong>D-Cerno F-CM<\/strong>\u00a0l\u00e0 H\u1ed9p Ch\u1ee7 t\u1ecbch\u00a0g\u1eafn \u00e2m b\u00e0n\u00a0d\u00e0nh cho c\u00e1c h\u1ec7 th\u1ed1ng h\u1ed9i th\u1ea3o\u00a0c\u01a1 b\u1ea3n. V\u1edbi thi\u1ebft k\u1ebf\u00a0trang nh\u00e3, thi\u1ebft b\u1ecb c\u00f3 th\u1ec3 t\u00edch h\u1ee3p v\u00e0o\u00a0b\u1ea5t k\u1ef3 n\u1ed9i th\u1ea5t ph\u00f2ng h\u1ecdp n\u00e0o \u0111\u00e3 l\u1eafp \u0111\u1eb7t h\u1ec7 th\u1ed1ng \u00e2m thanh (do b\u1ea3ng \u0111i\u1ec1u khi\u1ec3n c\u1ee7a\u00a0<strong>D-Cerno F-CM<\/strong>\u00a0kh\u00f4ng c\u00f3 loa).<\/p>\n","protected":false},"featured_media":21184,"comment_status":"open","ping_status":"closed","template":"","meta":[],"product_cat":[15,8611,8631],"product_tag":[],"acf":[],"lang":"vi","translations":{"vi":21181},"pll_sync_post":[],"_links":{"self":[{"href":"https:\/\/demo8.thuythu.com\/avsd\/wp-json\/wp\/v2\/product\/21181"}],"collection":[{"href":"https:\/\/demo8.thuythu.com\/avsd\/wp-json\/wp\/v2\/product"}],"about":[{"href":"https:\/\/demo8.thuythu.com\/avsd\/wp-json\/wp\/v2\/types\/product"}],"replies":[{"embeddable":true,"href":"https:\/\/demo8.thuythu.com\/avsd\/wp-json\/wp\/v2\/comments?post=21181"}],"wp:featuredmedia":[{"embeddable":true,"href":"https:\/\/demo8.thuythu.com\/avsd\/wp-json\/wp\/v2\/media\/21184"}],"wp:attachment":[{"href":"https:\/\/demo8.thuythu.com\/avsd\/wp-json\/wp\/v2\/media?parent=21181"}],"wp:term":[{"taxonomy":"product_cat","embeddable":true,"href":"https:\/\/demo8.thuythu.com\/avsd\/wp-json\/wp\/v2\/product_cat?post=21181"},{"taxonomy":"product_tag","embeddable":true,"href":"https:\/\/demo8.thuythu.com\/avsd\/wp-json\/wp\/v2\/product_tag?post=21181"}],"curies":[{"name":"wp","href":"https:\/\/api.w.org\/{rel}","templated":true}]}}