{"id":21194,"date":"2023-11-13T13:56:48","date_gmt":"2023-11-13T06:56:48","guid":{"rendered":"https:\/\/demo8.thuythu.com\/avsd\/?post_type=product&#038;p=21194"},"modified":"2023-11-13T14:08:58","modified_gmt":"2023-11-13T07:08:58","slug":"bo-thu-bo-tui-tich-hop-tinh-nang-talkback","status":"publish","type":"product","link":"https:\/\/demo8.thuythu.com\/avsd\/san-pham\/bo-thu-bo-tui-tich-hop-tinh-nang-talkback\/","title":{"rendered":"B\u1ed9 thu b\u1ecf t\u00fai t\u00edch h\u1ee3p t\u00ednh n\u0103ng Talkback"},"content":{"rendered":"<h2><span style=\"color: #ff6600;\">Th\u00f4ng tin chi ti\u1ebft\u00a0<\/span><\/h2>\n<p><strong>Unite RP-T &#8211; <\/strong>B\u1ed9 thu b\u1ecf t\u00fai t\u00edch h\u1ee3p t\u00ednh n\u0103ng Talkback, l\u00e0 s\u1ea3n ph\u1ea9m ph\u00f9 h\u1ee3p v\u1edbi c\u00e1c \u1ee9ng d\u1ee5ng nh\u01b0 h\u01b0\u1edbng d\u1eabn du l\u1ecbch, phi\u00ean d\u1ecbch v\u00e0 h\u1ed7 tr\u1ee3 nghe cho ng\u01b0\u1eddi khi\u1ebfm th\u00ednh\/ khi\u1ebfm th\u1ecb. H\u1ec7 th\u1ed1ng c\u00f3 th\u1ec3 ho\u1ea1t \u0111\u1ed9ng v\u00e0 thu t\u1eeb nhi\u1ec1u ng\u01b0\u1eddi n\u00f3i\/ h\u01b0\u1edbng d\u1eabn vi\u00ean. S\u1ed1 l\u01b0\u1ee3ng ng\u01b0\u1eddi n\u00f3i \u0111\u1ed3ng th\u1eddi trong m\u1ed9t h\u1ec7 th\u1ed1ng c\u00f3 th\u1ec3 l\u00ean t\u1edbi 03 ng\u01b0\u1eddi. Tai nghe ho\u1eb7c v\u00f2ng t\u1eeb t\u00ednh h\u1ed7 tr\u1ee3 thi\u1ebft b\u1ecb tr\u1ee3 th\u00ednh c\u00f3 th\u1ec3 k\u1ebft n\u1ed1i v\u1edbi B\u1ed9 thu b\u1ecf t\u00fai b\u1eb1ng gi\u1eafc 3.5mm.<\/p>\n<p>B\u1ed9 thu b\u00f3 t\u00fai t\u00edch h\u1ee3p t\u00ednh n\u0103ng Talkback c\u00f3 t\u00edch h\u1ee3p th\u00eam micro v\u00e0 ph\u00edm b\u1ea5m talkback. Thi\u1ebft b\u1ecb c\u0169ng c\u00f3 th\u1ec3 \u0111\u01b0\u1ee3c s\u1eed d\u1ee5ng v\u1edbi headset.<\/p>\n<p>&nbsp;<\/p>\n","protected":false},"excerpt":{"rendered":"<p><strong>D-Cerno F-CM<\/strong>\u00a0l\u00e0 H\u1ed9p Ch\u1ee7 t\u1ecbch\u00a0g\u1eafn \u00e2m b\u00e0n\u00a0d\u00e0nh cho c\u00e1c h\u1ec7 th\u1ed1ng h\u1ed9i th\u1ea3o\u00a0c\u01a1 b\u1ea3n. V\u1edbi thi\u1ebft k\u1ebf\u00a0trang nh\u00e3, thi\u1ebft b\u1ecb c\u00f3 th\u1ec3 t\u00edch h\u1ee3p v\u00e0o\u00a0b\u1ea5t k\u1ef3 n\u1ed9i th\u1ea5t ph\u00f2ng h\u1ecdp n\u00e0o \u0111\u00e3 l\u1eafp \u0111\u1eb7t h\u1ec7 th\u1ed1ng \u00e2m thanh (do b\u1ea3ng \u0111i\u1ec1u khi\u1ec3n c\u1ee7a\u00a0<strong>D-Cerno F-CM<\/strong>\u00a0kh\u00f4ng c\u00f3 loa).<\/p>\n","protected":false},"featured_media":21193,"comment_status":"open","ping_status":"closed","template":"","meta":[],"product_cat":[15,8611,8631],"product_tag":[],"acf":[],"lang":"vi","translations":{"vi":21194},"pll_sync_post":[],"_links":{"self":[{"href":"https:\/\/demo8.thuythu.com\/avsd\/wp-json\/wp\/v2\/product\/21194"}],"collection":[{"href":"https:\/\/demo8.thuythu.com\/avsd\/wp-json\/wp\/v2\/product"}],"about":[{"href":"https:\/\/demo8.thuythu.com\/avsd\/wp-json\/wp\/v2\/types\/product"}],"replies":[{"embeddable":true,"href":"https:\/\/demo8.thuythu.com\/avsd\/wp-json\/wp\/v2\/comments?post=21194"}],"wp:featuredmedia":[{"embeddable":true,"href":"https:\/\/demo8.thuythu.com\/avsd\/wp-json\/wp\/v2\/media\/21193"}],"wp:attachment":[{"href":"https:\/\/demo8.thuythu.com\/avsd\/wp-json\/wp\/v2\/media?parent=21194"}],"wp:term":[{"taxonomy":"product_cat","embeddable":true,"href":"https:\/\/demo8.thuythu.com\/avsd\/wp-json\/wp\/v2\/product_cat?post=21194"},{"taxonomy":"product_tag","embeddable":true,"href":"https:\/\/demo8.thuythu.com\/avsd\/wp-json\/wp\/v2\/product_tag?post=21194"}],"curies":[{"name":"wp","href":"https:\/\/api.w.org\/{rel}","templated":true}]}}