{"id":21195,"date":"2023-11-13T14:13:48","date_gmt":"2023-11-13T07:13:48","guid":{"rendered":"https:\/\/demo8.thuythu.com\/avsd\/?post_type=product&#038;p=21195"},"modified":"2023-11-13T15:42:44","modified_gmt":"2023-11-13T08:42:44","slug":"micro-deo-co","status":"publish","type":"product","link":"https:\/\/demo8.thuythu.com\/avsd\/san-pham\/micro-deo-co\/","title":{"rendered":"Micro \u0111eo c\u1ed5"},"content":{"rendered":"<h2><span style=\"color: #ff6600;\">Th\u00f4ng tin chi ti\u1ebft\u00a0<\/span><\/h2>\n<p><strong>TG H34 &#8211; <\/strong>Micro \u0111eo c\u1ed5 ph\u00f9 h\u1ee3p v\u1edbi c\u00e1c \u1ee9ng d\u1ef1ng c\u1ea7n micro d\u1ea1ng r\u1ea3nh tay, nh\u01b0 d\u00f9ng trong h\u01b0\u1edbng d\u1eabn du l\u1ecbch, thuy\u1ebft tr\u00ecnh, s\u1eed d\u1ee5ng trong l\u1edbp h\u1ecdc, ho\u1eb7c cho hu\u1ea5n luy\u1ec7n vi\u00ean th\u1ec3 thao, tr\u00ean s\u00e2n kh\u1ea5u. Micro r\u1ea5t d\u1ec5 \u0111eo, mang l\u1ea1i \u00e2m thanh trong tr\u1ebbo, t\u1ef1 nhi\u00ean. C\u1ea7n \u0111i\u1ec1u ch\u1ec9nh c\u1ee7a micro l\u00e0 lo\u1ea1i m\u1ec1m, d\u1ec5 \u0111i\u1ec1u ch\u1ec9nh \u0111\u1ec3 t\u1ed1i \u01b0u h\u00f3a v\u1ecb tr\u00ed c\u1ee7a \u0111\u1ea7u micro. \u0110\u1ea7u micro \u0111\u01b0\u1ee3c t\u00edch h\u1ee3p m\u00fat l\u1ecdc gi\u00f3, nh\u1eb1m gi\u1ea3m thi\u1ec3u \u00e2m gi\u00f3 khi n\u00f3i.<\/p>\n<p>&nbsp;<\/p>\n","protected":false},"excerpt":{"rendered":"<p><strong>D-Cerno F-CM<\/strong>\u00a0l\u00e0 H\u1ed9p Ch\u1ee7 t\u1ecbch\u00a0g\u1eafn \u00e2m b\u00e0n\u00a0d\u00e0nh cho c\u00e1c h\u1ec7 th\u1ed1ng h\u1ed9i th\u1ea3o\u00a0c\u01a1 b\u1ea3n. V\u1edbi thi\u1ebft k\u1ebf\u00a0trang nh\u00e3, thi\u1ebft b\u1ecb c\u00f3 th\u1ec3 t\u00edch h\u1ee3p v\u00e0o\u00a0b\u1ea5t k\u1ef3 n\u1ed9i th\u1ea5t ph\u00f2ng h\u1ecdp n\u00e0o \u0111\u00e3 l\u1eafp \u0111\u1eb7t h\u1ec7 th\u1ed1ng \u00e2m thanh (do b\u1ea3ng \u0111i\u1ec1u khi\u1ec3n c\u1ee7a\u00a0<strong>D-Cerno F-CM<\/strong>\u00a0kh\u00f4ng c\u00f3 loa).<\/p>\n","protected":false},"featured_media":21205,"comment_status":"open","ping_status":"closed","template":"","meta":[],"product_cat":[15,8611,8631],"product_tag":[],"acf":[],"lang":"vi","translations":{"vi":21195},"pll_sync_post":[],"_links":{"self":[{"href":"https:\/\/demo8.thuythu.com\/avsd\/wp-json\/wp\/v2\/product\/21195"}],"collection":[{"href":"https:\/\/demo8.thuythu.com\/avsd\/wp-json\/wp\/v2\/product"}],"about":[{"href":"https:\/\/demo8.thuythu.com\/avsd\/wp-json\/wp\/v2\/types\/product"}],"replies":[{"embeddable":true,"href":"https:\/\/demo8.thuythu.com\/avsd\/wp-json\/wp\/v2\/comments?post=21195"}],"wp:featuredmedia":[{"embeddable":true,"href":"https:\/\/demo8.thuythu.com\/avsd\/wp-json\/wp\/v2\/media\/21205"}],"wp:attachment":[{"href":"https:\/\/demo8.thuythu.com\/avsd\/wp-json\/wp\/v2\/media?parent=21195"}],"wp:term":[{"taxonomy":"product_cat","embeddable":true,"href":"https:\/\/demo8.thuythu.com\/avsd\/wp-json\/wp\/v2\/product_cat?post=21195"},{"taxonomy":"product_tag","embeddable":true,"href":"https:\/\/demo8.thuythu.com\/avsd\/wp-json\/wp\/v2\/product_tag?post=21195"}],"curies":[{"name":"wp","href":"https:\/\/api.w.org\/{rel}","templated":true}]}}