{"id":21209,"date":"2023-11-13T14:34:15","date_gmt":"2023-11-13T07:34:15","guid":{"rendered":"https:\/\/demo8.thuythu.com\/avsd\/?post_type=product&#038;p=21209"},"modified":"2023-11-13T14:37:20","modified_gmt":"2023-11-13T07:37:20","slug":"bo-dieu-khien-trung-tam-ky-thuat-so-d-cerno-cur","status":"publish","type":"product","link":"https:\/\/demo8.thuythu.com\/avsd\/san-pham\/bo-dieu-khien-trung-tam-ky-thuat-so-d-cerno-cur\/","title":{"rendered":"B\u1ed9 \u0111i\u1ec1u khi\u1ec3n trung t\u00e2m k\u1ef9 thu\u1eadt s\u1ed1 D-Cerno CUR"},"content":{"rendered":"<h2><span style=\"color: #ff6600;\">Th\u00f4ng tin chi ti\u1ebft\u00a0<\/span><\/h2>\n<h2><strong>D-Cerno CUR l\u00e0 B\u1ed9 \u0111i\u1ec1u khi\u1ec3n trung t\u00e2m k\u1ef9 thu\u1eadt s\u1ed1 c\u00f3 ch\u1ee9c n\u0103ng ghi \u00e2m v\u00e0 k\u1ebft n\u1ed1i m\u00e1y t\u00ednh, Smartphone<\/strong><\/h2>\n<h3><strong>Thi\u1ebft b\u1ecb c\u00f3 nh\u1eefng \u0111\u1eb7c \u0111i\u1ec3m n\u1ed5i b\u1eadt sau:<\/strong><\/h3>\n<ul>\n<li>C\u00f4ng ngh\u1ec7 n\u00fat c\u1ea3m \u1ee9ng<\/li>\n<li>X\u1eed l\u00fd t\u00edn hi\u1ec7u k\u1ef9 thu\u1eadt s\u1ed1<\/li>\n<li>K\u00edch ho\u1ea1t b\u1eb1ng gi\u1ecdng n\u00f3i c\u00f3 th\u1ec3 l\u1ef1a ch\u1ecdn (VOX)<\/li>\n<li>C\u00f4ng ngh\u1ec7 d\u1ef1 ph\u00f2ng an to\u00e0n<\/li>\n<li>Gi\u1ea3m ph\u1ea3n h\u1ed3i \u00e2m k\u1ef9 thu\u1eadt s\u1ed1 m\u1eb7c \u0111\u1ecbnh<\/li>\n<li>D\u00e0nh cho h\u1ec7 th\u1ed1ng l\u00ean \u0111\u1ebfn 50 \u0111\u1ea1i bi\u1ec3u. C\u00f3 th\u1ec3 m\u1edf r\u1ed9ng h\u1ec7 th\u1ed1ng l\u00ean \u0111\u1ebfn 150 \u0111\u1ea1i bi\u1ec3u<\/li>\n<li>Menu v\u00e0 m\u00e0n h\u00ecnh LCD t\u00edch h\u1ee3p<\/li>\n<li>Cho ph\u00e9p ng\u01b0\u1eddi d\u00f9ng ki\u1ec3m so\u00e1t v\u00e0 c\u1ea5u h\u00ecnh h\u1ec7 th\u1ed1ng th\u00f4ng qua m\u00e1y ch\u1ee7 web t\u00edch h\u1ee3p<\/li>\n<li>Cho ph\u00e9p k\u1ebft n\u1ed1i 02 thi\u1ebft b\u1ecb l\u01b0u tr\u1eef USB cho ghi \u00e2m tr\u1ef1c ti\u1ebfp cu\u1ed9c h\u1ecdp<\/li>\n<\/ul>\n","protected":false},"excerpt":{"rendered":"<p><strong>D-Cerno F-CM<\/strong>\u00a0l\u00e0 H\u1ed9p Ch\u1ee7 t\u1ecbch\u00a0g\u1eafn \u00e2m b\u00e0n\u00a0d\u00e0nh cho c\u00e1c h\u1ec7 th\u1ed1ng h\u1ed9i th\u1ea3o\u00a0c\u01a1 b\u1ea3n. V\u1edbi thi\u1ebft k\u1ebf\u00a0trang nh\u00e3, thi\u1ebft b\u1ecb c\u00f3 th\u1ec3 t\u00edch h\u1ee3p v\u00e0o\u00a0b\u1ea5t k\u1ef3 n\u1ed9i th\u1ea5t ph\u00f2ng h\u1ecdp n\u00e0o \u0111\u00e3 l\u1eafp \u0111\u1eb7t h\u1ec7 th\u1ed1ng \u00e2m thanh (do b\u1ea3ng \u0111i\u1ec1u khi\u1ec3n c\u1ee7a\u00a0<strong>D-Cerno F-CM<\/strong>\u00a0kh\u00f4ng c\u00f3 loa).<\/p>\n","protected":false},"featured_media":20502,"comment_status":"open","ping_status":"closed","template":"","meta":[],"product_cat":[15,8615],"product_tag":[],"acf":[],"lang":"vi","translations":{"vi":21209},"pll_sync_post":[],"_links":{"self":[{"href":"https:\/\/demo8.thuythu.com\/avsd\/wp-json\/wp\/v2\/product\/21209"}],"collection":[{"href":"https:\/\/demo8.thuythu.com\/avsd\/wp-json\/wp\/v2\/product"}],"about":[{"href":"https:\/\/demo8.thuythu.com\/avsd\/wp-json\/wp\/v2\/types\/product"}],"replies":[{"embeddable":true,"href":"https:\/\/demo8.thuythu.com\/avsd\/wp-json\/wp\/v2\/comments?post=21209"}],"wp:featuredmedia":[{"embeddable":true,"href":"https:\/\/demo8.thuythu.com\/avsd\/wp-json\/wp\/v2\/media\/20502"}],"wp:attachment":[{"href":"https:\/\/demo8.thuythu.com\/avsd\/wp-json\/wp\/v2\/media?parent=21209"}],"wp:term":[{"taxonomy":"product_cat","embeddable":true,"href":"https:\/\/demo8.thuythu.com\/avsd\/wp-json\/wp\/v2\/product_cat?post=21209"},{"taxonomy":"product_tag","embeddable":true,"href":"https:\/\/demo8.thuythu.com\/avsd\/wp-json\/wp\/v2\/product_tag?post=21209"}],"curies":[{"name":"wp","href":"https:\/\/api.w.org\/{rel}","templated":true}]}}