{"id":21211,"date":"2023-11-13T15:26:52","date_gmt":"2023-11-13T08:26:52","guid":{"rendered":"https:\/\/demo8.thuythu.com\/avsd\/?post_type=product&#038;p=21211"},"modified":"2023-11-13T15:41:34","modified_gmt":"2023-11-13T08:41:34","slug":"bang-ten-dien-tu-mot-mat-cong-ghe-muc-dien-tu-e-ink","status":"publish","type":"product","link":"https:\/\/demo8.thuythu.com\/avsd\/san-pham\/bang-ten-dien-tu-mot-mat-cong-ghe-muc-dien-tu-e-ink\/","title":{"rendered":"B\u1ea3ng t\u00ean \u0111i\u1ec7n t\u1eed m\u1ed9t m\u1eb7t, c\u00f4ng ngh\u1ec7 M\u1ef1c \u0111i\u1ec7n t\u1eed (E-ink)"},"content":{"rendered":"<h2><span style=\"color: #ff6600;\">Th\u00f4ng tin chi ti\u1ebft\u00a0<\/span><\/h2>\n<p><span class=\"jCAhz ChMk0b\"><span class=\"ryNqvb\">B\u1ea3ng t\u00ean m\u1ed9t m\u1eb7t Plixus (Plixus NP-1) ti\u1ebft ki\u1ec7m th\u1eddi gian, ti\u1ec1n b\u1ea1c v\u00e0 nh\u00e2n c\u00f4ng b\u1eb1ng c\u00e1ch thay th\u1ebf b\u1ea3ng t\u00ean gi\u1ea5y b\u1eb1ng b\u1ea3ng t\u00ean E Ink m\u1ed9t m\u1eb7t d\u1ec5 qu\u1ea3n l\u00fd v\u00e0 c\u1eadp nh\u1eadt. Plixus NP-1 gi\u00fap b\u1ea1n d\u1ec5 d\u00e0ng \u0111\u1ecdc, hi\u1ec3n th\u1ecb,<\/span><\/span> <span class=\"jCAhz ChMk0b\"><span class=\"ryNqvb\">v\u00e0 c\u1eadp nh\u1eadt th\u00f4ng tin ng\u01b0\u1eddi tham gia trong m\u1ed9t thi\u1ebft k\u1ebf si\u00eau m\u1ecfng (9 mm) v\u1edbi m\u1ee9c ti\u00eau th\u1ee5 \u0111i\u1ec7n n\u0103ng t\u1ed1i thi\u1ec3u. Ng\u01b0\u1eddi tham gia th\u1eadm ch\u00ed c\u00f3 th\u1ec3 y\u00eau c\u1ea7u n\u00f3i b\u1eb1ng m\u1ed9t n\u00fat \u1edf ch\u00e2n \u0111\u1ebf v\u00e0 xem ch\u1ec9 b\u00e1o tr\u1ea1ng th\u00e1i th\u00f4ng qua d\u1ea3i \u0111\u00e8n LED \u1edf tr\u00ean c\u00f9ng.<\/span><\/span><\/p>\n<p><span class=\"jCAhz ChMk0b\"><span class=\"ryNqvb\">Ph\u1ea7n m\u1ec1m Tr\u00ecnh qu\u1ea3n l\u00fd b\u1ea3ng t\u00ean cung c\u1ea5p c\u00e1c t\u00f9y ch\u1ecdn linh ho\u1ea1t v\u00e0 th\u00e2n thi\u1ec7n v\u1edbi ng\u01b0\u1eddi d\u00f9ng \u0111\u1ec3 ti\u1ebft ki\u1ec7m th\u1eddi gian v\u00e0 t\u0103ng t\u1ed1c c\u00e1c cu\u1ed9c h\u1ecdp. \u0110\u1ec3 c\u00f3 m\u1ee9c \u0111\u1ed9 d\u1ec5 \u0111\u1ecdc t\u1ed1i \u01b0u v\u00e0 gi\u1ea3m thi\u1ec3u m\u1ecfi m\u1eaft, PlixusNameplate s\u1eed d\u1ee5ng c\u00f4ng ngh\u1ec7 E Ink.<\/span><\/span> <span class=\"jCAhz ChMk0b\"><span class=\"ryNqvb\">N\u00f3 cho ph\u00e9p v\u0103n b\u1ea3n s\u1eafc n\u00e9t v\u1edbi \u0111\u1ed9 t\u01b0\u01a1ng ph\u1ea3n cao v\u00e0 g\u00f3c nh\u00ecn t\u1ed1i \u0111a (180\u00b0). E Ink c\u0169ng \u0111\u1ea3m b\u1ea3o m\u1ee9c ti\u00eau th\u1ee5 \u0111i\u1ec7n n\u0103ng t\u1ed1i thi\u1ec3u.<\/span><\/span> <span class=\"jCAhz ChMk0b\"><span class=\"ryNqvb\">H\u01a1n n\u1eefa, th\u00f4ng tin tr\u00ean m\u00e0n h\u00ecnh c\u00f3 th\u1ec3 \u0111\u01b0\u1ee3c gi\u1eef l\u1ea1i n\u1ebfu b\u1ea3ng t\u00ean b\u1ecb t\u1eaft.<\/span><\/span> <span class=\"jCAhz ChMk0b\"><span class=\"ryNqvb\">N\u00f3 c\u0169ng c\u00f3 th\u1ec3 hi\u1ec3n th\u1ecb m\u00e0n h\u00ecnh m\u1eb7c \u0111\u1ecbnh tr\u01b0\u1edbc v\u00e0 sau cu\u1ed9c h\u1ecdp. <\/span><\/span><\/p>\n<p><span class=\"jCAhz ChMk0b\"><span class=\"ryNqvb\">Cu\u1ed1i c\u00f9ng, m\u00e0n h\u00ecnh Plixus NP-1 lo\u1ea1i b\u1ecf hi\u1ec7n t\u01b0\u1ee3ng ph\u1ea3n chi\u1ebfu v\u00e0 nh\u1ea5p nh\u00e1y, ngay c\u1ea3 khi quay phim ho\u1eb7c ph\u00e1t s\u00f3ng. V\u1edbi ph\u1ea7n m\u1ec1m Tr\u00ecnh qu\u1ea3n l\u00fd b\u1ea3ng t\u00ean, ng\u01b0\u1eddi d\u00f9ng c\u00f3 th\u1ec3 c\u1ea5u h\u00ecnh n\u1ed9i dung c\u1ee7a m\u00e0n h\u00ecnh m\u1ed9t c\u00e1ch d\u1ec5 d\u00e0ng v\u00e0 nhanh ch\u00f3ng. T\u1eeb ng\u01b0\u1eddi tham gia<\/span><\/span> <span class=\"jCAhz ChMk0b\"><span class=\"ryNqvb\">t\u00ean, logo, cho \u0111\u1ebfn s\u1ef1 k\u1ebft h\u1ee3p c\u1ee7a<\/span><\/span> <span class=\"jCAhz ChMk0b\"><span class=\"ryNqvb\">t\u00ean v\u00e0 ch\u1ee9c danh c\u1ee7a ng\u01b0\u1eddi tham gia.<\/span><\/span> <span class=\"jCAhz ChMk0b\"><span class=\"ryNqvb\">Th\u00f4ng tin c\u1ee7a ng\u01b0\u1eddi tham gia th\u1eadm ch\u00ed c\u00f3 th\u1ec3 \u0111\u01b0\u1ee3c hi\u1ec3n th\u1ecb t\u1ef1 \u0111\u1ed9ng khi ng\u01b0\u1eddi \u0111\u00f3 l\u1eafp huy hi\u1ec7u \u0111\u1ec3 nh\u1eadn d\u1ea1ng.<\/span><\/span> <span class=\"jCAhz ChMk0b\"><span class=\"ryNqvb\">C\u00e1c m\u1eabu th\u1eadm ch\u00ed c\u00f2n cho ph\u00e9p c\u1ea5u h\u00ecnh nhanh ch\u00f3ng. B\u1ea3ng t\u00ean c\u0169ng c\u00f3 n\u00fat y\u00eau c\u1ea7u ph\u00e1t bi\u1ec3u \u1edf ph\u00eda ng\u01b0\u1eddi tham gia.<\/span><\/span> <span class=\"jCAhz ChMk0b\"><span class=\"ryNqvb\">D\u1ea3i \u0111\u00e8n LED ph\u00eda tr\u00ean B\u1ea3ng t\u00ean c\u00f3 th\u1ec3 hi\u1ec3n th\u1ecb tr\u1ea1ng th\u00e1i y\u00eau c\u1ea7u ph\u00e1t bi\u1ec3u (nh\u1ea5p nh\u00e1y m\u00e0u xanh l\u00e1 c\u00e2y) ho\u1eb7c tr\u1ea1ng th\u00e1i ph\u00e1t bi\u1ec3u (\u0111\u00e8n \u0111\u1ecf).<\/span><\/span><\/p>\n","protected":false},"excerpt":{"rendered":"<p><strong>D-Cerno F-CM<\/strong>\u00a0l\u00e0 H\u1ed9p Ch\u1ee7 t\u1ecbch\u00a0g\u1eafn \u00e2m b\u00e0n\u00a0d\u00e0nh cho c\u00e1c h\u1ec7 th\u1ed1ng h\u1ed9i th\u1ea3o\u00a0c\u01a1 b\u1ea3n. V\u1edbi thi\u1ebft k\u1ebf\u00a0trang nh\u00e3, thi\u1ebft b\u1ecb c\u00f3 th\u1ec3 t\u00edch h\u1ee3p v\u00e0o\u00a0b\u1ea5t k\u1ef3 n\u1ed9i th\u1ea5t ph\u00f2ng h\u1ecdp n\u00e0o \u0111\u00e3 l\u1eafp \u0111\u1eb7t h\u1ec7 th\u1ed1ng \u00e2m thanh (do b\u1ea3ng \u0111i\u1ec1u khi\u1ec3n c\u1ee7a\u00a0<strong>D-Cerno F-CM<\/strong>\u00a0kh\u00f4ng c\u00f3 loa).<\/p>\n","protected":false},"featured_media":21213,"comment_status":"open","ping_status":"closed","template":"","meta":[],"product_cat":[15,8611,8629],"product_tag":[],"acf":[],"lang":"vi","translations":{"vi":21211},"pll_sync_post":[],"_links":{"self":[{"href":"https:\/\/demo8.thuythu.com\/avsd\/wp-json\/wp\/v2\/product\/21211"}],"collection":[{"href":"https:\/\/demo8.thuythu.com\/avsd\/wp-json\/wp\/v2\/product"}],"about":[{"href":"https:\/\/demo8.thuythu.com\/avsd\/wp-json\/wp\/v2\/types\/product"}],"replies":[{"embeddable":true,"href":"https:\/\/demo8.thuythu.com\/avsd\/wp-json\/wp\/v2\/comments?post=21211"}],"wp:featuredmedia":[{"embeddable":true,"href":"https:\/\/demo8.thuythu.com\/avsd\/wp-json\/wp\/v2\/media\/21213"}],"wp:attachment":[{"href":"https:\/\/demo8.thuythu.com\/avsd\/wp-json\/wp\/v2\/media?parent=21211"}],"wp:term":[{"taxonomy":"product_cat","embeddable":true,"href":"https:\/\/demo8.thuythu.com\/avsd\/wp-json\/wp\/v2\/product_cat?post=21211"},{"taxonomy":"product_tag","embeddable":true,"href":"https:\/\/demo8.thuythu.com\/avsd\/wp-json\/wp\/v2\/product_tag?post=21211"}],"curies":[{"name":"wp","href":"https:\/\/api.w.org\/{rel}","templated":true}]}}