{"id":21212,"date":"2023-11-13T15:29:34","date_gmt":"2023-11-13T08:29:34","guid":{"rendered":"https:\/\/demo8.thuythu.com\/avsd\/?post_type=product&#038;p=21212"},"modified":"2023-11-13T15:48:45","modified_gmt":"2023-11-13T08:48:45","slug":"micro-deo-tai","status":"publish","type":"product","link":"https:\/\/demo8.thuythu.com\/avsd\/san-pham\/micro-deo-tai\/","title":{"rendered":"Micro c\u00e0i tai m\u1ed9t b\u00ean"},"content":{"rendered":"<h2><span style=\"color: #ff6600;\">Th\u00f4ng tin chi ti\u1ebft\u00a0<\/span><\/h2>\n<p><strong>TG H57 &#8211;<\/strong> \u0110\u00e2y l\u00e0 micro c\u00e0i tai m\u1ed9t b\u00ean lo\u1ea1i ch\u1ed1ng n\u01b0\u1edbc v\u00e0 ch\u1ed1ng m\u1ed3 h\u00f4i b\u1eafn, b\u00fap s\u00f3ng thu kh\u00f4ng \u0111\u1ecbnh h\u01b0\u1edbng v\u00e0 c\u00f3 th\u1ec3 \u0111eo b\u1ea5t c\u1ee9 b\u00ean tai n\u00e0o. Micro ph\u00f9 h\u1ee3p v\u1edbi c\u00e1c \u1ee9ng d\u1ee5ng thuy\u1ebft tr\u00ecnh ho\u1eb7c d\u1eabn ch\u01b0\u01a1ng tr\u00ecnh. C\u00e1p k\u1ebft n\u1ed1i c\u00f3 th\u1ec3 \u0111\u01b0\u1ee3c th\u00e1o r\u1eddi v\u00e0 thay th\u1ebf b\u1eb1ng c\u00e1p kh\u00e1c b\u1ea5t c\u1ee9 l\u00fac n\u00e0o.<\/p>\n","protected":false},"excerpt":{"rendered":"<p><strong>D-Cerno F-CM<\/strong>\u00a0l\u00e0 H\u1ed9p Ch\u1ee7 t\u1ecbch\u00a0g\u1eafn \u00e2m b\u00e0n\u00a0d\u00e0nh cho c\u00e1c h\u1ec7 th\u1ed1ng h\u1ed9i th\u1ea3o\u00a0c\u01a1 b\u1ea3n. V\u1edbi thi\u1ebft k\u1ebf\u00a0trang nh\u00e3, thi\u1ebft b\u1ecb c\u00f3 th\u1ec3 t\u00edch h\u1ee3p v\u00e0o\u00a0b\u1ea5t k\u1ef3 n\u1ed9i th\u1ea5t ph\u00f2ng h\u1ecdp n\u00e0o \u0111\u00e3 l\u1eafp \u0111\u1eb7t h\u1ec7 th\u1ed1ng \u00e2m thanh (do b\u1ea3ng \u0111i\u1ec1u khi\u1ec3n c\u1ee7a\u00a0<strong>D-Cerno F-CM<\/strong>\u00a0kh\u00f4ng c\u00f3 loa).<\/p>\n","protected":false},"featured_media":21202,"comment_status":"open","ping_status":"closed","template":"","meta":[],"product_cat":[15,8611,8631],"product_tag":[],"acf":[],"lang":"vi","translations":{"vi":21212},"pll_sync_post":[],"_links":{"self":[{"href":"https:\/\/demo8.thuythu.com\/avsd\/wp-json\/wp\/v2\/product\/21212"}],"collection":[{"href":"https:\/\/demo8.thuythu.com\/avsd\/wp-json\/wp\/v2\/product"}],"about":[{"href":"https:\/\/demo8.thuythu.com\/avsd\/wp-json\/wp\/v2\/types\/product"}],"replies":[{"embeddable":true,"href":"https:\/\/demo8.thuythu.com\/avsd\/wp-json\/wp\/v2\/comments?post=21212"}],"wp:featuredmedia":[{"embeddable":true,"href":"https:\/\/demo8.thuythu.com\/avsd\/wp-json\/wp\/v2\/media\/21202"}],"wp:attachment":[{"href":"https:\/\/demo8.thuythu.com\/avsd\/wp-json\/wp\/v2\/media?parent=21212"}],"wp:term":[{"taxonomy":"product_cat","embeddable":true,"href":"https:\/\/demo8.thuythu.com\/avsd\/wp-json\/wp\/v2\/product_cat?post=21212"},{"taxonomy":"product_tag","embeddable":true,"href":"https:\/\/demo8.thuythu.com\/avsd\/wp-json\/wp\/v2\/product_tag?post=21212"}],"curies":[{"name":"wp","href":"https:\/\/api.w.org\/{rel}","templated":true}]}}