{"id":21215,"date":"2023-11-13T15:35:37","date_gmt":"2023-11-13T08:35:37","guid":{"rendered":"https:\/\/demo8.thuythu.com\/avsd\/?post_type=product&#038;p=21215"},"modified":"2023-11-13T15:41:13","modified_gmt":"2023-11-13T08:41:13","slug":"micro-cai-ve","status":"publish","type":"product","link":"https:\/\/demo8.thuythu.com\/avsd\/san-pham\/micro-cai-ve\/","title":{"rendered":"Micro c\u00e0i ve"},"content":{"rendered":"<h2><span style=\"color: #ff6600;\">Th\u00f4ng tin chi ti\u1ebft\u00a0<\/span><\/h2>\n<p><strong>TG L58 &#8211;<\/strong> \u0110\u00e2y l\u00e0 micro c\u00e0i ve nh\u1ecf g\u1ecdn, b\u00fap s\u00f3ng thu kh\u00f4ng \u0111\u1ecbnh h\u01b0\u1edbng d\u00e0nh cho h\u00e1t ho\u1eb7c thuy\u1ebft tr\u00ecnh. Micro ph\u00f9 h\u1ee3p v\u1edbi c\u00e1c \u1ee9ng d\u1ee5ng cho r\u1ea1p h\u00e1t, thuy\u1ebft tr\u00ecnh ho\u1eb7c d\u00f9ng trong c\u00e1c \u0111\u00e0i truy\u1ec1n h\u00ecnh. V\u1edbi k\u00edch th\u01b0\u1edbc nh\u1ecf g\u1ecdn, micro c\u00f3 th\u1ec3 \u0111\u01b0\u1ee3c gi\u1ea5u trong \u00e1o ho\u1eb7c t\u00f3c c\u1ee7a ng\u01b0\u1eddi thuy\u1ebft tr\u00ecnh\/ ng\u01b0\u1eddi ph\u00e1t bi\u1ec3u. Ch\u1ee9c n\u0103ng khu\u1ebfch \u0111\u1ea1i ph\u1ea7n \u00e2m cao (treble) v\u00e0 \u0111\u00e1p tuy\u1ebfn t\u1ea7n s\u1ed1 r\u1ed9ng cho ph\u00e9p t\u00e1i t\u1ea1o gi\u1ecdng n\u00f3i m\u1ed9t c\u00e1ch r\u00f5 r\u00e0ng v\u00e0 ch\u00ednh x\u00e1c nh\u1ea5t.<\/p>\n","protected":false},"excerpt":{"rendered":"<p><strong>D-Cerno F-CM<\/strong>\u00a0l\u00e0 H\u1ed9p Ch\u1ee7 t\u1ecbch\u00a0g\u1eafn \u00e2m b\u00e0n\u00a0d\u00e0nh cho c\u00e1c h\u1ec7 th\u1ed1ng h\u1ed9i th\u1ea3o\u00a0c\u01a1 b\u1ea3n. V\u1edbi thi\u1ebft k\u1ebf\u00a0trang nh\u00e3, thi\u1ebft b\u1ecb c\u00f3 th\u1ec3 t\u00edch h\u1ee3p v\u00e0o\u00a0b\u1ea5t k\u1ef3 n\u1ed9i th\u1ea5t ph\u00f2ng h\u1ecdp n\u00e0o \u0111\u00e3 l\u1eafp \u0111\u1eb7t h\u1ec7 th\u1ed1ng \u00e2m thanh (do b\u1ea3ng \u0111i\u1ec1u khi\u1ec3n c\u1ee7a\u00a0<strong>D-Cerno F-CM<\/strong>\u00a0kh\u00f4ng c\u00f3 loa).<\/p>\n","protected":false},"featured_media":21203,"comment_status":"open","ping_status":"closed","template":"","meta":[],"product_cat":[15,8611,8631],"product_tag":[],"acf":[],"lang":"vi","translations":{"vi":21215},"pll_sync_post":[],"_links":{"self":[{"href":"https:\/\/demo8.thuythu.com\/avsd\/wp-json\/wp\/v2\/product\/21215"}],"collection":[{"href":"https:\/\/demo8.thuythu.com\/avsd\/wp-json\/wp\/v2\/product"}],"about":[{"href":"https:\/\/demo8.thuythu.com\/avsd\/wp-json\/wp\/v2\/types\/product"}],"replies":[{"embeddable":true,"href":"https:\/\/demo8.thuythu.com\/avsd\/wp-json\/wp\/v2\/comments?post=21215"}],"wp:featuredmedia":[{"embeddable":true,"href":"https:\/\/demo8.thuythu.com\/avsd\/wp-json\/wp\/v2\/media\/21203"}],"wp:attachment":[{"href":"https:\/\/demo8.thuythu.com\/avsd\/wp-json\/wp\/v2\/media?parent=21215"}],"wp:term":[{"taxonomy":"product_cat","embeddable":true,"href":"https:\/\/demo8.thuythu.com\/avsd\/wp-json\/wp\/v2\/product_cat?post=21215"},{"taxonomy":"product_tag","embeddable":true,"href":"https:\/\/demo8.thuythu.com\/avsd\/wp-json\/wp\/v2\/product_tag?post=21215"}],"curies":[{"name":"wp","href":"https:\/\/api.w.org\/{rel}","templated":true}]}}