{"id":21218,"date":"2023-11-13T15:47:49","date_gmt":"2023-11-13T08:47:49","guid":{"rendered":"https:\/\/demo8.thuythu.com\/avsd\/?post_type=product&#038;p=21218"},"modified":"2023-11-13T15:52:33","modified_gmt":"2023-11-13T08:52:33","slug":"goi-thiet-bi-camera-tu-dong-t-cam-package-cm70","status":"publish","type":"product","link":"https:\/\/demo8.thuythu.com\/avsd\/san-pham\/goi-thiet-bi-camera-tu-dong-t-cam-package-cm70\/","title":{"rendered":"G\u00f3i thi\u1ebft b\u1ecb Camera t\u1ef1 \u0111\u1ed9ng"},"content":{"rendered":"<h2><span style=\"color: #ff6600;\">Th\u00f4ng tin chi ti\u1ebft\u00a0<\/span><\/h2>\n<p>G\u00f3i T-CAM CM70 cho ph\u00e9p c\u00e0i \u0111\u1eb7t tr\u1ef1c ti\u1ebfp, c\u1ea5u h\u00ecnh nhanh v\u00e0 t\u00edch h\u1ee3p h\u1ec7 th\u1ed1ng theo d\u00f5i camera v\u1edbi b\u1ea5t k\u1ef3 h\u1ec7 th\u1ed1ng H\u1ed9i ngh\u1ecb Truy\u1ec1n h\u00ecnh n\u00e0o. B\u1eb1ng c\u00e1ch k\u1ebft h\u1ee3p ph\u1ea7n c\u1ee9ng v\u00e0 ph\u1ea7n m\u1ec1m, gi\u1ea3i ph\u00e1p T-CAM gi\u00fap b\u1ea1n d\u1ec5 d\u00e0ng s\u1eed d\u1ee5ng v\u00e0 \u0111i\u1ec1u khi\u1ec3n camera. Ng\u01b0\u1eddi c\u00e0i \u0111\u1eb7t c\u00f3 th\u1ec3 nhanh ch\u00f3ng thi\u1ebft l\u1eadp camera v\u00e0 t\u1ea1o \u0111\u1ea7u n\u00f3i chuy\u1ec7n, t\u1ef1 \u0111\u1ed9ng chuy\u1ec3n \u0111\u1ed5i camera gi\u1eefa nh\u1eefng ng\u01b0\u1eddi tham gia.<\/p>\n","protected":false},"excerpt":{"rendered":"<p><strong>D-Cerno F-CM<\/strong>\u00a0l\u00e0 H\u1ed9p Ch\u1ee7 t\u1ecbch\u00a0g\u1eafn \u00e2m b\u00e0n\u00a0d\u00e0nh cho c\u00e1c h\u1ec7 th\u1ed1ng h\u1ed9i th\u1ea3o\u00a0c\u01a1 b\u1ea3n. V\u1edbi thi\u1ebft k\u1ebf\u00a0trang nh\u00e3, thi\u1ebft b\u1ecb c\u00f3 th\u1ec3 t\u00edch h\u1ee3p v\u00e0o\u00a0b\u1ea5t k\u1ef3 n\u1ed9i th\u1ea5t ph\u00f2ng h\u1ecdp n\u00e0o \u0111\u00e3 l\u1eafp \u0111\u1eb7t h\u1ec7 th\u1ed1ng \u00e2m thanh (do b\u1ea3ng \u0111i\u1ec1u khi\u1ec3n c\u1ee7a\u00a0<strong>D-Cerno F-CM<\/strong>\u00a0kh\u00f4ng c\u00f3 loa).<\/p>\n","protected":false},"featured_media":21220,"comment_status":"open","ping_status":"closed","template":"","meta":[],"product_cat":[15,8611,8625],"product_tag":[],"acf":[],"lang":"vi","translations":{"vi":21218},"pll_sync_post":[],"_links":{"self":[{"href":"https:\/\/demo8.thuythu.com\/avsd\/wp-json\/wp\/v2\/product\/21218"}],"collection":[{"href":"https:\/\/demo8.thuythu.com\/avsd\/wp-json\/wp\/v2\/product"}],"about":[{"href":"https:\/\/demo8.thuythu.com\/avsd\/wp-json\/wp\/v2\/types\/product"}],"replies":[{"embeddable":true,"href":"https:\/\/demo8.thuythu.com\/avsd\/wp-json\/wp\/v2\/comments?post=21218"}],"wp:featuredmedia":[{"embeddable":true,"href":"https:\/\/demo8.thuythu.com\/avsd\/wp-json\/wp\/v2\/media\/21220"}],"wp:attachment":[{"href":"https:\/\/demo8.thuythu.com\/avsd\/wp-json\/wp\/v2\/media?parent=21218"}],"wp:term":[{"taxonomy":"product_cat","embeddable":true,"href":"https:\/\/demo8.thuythu.com\/avsd\/wp-json\/wp\/v2\/product_cat?post=21218"},{"taxonomy":"product_tag","embeddable":true,"href":"https:\/\/demo8.thuythu.com\/avsd\/wp-json\/wp\/v2\/product_tag?post=21218"}],"curies":[{"name":"wp","href":"https:\/\/api.w.org\/{rel}","templated":true}]}}