{"id":21224,"date":"2023-11-13T16:08:04","date_gmt":"2023-11-13T09:08:04","guid":{"rendered":"https:\/\/demo8.thuythu.com\/avsd\/?post_type=product&#038;p=21224"},"modified":"2023-11-13T16:13:53","modified_gmt":"2023-11-13T09:13:53","slug":"goi-phan-mem-hie-thi-ten-dai-bieu-t-cam-name-overlay","status":"publish","type":"product","link":"https:\/\/demo8.thuythu.com\/avsd\/san-pham\/goi-phan-mem-hie-thi-ten-dai-bieu-t-cam-name-overlay\/","title":{"rendered":"G\u00f3i ph\u1ea7n m\u1ec1m hi\u1ec3n th\u1ecb t\u00ean \u0111\u1ea1i bi\u1ec3u T-CAM Name Overlay"},"content":{"rendered":"<h2><span style=\"color: #ff6600;\">Th\u00f4ng tin chi ti\u1ebft\u00a0<\/span><\/h2>\n<p>Ti\u1ec7n \u00edch b\u1ed5 sung n\u00e0y gi\u00fap d\u1ec5 d\u00e0ng hi\u1ec3n th\u1ecb t\u00ean c\u1ee7a ng\u01b0\u1eddi \u0111ang ho\u1ea1t \u0111\u1ed9ng tr\u00ean h\u00ecnh \u1ea3nh theo d\u00f5i camera c\u1ee7a b\u1ea1n. T\u00ean \u0111\u01b0\u1ee3c t\u1ea3i t\u1ef1 \u0111\u1ed9ng t\u1eeb c\u01a1 s\u1edf d\u1eef li\u1ec7u CoCon \u0111\u1ec3 \u0111\u1ea1t hi\u1ec7u qu\u1ea3 t\u1ed1i \u0111a v\u00e0 d\u1ec5 s\u1eed d\u1ee5ng. C\u00f3 hai t\u00f9y ch\u1ecdn \u0111\u1ec3 t\u1ea1o L\u1edbp ph\u1ee7 t\u00ean: tr\u00ean PC ho\u1eb7c tr\u00ecnh chuy\u1ec3n \u0111\u1ed5i video. M\u00e0n h\u00ecnh PC cung c\u1ea5p nhi\u1ec1u t\u00f9y ch\u1ecdn c\u1ea5u h\u00ecnh h\u01a1n nh\u01b0 ph\u00f4ng ch\u1eef, m\u00e0u s\u1eafc v\u00e0 logo; t\u00f9y ch\u1ecdn n\u00e0y y\u00eau c\u1ea7u th\u1ebb ch\u1ee5p b\u1ed5 sung.<\/p>\n","protected":false},"excerpt":{"rendered":"<p><strong>D-Cerno F-CM<\/strong>\u00a0l\u00e0 H\u1ed9p Ch\u1ee7 t\u1ecbch\u00a0g\u1eafn \u00e2m b\u00e0n\u00a0d\u00e0nh cho c\u00e1c h\u1ec7 th\u1ed1ng h\u1ed9i th\u1ea3o\u00a0c\u01a1 b\u1ea3n. V\u1edbi thi\u1ebft k\u1ebf\u00a0trang nh\u00e3, thi\u1ebft b\u1ecb c\u00f3 th\u1ec3 t\u00edch h\u1ee3p v\u00e0o\u00a0b\u1ea5t k\u1ef3 n\u1ed9i th\u1ea5t ph\u00f2ng h\u1ecdp n\u00e0o \u0111\u00e3 l\u1eafp \u0111\u1eb7t h\u1ec7 th\u1ed1ng \u00e2m thanh (do b\u1ea3ng \u0111i\u1ec1u khi\u1ec3n c\u1ee7a\u00a0<strong>D-Cerno F-CM<\/strong>\u00a0kh\u00f4ng c\u00f3 loa).<\/p>\n","protected":false},"featured_media":21225,"comment_status":"open","ping_status":"closed","template":"","meta":[],"product_cat":[8611,15,8625],"product_tag":[],"acf":[],"lang":"vi","translations":{"vi":21224},"pll_sync_post":[],"_links":{"self":[{"href":"https:\/\/demo8.thuythu.com\/avsd\/wp-json\/wp\/v2\/product\/21224"}],"collection":[{"href":"https:\/\/demo8.thuythu.com\/avsd\/wp-json\/wp\/v2\/product"}],"about":[{"href":"https:\/\/demo8.thuythu.com\/avsd\/wp-json\/wp\/v2\/types\/product"}],"replies":[{"embeddable":true,"href":"https:\/\/demo8.thuythu.com\/avsd\/wp-json\/wp\/v2\/comments?post=21224"}],"wp:featuredmedia":[{"embeddable":true,"href":"https:\/\/demo8.thuythu.com\/avsd\/wp-json\/wp\/v2\/media\/21225"}],"wp:attachment":[{"href":"https:\/\/demo8.thuythu.com\/avsd\/wp-json\/wp\/v2\/media?parent=21224"}],"wp:term":[{"taxonomy":"product_cat","embeddable":true,"href":"https:\/\/demo8.thuythu.com\/avsd\/wp-json\/wp\/v2\/product_cat?post=21224"},{"taxonomy":"product_tag","embeddable":true,"href":"https:\/\/demo8.thuythu.com\/avsd\/wp-json\/wp\/v2\/product_tag?post=21224"}],"curies":[{"name":"wp","href":"https:\/\/api.w.org\/{rel}","templated":true}]}}