{"id":21226,"date":"2023-11-13T16:20:02","date_gmt":"2023-11-13T09:20:02","guid":{"rendered":"https:\/\/demo8.thuythu.com\/avsd\/?post_type=product&#038;p=21226"},"modified":"2023-11-13T16:54:47","modified_gmt":"2023-11-13T09:54:47","slug":"tai-nghe-chuyen-nghiep-tich-hop-micro","status":"publish","type":"product","link":"https:\/\/demo8.thuythu.com\/avsd\/san-pham\/tai-nghe-chuyen-nghiep-tich-hop-micro\/","title":{"rendered":"Tai nghe chuy\u00ean nghi\u1ec7p t\u00edch h\u1ee3p micro"},"content":{"rendered":"<h2><span style=\"color: #ff6600;\">Th\u00f4ng tin chi ti\u1ebft\u00a0<\/span><\/h2>\n<p><strong>DT 287 &#8211;<\/strong> Tai nghe chuy\u00ean nghi\u1ec7p t\u00edch h\u1ee3p micro, \u0111\u01b0\u1ee3c thi\u1ebft k\u1ebf \u0111\u1ec3 giao ti\u1ebfp hai chi\u1ec1u &#8211; cho ph\u00e9p ng\u01b0\u1eddi d\u00f9ng nghe v\u00e0o n\u00f3i c\u00f9ng l\u00fac tr\u00ean c\u00f9ng m\u1ed9t thi\u1ebft b\u1ecb. Thi\u1ebft b\u1ecb ph\u00f9 h\u1ee3p v\u1edbi c\u00e1c \u1ee9ng d\u1ee5ng intercom v\u00e0 c\u00e1c n\u01a1i c\u00f3 \u0111\u1ed9 \u1ed3n cao. Thi\u1ebft b\u1ecb kh\u00f4ng b\u1ecb can nhi\u1ec5u b\u1edfi s\u00f3ng DECT c\u0169ng nh\u01b0 s\u00f3ng \u0111i\u1ec7n tho\u1ea1i di \u0111\u1ed9ng. C\u1ea7n micro c\u00f3 th\u1ec3 xoay \u0111\u01b0\u1ee3c v\u00e0 \u0111i\u1ec1u ch\u1ec9nh linh ho\u1ea1t cho t\u1eebng ng\u01b0\u1eddi d\u00f9ng.<\/p>\n","protected":false},"excerpt":{"rendered":"<p><strong>D-Cerno F-CM<\/strong>\u00a0l\u00e0 H\u1ed9p Ch\u1ee7 t\u1ecbch\u00a0g\u1eafn \u00e2m b\u00e0n\u00a0d\u00e0nh cho c\u00e1c h\u1ec7 th\u1ed1ng h\u1ed9i th\u1ea3o\u00a0c\u01a1 b\u1ea3n. V\u1edbi thi\u1ebft k\u1ebf\u00a0trang nh\u00e3, thi\u1ebft b\u1ecb c\u00f3 th\u1ec3 t\u00edch h\u1ee3p v\u00e0o\u00a0b\u1ea5t k\u1ef3 n\u1ed9i th\u1ea5t ph\u00f2ng h\u1ecdp n\u00e0o \u0111\u00e3 l\u1eafp \u0111\u1eb7t h\u1ec7 th\u1ed1ng \u00e2m thanh (do b\u1ea3ng \u0111i\u1ec1u khi\u1ec3n c\u1ee7a\u00a0<strong>D-Cerno F-CM<\/strong>\u00a0kh\u00f4ng c\u00f3 loa).<\/p>\n","protected":false},"featured_media":21198,"comment_status":"open","ping_status":"closed","template":"","meta":[],"product_cat":[8611,15,8631],"product_tag":[],"acf":[],"lang":"vi","translations":{"vi":21226},"pll_sync_post":[],"_links":{"self":[{"href":"https:\/\/demo8.thuythu.com\/avsd\/wp-json\/wp\/v2\/product\/21226"}],"collection":[{"href":"https:\/\/demo8.thuythu.com\/avsd\/wp-json\/wp\/v2\/product"}],"about":[{"href":"https:\/\/demo8.thuythu.com\/avsd\/wp-json\/wp\/v2\/types\/product"}],"replies":[{"embeddable":true,"href":"https:\/\/demo8.thuythu.com\/avsd\/wp-json\/wp\/v2\/comments?post=21226"}],"wp:featuredmedia":[{"embeddable":true,"href":"https:\/\/demo8.thuythu.com\/avsd\/wp-json\/wp\/v2\/media\/21198"}],"wp:attachment":[{"href":"https:\/\/demo8.thuythu.com\/avsd\/wp-json\/wp\/v2\/media?parent=21226"}],"wp:term":[{"taxonomy":"product_cat","embeddable":true,"href":"https:\/\/demo8.thuythu.com\/avsd\/wp-json\/wp\/v2\/product_cat?post=21226"},{"taxonomy":"product_tag","embeddable":true,"href":"https:\/\/demo8.thuythu.com\/avsd\/wp-json\/wp\/v2\/product_tag?post=21226"}],"curies":[{"name":"wp","href":"https:\/\/api.w.org\/{rel}","templated":true}]}}