{"id":7491,"date":"2020-03-24T16:37:29","date_gmt":"2020-03-24T09:37:29","guid":{"rendered":"https:\/\/gmga.canhcam.asia\/?post_type=product&#038;p=7491"},"modified":"2023-11-02T03:51:30","modified_gmt":"2023-11-01T20:51:30","slug":"hop-dai-bieu-gan-am-ban-d-cerno-f-dm","status":"publish","type":"product","link":"https:\/\/demo8.thuythu.com\/avsd\/san-pham\/hop-dai-bieu-gan-am-ban-d-cerno-f-dm\/","title":{"rendered":"H\u1ed9p \u0111\u1ea1i bi\u1ec3u g\u1eafn \u00e2m b\u00e0n D-Cerno F-DM"},"content":{"rendered":"<h2><span style=\"color: #ff6600;\">Th\u00f4ng tin chi ti\u1ebft<\/span><\/h2>\n<p><strong>D-Cerno F-DM<\/strong>\u00a0l\u00e0 H\u1ed9p \u0111\u1ea1i bi\u1ec3u g\u1eafn \u00e2m b\u00e0n\u00a0d\u00e0nh cho c\u00e1c h\u1ec7 th\u1ed1ng h\u1ed9i th\u1ea3o\u00a0c\u01a1 b\u1ea3n. V\u1edbi thi\u1ebft k\u1ebf\u00a0trang nh\u00e3, thi\u1ebft b\u1ecb c\u00f3 th\u1ec3 t\u00edch h\u1ee3p v\u00e0o\u00a0b\u1ea5t k\u1ef3 n\u1ed9i th\u1ea5t ph\u00f2ng h\u1ecdp n\u00e0o \u0111\u00e3 l\u1eafp \u0111\u1eb7t h\u1ec7 th\u1ed1ng \u00e2m thanh (do b\u1ea3ng \u0111i\u1ec1u khi\u1ec3n c\u1ee7a\u00a0<strong>D-Cerno F-DM<\/strong>\u00a0kh\u00f4ng c\u00f3 loa).<\/p>\n<ul>\nV\u1edbi\u00a0<strong>D-Cerno F-DM<\/strong>, vi\u1ec7c t\u0103ng ho\u1eb7c gi\u1ea3m s\u1ed1 l\u01b0\u1ee3ng thi\u1ebft b\u1ecb \u0111\u1ec3 m\u1edf r\u00f4ng\/ thu h\u1eb9p h\u1ec7 th\u1ed1ng th\u1ef1c s\u1ef1 r\u1ea5t \u0111\u01a1n gi\u1ea3n.\n<\/ul>\n<ul>\n<strong>Thi\u1ebft b\u1ecb mang nh\u1eefng \u0111\u1eb7c \u0111i\u1ec3m \u0111\u1ea7y \u1ea5n t\u01b0\u1ee3ng:<\/strong>\n<\/ul>\n<ul>\n<li>Ki\u1ec3u d\u00e1ng \u0111\u1eb9p v\u00e0 sang tr\u1ecdng, k\u00edn \u0111\u00e1o<\/li>\n<li>N\u00fat nh\u1ea5n micro\u00a0t\u00edch h\u1ee3p\u00a0\u0111\u00e8n LED<\/li>\n<li>\u0110\u1ea7u n\u1ed1i micr\u00f4 c\u00f3 th\u1ec3 th\u00e1o r\u1eddi: kh\u1ea3 n\u0103ng s\u1eed d\u1ee5ng c\u00e1c \u0111\u1ed9 d\u00e0i micr\u00f4 kh\u00e1c nhau (30, 40, 50, 70, Full Flex)<\/li>\n<li>C\u00e1c g\u00f3c thi\u1ebft b\u1ecb\u00a0\u0111\u01b0\u1ee3c bo tr\u00f2n \u0111\u1ec3 d\u1ec5 d\u00e0ng l\u1eafp \u0111\u1eb7t<b><\/b><\/li>\n<\/ul>\n<p><strong>T\u00ednh n\u0103ng n\u1ed5i b\u1eadt:<\/strong><\/p>\n<p>&nbsp;<\/p>\n<ul>\n<li>X\u1eed l\u00fd t\u00edn hi\u1ec7u k\u1ef9 thu\u1eadt s\u1ed1<\/li>\n<li>Micr\u00f4 \u0111\u01b0\u1ee3c b\u1ea3o v\u1ec7, kh\u00f4ng b\u1ecb \u1ea3nh h\u01b0\u1edfng b\u1edfi s\u00f3ng\u00a0\u0111i\u1ec7n tho\u1ea1i di \u0111\u1ed9ng<\/li>\n<li>N\u00fat B\u1eadt\/T\u1eaft micr\u00f4<\/li>\n<li>\u0110\u00e8n b\u00e1o LED hai m\u00e0u<\/li>\n<\/ul>\n","protected":false},"excerpt":{"rendered":"<p><strong>D-Cerno F-DM<\/strong> l\u00e0 H\u1ed9p \u0111\u1ea1i bi\u1ec3u g\u1eafn \u00e2m b\u00e0n d\u00e0nh cho c\u00e1c h\u1ec7 th\u1ed1ng h\u1ed9i th\u1ea3o c\u01a1 b\u1ea3n. V\u1edbi thi\u1ebft k\u1ebf trang nh\u00e3, thi\u1ebft b\u1ecb c\u00f3 th\u1ec3 t\u00edch h\u1ee3p v\u00e0o b\u1ea5t k\u1ef3 n\u1ed9i th\u1ea5t ph\u00f2ng h\u1ecdp n\u00e0o \u0111\u00e3 l\u1eafp \u0111\u1eb7t h\u1ec7 th\u1ed1ng \u00e2m thanh (do b\u1ea3ng \u0111i\u1ec1u khi\u1ec3n c\u1ee7a D-Cerno F-DM kh\u00f4ng c\u00f3 loa)<\/p>\n","protected":false},"featured_media":20498,"comment_status":"open","ping_status":"closed","template":"","meta":[],"product_cat":[15],"product_tag":[587,592,593,594,595,596,3322,3323,3324],"acf":[],"lang":"vi","translations":{"vi":7491,"en":20791},"pll_sync_post":[],"_links":{"self":[{"href":"https:\/\/demo8.thuythu.com\/avsd\/wp-json\/wp\/v2\/product\/7491"}],"collection":[{"href":"https:\/\/demo8.thuythu.com\/avsd\/wp-json\/wp\/v2\/product"}],"about":[{"href":"https:\/\/demo8.thuythu.com\/avsd\/wp-json\/wp\/v2\/types\/product"}],"replies":[{"embeddable":true,"href":"https:\/\/demo8.thuythu.com\/avsd\/wp-json\/wp\/v2\/comments?post=7491"}],"wp:featuredmedia":[{"embeddable":true,"href":"https:\/\/demo8.thuythu.com\/avsd\/wp-json\/wp\/v2\/media\/20498"}],"wp:attachment":[{"href":"https:\/\/demo8.thuythu.com\/avsd\/wp-json\/wp\/v2\/media?parent=7491"}],"wp:term":[{"taxonomy":"product_cat","embeddable":true,"href":"https:\/\/demo8.thuythu.com\/avsd\/wp-json\/wp\/v2\/product_cat?post=7491"},{"taxonomy":"product_tag","embeddable":true,"href":"https:\/\/demo8.thuythu.com\/avsd\/wp-json\/wp\/v2\/product_tag?post=7491"}],"curies":[{"name":"wp","href":"https:\/\/api.w.org\/{rel}","templated":true}]}}