{"id":1540,"date":"2022-04-01T07:05:05","date_gmt":"2022-04-01T07:05:05","guid":{"rendered":"https:\/\/demo8.thuythu.com\/batdongsanexpress\/?page_id=1540"},"modified":"2023-12-23T04:13:26","modified_gmt":"2023-12-23T04:13:26","slug":"tin-tuc","status":"publish","type":"page","link":"https:\/\/demo8.thuythu.com\/batdongsanexpress\/tin-tuc\/","title":{"rendered":"Tin t\u1ee9c"},"content":{"rendered":"<p style=\"text-align: left;\">Hi\u1ec7n t\u1ea1i, th\u1ecb tr\u01b0\u1eddng b\u1ea5t \u0111\u1ed9ng s\u1ea3n Vi\u1ec7t Nam \u0111ang c\u00f3 nhi\u1ec1u bi\u1ebfn \u0111\u1ed9ng v\u00e0 t\u0103ng tr\u01b0\u1edfng kh\u00e1 t\u00edch c\u1ef1c. Sau \u0111\u1ea1i d\u1ecbch COVID-19, gi\u00e1 b\u1ea5t \u0111\u1ed9ng s\u1ea3n \u0111\u00e3 t\u0103ng m\u1ea1nh trong v\u00e0i qu\u00fd g\u1ea7n \u0111\u00e2y, \u0111\u1eb7c bi\u1ec7t l\u00e0 \u1edf c\u00e1c khu v\u1ef1c ph\u00e1t tri\u1ec3n \u0111\u00f4 th\u1ecb l\u1edbn nh\u01b0 H\u00e0 N\u1ed9i v\u00e0 TP. H\u1ed3 Ch\u00ed Minh.<\/p>\n<p>Tuy nhi\u00ean gi\u1eefa v\u00e0 cu\u1ed1i n\u0103m 2022 c\u00f3 nhi\u1ec1u y\u1ebfu t\u1ed1 t\u00e1c \u0111\u1ed9ng nh\u01b0 kinh t\u1ebf th\u1ebf gi\u1edbi b\u1ea5t \u1ed5n, chi\u1ebfn tranh Ukraina &#8211; Nga di\u1ec5n ra quy\u1ebft li\u1ec7t, Fed t\u0103ng l\u00e3i su\u1ea5t li\u00ean t\u1ee5c khi\u1ebfn th\u1ecb tr\u01b0\u1eddng b\u1ea5t \u0111\u1ed9ng s\u1ea3n Vi\u1ec7t Nam v\u00ec th\u1ebf m\u00e0 \u1ea3nh h\u01b0\u1edfng ti\u00eau c\u1ef1c.<\/p>\n<h2><span style=\"font-size: 20px;\">Tin t\u1ee9c th\u1ecb tr\u01b0\u1eddng b\u1ea5t \u0111\u1ed9ng s\u1ea3n Vi\u1ec7t Nam 2023<\/span><\/h2>\n<p>T\u00ednh \u0111\u1ebfn n\u0103m 2023 T\u1ed5ng th\u1ec3, th\u1ecb tr\u01b0\u1eddng b\u1ea5t \u0111\u1ed9ng s\u1ea3n Vi\u1ec7t Nam \u0111ang c\u00f3 s\u1ef1 ph\u00e1t tri\u1ec3n ch\u1eadm, \u0111\u00f3ng b\u0103ng c\u1ee5c b\u1ed9 nhi\u1ec1u khu v\u1ef1c, thanh kho\u1ea3n to\u00e0n th\u1ecb tr\u01b0\u1eddng gi\u1ea3m r\u00f5 r\u1ec7t.<\/p>\n<p>Song song \u0111\u00f3, ch\u00ednh ph\u1ee7 c\u00f9ng h\u1ec7 th\u1ed1ng ng\u00e2n h\u00e0ng c\u0169ng \u0111\u00e3 tri\u1ec3n khai nhi\u1ec1u ch\u00ednh s\u00e1ch h\u1ed7 tr\u1ee3 cho th\u1ecb tr\u01b0\u1eddng b\u1ea5t \u0111\u1ed9ng s\u1ea3n nh\u1eb1m kh\u00f4i ph\u1ee5c n\u1ec1n kinh t\u1ebf v\u00e0 t\u0103ng tr\u01b0\u1edfng GDP trong b\u1ed1i c\u1ea3nh v\u1eeba k\u1ebft th\u1ef1c \u0111\u1ea1i d\u1ecbch COVID-19, v\u00e0 v\u1eeba \u0111\u1ed1i m\u1eb7t m\u1edbi th\u00e1ch th\u1ee9c trong n\u0103m 2023 \u0111\u1ed3ng th\u1eddi c\u1ea3i thi\u1ec7n h\u1ea1 t\u1ea7ng v\u00e0 m\u1edf r\u1ed9ng khu v\u1ef1c \u0111\u00f4 th\u1ecb th\u00f4ng qua \u0111\u1ea9y m\u1ea1nh \u0111\u1ea7u t\u01b0 c\u00f4ng.<\/p>\n<p>Tuy nhi\u00ean, th\u1ecb tr\u01b0\u1eddng b\u1ea5t \u0111\u1ed9ng s\u1ea3n Vi\u1ec7t Nam c\u00f2n \u0111\u1ed1i m\u1eb7t v\u1edbi m\u1ed9t s\u1ed1 th\u00e1ch th\u1ee9c, ch\u1eb3ng h\u1ea1n nh\u01b0 s\u1ef1 ch\u00eanh l\u1ec7ch gi\u00e1 \u0111\u1ea5t qu\u00e1 cao, t\u00ecnh tr\u1ea1ng quy ho\u1ea1ch kh\u00f4ng r\u00f5 r\u00e0ng, t\u0103ng tr\u01b0\u1edfng \u0111\u00f4 th\u1ecb kh\u00f4ng b\u1ec1n v\u1eefng v\u00e0 khan hi\u1ebfm ngu\u1ed3n cung \u0111\u1ea5t, l\u00e3i su\u1ea5t t\u0103ng cao khi\u1ebfn ng\u01b0\u1eddi d\u00e2n ng\u1ea1i vay mua nh\u00e0. Do \u0111\u00f3, doanh nghi\u1ec7p kinh doanh b\u1ea5t \u0111\u1ed9ng s\u1ea3n c\u0169ng g\u1eb7p nhi\u1ec1u kh\u00f3 kh\u0103n trong ti\u1ebfp c\u1eadn ngu\u1ed3n v\u1ed1n ph\u00e1t tri\u1ec3n d\u1ef1 \u00e1n, ng\u01b0\u1eddi d\u00e2n c\u00f3 nhu c\u1ea7u th\u00ec ti\u1ebfp c\u1eadn v\u1ed1n ng\u00e2n h\u00e0ng kh\u00f3.<\/p>\n<h2><span style=\"font-size: 20px;\">Company Name cung c\u1ea5p tin t\u1ee9c th\u1ecb tr\u01b0\u1eddng b\u1ea5t \u0111\u1ed9ng s\u1ea3n nhanh ch\u00f3ng<\/span><\/h2>\n<p>Qu\u00fd \u0111\u1ed9c gi\u1ea3, nh\u00e0 \u0111\u1ea7u t\u01b0 c\u00f3 th\u1ec3 \u0111\u1ecdc tin t\u1ee9c v\u1ec1 th\u1ecb tr\u01b0\u1eddng b\u1ea5t \u0111\u1ed9ng s\u1ea3n Vi\u1ec7t Nam t\u1ea1i trang website Company, t\u1ea1i \u0111\u00e2y ch\u00fang t\u00f4i v\u1edbi nhi\u1ec1u chuy\u00ean gia c\u00f3 th\u00e2m ni\u00ean trong th\u1ecb tr\u01b0\u1eddng b\u1ea5t \u0111\u1ed9ng s\u1ea3n s\u1ebd c\u00f3 nh\u1eefng \u0111\u00e1nh gi\u00e1, nh\u1eadn x\u00e9t, g\u00f3c nh\u00ecn kh\u00e1ch quan, hy v\u1ecdng s\u1ebd mang \u0111\u1ebfn nhi\u1ec1u th\u00f4ng tin, tin t\u1ee9c, xu h\u01b0\u1edbng th\u1ecb tr\u01b0\u1eddng b\u1ea5t \u0111\u1ed9ng s\u1ea3n m\u1edbi nh\u1ea5t, kh\u00e1ch quan nh\u1ea5t \u0111\u1ebfn cho qu\u00fd v\u1ecb.<\/p>\n","protected":false},"excerpt":{"rendered":"<p>Hi\u1ec7n t\u1ea1i, th\u1ecb tr\u01b0\u1eddng b\u1ea5t \u0111\u1ed9ng s\u1ea3n Vi\u1ec7t Nam \u0111ang c\u00f3 nhi\u1ec1u bi\u1ebfn \u0111\u1ed9ng v\u00e0 t\u0103ng tr\u01b0\u1edfng kh\u00e1 t\u00edch c\u1ef1c. Sau \u0111\u1ea1i d\u1ecbch COVID-19, gi\u00e1 b\u1ea5t \u0111\u1ed9ng s\u1ea3n \u0111\u00e3 t\u0103ng m\u1ea1nh trong v\u00e0i qu\u00fd g\u1ea7n \u0111\u00e2y, \u0111\u1eb7c bi\u1ec7t l\u00e0 \u1edf c\u00e1c khu v\u1ef1c ph\u00e1t tri\u1ec3n \u0111\u00f4 th\u1ecb l\u1edbn nh\u01b0 H\u00e0 N\u1ed9i v\u00e0 TP. H\u1ed3 Ch\u00ed &#8230; <a title=\"Tin t\u1ee9c\" class=\"read-more\" href=\"https:\/\/demo8.thuythu.com\/batdongsanexpress\/tin-tuc\/\" aria-label=\"More on Tin t\u1ee9c\">Read more<\/a><\/p>\n","protected":false},"author":1,"featured_media":0,"parent":0,"menu_order":4,"comment_status":"closed","ping_status":"closed","template":"templates\/news.php","meta":[],"acf":[],"_links":{"self":[{"href":"https:\/\/demo8.thuythu.com\/batdongsanexpress\/wp-json\/wp\/v2\/pages\/1540"}],"collection":[{"href":"https:\/\/demo8.thuythu.com\/batdongsanexpress\/wp-json\/wp\/v2\/pages"}],"about":[{"href":"https:\/\/demo8.thuythu.com\/batdongsanexpress\/wp-json\/wp\/v2\/types\/page"}],"author":[{"embeddable":true,"href":"https:\/\/demo8.thuythu.com\/batdongsanexpress\/wp-json\/wp\/v2\/users\/1"}],"replies":[{"embeddable":true,"href":"https:\/\/demo8.thuythu.com\/batdongsanexpress\/wp-json\/wp\/v2\/comments?post=1540"}],"version-history":[{"count":53,"href":"https:\/\/demo8.thuythu.com\/batdongsanexpress\/wp-json\/wp\/v2\/pages\/1540\/revisions"}],"predecessor-version":[{"id":39545,"href":"https:\/\/demo8.thuythu.com\/batdongsanexpress\/wp-json\/wp\/v2\/pages\/1540\/revisions\/39545"}],"wp:attachment":[{"href":"https:\/\/demo8.thuythu.com\/batdongsanexpress\/wp-json\/wp\/v2\/media?parent=1540"}],"curies":[{"name":"wp","href":"https:\/\/api.w.org\/{rel}","templated":true}]}}