{"id":8199,"date":"2022-07-07T09:42:36","date_gmt":"2022-07-07T09:42:36","guid":{"rendered":"https:\/\/demo8.thuythu.com\/batdongsanexpress\/?page_id=8199"},"modified":"2023-12-22T10:24:08","modified_gmt":"2023-12-22T10:24:08","slug":"san-pham","status":"publish","type":"page","link":"https:\/\/demo8.thuythu.com\/batdongsanexpress\/san-pham\/","title":{"rendered":"D\u1ef1 \u00e1n"},"content":{"rendered":"<p><span style=\"font-weight: 400;\">C\u00e1c chuy\u00ean gia \u0111\u00e3 d\u1ef1 b\u00e1o r\u1eb1ng th\u1ecb tr\u01b0\u1eddng b\u1ea5t \u0111\u1ed9ng s\u1ea3n trong n\u0103m 2023 s\u1ebd n\u00f3ng s\u1ed1t tr\u1edf l\u1ea1i. Sau \u0111\u00e2y l\u00e0 danh s\u00e1ch c\u00e1c d\u1ef1 \u00e1n b\u1ea5t \u0111\u1ed9ng s\u1ea3n tr\u00ean to\u00e0n qu\u1ed1c hot nh\u1ea5t n\u0103m \u0111\u1ec3 kh\u00e1ch h\u00e0ng v\u1eeba s\u1edf h\u1eefu cho an c\u01b0, \u0111\u1ea7u t\u01b0 sinh l\u1eddi. Qu\u00fd kh\u00e1ch h\u00e0ng \u0111ang quan t\u00e2m t\u1edbi c\u00e1c d\u1ef1 \u00e1n h\u00e3y tham kh\u1ea3o b\u00e0i vi\u1ebft n\u00e0y nh\u00e9!<\/span><\/p>\n","protected":false},"excerpt":{"rendered":"<p>C\u00e1c chuy\u00ean gia \u0111\u00e3 d\u1ef1 b\u00e1o r\u1eb1ng th\u1ecb tr\u01b0\u1eddng b\u1ea5t \u0111\u1ed9ng s\u1ea3n trong n\u0103m 2023 s\u1ebd n\u00f3ng s\u1ed1t tr\u1edf l\u1ea1i. Sau \u0111\u00e2y l\u00e0 danh s\u00e1ch c\u00e1c d\u1ef1 \u00e1n b\u1ea5t \u0111\u1ed9ng s\u1ea3n tr\u00ean to\u00e0n qu\u1ed1c hot nh\u1ea5t n\u0103m \u0111\u1ec3 kh\u00e1ch h\u00e0ng v\u1eeba s\u1edf h\u1eefu cho an c\u01b0, \u0111\u1ea7u t\u01b0 sinh l\u1eddi. Qu\u00fd kh\u00e1ch h\u00e0ng \u0111ang quan &#8230; <a title=\"D\u1ef1 \u00e1n\" class=\"read-more\" href=\"https:\/\/demo8.thuythu.com\/batdongsanexpress\/san-pham\/\" aria-label=\"More on D\u1ef1 \u00e1n\">Read more<\/a><\/p>\n","protected":false},"author":1,"featured_media":17571,"parent":0,"menu_order":0,"comment_status":"closed","ping_status":"closed","template":"templates\/product.php","meta":[],"acf":[],"_links":{"self":[{"href":"https:\/\/demo8.thuythu.com\/batdongsanexpress\/wp-json\/wp\/v2\/pages\/8199"}],"collection":[{"href":"https:\/\/demo8.thuythu.com\/batdongsanexpress\/wp-json\/wp\/v2\/pages"}],"about":[{"href":"https:\/\/demo8.thuythu.com\/batdongsanexpress\/wp-json\/wp\/v2\/types\/page"}],"author":[{"embeddable":true,"href":"https:\/\/demo8.thuythu.com\/batdongsanexpress\/wp-json\/wp\/v2\/users\/1"}],"replies":[{"embeddable":true,"href":"https:\/\/demo8.thuythu.com\/batdongsanexpress\/wp-json\/wp\/v2\/comments?post=8199"}],"version-history":[{"count":16,"href":"https:\/\/demo8.thuythu.com\/batdongsanexpress\/wp-json\/wp\/v2\/pages\/8199\/revisions"}],"predecessor-version":[{"id":39519,"href":"https:\/\/demo8.thuythu.com\/batdongsanexpress\/wp-json\/wp\/v2\/pages\/8199\/revisions\/39519"}],"wp:featuredmedia":[{"embeddable":true,"href":"https:\/\/demo8.thuythu.com\/batdongsanexpress\/wp-json\/wp\/v2\/media\/17571"}],"wp:attachment":[{"href":"https:\/\/demo8.thuythu.com\/batdongsanexpress\/wp-json\/wp\/v2\/media?parent=8199"}],"curies":[{"name":"wp","href":"https:\/\/api.w.org\/{rel}","templated":true}]}}