{"id":565,"date":"2021-01-04T02:48:23","date_gmt":"2021-01-04T02:48:23","guid":{"rendered":"https:\/\/demo8.thuythu.com\/bris\/?page_id=565"},"modified":"2021-01-08T08:06:06","modified_gmt":"2021-01-08T08:06:06","slug":"thong-diep","status":"publish","type":"page","link":"https:\/\/demo8.thuythu.com\/bris\/gioi-thieu\/thong-diep\/","title":{"rendered":"Th\u00f4ng \u0111i\u1ec7p"},"content":{"rendered":"<h1 style=\"text-align: center;\"><span style=\"color: #0a6fa8;\">TH\u00d4NG \u0110I\u1ec6P T\u1eea NH\u00c0 TR\u01af\u1edcNG<\/span><\/h1>\n<p><strong>Blue Ridge International School (BRIS)<\/strong> l\u00e0 h\u1ec7 th\u1ed1ng gi\u00e1o d\u1ee5c cung c\u1ea5p Ch\u01b0\u01a1ng tr\u00ecnh gi\u00e1o d\u1ee5c qu\u1ed1c t\u1ebf, v\u1edbi ph\u01b0\u01a1ng ch\u00e2m mang \u0111\u1ebfn m\u1ed9t n\u1ec1n Gi\u00e1o d\u1ee5c cho c\u00f4ng d\u00e2n to\u00e0n c\u1ea7u BRIS theo \u0111u\u1ed5i t\u1ea7m nh\u00ecn tr\u1edf th\u00e0nh m\u1ed9t h\u1ec7 th\u1ed1ng gi\u00e1o d\u1ee5c cung c\u1ea5p cho c\u00e1c em h\u1ecdc sinh m\u1ed9t m\u00f4i tr\u01b0\u1eddng h\u1ecdc thu\u1eadt qu\u1ed1c t\u1ebf \u0111\u1ea1t chu\u1ea9n v\u00e0 uy t\u00edn, c\u00f9ng v\u1edbi s\u1ee9 m\u1ec7nh t\u1ea1o d\u1ef1ng n\u00ean nh\u1eefng ng\u00f4i tr\u01b0\u1eddng h\u1ea1nh ph\u00fac, n\u01a1i h\u1ecdc sinh \u0111\u01b0\u1ee3c y\u00eau th\u01b0\u01a1ng, ch\u0103m s\u00f3c v\u00e0 ph\u00e1t tri\u1ec3n to\u00e0n di\u1ec7n \u0111\u1ec3 s\u1eb5n s\u00e0ng tr\u1edf th\u00e0nh nh\u1eefng c\u00f4ng d\u00e2n to\u00e0n c\u1ea7u trong t\u01b0\u01a1ng lai.<\/p>\n<p>\u0110\u1ec3 \u0111\u1ea1t \u0111\u01b0\u1ee3c t\u1ea7m nh\u00ecn quan tr\u1ecdng tr\u00ean, BRIS \u0111\u00e3 v\u00e0 \u0111ang x\u00e2y d\u1ef1ng m\u1ed9t khung ch\u01b0\u01a1ng tr\u00ecnh h\u1ecdc thu\u1eadt qu\u1ed1c t\u1ebf t\u1eeb b\u1eadc h\u1ecdc M\u1ea7m non \u0111\u1ebfn Trung h\u1ecdc v\u00e0 c\u00e1c Trung t\u00e2m ngo\u1ea1i kh\u00f3a Blue Ridge. H\u1ec7 th\u1ed1ng M\u1ea7m non BRIS \u0111\u1ecbnh h\u01b0\u1edbng tri\u1ec3n khai khung ch\u01b0\u01a1ng tr\u00ecnh ch\u00ednh t\u1eeb Ch\u01b0\u01a1ng tr\u00ecnh M\u1ea7m Non qu\u1ed1c t\u1ebf FIELDWORK Anh Qu\u1ed1c (International Early Years Curriculum) t\u00edch h\u1ee3p v\u1edbi Ch\u01b0\u01a1ng tr\u00ecnh K\u1ef9 n\u0103ng s\u1ed1ng FASTRACKIDS c\u1ee7a Hoa K\u1ef3 v\u00e0 Ch\u01b0\u01a1ng tr\u00ecnh v\u1eadn \u0111\u1ed9ng ph\u00e1t tri\u1ec3n th\u1ec3 ch\u1ea5t \u0111\u1ed9c quy\u1ec1n BRIS. V\u1edbi khung ch\u01b0\u01a1ng tr\u00ecnh h\u1ecdc thu\u1eadt \u0111\u01b0\u1ee3c d\u1ef1a tr\u00ean v\u00e0 tu\u1ef3 ch\u1ec9nh theo chu\u1ea9n gi\u00e1o d\u1ee5c Common Core c\u1ee7a Hoa K\u1ef3 v\u00e0 Ch\u01b0\u01a1ng tr\u00ecnh Ti\u1ec3u h\u1ecdc qu\u1ed1c t\u1ebf Fieldwork c\u1ee7a Anh Qu\u1ed1c (International Primary Curriculum), Ch\u01b0\u01a1ng tr\u00ecnh Ti\u1ec3u h\u1ecdc v\u00e0 D\u1ef1 b\u1ecb Ti\u1ec3u h\u1ecdc BRIS ch\u00fa tr\u1ecdng tri\u1ec3n khai m\u00f4n Ng\u1eef V\u0103n Anh v\u00e0 h\u1ed7 tr\u1ee3 h\u1ecdc thu\u1eadt \u0111\u1ec3 ph\u00e1t tri\u1ec3n c\u00e1c k\u1ef9 n\u0103ng ti\u1ebfng Anh cho h\u1ecdc sinh t\u1eeb 5 tu\u1ed5i. H\u1ec7 th\u1ed1ng BRIS Learning Centers mang \u0111\u1ebfn Ch\u01b0\u01a1ng tr\u00ecnh Ti\u1ebfng Anh t\u01b0\u01a1ng t\u00e1c cho tr\u1ebb em v\u00e0 Ch\u01b0\u01a1ng tr\u00ecnh K\u1ef9 n\u0103ng s\u1ed1ng FasTracKids Hoa K\u1ef3.<\/p>\n<p>T\u1ea1i BRIS, n\u01a1i \u201cM\u1ed7i \u0111\u1ee9a tr\u1ebb \u0111\u1ec1u l\u00e0 duy nh\u1ea5t\u201d, ch\u00fang t\u00f4i hi\u1ec3u r\u1eb1ng kh\u00f4ng c\u00f3 g\u00ec quan tr\u1ecdng v\u1edbi tr\u1ebb h\u01a1n l\u00e0 c\u01a1 h\u1ed9i nh\u1eadn \u0111\u01b0\u1ee3c n\u1ec1n t\u1ea3ng gi\u00e1o d\u1ee5c t\u1ed1t nh\u1ea5t, gi\u00fap c\u00e1c em th\u00e0nh c\u00f4ng trong t\u01b0\u01a1ng lai. Ch\u00fang t\u00f4i \u00e1p d\u1ee5ng nh\u1eefng ph\u01b0\u01a1ng ph\u00e1p gi\u1ea3ng d\u1ea1y ti\u00ean ti\u1ebfn c\u1eadp nh\u1eadt nh\u1ea5t nh\u1eb1m trang b\u1ecb cho h\u1ecdc sinh n\u1ec1n t\u1ea3ng v\u0103n h\u00f3a v\u00e0 ki\u1ebfn th\u1ee9c h\u1ecdc thu\u1eadt v\u1eefng v\u00e0ng, song song v\u1edbi nh\u1eefng k\u1ef9 n\u0103ng s\u1ed1ng th\u1ef1c ti\u1ec5n v\u00e0 nh\u1eefng gi\u00e1 tr\u1ecb s\u1ed1ng, ph\u1ea9m ch\u1ea5t c\u00e1 nh\u00e2n t\u1ed1t \u0111\u1eb9p.<\/p>\n<p><strong style=\"margin-bottom: 50px;display: block;\">\u0110\u1ea1i di\u1ec7n Ban \u0110i\u1ec1u H\u00e0nh nh\u00e0 tr\u01b0\u1eddng, t\u00f4i tr\u00e2n tr\u1ecdng ch\u00e0o \u0111\u00f3n Qu\u00fd ph\u1ee5 huynh v\u00e0 c\u00e1c em h\u1ecdc sinh tham quan v\u00e0 gia nh\u1eadp c\u1ed9ng \u0111\u1ed3ng gi\u00e1o d\u1ee5c Blue Ridge!<\/strong><\/p>\n<p><span style=\"color: #f69b31\"><strong>NGUY\u1ec4N TH\u1eca LI\u00caN KH\u01af\u01a0NG<\/strong><\/span><br \/>\n<em>Gi\u00e1m \u0110\u1ed1c \u0110i\u1ec1u H\u00e0nh BRIS<\/em><\/p>\n","protected":false},"excerpt":{"rendered":"<p>TH\u00d4NG \u0110I\u1ec6P T\u1eea NH\u00c0 TR\u01af\u1edcNG Blue Ridge International School (BRIS) l\u00e0 h\u1ec7 th\u1ed1ng gi\u00e1o d\u1ee5c cung c\u1ea5p Ch\u01b0\u01a1ng tr\u00ecnh gi\u00e1o d\u1ee5c qu\u1ed1c t\u1ebf, v\u1edbi ph\u01b0\u01a1ng ch\u00e2m mang \u0111\u1ebfn m\u1ed9t n\u1ec1n Gi\u00e1o d\u1ee5c cho c\u00f4ng d\u00e2n to\u00e0n c\u1ea7u BRIS theo \u0111u\u1ed5i t\u1ea7m nh\u00ecn tr\u1edf th\u00e0nh m\u1ed9t h\u1ec7 th\u1ed1ng gi\u00e1o d\u1ee5c cung c\u1ea5p cho c\u00e1c em h\u1ecdc &#8230; <a title=\"Th\u00f4ng \u0111i\u1ec7p\" class=\"read-more\" href=\"https:\/\/demo8.thuythu.com\/bris\/gioi-thieu\/thong-diep\/\">Read more<span class=\"screen-reader-text\">Th\u00f4ng \u0111i\u1ec7p<\/span><\/a><\/p>\n","protected":false},"author":1,"featured_media":0,"parent":353,"menu_order":0,"comment_status":"closed","ping_status":"closed","template":"templates\/message.php","meta":[],"_links":{"self":[{"href":"https:\/\/demo8.thuythu.com\/bris\/wp-json\/wp\/v2\/pages\/565"}],"collection":[{"href":"https:\/\/demo8.thuythu.com\/bris\/wp-json\/wp\/v2\/pages"}],"about":[{"href":"https:\/\/demo8.thuythu.com\/bris\/wp-json\/wp\/v2\/types\/page"}],"author":[{"embeddable":true,"href":"https:\/\/demo8.thuythu.com\/bris\/wp-json\/wp\/v2\/users\/1"}],"replies":[{"embeddable":true,"href":"https:\/\/demo8.thuythu.com\/bris\/wp-json\/wp\/v2\/comments?post=565"}],"version-history":[{"count":19,"href":"https:\/\/demo8.thuythu.com\/bris\/wp-json\/wp\/v2\/pages\/565\/revisions"}],"predecessor-version":[{"id":1052,"href":"https:\/\/demo8.thuythu.com\/bris\/wp-json\/wp\/v2\/pages\/565\/revisions\/1052"}],"up":[{"embeddable":true,"href":"https:\/\/demo8.thuythu.com\/bris\/wp-json\/wp\/v2\/pages\/353"}],"wp:attachment":[{"href":"https:\/\/demo8.thuythu.com\/bris\/wp-json\/wp\/v2\/media?parent=565"}],"curies":[{"name":"wp","href":"https:\/\/api.w.org\/{rel}","templated":true}]}}