{"id":4200,"date":"2023-01-11T08:41:11","date_gmt":"2023-01-11T01:41:11","guid":{"rendered":"https:\/\/demo8.thuythu.com\/btmglobal\/?page_id=4200"},"modified":"2023-02-02T12:39:14","modified_gmt":"2023-02-02T05:39:14","slug":"doi-tac","status":"publish","type":"page","link":"https:\/\/demo8.thuythu.com\/btmglobal\/doi-tac\/","title":{"rendered":"\u0110\u1ed1i t\u00e1c"},"content":{"rendered":"<p style=\"text-align: justify;\">BTM Global ch\u00fang t\u00f4i \u0111\u01b0\u1ee3c bi\u1ebft \u0111\u1ebfn v\u1edbi s\u1ef1 da d\u1ea1ng v\u1ec1 kh\u00e1ch h\u00e0ng, \u0111i\u1ec1u \u0111\u00f3 khi\u1ebfn ch\u00fang t\u00f4i lu\u00f4n c\u00e2n nh\u1eafc c\u1ea9n th\u1eadn khi ch\u1ecdn \u0111\u1ed1i t\u00e1c cho m\u00ecnh. V\u1edbi c\u00e1ch ti\u1ebfp c\u1eadn chi\u1ebfn l\u01b0\u1ee3c v\u00e0 ki\u1ebfn th\u1ee9c chuy\u00ean m\u00f4n s\u00e2u r\u1ed9ng \u0111\u01b0\u1ee3c ph\u1ea3n \u00e1nh th\u00f4ng qua c\u00e1c m\u1ed1i quan h\u1ec7 \u0111\u1ed1i t\u00e1c tin c\u1eady v\u00e0 l\u00e2u d\u00e0i v\u1edbi c\u00e1c t\u1ed5 ch\u1ee9c kh\u00e1c, ch\u00fang t\u00f4i r\u1ea5t t\u1ef1 h\u00e0o \u0111\u00e3 cung c\u1ea5p cho kh\u00e1ch h\u00e0ng nh\u1eefng gi\u1ea3i ph\u00e1p ph\u1ea7n m\u1ec1m hi\u1ec7u qu\u1ea3, mang l\u1ea1i l\u1ee3i nhu\u1eadn t\u1ed1i \u01b0u cho h\u1ecd.<\/p>\n<h3 style=\"text-align: justify;\"><b style=\"font-size: 14pt;\">\u0110\u1ed1i T\u00e1c Gi\u1ea3i Ph\u00e1p<\/b><\/h3>\n<p style=\"text-align: justify;\"><span style=\"font-size: 12pt;\">Ch\u00fang t\u00f4i h\u1ee3p t\u00e1c ch\u1eb7t ch\u1ebd v\u1edbi nh\u1eefng c\u00f4ng ty c\u00f3 th\u1ec3 gi\u00fap ch\u00fang t\u00f4i c\u1ee7ng c\u1ed1 th\u1ebf m\u1ea1nh v\u00e0 m\u1edf r\u1ed9ng ph\u1ea1m vi gi\u1ea3i ph\u00e1p c\u1ee7a m\u00ecnh.<\/span><\/p>\n<h3><img decoding=\"async\" loading=\"lazy\" class=\"aligncenter wp-image-5434 size-full\" src=\"https:\/\/demo8.thuythu.com\/btmglobal\/wp-content\/uploads\/2023\/02\/web_-btmglobal-_logopartners.png\" alt=\"\u0110\u1ed1i T\u00e1c Gi\u1ea3i Ph\u00e1p c\u1ee7a BTM Global\" width=\"1200\" height=\"350\" srcset=\"https:\/\/demo8.thuythu.com\/btmglobal\/wp-content\/uploads\/2023\/02\/web_-btmglobal-_logopartners.png 1200w, https:\/\/demo8.thuythu.com\/btmglobal\/wp-content\/uploads\/2023\/02\/web_-btmglobal-_logopartners-300x88.png 300w, https:\/\/demo8.thuythu.com\/btmglobal\/wp-content\/uploads\/2023\/02\/web_-btmglobal-_logopartners-1024x299.png 1024w, https:\/\/demo8.thuythu.com\/btmglobal\/wp-content\/uploads\/2023\/02\/web_-btmglobal-_logopartners-768x224.png 768w\" sizes=\"(max-width: 1200px) 100vw, 1200px\" \/><\/h3>\n<h3 style=\"text-align: left;\"><strong><span style=\"font-size: 14pt;\">\u0110\u1ed1i T\u00e1c C\u00f4ng Ngh\u1ec7<\/span><\/strong><\/h3>\n<p style=\"text-align: justify;\"><span style=\"font-size: 16px;\">\u0110\u1ec3 tr\u1edf th\u00e0nh chuy\u00ean gia trong l\u0129nh v\u1ef1c c\u00f4ng ngh\u1ec7, ch\u00fang t\u00f4i lu\u00f4n duy tr\u00ec m\u1ed1i quan h\u1ec7 ch\u1eb7t ch\u1ebd v\u1edbi c\u00e1c nh\u00e0 cung c\u1ea5p c\u00f4ng ngh\u1ec7 v\u00e0 h\u1ee3p t\u00e1c.<\/span><\/p>\n<p><img decoding=\"async\" loading=\"lazy\" class=\"aligncenter wp-image-5437 size-full\" src=\"https:\/\/demo8.thuythu.com\/btmglobal\/wp-content\/uploads\/2023\/02\/web_-btmglobal-_logo-_-technology-partners.png\" alt=\"\u0110\u1ed1i t\u00e1c c\u00f4ng ngh\u1ec7 v\u1edbi BTM Global\" width=\"1200\" height=\"150\" srcset=\"https:\/\/demo8.thuythu.com\/btmglobal\/wp-content\/uploads\/2023\/02\/web_-btmglobal-_logo-_-technology-partners.png 1200w, https:\/\/demo8.thuythu.com\/btmglobal\/wp-content\/uploads\/2023\/02\/web_-btmglobal-_logo-_-technology-partners-300x38.png 300w, https:\/\/demo8.thuythu.com\/btmglobal\/wp-content\/uploads\/2023\/02\/web_-btmglobal-_logo-_-technology-partners-1024x128.png 1024w, https:\/\/demo8.thuythu.com\/btmglobal\/wp-content\/uploads\/2023\/02\/web_-btmglobal-_logo-_-technology-partners-768x96.png 768w\" sizes=\"(max-width: 1200px) 100vw, 1200px\" \/><\/p>\n<p style=\"text-align: left;\"><b style=\"font-size: 12pt; text-align: justify;\"><span style=\"font-size: 14pt;\">Th\u00e0nh Vi\u00ean Hi\u1ec7p H\u1ed9i<\/span><\/b><\/p>\n<div class=\"fusion-text fusion-text-4\">\n<p class=\"BodyVN1\" style=\"text-align: justify;\"><span style=\"font-size: 12pt;\">V\u1edbi s\u1ef1 \u0111am m\u00ea trong l\u0129nh v\u1ef1c c\u00f4ng ngh\u1ec7 v\u00e0 tr\u00e1ch nhi\u1ec7m v\u1edbi c\u1ed9ng \u0111\u1ed3ng, ch\u00fang t\u00f4i tr\u1edf th\u00e0nh th\u00e0nh vi\u00ean c\u1ee7a nh\u1eefng t\u1ed5 ch\u1ee9c sau:<\/span><\/p>\n<p><img decoding=\"async\" loading=\"lazy\" class=\"aligncenter wp-image-5439 size-full\" src=\"https:\/\/demo8.thuythu.com\/btmglobal\/wp-content\/uploads\/2023\/02\/web_-btmglobal-_logo-_-memberships.png\" alt=\"BTM Global l\u00e0 th\u00e0nh vi\u00ean t\u1ea1i c\u00e1c hi\u1ec7p h\u1ed9i nh\u01b0 CIO, CFO, HCA, BNI, Apple Valey High School, NRF, MMSDC, Vistage, Minnsota chamber\" width=\"1200\" height=\"350\" srcset=\"https:\/\/demo8.thuythu.com\/btmglobal\/wp-content\/uploads\/2023\/02\/web_-btmglobal-_logo-_-memberships.png 1200w, https:\/\/demo8.thuythu.com\/btmglobal\/wp-content\/uploads\/2023\/02\/web_-btmglobal-_logo-_-memberships-300x88.png 300w, https:\/\/demo8.thuythu.com\/btmglobal\/wp-content\/uploads\/2023\/02\/web_-btmglobal-_logo-_-memberships-1024x299.png 1024w, https:\/\/demo8.thuythu.com\/btmglobal\/wp-content\/uploads\/2023\/02\/web_-btmglobal-_logo-_-memberships-768x224.png 768w\" sizes=\"(max-width: 1200px) 100vw, 1200px\" \/><\/p>\n<\/div>\n","protected":false},"excerpt":{"rendered":"<p>BTM Global ch\u00fang t\u00f4i \u0111\u01b0\u1ee3c bi\u1ebft \u0111\u1ebfn v\u1edbi s\u1ef1 da d\u1ea1ng v\u1ec1 kh\u00e1ch h\u00e0ng, \u0111i\u1ec1u \u0111\u00f3 khi\u1ebfn ch\u00fang t\u00f4i lu\u00f4n c\u00e2n nh\u1eafc c\u1ea9n th\u1eadn khi ch\u1ecdn \u0111\u1ed1i t\u00e1c cho m\u00ecnh. V\u1edbi c\u00e1ch ti\u1ebfp c\u1eadn chi\u1ebfn l\u01b0\u1ee3c v\u00e0 ki\u1ebfn th\u1ee9c chuy\u00ean m\u00f4n s\u00e2u r\u1ed9ng \u0111\u01b0\u1ee3c ph\u1ea3n \u00e1nh th\u00f4ng qua c\u00e1c m\u1ed1i quan h\u1ec7 \u0111\u1ed1i t\u00e1c tin &#8230; <a title=\"\u0110\u1ed1i t\u00e1c\" class=\"read-more\" href=\"https:\/\/demo8.thuythu.com\/btmglobal\/doi-tac\/\" aria-label=\"More on \u0110\u1ed1i t\u00e1c\">Read more<\/a><\/p>\n","protected":false},"author":1,"featured_media":0,"parent":0,"menu_order":0,"comment_status":"closed","ping_status":"closed","template":"","meta":{"footnotes":""},"acf":[],"_links":{"self":[{"href":"https:\/\/demo8.thuythu.com\/btmglobal\/wp-json\/wp\/v2\/pages\/4200"}],"collection":[{"href":"https:\/\/demo8.thuythu.com\/btmglobal\/wp-json\/wp\/v2\/pages"}],"about":[{"href":"https:\/\/demo8.thuythu.com\/btmglobal\/wp-json\/wp\/v2\/types\/page"}],"author":[{"embeddable":true,"href":"https:\/\/demo8.thuythu.com\/btmglobal\/wp-json\/wp\/v2\/users\/1"}],"replies":[{"embeddable":true,"href":"https:\/\/demo8.thuythu.com\/btmglobal\/wp-json\/wp\/v2\/comments?post=4200"}],"version-history":[{"count":42,"href":"https:\/\/demo8.thuythu.com\/btmglobal\/wp-json\/wp\/v2\/pages\/4200\/revisions"}],"predecessor-version":[{"id":5441,"href":"https:\/\/demo8.thuythu.com\/btmglobal\/wp-json\/wp\/v2\/pages\/4200\/revisions\/5441"}],"wp:attachment":[{"href":"https:\/\/demo8.thuythu.com\/btmglobal\/wp-json\/wp\/v2\/media?parent=4200"}],"curies":[{"name":"wp","href":"https:\/\/api.w.org\/{rel}","templated":true}]}}