{"id":605,"date":"2022-11-01T07:26:39","date_gmt":"2022-11-01T07:26:39","guid":{"rendered":"https:\/\/demo8.thuythu.com\/btmglobal\/?page_id=605"},"modified":"2023-01-31T10:39:06","modified_gmt":"2023-01-31T03:39:06","slug":"tu-van-giai-phap","status":"publish","type":"page","link":"https:\/\/demo8.thuythu.com\/btmglobal\/tu-van-giai-phap\/","title":{"rendered":"T\u01b0 v\u1ea5n gi\u1ea3i ph\u00e1p"},"content":{"rendered":"<p style=\"text-align: justify;\">C\u00f4ng ngh\u1ec7 v\u00e0 h\u1ec7 th\u1ed1ng ph\u1ea7n m\u1ec1m \u0111\u1ed5i m\u1edbi li\u00ean t\u1ee5c n\u00ean ch\u00fang t\u00f4i kh\u00f4ng ng\u1eebng h\u1ed7 tr\u1ee3 ph\u00e1t tri\u1ec3n c\u00e1c gi\u1ea3i ph\u00e1p c\u00f4ng ngh\u1ec7 ti\u00ean ti\u1ebfn nh\u1ea5t \u0111\u1ec3 ph\u00f9 h\u1ee3p v\u1edbi nhu c\u1ea7u c\u1ee7a doanh nghi\u1ec7p.<\/p>\n<p style=\"text-align: justify;\">B\u00ean c\u1ea1nh \u0111\u00f3, v\u1edbi nhi\u1ec1u n\u0103m kinh nghi\u1ec7m tri\u1ec3n khai gi\u1ea3i ph\u00e1p Oracle v\u00e0 NetSuite ERP, ch\u00fang t\u00f4i t\u1ef1 ph\u00e1t tri\u1ec3n nh\u1eefng \u1ee9ng d\u1ee5ng ph\u1ea7n m\u1ec1m gi\u00fap vi\u1ec7c tri\u1ec3n khai d\u1ef1 \u00e1n v\u00e0 t\u00edch h\u1ee3p v\u1edbi c\u00e1c h\u1ec7 th\u1ed1ng kh\u00e1c m\u1ed9t c\u00e1ch nhanh ch\u00f3ng v\u00e0 hi\u1ec7u qu\u1ea3.<\/p>\n","protected":false},"excerpt":{"rendered":"<p>C\u00f4ng ngh\u1ec7 v\u00e0 h\u1ec7 th\u1ed1ng ph\u1ea7n m\u1ec1m \u0111\u1ed5i m\u1edbi li\u00ean t\u1ee5c n\u00ean ch\u00fang t\u00f4i kh\u00f4ng ng\u1eebng h\u1ed7 tr\u1ee3 ph\u00e1t tri\u1ec3n c\u00e1c gi\u1ea3i ph\u00e1p c\u00f4ng ngh\u1ec7 ti\u00ean ti\u1ebfn nh\u1ea5t \u0111\u1ec3 ph\u00f9 h\u1ee3p v\u1edbi nhu c\u1ea7u c\u1ee7a doanh nghi\u1ec7p. B\u00ean c\u1ea1nh \u0111\u00f3, v\u1edbi nhi\u1ec1u n\u0103m kinh nghi\u1ec7m tri\u1ec3n khai gi\u1ea3i ph\u00e1p Oracle v\u00e0 NetSuite ERP, ch\u00fang t\u00f4i &#8230; <a title=\"T\u01b0 v\u1ea5n gi\u1ea3i ph\u00e1p\" class=\"read-more\" href=\"https:\/\/demo8.thuythu.com\/btmglobal\/tu-van-giai-phap\/\" aria-label=\"More on T\u01b0 v\u1ea5n gi\u1ea3i ph\u00e1p\">Read more<\/a><\/p>\n","protected":false},"author":1,"featured_media":0,"parent":0,"menu_order":0,"comment_status":"closed","ping_status":"closed","template":"templates\/service.php","meta":{"footnotes":""},"acf":[],"_links":{"self":[{"href":"https:\/\/demo8.thuythu.com\/btmglobal\/wp-json\/wp\/v2\/pages\/605"}],"collection":[{"href":"https:\/\/demo8.thuythu.com\/btmglobal\/wp-json\/wp\/v2\/pages"}],"about":[{"href":"https:\/\/demo8.thuythu.com\/btmglobal\/wp-json\/wp\/v2\/types\/page"}],"author":[{"embeddable":true,"href":"https:\/\/demo8.thuythu.com\/btmglobal\/wp-json\/wp\/v2\/users\/1"}],"replies":[{"embeddable":true,"href":"https:\/\/demo8.thuythu.com\/btmglobal\/wp-json\/wp\/v2\/comments?post=605"}],"version-history":[{"count":21,"href":"https:\/\/demo8.thuythu.com\/btmglobal\/wp-json\/wp\/v2\/pages\/605\/revisions"}],"predecessor-version":[{"id":5383,"href":"https:\/\/demo8.thuythu.com\/btmglobal\/wp-json\/wp\/v2\/pages\/605\/revisions\/5383"}],"wp:attachment":[{"href":"https:\/\/demo8.thuythu.com\/btmglobal\/wp-json\/wp\/v2\/media?parent=605"}],"curies":[{"name":"wp","href":"https:\/\/api.w.org\/{rel}","templated":true}]}}