{"id":351,"date":"2020-04-22T10:19:30","date_gmt":"2020-04-22T03:19:30","guid":{"rendered":"https:\/\/demo8.thuythu.com\/cuaadong-32\/?post_type=product&#038;p=351"},"modified":"2020-05-03T20:18:21","modified_gmt":"2020-05-03T13:18:21","slug":"cua-so-lua-3-ray-luoi-muoi","status":"publish","type":"product","link":"https:\/\/demo8.thuythu.com\/cuaadong-32\/phu-kien\/cua-so-lua-3-ray-luoi-muoi\/","title":{"rendered":"C\u1eeda s\u1ed5 l\u00f9a 3 ray l\u01b0\u1edbi mu\u1ed7i"},"content":{"rendered":"","protected":false},"excerpt":{"rendered":"<p>&#8211; C\u1eeda s\u1ed5 l\u00f9a Savio \u0111\u01b0\u1ee3c thi\u1ebft k\u1ebf t\u1eeb 1 \u0111\u1ebfn 3 ray, t\u1eeb 2 \u0111\u1ebfn 6 c\u00e1nh v\u00e0 c\u00f3 kh\u1ea3 n\u0103ng m\u1edf \u0111\u01b0\u1ee3c t\u1eeb \u00bd \u0111\u1ebfn 2\/3 di\u1ec7n t\u00edch \u00f4 c\u1eeda.<br \/>\n&#8211; \u0110\u1ed1i v\u1edbi nh\u1eefng c\u0103n ph\u00f2ng c\u1ea7n kh\u00f4ng gian nh\u01b0ng v\u1eabn \u0111\u1ea3m b\u1ea3o \u0111\u1ed9 k\u00edn kh\u00edt c\u00e1c \u00e2m, c\u00e1ch nhi\u1ec7t th\u00ec c\u1eeda s\u1ed5 l\u00f9a 3 ray nh\u00f4m Savio l\u00e0 s\u1ef1 l\u1ef1a ch\u1ecdn ho\u00e0n h\u1ea3o nh\u1ea5t.<br \/>\n&#8211; C\u1eeda 3 ray mang t\u1ea5t c\u1ea3 nh\u1eefng \u0111\u1eb7c \u0111i\u1ec3m c\u01a1 b\u1ea3n c\u1ee7a d\u00f2ng m\u1edf tr\u01b0\u1ee3t nh\u00f4m Savio: \u0110\u1ed9 b\u1ec1n cao, \u0111\u00f3ng m\u1edf nh\u1eb9 nh\u00e0ng, linh ho\u1ea1t, ch\u1ed1ng c\u00f4n tr\u00f9ng, chi ph\u00ed ti\u1ebft ki\u1ec7m.<br \/>\n&#8211; Khi l\u00f9a, t\u1ea5t c\u1ea3 c\u00e1nh l\u00f9a v\u1ec1 1 ph\u00eda gi\u00fap l\u1ea5y tho\u00e1ng t\u1ed1i \u0111a \u00bd \u0111\u1ebfn 2\/3 di\u1ec7n t\u00edch \u00f4 c\u1eeda, gi\u00fap \u0111i\u1ec1u h\u00f2a, l\u01b0u th\u00f4ng kh\u00f4ng kh\u00ed, t\u1ea1o t\u1ea7m nh\u00ecn bao qu\u00e1t h\u01a1n cho ng\u01b0\u1eddi s\u1eed d\u1ee5ng.<br \/>\n&#8211; Khi \u0111\u00f3ng, v\u1eabn \u0111\u1ea3m b\u1ea3o \u0111\u1ed9 k\u00edn kh\u00edt tuy\u1ec7t \u0111\u1ed1i.<br \/>\n&#8211; C\u00e1ch \u00e2m, c\u00e1ch nhi\u1ec7t, h\u1ea1n ch\u1ebf t\u1ed1i \u0111a s\u1ef1 th\u1ea5m n\u01b0\u1edbc t\u1eeb b\u00ean ngo\u00e0i gi\u00fap c\u0103n ph\u00f2ng kh\u00f4 tho\u00e1ng ngay c\u1ea3 khi tr\u1eddi m\u01b0a.<\/p>\n","protected":false},"featured_media":564,"template":"","meta":[],"_links":{"self":[{"href":"https:\/\/demo8.thuythu.com\/cuaadong-32\/wp-json\/wp\/v2\/product\/351"}],"collection":[{"href":"https:\/\/demo8.thuythu.com\/cuaadong-32\/wp-json\/wp\/v2\/product"}],"about":[{"href":"https:\/\/demo8.thuythu.com\/cuaadong-32\/wp-json\/wp\/v2\/types\/product"}],"wp:featuredmedia":[{"embeddable":true,"href":"https:\/\/demo8.thuythu.com\/cuaadong-32\/wp-json\/wp\/v2\/media\/564"}],"wp:attachment":[{"href":"https:\/\/demo8.thuythu.com\/cuaadong-32\/wp-json\/wp\/v2\/media?parent=351"}],"curies":[{"name":"wp","href":"https:\/\/api.w.org\/{rel}","templated":true}]}}