{"id":353,"date":"2020-04-22T10:44:15","date_gmt":"2020-04-22T03:44:15","guid":{"rendered":"https:\/\/demo8.thuythu.com\/cuaadong-32\/?post_type=product&#038;p=353"},"modified":"2020-05-03T20:05:36","modified_gmt":"2020-05-03T13:05:36","slug":"cua-truot-nang","status":"publish","type":"product","link":"https:\/\/demo8.thuythu.com\/cuaadong-32\/phu-kien\/cua-truot-nang\/","title":{"rendered":"C\u1eeda tr\u01b0\u1ee3t n\u00e2ng"},"content":{"rendered":"","protected":false},"excerpt":{"rendered":"<p>THANH CHUY\u1ec2N \u0110\u1ed8NG V\u00c0 B\u00c1NH XE <br \/>\nPh\u1ee5 ki\u1ec7n \u0111\u01b0\u1ee3c thi\u1ebft k\u1ebf \u0111\u1ed9c \u0111\u00e1o c\u00f9ng c\u00e1c v\u1eadt li\u1ec7u si\u00eau b\u1ec1n gi\u00fap c\u1eeda \u0111\u00f3ng m\u1edf c\u1ef1c k\u00ec nh\u1eb9 nh\u00e0ng v\u00e0 \u1ed5n \u0111\u1ecbnh<br \/>\n<br \/>\nH\u1ec6 TH\u1ed0NG KH\u00d3A TR\u01af\u1ee2T N\u00c2NG<br \/>\n\u0110\u01b0\u1ee3c thi\u1ebft k\u1ebf \u0111\u1ed9c \u0111\u00e1o \u0111\u1ec3 d\u1ec5 d\u00e0ng n\u00e2ng nh\u1eefng c\u00e1nh c\u1eeda c\u00f3 tr\u1ecdng l\u01b0\u1ee3ng tr\u00ean 100kg<\/p>\n","protected":false},"featured_media":553,"template":"","meta":[],"_links":{"self":[{"href":"https:\/\/demo8.thuythu.com\/cuaadong-32\/wp-json\/wp\/v2\/product\/353"}],"collection":[{"href":"https:\/\/demo8.thuythu.com\/cuaadong-32\/wp-json\/wp\/v2\/product"}],"about":[{"href":"https:\/\/demo8.thuythu.com\/cuaadong-32\/wp-json\/wp\/v2\/types\/product"}],"wp:featuredmedia":[{"embeddable":true,"href":"https:\/\/demo8.thuythu.com\/cuaadong-32\/wp-json\/wp\/v2\/media\/553"}],"wp:attachment":[{"href":"https:\/\/demo8.thuythu.com\/cuaadong-32\/wp-json\/wp\/v2\/media?parent=353"}],"curies":[{"name":"wp","href":"https:\/\/api.w.org\/{rel}","templated":true}]}}