{"id":357,"date":"2020-04-22T10:45:34","date_gmt":"2020-04-22T03:45:34","guid":{"rendered":"https:\/\/demo8.thuythu.com\/cuaadong-32\/?post_type=product&#038;p=357"},"modified":"2020-05-03T20:06:44","modified_gmt":"2020-05-03T13:06:44","slug":"cua-di-mo-quay","status":"publish","type":"product","link":"https:\/\/demo8.thuythu.com\/cuaadong-32\/phu-kien\/cua-di-mo-quay\/","title":{"rendered":"C\u1eeda \u0111i m\u1edf quay"},"content":{"rendered":"","protected":false},"excerpt":{"rendered":"<p>&#8211; C\u1eeda \u0111i m\u1edf quay 1 c\u00e1nh Savio, c\u00f3 th\u1ec3 m\u1edf v\u00e0o trong ho\u1eb7c ra ngo\u00e0i, g\u00f3c quay 180 \u0111\u1ed9, n\u00ean kh\u00f4ng \u1ea3nh h\u01b0\u1edfng \u0111\u1ebfn kh\u00f4ng gian ph\u00f2ng khi \u0111\u00f3ng &#8211; m\u1edf. <br \/>\n&#8211; Khung nh\u00f4m d\u00e0y 2.0 mm, c\u00f3 ti\u1ebft di\u1ec7n ch\u1ecbu l\u1ef1c l\u1edbn, k\u1ebft c\u1ea5u v\u1eefng ch\u1eafc, \u0111\u1ed9 b\u1ec1n tr\u00ean 10 n\u0103m. G\u00f3c nh\u00f4m \u0111\u01b0\u1ee3c \u00e9p 45 \u0111\u1ed9 b\u1eb1ng m\u00e1y \u00e9p g\u00f3c 2 \u0111\u1ea7u, t\u1ea1o \u0111\u1ed9 k\u00edn kh\u00edt v\u00e0 th\u1ea9m m\u1ef9 cao.<br \/>\n&#8211; Tay m\u1edf c\u00f3 ch\u1ee9c n\u0103ng g\u1ea1t th\u00f4ng minh. C\u00e1nh ph\u1ee5 m\u1edf b\u1eb1ng m\u1ed9t thao t\u00e1c G\u1ea0T L\u00caN TR\u00caN, kh\u00f3a l\u1ea1i an to\u00e0n khi G\u1ea0T XU\u1ed0NG D\u01af\u1edaI.<br \/>\n&#8211; Ng\u01b0\u1eddi th\u1ea5p ho\u1eb7c tr\u1ebb em c\u00f3 th\u1ec3 m\u1edf c\u1eeda d\u1ec5 d\u00e0ng do kh\u00f4ng ph\u1ea3i g\u1ea1t ch\u1ed1t \u1edf ph\u00eda tr\u00ean nh\u01b0 c\u1eeda truy\u1ec1n th\u1ed1ng.<br \/>\n&#8211; 2 tay n\u1eafm 2 b\u00ean ch\u1eafc kh\u1ecfe, t\u0103ng \u0111\u1ed9 th\u1ea9m m\u1ef9 v\u00e0 c\u00e2n x\u1ee9ng.<br \/>\n&#8211; Gio\u0103ng cao su EPDM c\u00f3 ngu\u1ed3n g\u1ed1c thi\u00ean nhi\u00ean, b\u1ec1n v\u1edbi nhi\u1ec7t, tr\u00e1nh oxy h\u00f3a, c\u00f3 \u0111\u1ed9 m\u1ec1m d\u1ebbo, \u0111\u1ea3m b\u1ea3o \u0111\u1ed9 k\u00edn kh\u00edt, ch\u1ed1ng l\u00e3o h\u00f3a, \u0111\u1ee9t g\u00e3y, ch\u1ed1ng th\u1ea5m n\u01b0\u1edbc.<\/p>\n","protected":false},"featured_media":556,"template":"","meta":[],"_links":{"self":[{"href":"https:\/\/demo8.thuythu.com\/cuaadong-32\/wp-json\/wp\/v2\/product\/357"}],"collection":[{"href":"https:\/\/demo8.thuythu.com\/cuaadong-32\/wp-json\/wp\/v2\/product"}],"about":[{"href":"https:\/\/demo8.thuythu.com\/cuaadong-32\/wp-json\/wp\/v2\/types\/product"}],"wp:featuredmedia":[{"embeddable":true,"href":"https:\/\/demo8.thuythu.com\/cuaadong-32\/wp-json\/wp\/v2\/media\/556"}],"wp:attachment":[{"href":"https:\/\/demo8.thuythu.com\/cuaadong-32\/wp-json\/wp\/v2\/media?parent=357"}],"curies":[{"name":"wp","href":"https:\/\/api.w.org\/{rel}","templated":true}]}}