{"id":359,"date":"2020-04-22T10:46:04","date_gmt":"2020-04-22T03:46:04","guid":{"rendered":"https:\/\/demo8.thuythu.com\/cuaadong-32\/?post_type=product&#038;p=359"},"modified":"2020-05-04T17:05:18","modified_gmt":"2020-05-04T10:05:18","slug":"cua-di-lua","status":"publish","type":"product","link":"https:\/\/demo8.thuythu.com\/cuaadong-32\/phu-kien\/cua-di-lua\/","title":{"rendered":"C\u1eeda \u0111i l\u00f9a"},"content":{"rendered":"","protected":false},"excerpt":{"rendered":"<p>&#8211; C\u1eeda \u0111i l\u00f9a 2 ray 2 c\u00e1nh Savio, b\u1ea3n ray 93 v\u1eadn h\u00e0nh \u00eam nh\u1eb9, thi\u1ebft k\u1ebf tinh x\u1ea3o gi\u00fap c\u1eeda l\u00f9a tr\u1ecdn tr\u00ean \u0111\u01b0\u1eddng ray n\u00ean kh\u00f4ng \u1ea3nh h\u01b0\u1edfng \u0111\u1ebfn kh\u00f4ng gian ph\u00f2ng khi \u0111\u00f3ng &#8211; m\u1edf. <br \/>\n&#8211; Khung nh\u00f4m d\u00e0y 2.0mm, c\u00f3 ti\u1ebft di\u1ec7n ch\u1ecbu l\u1ef1c l\u1edbn, k\u1ebft c\u1ea5u v\u1eefng ch\u1eafc, \u0111\u1ed9 b\u1ec1n tr\u00ean 10 n\u0103m.<br \/>\n&#8211; \u0110\u1eb7c bi\u1ec7t, thanh \u0111\u1ee9ng c\u00f3 g\u00f9 bo tr\u00f2n, v\u1eeba t\u1ea1o s\u1ef1 m\u1ec1m m\u1ea1i, thanh tho\u00e1t, v\u1eeba d\u00f9ng \u0111\u1ec3 n\u1eafm tay, \u0111\u00f3ng m\u1edf c\u1eeda d\u1ec5 d\u00e0ng.<br \/>\n&#8211; H\u1ec7 ph\u1ee5 ki\u1ec7n \u0110\u1ed2NG B\u1ed8 ch\u00ednh h\u00e3ng 100%, gi\u00fap c\u1eeda \u0111\u00f3ng m\u1edf \u00eam nh\u1eb9, ch\u1ed1ng rung, b\u00e1nh xe tr\u01b0\u1ee3t c\u00f3 kh\u1ea3 n\u0103ng ch\u1ecbu l\u1ef1c l\u00ean \u0111\u1ebfn 120kg\/c\u00e1nh.<br \/>\n&#8211; C\u1eeda c\u00f3 th\u1ec3 s\u1eed d\u1ee5ng KH\u00d3A \u00c2M ho\u1eb7c KH\u00d3A CH\u00ccA.<br \/>\n&#8211; Gio\u0103ng cao su EPDM k\u00e9p c\u00f3 ngu\u1ed3n g\u1ed1c thi\u00ean nhi\u00ean, b\u1ec1n v\u1edbi nhi\u1ec7t, tr\u00e1nh oxy h\u00f3a, c\u00f3 \u0111\u1ed9 m\u1ec1m d\u1ebbo, \u0111\u1ea3m b\u1ea3o \u0111\u1ed9 k\u00edn kh\u00edt, ch\u1ed1ng l\u00e3o h\u00f3a, \u0111\u1ee9t g\u00e3y, ch\u1ed1ng th\u1ea5m n\u01b0\u1edbc, t\u0103ng kh\u1ea3 n\u0103ng c\u00e1ch \u00e2m, c\u00e1ch nhi\u1ec7t.<br \/>\n&#8211; \u0110\u1eb7c bi\u1ec7t, c\u00e1nh c\u1eeda l\u00f9a \u0111\u01b0\u1ee3c thi\u1ebft k\u1ebf v\u1edbi nh\u1eefng v\u00f2ng gio\u0103ng \u0111\u1eb7c bi\u1ec7t h\u1ea1n ch\u1ebf t\u1ed1i \u0111a s\u1ef1 th\u1ea5m n\u01b0\u1edbc t\u1eeb b\u00ean ngo\u00e0i gi\u00fap cho ng\u00f4i nh\u00e0 lu\u00f4n kh\u00f4 tho\u00e1ng c\u1ea3 khi c\u00f3 tr\u1eddi m\u01b0a.<\/p>\n","protected":false},"featured_media":557,"template":"","meta":[],"_links":{"self":[{"href":"https:\/\/demo8.thuythu.com\/cuaadong-32\/wp-json\/wp\/v2\/product\/359"}],"collection":[{"href":"https:\/\/demo8.thuythu.com\/cuaadong-32\/wp-json\/wp\/v2\/product"}],"about":[{"href":"https:\/\/demo8.thuythu.com\/cuaadong-32\/wp-json\/wp\/v2\/types\/product"}],"wp:featuredmedia":[{"embeddable":true,"href":"https:\/\/demo8.thuythu.com\/cuaadong-32\/wp-json\/wp\/v2\/media\/557"}],"wp:attachment":[{"href":"https:\/\/demo8.thuythu.com\/cuaadong-32\/wp-json\/wp\/v2\/media?parent=359"}],"curies":[{"name":"wp","href":"https:\/\/api.w.org\/{rel}","templated":true}]}}