{"id":568,"date":"2020-05-03T20:18:36","date_gmt":"2020-05-03T13:18:36","guid":{"rendered":"https:\/\/demo8.thuythu.com\/cuaadong-32\/?post_type=product&#038;p=568"},"modified":"2021-12-21T14:07:11","modified_gmt":"2021-12-21T07:07:11","slug":"cua-so-mo-hat","status":"publish","type":"product","link":"https:\/\/demo8.thuythu.com\/cuaadong-32\/phu-kien\/cua-so-mo-hat\/","title":{"rendered":"C\u1eeda s\u1ed5 m\u1edf h\u1ea5t"},"content":{"rendered":"","protected":false},"excerpt":{"rendered":"<p>+ C\u1eeda s\u1ed1 m\u1edf h\u1ea5t nh\u00f4m SAVIO c\u00f3 th\u1ec3 m\u1edf \u0111\u01b0\u1ee3c khe tho\u00e1ng v\u1edbi g\u00f3c t\u1ed1i \u0111a 45 \u0111\u1ed9. + C\u1eeda s\u1ed1 m\u1edf h\u1ea5t 1 c\u00e1nh c\u00f3 thanh \u0111\u1ecbnh v\u1ecb gi\u1eef v\u1ecb tr\u00ed g\u00f3c m\u1edf, thanh ch\u1ed1ng gi\u1eadt v\u00e0 b\u1ea3n l\u1ec1 ch\u1eef A n\u00ean tr\u00e1nh \u0111\u01b0\u1ee3c nguy c\u01a1 gi\u00f3 \u0111\u1eadp.<br \/>\n+ C\u00f3 t\u00e1c d\u1ee5ng l\u1ea5y tho\u00e1ng kh\u00f4ng kh\u00ed gi\u00f3 v\u00e0 kh\u00f4ng b\u1ecb h\u1eaft m\u01b0a n\u1eafng v\u00e0o b\u00ean trong nh\u00e0.<br \/>\n+ D\u1ec5 \u0111\u00e0ng thu\u1eadn ti\u1ec7n cho vi\u1ec7c lau ch\u1ee7i v\u1ec7 sinh v\u00e0 ti\u1ebft ki\u1ec7m ch\u1ec9 ph\u00ed b\u1ea3o d\u01b0\u1ee1ng c\u1eeda \u0111\u1ecbnh k\u1ef3.<br \/>\n+ B\u1ec1 m\u1eb7t nh\u00f4m \u0111\u01b0\u1ee3c s\u01a1n t\u0129nh \u0111i\u1ec7n cao c\u1ea5p nh\u1eb1m ch\u1ed1ng l\u1ea1i s\u1ef1 \u0103n m\u00f2n v\u00e0 phai m\u00e0u theo th\u1eddi gian.<br \/>\n+ C\u1eeda s\u1ed5 m\u1edf h\u1ea5t SAVIO c\u00f3 kh\u1ea3 n\u0103ng ch\u1ecbu l\u1ef1c v\u00e0 \u0111\u1ed9 an to\u00e0n cao. ch\u1ecbu n\u01b0\u1edbc tuy\u1ec7t \u0111\u1ed1i.<br \/>\n+ C\u1eeda s\u1ed5 m\u1edf h\u1ea5t \u0111\u1ed3ng b\u1ed9 v\u1edbi nh\u1eefng ph\u1ee5 ki\u1ec7n ch\u00ednh h\u00e3ng CMECH, RUNAS,\u2026, gi\u00fap thao t\u00e1c nh\u1eb9 nh\u00e0ng v\u00e0 d\u1ec5 s\u1eed d\u1ee5ng, k\u00e8m theo \u0111\u00f3 l\u00e0 \u0111\u1ed9 b\u1ec1n b\u1ec9 tuy\u1ec7t \u0111\u1ed1i v\u1edbi th\u1eddi gian.<br \/>\n+ Gio\u0103ng cao su EPDM c\u00f3 ngu\u1ed3n g\u1ed1c thi\u00ean nhi\u00ean, b\u1ec1n v\u1edbi nhi\u1ec7t, tr\u00e1nh oxy h\u00f3a, c\u00f3 \u0111\u1ed9 m\u1ec1m d\u1ebbo, \u0111\u1ea3m b\u1ea3o \u0111\u1ed9 k\u00edn kh\u00edt, ch\u1ed1ng l\u00e3o h\u00f3a, \u0111\u1ee9t g\u00e3y, ch\u1ed1ng th\u1ea5m n\u01b0\u1edbc, t\u0103ng kh\u1ea3 n\u0103ng c\u00e1ch \u00e2m, c\u00e1ch nhi\u1ec7t cho c\u1eeda. Tu\u1ed5i th\u1ecd c\u1ee7a gio\u0103ng EPDM l\u00ean \u0111\u1ebfn 15 n\u0103m.<\/p>\n","protected":false},"featured_media":722,"template":"","meta":[],"_links":{"self":[{"href":"https:\/\/demo8.thuythu.com\/cuaadong-32\/wp-json\/wp\/v2\/product\/568"}],"collection":[{"href":"https:\/\/demo8.thuythu.com\/cuaadong-32\/wp-json\/wp\/v2\/product"}],"about":[{"href":"https:\/\/demo8.thuythu.com\/cuaadong-32\/wp-json\/wp\/v2\/types\/product"}],"wp:featuredmedia":[{"embeddable":true,"href":"https:\/\/demo8.thuythu.com\/cuaadong-32\/wp-json\/wp\/v2\/media\/722"}],"wp:attachment":[{"href":"https:\/\/demo8.thuythu.com\/cuaadong-32\/wp-json\/wp\/v2\/media?parent=568"}],"curies":[{"name":"wp","href":"https:\/\/api.w.org\/{rel}","templated":true}]}}