{"id":12254,"date":"2018-09-11T10:40:39","date_gmt":"2018-09-11T10:40:39","guid":{"rendered":"https:\/\/webthuythu.com\/mrtheanh\/?page_id=12254"},"modified":"2020-09-14T14:57:05","modified_gmt":"2020-09-14T14:57:05","slug":"xe-tai-tra-gop","status":"publish","type":"page","link":"https:\/\/demo8.thuythu.com\/dailyxetai\/xe-tai-tra-gop\/","title":{"rendered":"Xe T\u1ea3i Tr\u1ea3 G\u00f3p"},"content":{"rendered":"<p>[vc_row css=&#8221;.vc_custom_1536657418884{margin-top: 50px !important;margin-bottom: 50px !important;}&#8221;][vc_column width=&#8221;7\/12&#8243;][vc_column_text]<\/p>\n<p style=\"text-align: justify; font-size: 120%; line-height: 1.8em;\"><strong><span style=\"color: #ff0000;\"><a style=\"color: #ff0000;\" href=\"https:\/\/demo8.thuythu.com\/dailyxetai\/\">\u0110\u1ea1i L\u00fd Xe T\u1ea3i Nh\u1eadt T\u00edn<\/a><\/span> <\/strong>lu\u00f4n l\u00e0 nh\u00e0 ph\u00e2n ph\u1ed1i ch\u00ednh h\u00e3ng c\u1ee7a c\u00e1c th\u01b0\u01a1ng hi\u1ec7u xe t\u1ea3i h\u00e0ng \u0111\u1ea7u t\u1ea1i th\u1ecb tr\u01b0\u1eddng Vi\u1ec7t Nam, ch\u00fang t\u00f4i c\u00f3 \u0111\u1ed9i ng\u0169 nh\u00e2n vi\u00ean t\u01b0 v\u1ea5n v\u00e0 ch\u0103m s\u00f3c Kh\u00e1ch H\u00e0ng r\u1ea5t chuy\u00ean nghi\u1ec7p, Qu\u00fd Kh\u00e1ch H\u00e0ng s\u1ebd th\u1eadt s\u1ef1 h\u00e0i l\u00f2ng khi \u0111\u1ebfn v\u00e0 tr\u1ea3i nghi\u1ec7m d\u1ecbch v\u1ee5 c\u1ee7a \u0111\u1ea1i l\u00fd xe t\u1ea3i Nh\u1eadt T\u00edn c\u1ee7a ch\u00fang t\u00f4i. \u0110\u1ea1i l\u00fd xe t\u1ea3i Nh\u1eadt T\u00edn V\u1edbi mong mu\u1ed1n mang c\u00e1c d\u00f2ng xe t\u1ea3i, xe \u0111\u1ea7u k\u00e9o, xe chuy\u00ean d\u1ee5ng \u0111\u1ebfn v\u1edbi t\u1ea5t c\u1ea3 Qu\u00fd Kh\u00e1ch H\u00e0ng, \u0111\u1ea1i l\u00fd xe t\u1ea3i Nh\u1eadt T\u00edn ch\u00fang t\u00f4i v\u1edbi ch\u01b0\u01a1ng tr\u00ecnh b\u00e1n xe t\u1ea3i tr\u1ea3 g\u00f3p v\u1edbi t\u1ef7 l\u1ec7 vay v\u1ed1n l\u00ean \u0111\u1ebfn 80-90% gi\u00e1 tr\u1ecb xe.<\/p>\n<h2>\u01afu \u0111i\u1ec3m khi mua xe tr\u1ea3 g\u00f3p t\u1ea1i \u0111\u1ea1i l\u00fd xe t\u1ea3i Nh\u1eadt T\u00edn:<\/h2>\n<ul>\n<li>T\u1ef7 l\u1ec7 vay v\u1ed1n l\u00ean \u0111\u1ebfn 80-90% gi\u00e1 tr\u1ecb xe.<\/li>\n<li>L\u00e3i su\u1ea5t c\u1ef1c k\u1ef3 \u01b0u \u0111\u00e3i d\u00e0nh ri\u00eang cho \u0111\u1ea1i l\u00fd \u0111\u1ed1i t\u00e1c ch\u00ednh th\u1ee9c c\u1ee7a Ng\u00e2n H\u00e0ng.<\/li>\n<li>Th\u1ee7 t\u1ee5c, h\u1ed3 s\u01a1 vay v\u1ed1n c\u1ef1c k\u1ef3 \u0111\u01a1n gi\u1ea3n, kh\u00f4ng m\u1ea5t nhi\u1ec1u th\u1eddi gian c\u1ee7a Qu\u00fd Kh\u00e1ch H\u00e0ng.<\/li>\n<li>Th\u1eddi gian tr\u1ea3 g\u00f3p linh \u0111\u1ed9ng, dao \u0111\u1ed9ng t\u1eeb 24 th\u00e1ng \u0111\u1ebfn 84 th\u00e1ng.<\/li>\n<li>Xe c\u00f3 s\u1eb5, Qu\u00fd Kh\u00e1ch\u00a0 H\u00e0ng kh\u00f4ng c\u1ea7n ph\u1ea3i \u0111\u1ee3i ch\u1edd th\u1eddi gian l\u00e2u \u0111\u1ec3 s\u1edf h\u1eefu \u0111\u01b0\u1ee3c chi\u1ebfc xe.<\/li>\n<li>C\u00e1c ph\u01b0\u01a1ng \u00e1n tr\u1ea3 g\u00f3p \u0111\u01b0\u1ee3c \u0111\u1ed9i ng\u0169 t\u01b0 v\u1ea5n c\u1ee7a ch\u00fang t\u00f4i l\u00ean k\u1ebf ho\u1ea1ch t\u1ec9 m\u1ec9 cho t\u1eebng Kh\u00e1ch H\u00e0ng.<\/li>\n<\/ul>\n<p>[\/vc_column_text][\/vc_column][vc_column width=&#8221;5\/12&#8243;][vc_single_image image=&#8221;12859&#8243; img_size=&#8221;full&#8221; onclick=&#8221;link_image&#8221; title=&#8221;C\u00e1c Ng\u00e2n H\u00e0ng \u0110\u1ed1i T\u00e1c Cho Ph\u00e9p Kh\u00e1ch H\u00e0ng Mua Xe T\u1ea3i Tr\u1ea3 G\u00f3p&#8221;][\/vc_column][\/vc_row][vc_row css=&#8221;.vc_custom_1478491770222{margin-bottom: 50px !important;border-top-width: 1px !important;border-bottom-width: 1px !important;padding-top: 50px !important;padding-bottom: 50px !important;background-color: #fafafa !important;border-top-color: #ebebeb !important;border-top-style: solid !important;border-bottom-color: #ebebeb !important;border-bottom-style: solid !important;}&#8221;][vc_column]<h5 class=\"lt-title clearfix title-style-2 \"><span>QUY TR\u00ccNH MUA XE T\u1ea2I TR\u1ea2 G\u00d3P T\u1ea0I \u0110\u1ea0I L\u00dd XE T\u1ea2I NH\u1eacT T\u00cdN<\/span><\/h5>[vc_row_inner][vc_column_inner width=&#8221;1\/6&#8243;][vc_empty_space][\/vc_column_inner][vc_column_inner width=&#8221;2\/3&#8243;][vc_single_image image=&#8221;12865&#8243; img_size=&#8221;full&#8221;][\/vc_column_inner][vc_column_inner width=&#8221;1\/6&#8243;][\/vc_column_inner][\/vc_row_inner][\/vc_column][\/vc_row][vc_row css=&#8221;.vc_custom_1536726168392{padding-bottom: 50px !important;}&#8221;][vc_column]<h5 class=\"lt-title clearfix title-style-2 \"><span>H\u1ed2 S\u01a0 Y\u00caU C\u1ea6U KHI MUA XE T\u1ea2I TR\u1ea2 G\u00d3P<\/span><\/h5>[vc_tta_tabs][vc_tta_section title=&#8221;\u0110\u1ed1i v\u1edbi Kh\u00e1ch h\u00e0ng l\u00e0 C\u00e1 nh\u00e2n&#8221; tab_id=&#8221;1536718817237-d70361d8-c9fc&#8221;][vc_row_inner][vc_column_inner width=&#8221;1\/2&#8243;][vc_column_text el_class=&#8221;ta-tragop-hoso&#8221;]<\/p>\n<ol>\n<li>Sao y h\u1ed9 kh\u1ea9u.<\/li>\n<li>Sao y CMND (C\u1ea3 hai v\u1ee3 ch\u1ed3ng n\u1ebfu \u0111\u00e3 k\u1ebft h\u00f4n).<\/li>\n<li>Gi\u1ea5y x\u00e1c nh\u1eadn t\u00ecnh tr\u1ea1ng h\u00f4n nh\u00e2n (gi\u1ea5y \u0111\u0103ng k\u00fd k\u1ebft h\u00f4n n\u1ebfu \u0111\u00e3 c\u00f3 gia \u0111\u00ecnh).<\/li>\n<li>H\u1ee3p \u0111\u1ed3ng mua b\u00e1n xe<\/li>\n<li>Ch\u1ee9ng minh ngu\u1ed3n thu nh\u1eadp( <strong>kh\u00f4ng b\u1eaft bu\u1ed9c<\/strong>):<\/li>\n<\/ol>\n<ul>\n<li>L\u01b0\u01a1ng tr\u1ea3 qua t\u00e0i kho\u1ea3n Ng\u00e2n h\u00e0ng<\/li>\n<li>L\u01b0\u01a1ng ti\u1ec1n m\u1eb7t c\u00f3 BHXH ho\u1eb7c c\u00f3 tr\u00edch n\u1ed9p TNCN<\/li>\n<li>\u0110\u00edch danh g\u00f3p v\u1ed1n v\u00e0o C\u00f4ng ty (C\u00f3 t\u00ean tr\u00ean \u0110KKD)<\/li>\n<li>H\u1ed9 kinh doanh c\u00e1 th\u1ec3 (C\u00f3 \u0111\u00f3ng thu\u1ebf m\u00f4n b\u00e0i, thu\u1ebf kho\u00e1n)<\/li>\n<li>Ngu\u1ed3n thu kh\u00e1c nh\u01b0: C\u00f3 nh\u00e0 cho thu\u00ea, c\u00f3 m\u00e1y m\u00f3c cho thu\u00ea&#8230;<\/li>\n<\/ul>\n<p>[\/vc_column_text][\/vc_column_inner][vc_column_inner width=&#8221;1\/2&#8243;][vc_single_image image=&#8221;12847&#8243; img_size=&#8221;full&#8221;][\/vc_column_inner][\/vc_row_inner][\/vc_tta_section][vc_tta_section title=&#8221;\u0110\u1ed1i v\u1edbi Kh\u00e1ch h\u00e0ng l\u00e0 C\u00f4ng ty&#8221; tab_id=&#8221;1536718817278-0b2fd191-1d8b&#8221;][vc_row_inner][vc_column_inner width=&#8221;1\/2&#8243;][vc_column_text el_class=&#8221;ta-tragop-hoso&#8221;]<\/p>\n<ol>\n<li>Gi\u1ea5y ph\u00e9p \u0110\u0103ng k\u00fd kinh doanh, m\u1eabu d\u1ea5u, \u00a0m\u00e3 s\u1ed1 thu\u1ebf(b\u1ea3n sao).<\/li>\n<li>H\u1ee3p \u0111\u1ed3ng mua b\u00e1n xe.<\/li>\n<li>B\u00e1o c\u00e1o t\u00e0i ch\u00ednh n\u1ed9p thu\u1ebf n\u0103m g\u1ea7n \u00a0nh\u1ea5t c\u00f3 l\u00e3i (c\u00f3 d\u1ea5u c\u1ee7a thu\u1ebf)<\/li>\n<li>T\u1edd khai quy\u1ebft to\u00e1n thu\u1ebf thu nh\u1eadp doanh nghi\u1ec7p n\u0103m g\u1ea7n nh\u1ea5t (c\u00f3 d\u1ea5u c\u1ee7a Thu\u1ebf).<\/li>\n<li>B\u1ed9 t\u1edd khai VAT 12 th\u00e1ng g\u1ea7n \u0111\u00e2y nh\u1ea5t bao g\u1ed3m c\u1ea3 \u0111\u1ea7u \u00a0ra v\u00e0 \u0111\u1ea7u v\u00e0o (c\u00f3 d\u1ea5u c\u1ee7a Thu\u1ebf).<\/li>\n<\/ol>\n<p>[\/vc_column_text][\/vc_column_inner][vc_column_inner width=&#8221;1\/2&#8243;][vc_single_image image=&#8221;12849&#8243; img_size=&#8221;full&#8221;][\/vc_column_inner][\/vc_row_inner][\/vc_tta_section][vc_tta_section title=&#8221;\u0110\u1ed1i v\u1edbi C\u00f4ng ty cho thu\u00ea t\u00e0i ch\u00ednh&#8221; tab_id=&#8221;1536718854577-36bc6c7a-b13c&#8221;][vc_row_inner][vc_column_inner width=&#8221;1\/2&#8243;][vc_column_text el_class=&#8221;ta-tragop-hoso&#8221;]<\/p>\n<ol>\n<li>Gi\u1ea5y ph\u00e9p \u0110\u0103ng k\u00fd kinh doanh,M\u1eabu d\u1ea5u, M\u00e3 s\u1ed1 thu\u1ebf(b\u1ea3n sao).<\/li>\n<li>H\u1ee3p \u0111\u1ed3ng mua b\u00e1n xe<\/li>\n<li>B\u00e1o c\u00e1o t\u00e0i ch\u00ednh trong 03 n\u0103m g\u1ea7n nh\u1ea5t (b\u1ea3ng c\u00e2n \u0111\u1ed1i k\u1ebf to\u00e1n, b\u00e1o c\u00e1o k\u1ebft qu\u1ea3 ho\u1ea1t \u0111\u1ed9ng s\u1ea3n xu\u1ea5t kinh doanh, thuy\u1ebft minh b\u00e1o c\u00e1o t\u00e0i ch\u00ednh, b\u00e1o c\u00e1o l\u01b0u chuy\u1ec3n ti\u1ec1n t\u1ec7,\u2026) (B\u1ea3n ch\u00ednh ho\u1eb7c sao y)<\/li>\n<li>Danh m\u1ee5c t\u00e0i s\u1ea3n c\u1ed1 \u0111\u1ecbnh (nguy\u00ean gi\u00e1, gi\u00e1 tr\u1ecb c\u00f2n l\u1ea1i) (B\u1ea3n ch\u00ednh ho\u1eb7c Sao y).<\/li>\n<li>Chi ti\u1ebft c\u00e1c kho\u1ea3n ph\u1ea3i thu, ph\u1ea3i tr\u1ea3, h\u00e0ng t\u1ed3n kho (B\u1ea3n ch\u00ednh ho\u1eb7c sao y).<\/li>\n<li>M\u1ed9t s\u1ed1 h\u1ee3p \u0111\u1ed3ng kinh t\u1ebf li\u00ean quan \u0111\u1ebfn \u0111\u1ea7u v\u00e0o-\u0111\u1ea7u \u00a0ra c\u1ee7a doanh \u00a0nghi\u1ec7p (B\u1ea3n ch\u00ednh ho\u1eb7c Sao y).<\/li>\n<\/ol>\n<p>[\/vc_column_text][\/vc_column_inner][vc_column_inner width=&#8221;1\/2&#8243;][vc_single_image image=&#8221;12851&#8243; img_size=&#8221;full&#8221;][\/vc_column_inner][\/vc_row_inner][\/vc_tta_section][\/vc_tta_tabs][\/vc_column][\/vc_row][vc_row css=&#8221;.vc_custom_1536721452463{margin-bottom: 50px !important;border-top-width: 1px !important;border-bottom-width: 1px !important;padding-top: 50px !important;background-color: #fafafa !important;border-top-color: #ebebeb !important;border-top-style: solid !important;border-bottom-color: #ebebeb !important;border-bottom-style: solid !important;}&#8221;][vc_column]<h5 class=\"lt-title clearfix title-style-2 \"><span>B\u1ea2NG K\u00ca C\u00c1C CH\u00cd PH\u00cd \u0110\u0102NG K\u00dd XE<\/span><\/h5>[vc_column_text]<\/p>\n<ol>\n<li>Ph\u00ed Tr\u01b0\u1edbc b\u1ea1: \u0110\u01b0\u1ee3c t\u00ednh b\u1eb1ng t\u1ef7 l\u1ec7 2% gi\u00e1 tr\u1ecb xe v\u00e0 th\u00f9ng.<\/li>\n<\/ol>\n<ul>\n<li>\u00a0V\u00ed d\u1ee5: Xe xu\u1ea5t h\u00f3a \u0111\u01a1n 200.000.000 \u0110 th\u00ec tr\u01b0\u1edbc b\u1ea1 s\u1ebd ph\u1ea3i \u0111\u00f3ng l\u00e0: 200.000.000 x 2% = 4.000.000 \u0110<\/li>\n<\/ul>\n<ol start=\"2\">\n<li>Ph\u00ed s\u1eed d\u1ee5ng \u0111\u01b0\u1eddng b\u1ed9: \u0110\u01b0\u1ee3c t\u00ednh theo t\u1ed5ng tr\u1ecdng t\u1ea3i c\u1ee7a xe.<\/li>\n<\/ol>\n<ul>\n<li>V\u00ed d\u1ee5: T\u1ed5ng tr\u1ecdng t\u1ea3i c\u1ee7a xe c\u00f3 t\u1ed5ng tr\u1ecdng t\u1ea3i d\u01b0\u1edbi 4.000 Kg th\u00ec ph\u00ed \u0111\u01b0\u1eddng b\u1ed9 1 n\u0103m s\u1ebd l\u00e0 2.160.000 VN\u0110<\/li>\n<\/ul>\n<ol start=\"3\">\n<li>B\u1ea3o hi\u1ec3m d\u00e2n s\u1ef1 (b\u1ea3o hi\u1ec3m b\u1eaft bu\u1ed9c): \u0110\u01b0\u1ee3c t\u00ednh theo tr\u1ecdng t\u1ea3i c\u1ee7a xe.<\/li>\n<\/ol>\n<ul>\n<li>V\u00ed d\u1ee5: Tr\u1ecdng t\u1ea3i c\u1ee7a xe d\u01b0\u1edbi 3 T\u1ea5n l\u00e0 938.000 VN\u0110, T\u1eeb 3 &#8211; 8 T\u1ea5n l\u00e0 1.826.000 VND\u0110, T\u1eeb 8 &#8211; 15 T\u1ea5n l\u00e0 3.020.000 VN\u0110, Tr\u00ean 15 T\u1ea5n l\u00e0 3.520.000 VN\u0110 v\u00e0 \u0111\u1ed1i v\u1edbi xe \u0111\u1ea7u k\u00e9o l\u00e0 5.280.000 VN\u0110<\/li>\n<\/ul>\n<ol start=\"4\">\n<li>Bi\u1ec3u ph\u00ed \u0111\u0103ng k\u00fd, \u0111\u0103ng ki\u1ec3m: T\u00f9y thu\u1ed9c v\u00e0o t\u1eebng t\u1ec9nh s\u1ebd c\u00f3 m\u1ee9c gi\u00e1 kh\u00e1c nhau, dao \u0111\u1ed9ng t\u1eeb 3.500.000 VN\u0110 \u0111\u1ebfn 10.000.000 VN\u0110<\/li>\n<li>Thi\u1ebft b\u1ecb gi\u00e1m s\u00e1t h\u00e0nh tr\u00ecnh, \u0111\u1ecbnh v\u1ecb GPS: <span style=\"color: #ff0000;\"><a style=\"color: #ff0000;\" href=\"https:\/\/demo8.thuythu.com\/dailyxetai\/dich-vu\/thiet-bi-giam-sat-hanh-trinh-dinh-vi-gps\/\">T\u1eb7ng theo xe n\u1ebfu kh\u00e1ch H\u00e0ng ma xe t\u1ea1i \u0110\u1ea1i L\u00fd Xe T\u1ea3i Nh\u1eadt T\u00edn.<\/a><\/span> B\u1eaft bu\u1ed9c ph\u1ea3i c\u00f3 v\u1edbi nh\u1eefng xe c\u00f3 t\u1ea3i tr\u1ecdng tr\u00ean 3,5 T\u1ea5n v\u00e0 xe \u0111\u0103ng k\u00fd kinh doanh.<\/li>\n<\/ol>\n<h2>T\u1ed5ng chi ph\u00ed \u0111\u1ec3 ho\u00e0n thi\u1ec7n m\u1ed9t chi\u1ebfc xe ho\u00e0n ch\u1ec9nh s\u1ebd \u0111\u01b0\u1ee3c t\u00ednh b\u1eb1ng c\u00e1ch:\u00a0Gi\u00e1 tr\u1ecb xe th\u00f9ng + (1) + (2) + (3) + (4) + (5).<\/h2>\n<p>[\/vc_column_text][vc_single_image image=&#8221;12853&#8243; img_size=&#8221;full&#8221; alignment=&#8221;center&#8221; title=&#8221;mua xe t\u1ea3i tr\u1ea3 g\u00f3p&#8221;][\/vc_column][\/vc_row][vc_row][vc_column]<h5 class=\"lt-title clearfix title-style-2 \"><span>C\u00c1CH T\u00cdNH TI\u1ec0N KHI MUA XE TR\u1ea2 G\u00d3P<\/span><\/h5>[vc_column_text el_class=&#8221;ta-tragop-cachtinh&#8221;]\u0110\u1ed1i v\u1edbi kh\u00e1ch h\u00e0ng khi mua xe tr\u1ea3 g\u00f3p th\u00ec ch\u00fang ta ho\u00e0n to\u00e0n c\u00f3 th\u1ec3 t\u1ef1 ch\u1ee7 \u0111\u1ed9ng bi\u1ebft \u0111\u01b0\u1ee3c s\u1ed1 ti\u1ec1n ph\u1ea3i tr\u1ea3 h\u00e0ng th\u00e1ng b\u1eb1ng c\u00f4ng th\u1ee9c t\u00ednh s\u1ed1 ti\u1ec1n h\u00e0ng th\u00e1ng m\u00e0 kh\u00e1ch h\u00e0ng ph\u1ea3i tr\u1ea3 v\u00f4 c\u00f9ng \u0111\u01a1n gi\u1ea3n v\u1edbi c\u00f4ng th\u1ee9c t\u00ednh nh\u01b0\u00a0 sau:<\/p>\n<ul>\n<li>S\u1ed1 ti\u1ec1n kh\u00e1ch h\u00e0ng ph\u1ea3i tr\u1ea3 \u1edf th\u00e1ng th\u1ee9 nh\u1ea5t = (S\u1ed1 ti\u1ec1n m\u00e0 kh\u00e1ch h\u00e0ng c\u1ea7n vay <strong>:<\/strong> S\u1ed1 th\u00e1ng vay) <strong>+<\/strong> (S\u1ed1 ti\u1ec1n m\u00e0 kh\u00e1ch h\u00e0ng c\u1ea7n vay <strong>x<\/strong> L\u00e3i xu\u1ea5t ng\u00e2n h\u00e0ng \u0111ang \u00e1p d\u1ee5ng t\u1ea1i th\u1eddi \u0111i\u1ec3m vay).<\/li>\n<li>S\u1ed1 ti\u1ec1n kh\u00e1ch h\u00e0ng ph\u1ea3i tr\u1ea3 \u1edf th\u00e1ng th\u1ee9 2 =(S\u1ed1 ti\u1ec1n m\u00e0 kh\u00e1ch h\u00e0ng c\u1ea7n vay <strong>:<\/strong> S\u1ed1 th\u00e1ng vay) <strong>+<\/strong>{ (S\u1ed1 ti\u1ec1n m\u00e0 kh\u00e1ch h\u00e0ng c\u1ea7n vay &#8211; s\u1ed1 ti\u1ec1n g\u1ed1c ph\u1ea3i tr\u1ea3 h\u00e0ng th\u00e1ng) <strong>x<\/strong> (L\u00e3i xu\u1ea5t ng\u00e2n h\u00e0ng \u0111ang \u00e1p d\u1ee5ng t\u1ea1i th\u1eddi \u0111i\u1ec3m vay)}.<\/li>\n<\/ul>\n<p style=\"padding-left: 30px;\"><strong>V\u00ed d\u1ee5<\/strong> Kh\u00e1ch h\u00e0ng vay mua xe t\u1ea3i Hino gi\u00e1 tr\u1ecb 600.000.000 VN\u0110. Qu\u00fd kh\u00e1ch h\u00e0ng c\u1ea7n vay s\u1ed1 v\u1ed1n l\u00e0 400.000.000 VN\u0110 trong th\u1eddi h\u1ea1n 6 n\u0103m t\u01b0\u01a1ng \u0111\u01b0\u01a1ng v\u1edbi 72 th\u00e1ng v\u00e0 h\u01b0\u1edfng m\u1ee9c l\u00e3i xu\u1ea5t t\u1eeb ph\u00eda ng\u00e2n h\u00e0ng quy \u0111\u1ecbnh l\u00e0 0,8%\/1 th\u00e1ng th\u00ec s\u1ed1 ti\u1ec1n ph\u1ea3i tr\u1ea3 s\u1ebd \u0111\u01b0\u1ee3c t\u00ednh nh\u01b0 sau:<\/p>\n<ul>\n<li><span style=\"color: #993300;\">S\u1ed1 ti\u1ec1n g\u1ed1c h\u00e0ng th\u00e1ng ph\u1ea3i tr\u1ea3: (600.000.000:72) = 8.333.333 VN\u0110.<\/span><\/li>\n<li><span style=\"color: #800000;\">S\u1ed1 ti\u1ec1n kh\u00e1ch h\u00e0ng ph\u1ea3i tr\u1ea3 th\u00e1ng \u0111\u1ea7u ti\u00ean = ( 600.000.000 : 72 ) + ( 600.000.000 x 0,8 ) = 13.133.333 VN\u0110<\/span><\/li>\n<li><span style=\"color: #800000;\">S\u1ed1 ti\u1ec1n kh\u00e1ch h\u00e0ng ph\u1ea3i tr\u1ea3 th\u00e1ng th\u1ee9 2 =( 600.000.000 : 72 ) + ((600.000.000-8.333.333) x 0,8 ) = 13.067.067 VN\u0110.<\/span><\/li>\n<\/ul>\n<p style=\"padding-left: 30px;\"><span style=\"color: #000000;\">T\u01b0\u01a1ng t\u1ef1 nh\u1eefng th\u00e1ng ti\u1ebfp theo c\u0169ng nh\u01b0 v\u1eady. S\u1ed1 ti\u1ec1n tr\u1ea3 h\u00e0ng th\u00e1ng s\u1ebd \u0111\u01b0\u1ee3c gi\u1ea3m d\u1ea7n d\u1ef1a tr\u00ean t\u1ed5ng s\u1ed1 d\u01b0 n\u1ee3 \u1edf k\u1ef3 h\u1ea1n tr\u01b0\u1edbc \u0111\u00f3.<\/span><\/p>\n<p>[\/vc_column_text][\/vc_column][\/vc_row]<\/p>\n","protected":false},"excerpt":{"rendered":"<p>[vc_row css=&#8221;.vc_custom_1536657418884{margin-top: 50px !important;margin-bottom: 50px !important;}&#8221;][vc_column width=&#8221;7\/12&#8243;][vc_column_text] \u0110\u1ea1i L\u00fd Xe T\u1ea3i Nh\u1eadt T\u00edn lu\u00f4n l\u00e0 nh\u00e0 ph\u00e2n ph\u1ed1i ch\u00ednh h\u00e3ng c\u1ee7a c\u00e1c th\u01b0\u01a1ng hi\u1ec7u xe t\u1ea3i h\u00e0ng \u0111\u1ea7u t\u1ea1i th\u1ecb tr\u01b0\u1eddng Vi\u1ec7t Nam, ch\u00fang t\u00f4i c\u00f3 \u0111\u1ed9i ng\u0169 nh\u00e2n vi\u00ean t\u01b0 v\u1ea5n v\u00e0 ch\u0103m s\u00f3c Kh\u00e1ch H\u00e0ng r\u1ea5t chuy\u00ean nghi\u1ec7p, Qu\u00fd Kh\u00e1ch H\u00e0ng s\u1ebd th\u1eadt [&hellip;]<\/p>\n","protected":false},"author":3,"featured_media":0,"parent":0,"menu_order":0,"comment_status":"open","ping_status":"open","template":"page-visual-composer.php","meta":[],"yoast_head":"<!-- This site is optimized with the Yoast SEO plugin v14.8 - https:\/\/yoast.com\/wordpress\/plugins\/seo\/ -->\n<title>Xe T\u1ea3i Tr\u1ea3 G\u00f3p - Dailyxetai.com.vn<\/title>\n<meta name=\"robots\" content=\"noindex, follow\" \/>\n<meta property=\"og:locale\" content=\"vi_VN\" \/>\n<meta property=\"og:type\" content=\"article\" \/>\n<meta property=\"og:title\" content=\"Xe T\u1ea3i Tr\u1ea3 G\u00f3p - Dailyxetai.com.vn\" \/>\n<meta property=\"og:description\" content=\"[vc_row css=&#8221;.vc_custom_1536657418884{margin-top: 50px !important;margin-bottom: 50px !important;}&#8221;][vc_column width=&#8221;7\/12&#8243;][vc_column_text] \u0110\u1ea1i L\u00fd Xe T\u1ea3i Nh\u1eadt T\u00edn lu\u00f4n l\u00e0 nh\u00e0 ph\u00e2n ph\u1ed1i ch\u00ednh h\u00e3ng c\u1ee7a c\u00e1c th\u01b0\u01a1ng hi\u1ec7u xe t\u1ea3i h\u00e0ng \u0111\u1ea7u t\u1ea1i th\u1ecb tr\u01b0\u1eddng Vi\u1ec7t Nam, ch\u00fang t\u00f4i c\u00f3 \u0111\u1ed9i ng\u0169 nh\u00e2n vi\u00ean t\u01b0 v\u1ea5n v\u00e0 ch\u0103m s\u00f3c Kh\u00e1ch H\u00e0ng r\u1ea5t chuy\u00ean nghi\u1ec7p, Qu\u00fd Kh\u00e1ch H\u00e0ng s\u1ebd th\u1eadt [&hellip;]\" \/>\n<meta property=\"og:url\" content=\"https:\/\/demo8.thuythu.com\/dailyxetai\/xe-tai-tra-gop\/\" \/>\n<meta property=\"og:site_name\" content=\"Dailyxetai.com.vn\" \/>\n<meta property=\"article:modified_time\" content=\"2020-09-14T14:57:05+00:00\" \/>\n<meta name=\"twitter:card\" content=\"summary_large_image\" \/>\n<script type=\"application\/ld+json\" class=\"yoast-schema-graph\">{\"@context\":\"https:\/\/schema.org\",\"@graph\":[{\"@type\":\"WebSite\",\"@id\":\"https:\/\/demo8.thuythu.com\/dailyxetai\/#website\",\"url\":\"https:\/\/demo8.thuythu.com\/dailyxetai\/\",\"name\":\"Dailyxetai.com.vn\",\"description\":\"\",\"potentialAction\":[{\"@type\":\"SearchAction\",\"target\":\"https:\/\/demo8.thuythu.com\/dailyxetai\/?s={search_term_string}\",\"query-input\":\"required name=search_term_string\"}],\"inLanguage\":\"vi\"},{\"@type\":\"WebPage\",\"@id\":\"https:\/\/demo8.thuythu.com\/dailyxetai\/xe-tai-tra-gop\/#webpage\",\"url\":\"https:\/\/demo8.thuythu.com\/dailyxetai\/xe-tai-tra-gop\/\",\"name\":\"Xe T\\u1ea3i Tr\\u1ea3 G\\u00f3p - Dailyxetai.com.vn\",\"isPartOf\":{\"@id\":\"https:\/\/demo8.thuythu.com\/dailyxetai\/#website\"},\"datePublished\":\"2018-09-11T10:40:39+00:00\",\"dateModified\":\"2020-09-14T14:57:05+00:00\",\"inLanguage\":\"vi\",\"potentialAction\":[{\"@type\":\"ReadAction\",\"target\":[\"https:\/\/demo8.thuythu.com\/dailyxetai\/xe-tai-tra-gop\/\"]}]}]}<\/script>\n<!-- \/ Yoast SEO plugin. -->","_links":{"self":[{"href":"https:\/\/demo8.thuythu.com\/dailyxetai\/wp-json\/wp\/v2\/pages\/12254"}],"collection":[{"href":"https:\/\/demo8.thuythu.com\/dailyxetai\/wp-json\/wp\/v2\/pages"}],"about":[{"href":"https:\/\/demo8.thuythu.com\/dailyxetai\/wp-json\/wp\/v2\/types\/page"}],"author":[{"embeddable":true,"href":"https:\/\/demo8.thuythu.com\/dailyxetai\/wp-json\/wp\/v2\/users\/3"}],"replies":[{"embeddable":true,"href":"https:\/\/demo8.thuythu.com\/dailyxetai\/wp-json\/wp\/v2\/comments?post=12254"}],"version-history":[{"count":34,"href":"https:\/\/demo8.thuythu.com\/dailyxetai\/wp-json\/wp\/v2\/pages\/12254\/revisions"}],"predecessor-version":[{"id":12869,"href":"https:\/\/demo8.thuythu.com\/dailyxetai\/wp-json\/wp\/v2\/pages\/12254\/revisions\/12869"}],"wp:attachment":[{"href":"https:\/\/demo8.thuythu.com\/dailyxetai\/wp-json\/wp\/v2\/media?parent=12254"}],"curies":[{"name":"wp","href":"https:\/\/api.w.org\/{rel}","templated":true}]}}