{"id":13427,"date":"2021-08-11T08:07:07","date_gmt":"2021-08-11T08:07:07","guid":{"rendered":"https:\/\/demo8.thuythu.com\/dailyxetai\/?page_id=13427"},"modified":"2021-08-11T09:08:35","modified_gmt":"2021-08-11T09:08:35","slug":"hinh-thuc-thanh-toan","status":"publish","type":"page","link":"https:\/\/demo8.thuythu.com\/dailyxetai\/hinh-thuc-thanh-toan\/","title":{"rendered":"H\u00ecnh th\u1ee9c thanh to\u00e1n"},"content":{"rendered":"<p>\u0110\u1ec3 thanh to\u00e1n d\u1ecbch v\u1ee5 qu\u00fd kh\u00e1ch c\u00f3 th\u1ec3 ch\u1ecdn m\u1ed9t trong c\u00e1ch sau:<\/p>\n<ol>\n<li><strong><em> Thanh to\u00e1n tr\u1ef1c ti\u1ebfp<\/em><\/strong><\/li>\n<\/ol>\n<p>Thanh to\u00e1n tr\u1ef1c ti\u1ebfp t\u1ea1i \u0111\u1ea1i l\u00fd c\u1ee7a ch\u00fang t\u00f4i: 1454 Qu\u1ed1c l\u1ed9 1A, Ph\u01b0\u1eddng Th\u1edbi An, Qu\u1eadn 12, TP. H\u1ed3 Ch\u00ed Minh.<\/p>\n<p>Ho\u1eb7c: S\u1ed1 7 \u0110\u1ea1i l\u1ed9 B\u00ecnh D\u01b0\u01a1ng, Ph\u01b0\u1eddng B\u00ecnh H\u00f2a, TP. Thu\u1eadn An, T\u1ec9nh B\u00ecnh D\u01b0\u01a1ng.<\/p>\n<p>&nbsp;<\/p>\n<ol start=\"2\">\n<li><strong><em> Thanh to\u00e1n qua ng\u00e2n h\u00e0ng<\/em><\/strong><\/li>\n<\/ol>\n<p>Qu\u00fd kh\u00e1ch vui l\u00f2ng chuy\u1ec3n kho\u1ea3n ho\u1eb7c n\u1ed9p tr\u1ef1c ti\u1ebfp v\u00e0o t\u00e0i kho\u1ea3n sau:<\/p>\n<p>Ng\u00e2n h\u00e0ng Th\u01b0\u01a1ng m\u1ea1i c\u1ed5 ph\u1ea7n \u0110\u1ea7u t\u01b0 v\u00e0 Ph\u00e1t tri\u1ec3n Vi\u1ec7t Nam (BIDV)<\/p>\n<p>Chi nh\u00e1nh: Nam B\u00ecnh D\u01b0\u01a1ng<\/p>\n<p>T\u00ean t\u00e0i kho\u1ea3n: NGUY\u1ec4N TH\u1ea0CH KH\u1ea2I<\/p>\n<p>S\u1ed1 t\u00e0i kho\u1ea3n: 65110002268234<\/p>\n<p><strong>\u00a0<\/strong><\/p>\n<ol start=\"3\">\n<li><strong><em> H\u00ecnh<\/em><\/strong><strong><em> th\u1ee9c tr\u1ea3 g\u00f3p th\u00f4ng qua ng\u00e2n h\u00e0ng ho\u1eb7c th\u1ebb t\u00edn d\u1ee5ng<\/em><\/strong><\/li>\n<\/ol>\n<p><strong><em>\u00a0<\/em><\/strong><\/p>\n<p>Ch\u00fang t\u00f4i c\u00f3 nhi\u1ec1u \u0111\u1ed1i t\u00e1c cung c\u1ea5p d\u1ecbch v\u1ee5 tr\u1ea3 g\u00f3p, t\u00f9y v\u00e0o t\u1eebng ng\u00e2n h\u00e0ng, lo\u1ea1i th\u1ebb t\u00edn d\u1ee5ng s\u1ebd c\u00f3 nh\u1eefng quy \u0111\u1ecbnh v\u1ec1 h\u1ed3 s\u01a1, l\u00e3i su\u1ea5t kh\u00e1c nhau. \u0110\u1ec3 bi\u1ebft th\u00eam chi ti\u1ebft, Qu\u00fd kh\u00e1ch vui l\u00f2ng li\u00ean h\u1ec7 m\u1ed9t trong c\u00e1c th\u00f4ng tin sau \u0111\u00e2y, ch\u00fang t\u00f4i s\u1ebd cung c\u1ea5p th\u00f4ng tin r\u00f5 h\u01a1n:<\/p>\n<ul>\n<li>\u0110\u1ea1i l\u00fd xe t\u1ea3i Nh\u1eadt T\u00edn<\/li>\n<li>\u0110\u1ecba ch\u1ec9: 1454 Qu\u1ed1c l\u1ed9 1A, Ph\u01b0\u1eddng Th\u1edbi An, Qu\u1eadn 12, TP. H\u1ed3 Ch\u00ed Minh<\/li>\n<li>Ho\u1eb7c: S\u1ed1 7 \u0110\u1ea1i l\u1ed9 B\u00ecnh D\u01b0\u01a1ng, Ph\u01b0\u1eddng B\u00ecnh H\u00f2a, TP. Thu\u1eadn An, T\u1ec9nh B\u00ecnh D\u01b0\u01a1ng<\/li>\n<li>Hotline: 0903 312 475<\/li>\n<li>Email:\u00a0<strong>otokhainguyen@gmail.com<\/strong><\/li>\n<\/ul>\n","protected":false},"excerpt":{"rendered":"<p>\u0110\u1ec3 thanh to\u00e1n d\u1ecbch v\u1ee5 qu\u00fd kh\u00e1ch c\u00f3 th\u1ec3 ch\u1ecdn m\u1ed9t trong c\u00e1ch sau: Thanh to\u00e1n tr\u1ef1c ti\u1ebfp Thanh to\u00e1n tr\u1ef1c ti\u1ebfp t\u1ea1i \u0111\u1ea1i l\u00fd c\u1ee7a ch\u00fang t\u00f4i: 1454 Qu\u1ed1c l\u1ed9 1A, Ph\u01b0\u1eddng Th\u1edbi An, Qu\u1eadn 12, TP. H\u1ed3 Ch\u00ed Minh. Ho\u1eb7c: S\u1ed1 7 \u0110\u1ea1i l\u1ed9 B\u00ecnh D\u01b0\u01a1ng, Ph\u01b0\u1eddng B\u00ecnh H\u00f2a, TP. Thu\u1eadn An, T\u1ec9nh [&hellip;]<\/p>\n","protected":false},"author":3,"featured_media":0,"parent":0,"menu_order":0,"comment_status":"closed","ping_status":"closed","template":"","meta":[],"yoast_head":"<!-- This site is optimized with the Yoast SEO plugin v14.8 - https:\/\/yoast.com\/wordpress\/plugins\/seo\/ -->\n<title>H\u00ecnh th\u1ee9c thanh to\u00e1n - Dailyxetai.com.vn<\/title>\n<meta name=\"robots\" content=\"noindex, follow\" \/>\n<meta property=\"og:locale\" content=\"vi_VN\" \/>\n<meta property=\"og:type\" content=\"article\" \/>\n<meta property=\"og:title\" content=\"H\u00ecnh th\u1ee9c thanh to\u00e1n - Dailyxetai.com.vn\" \/>\n<meta property=\"og:description\" content=\"\u0110\u1ec3 thanh to\u00e1n d\u1ecbch v\u1ee5 qu\u00fd kh\u00e1ch c\u00f3 th\u1ec3 ch\u1ecdn m\u1ed9t trong c\u00e1ch sau: Thanh to\u00e1n tr\u1ef1c ti\u1ebfp Thanh to\u00e1n tr\u1ef1c ti\u1ebfp t\u1ea1i \u0111\u1ea1i l\u00fd c\u1ee7a ch\u00fang t\u00f4i: 1454 Qu\u1ed1c l\u1ed9 1A, Ph\u01b0\u1eddng Th\u1edbi An, Qu\u1eadn 12, TP. H\u1ed3 Ch\u00ed Minh. Ho\u1eb7c: S\u1ed1 7 \u0110\u1ea1i l\u1ed9 B\u00ecnh D\u01b0\u01a1ng, Ph\u01b0\u1eddng B\u00ecnh H\u00f2a, TP. Thu\u1eadn An, T\u1ec9nh [&hellip;]\" \/>\n<meta property=\"og:url\" content=\"https:\/\/demo8.thuythu.com\/dailyxetai\/hinh-thuc-thanh-toan\/\" \/>\n<meta property=\"og:site_name\" content=\"Dailyxetai.com.vn\" \/>\n<meta property=\"article:modified_time\" content=\"2021-08-11T09:08:35+00:00\" \/>\n<meta name=\"twitter:card\" content=\"summary_large_image\" \/>\n<script type=\"application\/ld+json\" class=\"yoast-schema-graph\">{\"@context\":\"https:\/\/schema.org\",\"@graph\":[{\"@type\":\"WebSite\",\"@id\":\"https:\/\/demo8.thuythu.com\/dailyxetai\/#website\",\"url\":\"https:\/\/demo8.thuythu.com\/dailyxetai\/\",\"name\":\"Dailyxetai.com.vn\",\"description\":\"\",\"potentialAction\":[{\"@type\":\"SearchAction\",\"target\":\"https:\/\/demo8.thuythu.com\/dailyxetai\/?s={search_term_string}\",\"query-input\":\"required name=search_term_string\"}],\"inLanguage\":\"vi\"},{\"@type\":\"WebPage\",\"@id\":\"https:\/\/demo8.thuythu.com\/dailyxetai\/hinh-thuc-thanh-toan\/#webpage\",\"url\":\"https:\/\/demo8.thuythu.com\/dailyxetai\/hinh-thuc-thanh-toan\/\",\"name\":\"H\\u00ecnh th\\u1ee9c thanh to\\u00e1n - Dailyxetai.com.vn\",\"isPartOf\":{\"@id\":\"https:\/\/demo8.thuythu.com\/dailyxetai\/#website\"},\"datePublished\":\"2021-08-11T08:07:07+00:00\",\"dateModified\":\"2021-08-11T09:08:35+00:00\",\"inLanguage\":\"vi\",\"potentialAction\":[{\"@type\":\"ReadAction\",\"target\":[\"https:\/\/demo8.thuythu.com\/dailyxetai\/hinh-thuc-thanh-toan\/\"]}]}]}<\/script>\n<!-- \/ Yoast SEO plugin. -->","_links":{"self":[{"href":"https:\/\/demo8.thuythu.com\/dailyxetai\/wp-json\/wp\/v2\/pages\/13427"}],"collection":[{"href":"https:\/\/demo8.thuythu.com\/dailyxetai\/wp-json\/wp\/v2\/pages"}],"about":[{"href":"https:\/\/demo8.thuythu.com\/dailyxetai\/wp-json\/wp\/v2\/types\/page"}],"author":[{"embeddable":true,"href":"https:\/\/demo8.thuythu.com\/dailyxetai\/wp-json\/wp\/v2\/users\/3"}],"replies":[{"embeddable":true,"href":"https:\/\/demo8.thuythu.com\/dailyxetai\/wp-json\/wp\/v2\/comments?post=13427"}],"version-history":[{"count":2,"href":"https:\/\/demo8.thuythu.com\/dailyxetai\/wp-json\/wp\/v2\/pages\/13427\/revisions"}],"predecessor-version":[{"id":13446,"href":"https:\/\/demo8.thuythu.com\/dailyxetai\/wp-json\/wp\/v2\/pages\/13427\/revisions\/13446"}],"wp:attachment":[{"href":"https:\/\/demo8.thuythu.com\/dailyxetai\/wp-json\/wp\/v2\/media?parent=13427"}],"curies":[{"name":"wp","href":"https:\/\/api.w.org\/{rel}","templated":true}]}}