{"id":7410,"date":"2015-07-31T08:01:04","date_gmt":"2015-07-31T08:01:04","guid":{"rendered":"http:\/\/localhost\/bleu\/?page_id=7410"},"modified":"2020-07-29T04:22:12","modified_gmt":"2020-07-29T04:22:12","slug":"lien-he","status":"publish","type":"page","link":"https:\/\/demo8.thuythu.com\/dailyxetai\/lien-he\/","title":{"rendered":"Li\u00ean h\u1ec7"},"content":{"rendered":"<p>[vc_row fullwidth=&#8221;1&#8243; bg_type=&#8221;no_bg&#8221; bg_grad=&#8221;background: -webkit-gradient(linear, left top, left bottom, color-stop(0%, #E3E3E3));background: -moz-linear-gradient(top,#E3E3E3 0%);background: -webkit-linear-gradient(top,#E3E3E3 0%);background: -o-linear-gradient(top,#E3E3E3 0%);background: -ms-linear-gradient(top,#E3E3E3 0%);background: linear-gradient(top,#E3E3E3 0%);&#8221; parallax_style=&#8221;vcpb-default&#8221; bg_image_repeat=&#8221;repeat&#8221; bg_image_size=&#8221;cover&#8221; bg_img_attach=&#8221;scroll&#8221; parallax_sense=&#8221;30&#8243; animation_direction=&#8221;left-animation&#8221; animation_repeat=&#8221;repeat&#8221; video_opts=&#8221;&#8221; bg_override=&#8221;0&#8243; parallax_content_sense=&#8221;30&#8243; fadeout_start_effect=&#8221;30&#8243; overlay_pattern_opacity=&#8221;80&#8243; seperator_type=&#8221;none_seperator&#8221; seperator_position=&#8221;top_seperator&#8221; seperator_shape_size=&#8221;40&#8243; seperator_svg_height=&#8221;60&#8243; seperator_shape_background=&#8221;#ffffff&#8221; seperator_shape_border=&#8221;none&#8221; seperator_shape_border_width=&#8221;1&#8243; icon_type=&#8221;no_icon&#8221; icon_size=&#8221;32&#8243; icon_style=&#8221;none&#8221; icon_color_border=&#8221;#333333&#8243; icon_border_size=&#8221;1&#8243; icon_border_radius=&#8221;500&#8243; icon_border_spacing=&#8221;50&#8243; img_width=&#8221;48&#8243; ult_hide_row_large_screen=&#8221;off&#8221; ult_hide_row_desktop=&#8221;off&#8221; ult_hide_row_tablet=&#8221;off&#8221; ult_hide_row_tablet_small=&#8221;off&#8221; ult_hide_row_mobile=&#8221;off&#8221; ult_hide_row_mobile_large=&#8221;off&#8221; css=&#8221;.vc_custom_1536890392434{margin-top: -35px !important;}&#8221;][vc_column][vc_gmaps link=&#8221;#E-8_JTNDaWZyYW1lJTIwc3JjJTNEJTIyaHR0cHMlM0ElMkYlMkZ3d3cuZ29vZ2xlLmNvbSUyRm1hcHMlMkZlbWJlZCUzRnBiJTNEJTIxMW0xOCUyMTFtMTIlMjExbTMlMjExZDM5MTcuNzcyNDU2Mzg2MTM4JTIxMmQxMDYuNzEwNTUzNzE0Mjg3ODUlMjEzZDEwLjkwNDg5MDA1OTc5MjQxJTIxMm0zJTIxMWYwJTIxMmYwJTIxM2YwJTIxM20yJTIxMWkxMDI0JTIxMmk3NjglMjE0ZjEzLjElMjEzbTMlMjExbTIlMjExczB4MzE3NGQ3OGUzYTFiMmI3OSUyNTNBMHgxZjhkNDAxZTc1MGY1MDA0JTIxMnpOeURFa09HNm9Xa2diT0c3bVNCQ3c2eHVhQ0JFeHJER29XNW5MQ0JDYVc1b0lFaHZ3NkFzSUZSb2RlRzZyVzRnUVc0c0lFTERyRzVvSUVUR3NNYWhibWNzSUZacDRidUhkQ0JPWVcwJTIxNWUwJTIxM20yJTIxMXN2aSUyMTJzJTIxNHYxNTk1OTk2MzA4MzE1JTIxNW0yJTIxMXN2aSUyMTJzJTIyJTIwd2lkdGglM0QlMjI4MDAlMjIlMjBoZWlnaHQlM0QlMjI0NTAlMjIlMjBmcmFtZWJvcmRlciUzRCUyMjAlMjIlMjBzdHlsZSUzRCUyMmJvcmRlciUzQTAlM0IlMjIlMjBhbGxvd2Z1bGxzY3JlZW4lM0QlMjIlMjIlMjBhcmlhLWhpZGRlbiUzRCUyMmZhbHNlJTIyJTIwdGFiaW5kZXglM0QlMjIwJTIyJTNFJTNDJTJGaWZyYW1lJTNF&#8221;][\/vc_column][\/vc_row][vc_row css=&#8221;.vc_custom_1449244624046{margin-top: 50px !important;margin-bottom: 30px !important;}&#8221;][vc_column width=&#8221;1\/2&#8243; css=&#8221;.vc_custom_1439783461171{margin-bottom: 50px !important;}&#8221;][vc_text_separator title=&#8221;G\u1eedi \u00fd ki\u1ebfn c\u1ee7a b\u1ea1n cho ch\u00fang t\u00f4i&#8221; title_align=&#8221;separator_align_left&#8221;]<div role=\"form\" class=\"wpcf7\" id=\"wpcf7-f11674-o1\" lang=\"en-US\" dir=\"ltr\">\n<div class=\"screen-reader-response\" role=\"alert\" aria-live=\"polite\"><\/div>\n<form action=\"\/dailyxetai\/wp-json\/wp\/v2\/pages\/7410#wpcf7-f11674-o1\" method=\"post\" class=\"wpcf7-form init\" novalidate=\"novalidate\">\n<div style=\"display: none;\">\n<input type=\"hidden\" name=\"_wpcf7\" value=\"11674\" \/>\n<input type=\"hidden\" name=\"_wpcf7_version\" value=\"5.2.1\" \/>\n<input type=\"hidden\" name=\"_wpcf7_locale\" value=\"en_US\" \/>\n<input type=\"hidden\" name=\"_wpcf7_unit_tag\" value=\"wpcf7-f11674-o1\" \/>\n<input type=\"hidden\" name=\"_wpcf7_container_post\" value=\"0\" \/>\n<input type=\"hidden\" name=\"_wpcf7_posted_data_hash\" value=\"\" \/>\n<\/div>\n<div class=\"contact-form-footer\">\n<div class=\"row\">\n<div class=\"lt-col large-6 columns\">\n       <span class=\"wpcf7-form-control-wrap your-name\"><input type=\"text\" name=\"your-name\" value=\"\" size=\"40\" class=\"wpcf7-form-control wpcf7-text wpcf7-validates-as-required\" aria-required=\"true\" aria-invalid=\"false\" placeholder=\"H\u1ecd v\u00e0 t\u00ean...\" \/><\/span>\n    <\/div>\n<div class=\"lt-col large-6 columns\">\n      <span class=\"wpcf7-form-control-wrap your-email\"><input type=\"email\" name=\"your-email\" value=\"\" size=\"40\" class=\"wpcf7-form-control wpcf7-text wpcf7-email wpcf7-validates-as-required wpcf7-validates-as-email\" aria-required=\"true\" aria-invalid=\"false\" placeholder=\"\u0110\u1ecba ch\u1ec9 Email...\" \/><\/span>\n    <\/div>\n<\/div>\n<div class=\"row\">\n<div class=\"lt-col large-6 columns\">\n      <span class=\"wpcf7-form-control-wrap your-phone\"><input type=\"tel\" name=\"your-phone\" value=\"\" size=\"40\" class=\"wpcf7-form-control wpcf7-text wpcf7-tel wpcf7-validates-as-tel\" aria-invalid=\"false\" placeholder=\"S\u1ed1 \u0111i\u1ec7n tho\u1ea1i...\" \/><\/span>\n    <\/div>\n<div class=\"lt-col large-6 columns\">\n       <span class=\"wpcf7-form-control-wrap your-subject\"><input type=\"text\" name=\"your-subject\" value=\"\" size=\"40\" class=\"wpcf7-form-control wpcf7-text\" aria-invalid=\"false\" placeholder=\"Ti\u00eau \u0111\u1ec1...\" \/><\/span>\n    <\/div>\n<\/div>\n<p><span class=\"wpcf7-form-control-wrap your-message\"><textarea name=\"your-message\" cols=\"40\" rows=\"10\" class=\"wpcf7-form-control wpcf7-textarea\" aria-invalid=\"false\" placeholder=\"N\u1ed9i dung...\"><\/textarea><\/span><\/p>\n<p><input type=\"submit\" value=\"G\u1eedi \u00fd ki\u1ebfn\" class=\"wpcf7-form-control wpcf7-submit button primary-color\" id=\"form-submit\" \/><\/p>\n<\/div>\n<div class=\"wpcf7-response-output\" role=\"alert\" aria-hidden=\"true\"><\/div><\/form><\/div>[\/vc_column][vc_column width=&#8221;1\/2&#8243;][vc_text_separator title=&#8221;Th\u00f4ng tin li\u00ean h\u1ec7&#8221; title_align=&#8221;separator_align_left&#8221;][vc_column_text]Ch\u00fang t\u00f4i lu\u00f4n mong mu\u1ed1n \u0111\u01b0\u1ee3c l\u1eafng nghe t\u1eeb qu\u00fd kh\u00e1ch. Ch\u00fang t\u00f4i tr\u1ea3 l\u1eddi t\u1ea5t c\u1ea3 c\u00e1c email trong v\u00f2ng m\u1ed9t ng\u00e0y l\u00e0m vi\u1ec7c . N\u1ebfu b\u1ea1n \u0111\u00e3 kh\u00f4ng nh\u1eadn \u0111\u01b0\u1ee3c ph\u1ea3n h\u1ed3i t\u1eeb ch\u00fang t\u00f4i, h\u00e3y g\u1ecdi cho ch\u00fang t\u00f4i! R\u1ea5t c\u00f3 kh\u1ea3 n\u0103ng email c\u1ee7a b\u1ea1n ho\u1eb7c c\u1ee7a ch\u00fang t\u00f4i b\u1ecb th\u1ea5t l\u1ea1c tr\u00ean \u0111\u01b0\u1eddng truy\u1ec1n.<\/p>\n<p>M\u1ecdi s\u1ef1 h\u1ee3p t\u00e1c t\u1ed1t \u0111\u1eb9p \u0111\u1ec1u b\u1eaft \u0111\u1ea7u t\u1eeb m\u1ed9t cu\u1ed9c tr\u00f2 chuy\u1ec7n. M\u1ecdi mong mu\u1ed1n s\u1ebd \u0111\u01b0\u1ee3c l\u1eafng nghe khi b\u1ea1n li\u00ean h\u1ec7.[\/vc_column_text][vc_empty_space][vc_row_inner][vc_column_inner width=&#8221;1\/2&#8243;][vc_column_text]<\/p>\n<div class=\"content-with-text contact-us\">\n<div class=\"fa fa-building-o fa-2x\"><\/div>\n<p class=\"content-text\"><strong>\u0110\u1ecba ch\u1ec9: <\/strong>S\u1ed1\u00a07 \u0110\u1ea1i l\u1ed9 B\u00ecnh D\u01b0\u01a1ng, Ph\u01b0\u1eddng B\u00ecnh H\u00f2a, TP Thu\u1eadn An, T\u1ec9nh B\u00ecnh D\u01b0\u01a1ng<\/p>\n<\/div>\n<p>[\/vc_column_text][\/vc_column_inner][vc_column_inner width=&#8221;1\/2&#8243;][vc_column_text]<\/p>\n<div class=\"content-with-text contact-us\">\n<div class=\"fa fa-envelope-o fa-2x\"><\/div>\n<p class=\"content-text\"><strong>Email: <\/strong>otokhainguyen@gmail.com<\/p>\n<\/div>\n<p>[\/vc_column_text][\/vc_column_inner][\/vc_row_inner][vc_empty_space][vc_row_inner][vc_column_inner width=&#8221;1\/2&#8243;][vc_column_text]<\/p>\n<div class=\"content-with-text contact-us\">\n<div class=\"fa fa-mobile-phone fa-2x\"><\/div>\n<p class=\"content-text\"><strong>Hotline: <\/strong>0903 312 475<strong><br \/>\n<\/strong><\/p>\n<\/div>\n<p>[\/vc_column_text][\/vc_column_inner][vc_column_inner width=&#8221;1\/2&#8243;][vc_column_text]<\/p>\n<div class=\"content-with-text contact-us\">\n<div class=\"fa fa-fax fa-2x\"><\/div>\n<p class=\"content-text\"><strong>Fax:<\/strong> 0903 312 475<\/p>\n<\/div>\n<p>[\/vc_column_text][\/vc_column_inner][\/vc_row_inner][vc_empty_space height=&#8221;42px&#8221;][vc_row_inner][vc_column_inner width=&#8221;1\/2&#8243;][vc_column_text]<\/p>\n<div class=\"content-with-text contact-us\">\n<div class=\"fa fa-phone fa-2x\"><\/div>\n<p class=\"content-text\"><strong>\u0110i\u1ec7n tho\u1ea1i:<\/strong> <a href=\"tel:0903 312 475\">0903 312 475<\/a><\/p>\n<\/div>\n<p>[\/vc_column_text][\/vc_column_inner][vc_column_inner width=&#8221;1\/2&#8243;][vc_column_text]<\/p>\n<div class=\"content-with-text contact-us\">\n<div class=\"fa fa-globe fa-2x\"><\/div>\n<p class=\"content-text\"><strong>Website:<\/strong> <a href=\"https:\/\/demo8.thuythu.com\/dailyxetai\" target=\"_blank\" rel=\"noopener noreferrer\">https:\/\/demo8.thuythu.com\/dailyxetai<\/a><\/p>\n<\/div>\n<p>[\/vc_column_text][\/vc_column_inner][\/vc_row_inner][\/vc_column][\/vc_row]<\/p>\n","protected":false},"excerpt":{"rendered":"<p>[vc_row fullwidth=&#8221;1&#8243; bg_type=&#8221;no_bg&#8221; bg_grad=&#8221;background: -webkit-gradient(linear, left top, left bottom, color-stop(0%, #E3E3E3));background: -moz-linear-gradient(top,#E3E3E3 0%);background: -webkit-linear-gradient(top,#E3E3E3 0%);background: -o-linear-gradient(top,#E3E3E3 0%);background: -ms-linear-gradient(top,#E3E3E3 0%);background: linear-gradient(top,#E3E3E3 0%);&#8221; parallax_style=&#8221;vcpb-default&#8221; bg_image_repeat=&#8221;repeat&#8221; bg_image_size=&#8221;cover&#8221; bg_img_attach=&#8221;scroll&#8221; parallax_sense=&#8221;30&#8243; animation_direction=&#8221;left-animation&#8221; animation_repeat=&#8221;repeat&#8221; video_opts=&#8221;&#8221; bg_override=&#8221;0&#8243; parallax_content_sense=&#8221;30&#8243; fadeout_start_effect=&#8221;30&#8243; overlay_pattern_opacity=&#8221;80&#8243; seperator_type=&#8221;none_seperator&#8221; seperator_position=&#8221;top_seperator&#8221; seperator_shape_size=&#8221;40&#8243; seperator_svg_height=&#8221;60&#8243; seperator_shape_background=&#8221;#ffffff&#8221; seperator_shape_border=&#8221;none&#8221; seperator_shape_border_width=&#8221;1&#8243; icon_type=&#8221;no_icon&#8221; icon_size=&#8221;32&#8243; icon_style=&#8221;none&#8221; icon_color_border=&#8221;#333333&#8243; icon_border_size=&#8221;1&#8243; icon_border_radius=&#8221;500&#8243; icon_border_spacing=&#8221;50&#8243; img_width=&#8221;48&#8243; ult_hide_row_large_screen=&#8221;off&#8221; ult_hide_row_desktop=&#8221;off&#8221; ult_hide_row_tablet=&#8221;off&#8221; ult_hide_row_tablet_small=&#8221;off&#8221; ult_hide_row_mobile=&#8221;off&#8221; ult_hide_row_mobile_large=&#8221;off&#8221; css=&#8221;.vc_custom_1536890392434{margin-top: [&hellip;]<\/p>\n","protected":false},"author":3,"featured_media":0,"parent":0,"menu_order":0,"comment_status":"open","ping_status":"open","template":"page-visual-composer.php","meta":[],"yoast_head":"<!-- This site is optimized with the Yoast SEO plugin v14.8 - https:\/\/yoast.com\/wordpress\/plugins\/seo\/ -->\n<title>Li\u00ean h\u1ec7 - Dailyxetai.com.vn<\/title>\n<meta name=\"robots\" content=\"noindex, follow\" \/>\n<meta property=\"og:locale\" content=\"vi_VN\" \/>\n<meta property=\"og:type\" content=\"article\" \/>\n<meta property=\"og:title\" content=\"Li\u00ean h\u1ec7 - Dailyxetai.com.vn\" \/>\n<meta property=\"og:description\" content=\"[vc_row fullwidth=&#8221;1&#8243; bg_type=&#8221;no_bg&#8221; bg_grad=&#8221;background: -webkit-gradient(linear, left top, left bottom, color-stop(0%, #E3E3E3));background: -moz-linear-gradient(top,#E3E3E3 0%);background: -webkit-linear-gradient(top,#E3E3E3 0%);background: -o-linear-gradient(top,#E3E3E3 0%);background: -ms-linear-gradient(top,#E3E3E3 0%);background: linear-gradient(top,#E3E3E3 0%);&#8221; parallax_style=&#8221;vcpb-default&#8221; bg_image_repeat=&#8221;repeat&#8221; bg_image_size=&#8221;cover&#8221; bg_img_attach=&#8221;scroll&#8221; parallax_sense=&#8221;30&#8243; animation_direction=&#8221;left-animation&#8221; animation_repeat=&#8221;repeat&#8221; video_opts=&#8221;&#8221; bg_override=&#8221;0&#8243; parallax_content_sense=&#8221;30&#8243; fadeout_start_effect=&#8221;30&#8243; overlay_pattern_opacity=&#8221;80&#8243; seperator_type=&#8221;none_seperator&#8221; seperator_position=&#8221;top_seperator&#8221; seperator_shape_size=&#8221;40&#8243; seperator_svg_height=&#8221;60&#8243; seperator_shape_background=&#8221;#ffffff&#8221; seperator_shape_border=&#8221;none&#8221; seperator_shape_border_width=&#8221;1&#8243; icon_type=&#8221;no_icon&#8221; icon_size=&#8221;32&#8243; icon_style=&#8221;none&#8221; icon_color_border=&#8221;#333333&#8243; icon_border_size=&#8221;1&#8243; icon_border_radius=&#8221;500&#8243; icon_border_spacing=&#8221;50&#8243; img_width=&#8221;48&#8243; ult_hide_row_large_screen=&#8221;off&#8221; ult_hide_row_desktop=&#8221;off&#8221; ult_hide_row_tablet=&#8221;off&#8221; ult_hide_row_tablet_small=&#8221;off&#8221; ult_hide_row_mobile=&#8221;off&#8221; ult_hide_row_mobile_large=&#8221;off&#8221; css=&#8221;.vc_custom_1536890392434{margin-top: [&hellip;]\" \/>\n<meta property=\"og:url\" content=\"https:\/\/demo8.thuythu.com\/dailyxetai\/lien-he\/\" \/>\n<meta property=\"og:site_name\" content=\"Dailyxetai.com.vn\" \/>\n<meta property=\"article:modified_time\" content=\"2020-07-29T04:22:12+00:00\" \/>\n<meta name=\"twitter:card\" content=\"summary_large_image\" \/>\n<script type=\"application\/ld+json\" class=\"yoast-schema-graph\">{\"@context\":\"https:\/\/schema.org\",\"@graph\":[{\"@type\":\"WebSite\",\"@id\":\"https:\/\/demo8.thuythu.com\/dailyxetai\/#website\",\"url\":\"https:\/\/demo8.thuythu.com\/dailyxetai\/\",\"name\":\"Dailyxetai.com.vn\",\"description\":\"\",\"potentialAction\":[{\"@type\":\"SearchAction\",\"target\":\"https:\/\/demo8.thuythu.com\/dailyxetai\/?s={search_term_string}\",\"query-input\":\"required name=search_term_string\"}],\"inLanguage\":\"vi\"},{\"@type\":\"WebPage\",\"@id\":\"https:\/\/demo8.thuythu.com\/dailyxetai\/lien-he\/#webpage\",\"url\":\"https:\/\/demo8.thuythu.com\/dailyxetai\/lien-he\/\",\"name\":\"Li\\u00ean h\\u1ec7 - Dailyxetai.com.vn\",\"isPartOf\":{\"@id\":\"https:\/\/demo8.thuythu.com\/dailyxetai\/#website\"},\"datePublished\":\"2015-07-31T08:01:04+00:00\",\"dateModified\":\"2020-07-29T04:22:12+00:00\",\"inLanguage\":\"vi\",\"potentialAction\":[{\"@type\":\"ReadAction\",\"target\":[\"https:\/\/demo8.thuythu.com\/dailyxetai\/lien-he\/\"]}]}]}<\/script>\n<!-- \/ Yoast SEO plugin. -->","_links":{"self":[{"href":"https:\/\/demo8.thuythu.com\/dailyxetai\/wp-json\/wp\/v2\/pages\/7410"}],"collection":[{"href":"https:\/\/demo8.thuythu.com\/dailyxetai\/wp-json\/wp\/v2\/pages"}],"about":[{"href":"https:\/\/demo8.thuythu.com\/dailyxetai\/wp-json\/wp\/v2\/types\/page"}],"author":[{"embeddable":true,"href":"https:\/\/demo8.thuythu.com\/dailyxetai\/wp-json\/wp\/v2\/users\/3"}],"replies":[{"embeddable":true,"href":"https:\/\/demo8.thuythu.com\/dailyxetai\/wp-json\/wp\/v2\/comments?post=7410"}],"version-history":[{"count":11,"href":"https:\/\/demo8.thuythu.com\/dailyxetai\/wp-json\/wp\/v2\/pages\/7410\/revisions"}],"predecessor-version":[{"id":12670,"href":"https:\/\/demo8.thuythu.com\/dailyxetai\/wp-json\/wp\/v2\/pages\/7410\/revisions\/12670"}],"wp:attachment":[{"href":"https:\/\/demo8.thuythu.com\/dailyxetai\/wp-json\/wp\/v2\/media?parent=7410"}],"curies":[{"name":"wp","href":"https:\/\/api.w.org\/{rel}","templated":true}]}}