{"id":12658,"date":"2020-07-29T03:18:36","date_gmt":"2020-07-29T03:18:36","guid":{"rendered":"https:\/\/demo8.thuythu.com\/dailyxetai\/?post_type=product&#038;p=12658"},"modified":"2020-09-17T14:33:19","modified_gmt":"2020-09-17T14:33:19","slug":"xe-tai-do-thanh-iz65-3t5-thung-kin","status":"publish","type":"product","link":"https:\/\/demo8.thuythu.com\/dailyxetai\/san-pham\/xe-tai-do-thanh-iz65-3t5-thung-kin\/","title":{"rendered":"Xe T\u1ea3i \u0110\u00f4 Th\u00e0nh IZ65 3T5 Th\u00f9ng K\u00edn"},"content":{"rendered":"","protected":false},"excerpt":{"rendered":"<p>Xe T\u1ea3i \u0110\u00f4 Th\u00e0nh IZ65 3T5 Th\u00f9ng K\u00edn \u0111\u01b0\u1ee3c nh\u1eadp kh\u1ea9u theo h\u00ecnh th\u1ee9c CKD v\u00e0 l\u1eafp r\u00e1p b\u1edfi nh\u00e0 m\u00e1y \u0110\u00f4 Th\u00e0nh. Xe T\u1ea3i \u0110\u00f4 Th\u00e0nh IZ65 3T5 Th\u00f9ng K\u00edn c\u00f3 thi\u1ebft k\u1ebf c\u1ef1c l\u1ef3 b\u1eaft m\u1eaft, \u0111\u1ed9ng c\u01a1 ho\u1ea1t \u0111\u1ed9ng m\u1ea1nh m\u1ebd v\u00e0 v\u00f4 c\u00f9ng b\u1ec1n b\u1ec9 b\u1edfi nh\u1eefng c\u00f4ng ngh\u1ec7 \u0111\u01b0\u1ee3c trang b\u1ecb c\u1ef1c k\u1ef3 ti\u00ean ti\u1ebfn v\u00e0 i\u1ec7n \u0111\u1ea1i<\/p>\n","protected":false},"featured_media":12888,"comment_status":"open","ping_status":"closed","template":"","meta":[],"yoast_head":"<!-- This site is optimized with the Yoast SEO plugin v14.8 - https:\/\/yoast.com\/wordpress\/plugins\/seo\/ -->\n<title>Xe T\u1ea3i \u0110\u00f4 Th\u00e0nh IZ65 3T5 Th\u00f9ng K\u00edn - Dailyxetai.com.vn<\/title>\n<meta name=\"robots\" content=\"noindex, follow\" \/>\n<meta property=\"og:locale\" content=\"vi_VN\" \/>\n<meta property=\"og:type\" content=\"article\" \/>\n<meta property=\"og:title\" content=\"Xe T\u1ea3i \u0110\u00f4 Th\u00e0nh IZ65 3T5 Th\u00f9ng K\u00edn - Dailyxetai.com.vn\" \/>\n<meta property=\"og:description\" content=\"Xe T\u1ea3i \u0110\u00f4 Th\u00e0nh IZ65 3T5 Th\u00f9ng K\u00edn \u0111\u01b0\u1ee3c nh\u1eadp kh\u1ea9u theo h\u00ecnh th\u1ee9c CKD v\u00e0 l\u1eafp r\u00e1p b\u1edfi nh\u00e0 m\u00e1y \u0110\u00f4 Th\u00e0nh. Xe T\u1ea3i \u0110\u00f4 Th\u00e0nh IZ65 3T5 Th\u00f9ng K\u00edn c\u00f3 thi\u1ebft k\u1ebf c\u1ef1c l\u1ef3 b\u1eaft m\u1eaft, \u0111\u1ed9ng c\u01a1 ho\u1ea1t \u0111\u1ed9ng m\u1ea1nh m\u1ebd v\u00e0 v\u00f4 c\u00f9ng b\u1ec1n b\u1ec9 b\u1edfi nh\u1eefng c\u00f4ng ngh\u1ec7 \u0111\u01b0\u1ee3c trang b\u1ecb c\u1ef1c k\u1ef3 ti\u00ean ti\u1ebfn v\u00e0 i\u1ec7n \u0111\u1ea1i\" \/>\n<meta property=\"og:url\" content=\"https:\/\/demo8.thuythu.com\/dailyxetai\/product\/xe-tai-do-thanh-iz65-3t5-thung-kin\/\" \/>\n<meta property=\"og:site_name\" content=\"Dailyxetai.com.vn\" \/>\n<meta property=\"article:modified_time\" content=\"2020-09-17T14:33:19+00:00\" \/>\n<meta name=\"twitter:card\" content=\"summary_large_image\" \/>\n<script type=\"application\/ld+json\" class=\"yoast-schema-graph\">{\"@context\":\"https:\/\/schema.org\",\"@graph\":[{\"@type\":\"WebSite\",\"@id\":\"https:\/\/demo8.thuythu.com\/dailyxetai\/#website\",\"url\":\"https:\/\/demo8.thuythu.com\/dailyxetai\/\",\"name\":\"Dailyxetai.com.vn\",\"description\":\"\",\"potentialAction\":[{\"@type\":\"SearchAction\",\"target\":\"https:\/\/demo8.thuythu.com\/dailyxetai\/?s={search_term_string}\",\"query-input\":\"required name=search_term_string\"}],\"inLanguage\":\"vi\"},{\"@type\":\"ImageObject\",\"@id\":\"https:\/\/demo8.thuythu.com\/dailyxetai\/product\/xe-tai-do-thanh-iz65-3t5-thung-kin\/#primaryimage\",\"inLanguage\":\"vi\",\"url\":\"https:\/\/demo8.thuythu.com\/dailyxetai\/wp-content\/uploads\/2020\/07\/xe-tai-do-thanh-iz65-3-t-5-thung-kin-1.jpg\",\"width\":800,\"height\":600,\"caption\":\"dailyxetai.com.vn\"},{\"@type\":\"WebPage\",\"@id\":\"https:\/\/demo8.thuythu.com\/dailyxetai\/product\/xe-tai-do-thanh-iz65-3t5-thung-kin\/#webpage\",\"url\":\"https:\/\/demo8.thuythu.com\/dailyxetai\/product\/xe-tai-do-thanh-iz65-3t5-thung-kin\/\",\"name\":\"Xe T\\u1ea3i \\u0110\\u00f4 Th\\u00e0nh IZ65 3T5 Th\\u00f9ng K\\u00edn - Dailyxetai.com.vn\",\"isPartOf\":{\"@id\":\"https:\/\/demo8.thuythu.com\/dailyxetai\/#website\"},\"primaryImageOfPage\":{\"@id\":\"https:\/\/demo8.thuythu.com\/dailyxetai\/product\/xe-tai-do-thanh-iz65-3t5-thung-kin\/#primaryimage\"},\"datePublished\":\"2020-07-29T03:18:36+00:00\",\"dateModified\":\"2020-09-17T14:33:19+00:00\",\"inLanguage\":\"vi\",\"potentialAction\":[{\"@type\":\"ReadAction\",\"target\":[\"https:\/\/demo8.thuythu.com\/dailyxetai\/product\/xe-tai-do-thanh-iz65-3t5-thung-kin\/\"]}]}]}<\/script>\n<!-- \/ Yoast SEO plugin. -->","_links":{"self":[{"href":"https:\/\/demo8.thuythu.com\/dailyxetai\/wp-json\/wp\/v2\/product\/12658"}],"collection":[{"href":"https:\/\/demo8.thuythu.com\/dailyxetai\/wp-json\/wp\/v2\/product"}],"about":[{"href":"https:\/\/demo8.thuythu.com\/dailyxetai\/wp-json\/wp\/v2\/types\/product"}],"replies":[{"embeddable":true,"href":"https:\/\/demo8.thuythu.com\/dailyxetai\/wp-json\/wp\/v2\/comments?post=12658"}],"wp:featuredmedia":[{"embeddable":true,"href":"https:\/\/demo8.thuythu.com\/dailyxetai\/wp-json\/wp\/v2\/media\/12888"}],"wp:attachment":[{"href":"https:\/\/demo8.thuythu.com\/dailyxetai\/wp-json\/wp\/v2\/media?parent=12658"}],"curies":[{"name":"wp","href":"https:\/\/api.w.org\/{rel}","templated":true}]}}