{"id":12659,"date":"2020-07-29T03:18:38","date_gmt":"2020-07-29T03:18:38","guid":{"rendered":"https:\/\/demo8.thuythu.com\/dailyxetai\/?post_type=product&#038;p=12659"},"modified":"2020-08-24T15:25:23","modified_gmt":"2020-08-24T15:25:23","slug":"xe-tai-do-thanh-iz65-3t5-thung-mui-bat","status":"publish","type":"product","link":"https:\/\/demo8.thuythu.com\/dailyxetai\/san-pham\/xe-tai-do-thanh-iz65-3t5-thung-mui-bat\/","title":{"rendered":"Xe T\u1ea3i \u0110\u00f4 Th\u00e0nh IZ65 3T5 Th\u00f9ng Mui B\u1ea1t"},"content":{"rendered":"","protected":false},"excerpt":{"rendered":"","protected":false},"featured_media":12660,"comment_status":"open","ping_status":"closed","template":"","meta":[],"yoast_head":"<!-- This site is optimized with the Yoast SEO plugin v14.8 - https:\/\/yoast.com\/wordpress\/plugins\/seo\/ -->\n<title>Xe T\u1ea3i \u0110\u00f4 Th\u00e0nh IZ65 3T5 Th\u00f9ng Mui B\u1ea1t - Dailyxetai.com.vn<\/title>\n<meta name=\"robots\" content=\"noindex, follow\" \/>\n<meta property=\"og:locale\" content=\"vi_VN\" \/>\n<meta property=\"og:type\" content=\"article\" \/>\n<meta property=\"og:title\" content=\"Xe T\u1ea3i \u0110\u00f4 Th\u00e0nh IZ65 3T5 Th\u00f9ng Mui B\u1ea1t - Dailyxetai.com.vn\" \/>\n<meta property=\"og:url\" content=\"https:\/\/demo8.thuythu.com\/dailyxetai\/product\/xe-tai-do-thanh-iz65-3t5-thung-mui-bat\/\" \/>\n<meta property=\"og:site_name\" content=\"Dailyxetai.com.vn\" \/>\n<meta property=\"article:modified_time\" content=\"2020-08-24T15:25:23+00:00\" \/>\n<meta property=\"og:image\" content=\"https:\/\/demo8.thuythu.com\/dailyxetai\/wp-content\/uploads\/2020\/07\/\u0110\u00f4-Th\u00e0nh.jpg\" \/>\n\t<meta property=\"og:image:width\" content=\"1281\" \/>\n\t<meta property=\"og:image:height\" content=\"1024\" \/>\n<meta name=\"twitter:card\" content=\"summary_large_image\" \/>\n<script type=\"application\/ld+json\" class=\"yoast-schema-graph\">{\"@context\":\"https:\/\/schema.org\",\"@graph\":[{\"@type\":\"WebSite\",\"@id\":\"https:\/\/demo8.thuythu.com\/dailyxetai\/#website\",\"url\":\"https:\/\/demo8.thuythu.com\/dailyxetai\/\",\"name\":\"Dailyxetai.com.vn\",\"description\":\"\",\"potentialAction\":[{\"@type\":\"SearchAction\",\"target\":\"https:\/\/demo8.thuythu.com\/dailyxetai\/?s={search_term_string}\",\"query-input\":\"required name=search_term_string\"}],\"inLanguage\":\"vi\"},{\"@type\":\"ImageObject\",\"@id\":\"https:\/\/demo8.thuythu.com\/dailyxetai\/product\/xe-tai-do-thanh-iz65-3t5-thung-mui-bat\/#primaryimage\",\"inLanguage\":\"vi\",\"url\":\"https:\/\/demo8.thuythu.com\/dailyxetai\/wp-content\/uploads\/2020\/07\/\\u0110\\u00f4-Th\\u00e0nh.jpg\",\"width\":1281,\"height\":1024,\"caption\":\"dailyxetai.com.vn\"},{\"@type\":\"WebPage\",\"@id\":\"https:\/\/demo8.thuythu.com\/dailyxetai\/product\/xe-tai-do-thanh-iz65-3t5-thung-mui-bat\/#webpage\",\"url\":\"https:\/\/demo8.thuythu.com\/dailyxetai\/product\/xe-tai-do-thanh-iz65-3t5-thung-mui-bat\/\",\"name\":\"Xe T\\u1ea3i \\u0110\\u00f4 Th\\u00e0nh IZ65 3T5 Th\\u00f9ng Mui B\\u1ea1t - Dailyxetai.com.vn\",\"isPartOf\":{\"@id\":\"https:\/\/demo8.thuythu.com\/dailyxetai\/#website\"},\"primaryImageOfPage\":{\"@id\":\"https:\/\/demo8.thuythu.com\/dailyxetai\/product\/xe-tai-do-thanh-iz65-3t5-thung-mui-bat\/#primaryimage\"},\"datePublished\":\"2020-07-29T03:18:38+00:00\",\"dateModified\":\"2020-08-24T15:25:23+00:00\",\"inLanguage\":\"vi\",\"potentialAction\":[{\"@type\":\"ReadAction\",\"target\":[\"https:\/\/demo8.thuythu.com\/dailyxetai\/product\/xe-tai-do-thanh-iz65-3t5-thung-mui-bat\/\"]}]}]}<\/script>\n<!-- \/ Yoast SEO plugin. -->","_links":{"self":[{"href":"https:\/\/demo8.thuythu.com\/dailyxetai\/wp-json\/wp\/v2\/product\/12659"}],"collection":[{"href":"https:\/\/demo8.thuythu.com\/dailyxetai\/wp-json\/wp\/v2\/product"}],"about":[{"href":"https:\/\/demo8.thuythu.com\/dailyxetai\/wp-json\/wp\/v2\/types\/product"}],"replies":[{"embeddable":true,"href":"https:\/\/demo8.thuythu.com\/dailyxetai\/wp-json\/wp\/v2\/comments?post=12659"}],"wp:featuredmedia":[{"embeddable":true,"href":"https:\/\/demo8.thuythu.com\/dailyxetai\/wp-json\/wp\/v2\/media\/12660"}],"wp:attachment":[{"href":"https:\/\/demo8.thuythu.com\/dailyxetai\/wp-json\/wp\/v2\/media?parent=12659"}],"curies":[{"name":"wp","href":"https:\/\/api.w.org\/{rel}","templated":true}]}}