{"id":13407,"date":"2021-08-09T17:58:34","date_gmt":"2021-08-09T17:58:34","guid":{"rendered":"https:\/\/demo8.thuythu.com\/dailyxetai\/?post_type=product&#038;p=13407"},"modified":"2021-11-29T22:09:21","modified_gmt":"2021-11-29T15:09:21","slug":"xe-dau-keo-howo-380hp-cau-dau-noc-thap","status":"publish","type":"product","link":"https:\/\/demo8.thuythu.com\/dailyxetai\/san-pham\/xe-dau-keo-howo-380hp-cau-dau-noc-thap\/","title":{"rendered":"Xe \u0110\u1ea7u K\u00e9o Howo 380Hp C\u1ea7u D\u1ea7u N\u00f3c Th\u1ea5p"},"content":{"rendered":"<h1><span style=\"color: #0000ff;\">Nhu c\u1ea7u s\u1eed d\u1ee5ng <span style=\"color: #ff0000;\"><a style=\"color: #ff0000;\" href=\"https:\/\/demo8.thuythu.com\/dailyxetai\/product-category\/xe-dau-keo\/xe-dau-keo-howo\/\">Xe \u0110\u1ea7u K\u00e9o Howo<\/a><\/span> 380Hp t\u1ea1i th\u1ecb tr\u01b0\u1eddng Vi\u1ec7t Nam<\/span><\/h1>\n<p>Nhu c\u1ea7u v\u1eadn t\u1ea3i h\u00e0ng h\u00f3a ng\u00e0y m\u1ed9t t\u0103ng m\u1ea1nh nh\u1ea5t l\u00e0 trong nh\u1eefng n\u0103m tr\u1edf l\u1ea1i \u0111\u00e2y, khi m\u00e0 c\u00e1c lo\u1ea1i ph\u01b0\u01a1ng ti\u1ec7n v\u1eadn t\u1ea3i \u0111\u01b0\u1eddng b\u1ed9 \u0111i\u1ec3n h\u00ecnh l\u00e0<strong> <a href=\"https:\/\/demo8.thuythu.com\/dailyxetai\/product-category\/xe-tai\/\"><span style=\"color: #ff0000;\">Xe T\u1ea3i<\/span><\/a><\/strong> d\u1ea7n d\u1ea7n kh\u00f4ng \u0111\u00e1p \u1ee9ng \u0111\u1ee7 s\u1ed1 l\u01b0\u1ee3ng h\u00e0ng h\u00f3a v\u1eadn t\u1ea3i trong m\u1ed9t chuy\u1ebfn \u0111i th\u00ec vi\u1ec7c t\u00ecm ra lo\u1ea1i ph\u01b0\u01a1ng ti\u1ec7n m\u1edbi \u0111\u00e1p \u1ee9ng \u0111\u1ee7 v\u1ec1 nhu c\u1ea7u v\u1eadn t\u1ea3i h\u00e0ng h\u00f3a l\u1edbn tr\u00ean nh\u1eefng chuy\u1ebfn \u0111\u01b0\u1eddng d\u00e0i \u0111ang l\u00e0 gi\u1ea3i ph\u00e1p c\u1ea5p thi\u1ebft \u0111\u01b0\u1ee3c \u0111\u1eb7t l\u00ean h\u00e0ng \u0111\u1ea7u. \u0110\u1ee9ng tr\u01b0\u1edbc xu h\u01b0\u1edbng n\u00e0y chi\u1ebfc Xe \u0110\u1ea7u K\u00e9o Howo 380Hp C\u1ea7u D\u1ea7u N\u00f3c Th\u1ea5p l\u00e0 s\u1ef1 l\u1ef1a ch\u1ecdn thay th\u1ebf ho\u00e0n h\u1ea3o trong ph\u00e2n kh\u00fac t\u1ea3i n\u1eb7ng si\u00eau tr\u01b0\u1eddng b\u1edfi l\u1ebd chi\u1ebfc xe n\u00e0y \u0111\u00e1p \u1ee9ng \u0111\u1ee7 c\u00e1c ti\u00eau ch\u00ed hi\u1ec7u qu\u1ea3 kinh t\u1ebf cao, kh\u1ed1i l\u01b0\u1ee3ng chuy\u00ean ch\u1edf cao , s\u1ef1 \u0111a d\u1ee5ng c\u01a1 \u0111\u1ed9ng khi k\u1ebft h\u1ee3p \u0111\u01b0\u1ee3c v\u1edbi r\u1ea5t nhi\u1ec1u lo\u1ea1i sowmi-r\u01a1 mooc chuy\u00ean d\u1ee5ng kh\u00e1c nhau, ti\u1ebft ki\u1ec7m nhi\u00ean li\u1ec7u nh\u01b0ng v\u1eabn \u0111\u1ea3m b\u1ea3o \u0111\u01b0\u1ee3c \u1ed5n \u0111\u1ecbnh v\u00e0 b\u1ec1n b\u1ec9 trong su\u1ed1t kho\u1ea3ng th\u1eddi gian d\u00e0i v\u00e0 \u0111\u1eb7c bi\u1ec7t <strong>gi\u00e1 th\u00e0nh c\u1ee7a chi\u1ebfc xe n\u00e0y v\u00f4 c\u00f9ng h\u1ee3p l\u00fd<\/strong> trong ph\u00e2n kh\u00fac s\u1ebd gi\u00fap kh\u00e1ch h\u00e0ng nhanh ch\u00f3ng thu h\u1ed3i v\u1ed1n \u0111\u1ea7u t\u01b0 ban \u0111\u1ea7u, t\u0103ng hi\u1ec7u qu\u1ea3 chi ph\u00ed \u0111\u1ea7u t\u01b0.<\/p>\n<p><img class=\"aligncenter size-full wp-image-13410\" src=\"https:\/\/demo8.thuythu.com\/dailyxetai\/wp-content\/uploads\/2021\/08\/dau-keo-howo-380hp-cau-dau-noc-thap.jpg\" alt=\"\" width=\"800\" height=\"600\" srcset=\"https:\/\/demo8.thuythu.com\/dailyxetai\/wp-content\/uploads\/2021\/08\/dau-keo-howo-380hp-cau-dau-noc-thap.jpg 800w, https:\/\/demo8.thuythu.com\/dailyxetai\/wp-content\/uploads\/2021\/08\/dau-keo-howo-380hp-cau-dau-noc-thap-280x210.jpg 280w, https:\/\/demo8.thuythu.com\/dailyxetai\/wp-content\/uploads\/2021\/08\/dau-keo-howo-380hp-cau-dau-noc-thap-467x350.jpg 467w, https:\/\/demo8.thuythu.com\/dailyxetai\/wp-content\/uploads\/2021\/08\/dau-keo-howo-380hp-cau-dau-noc-thap-768x576.jpg 768w, https:\/\/demo8.thuythu.com\/dailyxetai\/wp-content\/uploads\/2021\/08\/dau-keo-howo-380hp-cau-dau-noc-thap-600x450.jpg 600w\" sizes=\"(max-width: 800px) 100vw, 800px\" \/><\/p>\n<p>S\u1ef1 ph\u1ed5 bi\u1ebfn c\u1ee7a m\u1eabu cabin A7 l\u00e0 l\u1ee3i th\u1ebf r\u1ea5t l\u1edbn cho c\u00e1c nh\u00e0 ph\u00e2n ph\u1ed1i xe \u0111\u1ea7u k\u00e9o howo. C\u00e1c \u0111\u1ea1i l\u00fd ph\u00e2n ph\u1ed1i ch\u00ednh h\u00e3ng r\u1ed9ng kh\u1eafp c\u1ea3 n\u01b0\u1edbc c\u00f9ng v\u1edbi \u0111\u00f3 l\u00e0 ph\u1ee5 t\u00f9ng c\u00f3 s\u1eb5n t\u1ea1i c\u00e1c \u0111\u1ea1i l\u00fd, s\u1eeda ch\u1eefa, b\u00e3i d\u01b0\u1ee1ng d\u1ec5 d\u00e0ng, chi ph\u00ed s\u1eeda ch\u1eefa r\u1ea5t r\u1ebb. Xe \u0110\u1ea7u K\u00e9o Howo 380Hp C\u1ea7u D\u1ea7u N\u00f3c Th\u1ea5p c\u00f3 k\u1ebft c\u1ea5u ch\u1eafc ch\u1eafc v\u1edbi h\u1ec7 th\u1ed1ng chassi k\u00e9p 2 l\u1edbp, li\u00ean k\u1ebft c\u1ea7u\u00a0 sau ch\u1eef V \u1ed5n \u0111\u1ecbnh m\u1ea1nh m\u1ebd.<\/p>\n<h1><span style=\"color: #0000ff;\">\u01afu \u0111i\u1ec3m n\u1ed5i b\u1eadc c\u1ee7a d\u00f2ng Xe \u0110\u1ea7u K\u00e9o Howo 380Hp C\u1ea7u D\u1ea7u N\u00f3c Th\u1ea5p<\/span><\/h1>\n<h2><span style=\"color: #0000ff;\">H\u1ec7 th\u1ed1ng truy\u1ec1n \u0111\u1ed9ng m\u1ea1nh m\u1ebd, b\u1ec1n b\u1ec9<\/span><\/h2>\n<p><img class=\"aligncenter size-full wp-image-13416\" src=\"https:\/\/demo8.thuythu.com\/dailyxetai\/wp-content\/uploads\/2021\/08\/dau-keo-howo-380hp-cau-dau-noc-thap-8.jpg\" alt=\"\" width=\"800\" height=\"600\" srcset=\"https:\/\/demo8.thuythu.com\/dailyxetai\/wp-content\/uploads\/2021\/08\/dau-keo-howo-380hp-cau-dau-noc-thap-8.jpg 800w, https:\/\/demo8.thuythu.com\/dailyxetai\/wp-content\/uploads\/2021\/08\/dau-keo-howo-380hp-cau-dau-noc-thap-8-280x210.jpg 280w, https:\/\/demo8.thuythu.com\/dailyxetai\/wp-content\/uploads\/2021\/08\/dau-keo-howo-380hp-cau-dau-noc-thap-8-467x350.jpg 467w, https:\/\/demo8.thuythu.com\/dailyxetai\/wp-content\/uploads\/2021\/08\/dau-keo-howo-380hp-cau-dau-noc-thap-8-768x576.jpg 768w, https:\/\/demo8.thuythu.com\/dailyxetai\/wp-content\/uploads\/2021\/08\/dau-keo-howo-380hp-cau-dau-noc-thap-8-600x450.jpg 600w\" sizes=\"(max-width: 800px) 100vw, 800px\" \/><\/p>\n<p>Xe \u0110\u1ea7u K\u00e9o Howo 380Hp C\u1ea7u D\u1ea7u N\u00f3c Th\u1ea5p s\u1eed\u00a0 d\u1ee5ng kh\u1ed1i \u0111\u1ed9ng c\u01a1 D10.38.50 dung t\u00edch xilanh 9726 cc 4 k\u1ef3, 6 xilanh th\u1eb3ng h\u00e0ng t\u0103ng \u00e1p c\u00f4ng su\u1ea5t 380Hp c\u00f9ng k\u1ebft h\u1ee3p v\u1edbi h\u1ed9p s\u1ed1 c\u01a1 kh\u00ed HW19712 12 c\u1ea5p s\u1ed1 ti\u1ebfn v\u00e0 2 c\u1ea5p s\u1ed1 l\u00f9i 2 t\u1ea7ng nhanh ch\u1eadm c\u00f3 \u0111\u1ed3ng t\u1ed1c k\u00e8m v\u1edbi \u0111\u00f3 l\u00e0 h\u1ec7 th\u1ed1ng c\u1ea7u d\u1ea7u HC16 ( lo\u1ea1i c\u1ea7u \u0111\u00fac nguy\u00ean kh\u1ed1i t\u1ed1t nh\u1ea5t v\u00e0 m\u1eaft ti\u1ec1n nh\u1ea5t c\u1ee7a Sinotruk) visai (c\u1ea7u nh\u00f4ng b\u00eca) v\u1edbi t\u1ec9 s\u1ed1 truy\u1ec1n \u0111\u1ed9ng cao 4.42 m\u1ea1nh m\u1ebd. \u0110\u1ed1i v\u1edbi c\u00e1c cung \u0111\u01b0\u1eddng nhi\u1ec1u \u0111\u00e8o d\u1ed1c, \u0111\u01b0\u1eddng x\u1ea5u g\u1ed3 gh\u1ec1 th\u00ec vi\u1ec7c trang b\u1ecb h\u1ec7 th\u1ed1ng c\u1ea7u d\u1ea7u lu\u00f4n ph\u00e1t huy \u0111\u01b0\u1ee3c t\u1ea5t c\u1ea3 tinh t\u00fay hi\u1ec7u qu\u1ea3 m\u1ed9t c\u00e1ch c\u1ee7a n\u00f3 v\u1edbi t\u1ef7 s\u1ed1 truy\u1ec1n l\u1edbn v\u00e0 k\u1ebft c\u1ea5u\u00a0 b\u00e1nh r\u0103ng ch\u1ecbu l\u1ef1c c\u1ef1c k\u1ef3 t\u1ed1t. H\u1ec7 th\u1ed1ng b\u00e1nh r\u0103ng h\u00e0nh tinh gi\u1ea3m t\u1ed1c \u1edf hai b\u00ean may-\u01a1 gi\u00fap gi\u1ea3m \u00e1p l\u1ef1c cho c\u1ee5m b\u00e1nh r\u0103ng v\u00e0nh ch\u1eadu qu\u1ea3 d\u1ee9a, do \u0111\u00f3 l\u00e0m gi\u1ea3m k\u00edch th\u01b0\u1edbc v\u00e0 t\u0103ng \u0111\u1ed9 b\u1ec1n, an to\u00e0n cho c\u1ea7u.<\/p>\n<h2><span style=\"color: #0000ff;\">H\u1ec7 th\u1ed1ng treo v\u00e0 khung g\u1ea7m ch\u1eafc ch\u1eafn<\/span><\/h2>\n<p>Chi\u1ebfc Xe \u0110\u1ea7u K\u00e9o Howo 380Hp C\u1ea7u D\u1ea7u N\u00f3c Th\u1ea5p \u0111\u01b0\u1ee3c thi\u1ebft k\u1ebf \u0111\u1ec3 chuy\u00ean ch\u1edf v\u00e0 k\u1ebft h\u1ee3p v\u1edbi c\u00e1c lo\u1ea1i s\u01a1 mi-r\u01a1 mooc chuy\u00ean d\u1ee5ng c\u00f3 kh\u1ed1i l\u01b0\u1ee3ng chuy\u00ean ch\u1edf ph\u00e9p trung b\u00ecnh t\u1eeb 22 \u0111\u1ebfn 40 t\u1ea5n, tuy nhi\u00ean tr\u00ean th\u1ef1c t\u1ebf d\u00f2ng xe n\u00e0y c\u00f3 th\u1ec3 c\u00f3 k\u00e9o v\u1edbi kh\u1ed1i l\u01b0\u1ee3ng h\u00e0ng h\u00f3a g\u1ea5p 2-3 l\u1ea7n so v\u1edbi m\u1ee9c thi\u1ebft k\u1ebf c\u1ee7a nh\u00e0 s\u1ea3n xu\u1ea5t trung b\u00ecnh t\u1eeb 70 t\u1ea5n \u0111\u1ebfn 90 t\u1ea5n. \u0110\u1ec3 l\u00e0m \u0111\u01b0\u1ee3c \u0111i\u1ec1u n\u00e0y nh\u00e0 m\u00e1y CNHTC \u0111\u00e3 trang b\u1ecb cho chi\u1ebfc Xe \u0110\u1ea7u K\u00e9o Howo 380Hp C\u1ea7u D\u1ea7u N\u00f3c Th\u1ea5p h\u1ec7 th\u1ed1ng khung g\u1ea7m chassi k\u00e9p 2 l\u1edbp c\u00f3 \u0111\u1ed9 d\u00e0y l\u00ean \u0111\u1ebfn 16 mm( m\u1ed7i l\u1edbp chassi d\u00e0y 8 mm) \u0111\u01b0\u1ee3c l\u00e0m b\u1eb1ng th\u00e9p c\u00f3 ch\u1ecbu l\u1ef1c cao. Hai l\u1edbp chassi k\u00e9p n\u00e0y \u0111\u01b0\u1ee3c l\u1ed3ng v\u00e0o nhau xuy\u00ean su\u1ed1t t\u1eeb \u0111\u1ea7u \u0111\u1ebfn cu\u1ed1i gi\u00fap chi\u1ebfc xe ch\u1ed1ng xo\u1eafn khi v\u1eadn h\u00e0nh \u1edf nh\u1eefng cung \u0111\u01b0\u1eddng \u0111\u00e8o d\u1ed1c kh\u00fac khu\u1ef7u \u0111\u1ed3ng th\u1eddi vi\u1ec7c l\u1ed3ng chassi c\u00f2n gi\u00fap chi\u1ebfc xe c\u00f3 \u0111\u1ed9 \u0111\u00e0n h\u1ed3i c\u1ef1c cao, gi\u1ea3m thi\u1ec3u vi\u1ec7c g\u00e3y chassi, bi\u1ebfn d\u1ea1ng chassi.<\/p>\n<p><img class=\"aligncenter size-full wp-image-13418\" src=\"https:\/\/demo8.thuythu.com\/dailyxetai\/wp-content\/uploads\/2021\/08\/dau-keo-howo-380hp-cau-dau-noc-thap-9.jpg\" alt=\"\" width=\"800\" height=\"599\" srcset=\"https:\/\/demo8.thuythu.com\/dailyxetai\/wp-content\/uploads\/2021\/08\/dau-keo-howo-380hp-cau-dau-noc-thap-9.jpg 800w, https:\/\/demo8.thuythu.com\/dailyxetai\/wp-content\/uploads\/2021\/08\/dau-keo-howo-380hp-cau-dau-noc-thap-9-280x210.jpg 280w, https:\/\/demo8.thuythu.com\/dailyxetai\/wp-content\/uploads\/2021\/08\/dau-keo-howo-380hp-cau-dau-noc-thap-9-467x350.jpg 467w, https:\/\/demo8.thuythu.com\/dailyxetai\/wp-content\/uploads\/2021\/08\/dau-keo-howo-380hp-cau-dau-noc-thap-9-768x575.jpg 768w, https:\/\/demo8.thuythu.com\/dailyxetai\/wp-content\/uploads\/2021\/08\/dau-keo-howo-380hp-cau-dau-noc-thap-9-600x449.jpg 600w\" sizes=\"(max-width: 800px) 100vw, 800px\" \/><\/p>\n<p>M\u1eb7c d\u00f9 \u0111\u01b0\u1ee3c thi\u1ebft k\u1ebf 2 l\u1edbp chassi v\u1eefng ch\u1eafc nh\u01b0ng chi\u1ebfc xe e \u0110\u1ea7u K\u00e9o Howo 380Hp C\u1ea7u D\u1ea7u N\u00f3c Th\u1ea5p l\u1ea1i v\u1eadn h\u00e0nh c\u1ef1c k\u1ef3 \u00eam \u00e1i khi \u0111\u01b0\u1ee3c trang b\u1ecb h\u1ec7 th\u1ed1ng treo ti\u00ean ti\u1ebfn g\u1ed3m h\u1ec7 th\u1ed1ng nh\u00edp l\u00e1 ph\u1ee5 thu\u1ed9c 10 l\u00e1 ph\u00eda tr\u01b0\u1edbc, 12 l\u00e1 ph\u00eda sau s\u1ebfp ch\u1ed3ng l\u00ean nhau c\u00f9ng k\u1ebft h\u1ee3p v\u1edbi \u1ed1ng l\u1ed3ng th\u1ee7y l\u1ef1c v\u00e0 h\u1ec7 th\u1ed1ng b\u1ea7u h\u01a1i. H\u1ec7 th\u1ed1ng \u1ed1ng l\u1ed3ng th\u1ee7y l\u1ef1c \u0111i k\u00e8m v\u1edbi bu h\u01a1i \u0111\u1ea3m b\u1ea3o cho cho h\u1ec7 th\u1ed1ng nh\u00edp l\u00e1 c\u1ee7a chi\u1ebfc e \u0110\u1ea7u K\u00e9o Howo 380Hp C\u1ea7u D\u1ea7u N\u00f3c Th\u1ea5p ho\u1ea1t \u0111\u1ed3ng \u0111\u00fang h\u00e0nh tr\u00ecnh kh\u00f4ng b\u1ecb qu\u00e1 gi\u1edbi h\u1ea1n d\u1eabn \u0111\u1ebfn hi\u1ec7n t\u01b0\u1ee3ng g\u00e3y n\u1ee9t v\u00e0 bi\u1ebfn d\u1ea1nh.<\/p>\n<p>Ngo\u00e0i ra chi\u1ebfc Xe \u0110\u1ea7u K\u00e9o Howo 380Hp C\u1ea7u D\u1ea7u N\u00f3c Th\u1ea5p c\u00f2n \u0111\u01b0\u1ee3c nh\u00e0 m\u00e1y CNHTC trang b\u1ecb h\u1ec7 th\u1ed1ng l\u1ed1p xe c\u1ee1 l\u1edbn k\u1ebft c\u1ea5u b\u1ed1 th\u00e9p v\u1edbi c\u00f4ng th\u1ee9c b\u00e1nh xe 6&#215;4 ( g\u1ed3m c\u00f3 3 tr\u1ee5c, trong \u0111\u00f3 1 tr\u1ee5c d\u1eabn h\u01b0\u1edbng l\u00e1i n\u1eb1m ph\u00eda tr\u01b0\u1edbc v\u00e0 2 tr\u1ee5c ch\u1ee7 \u0111\u1ed9ng d\u1eabn \u0111\u1ed9ng \u1edf ph\u00eda sau). L\u1ed1p xe \u0111\u01b0\u1ee3c trang b\u1ecb l\u00e0 lo\u1ea1i l\u1ed1p c\u1ee1 l\u1edbn c\u00f3 k\u00edch th\u01b0\u1edbc 12.00R22 l\u00e0 lo\u1ea1i l\u1ed1p c\u00f3 ru\u1ed9t v\u00e0 b\u1ed1 k\u1ebdm ch\u1ecbu t\u1ea3i c\u1ef1c k\u1ef3 cao.<\/p>\n<p><img class=\"aligncenter size-full wp-image-13420\" src=\"https:\/\/demo8.thuythu.com\/dailyxetai\/wp-content\/uploads\/2021\/08\/dau-keo-howo-380hp-cau-dau-noc-thap-7.jpg\" alt=\"\" width=\"800\" height=\"600\" srcset=\"https:\/\/demo8.thuythu.com\/dailyxetai\/wp-content\/uploads\/2021\/08\/dau-keo-howo-380hp-cau-dau-noc-thap-7.jpg 800w, https:\/\/demo8.thuythu.com\/dailyxetai\/wp-content\/uploads\/2021\/08\/dau-keo-howo-380hp-cau-dau-noc-thap-7-280x210.jpg 280w, https:\/\/demo8.thuythu.com\/dailyxetai\/wp-content\/uploads\/2021\/08\/dau-keo-howo-380hp-cau-dau-noc-thap-7-467x350.jpg 467w, https:\/\/demo8.thuythu.com\/dailyxetai\/wp-content\/uploads\/2021\/08\/dau-keo-howo-380hp-cau-dau-noc-thap-7-768x576.jpg 768w, https:\/\/demo8.thuythu.com\/dailyxetai\/wp-content\/uploads\/2021\/08\/dau-keo-howo-380hp-cau-dau-noc-thap-7-600x450.jpg 600w\" sizes=\"(max-width: 800px) 100vw, 800px\" \/><\/p>\n<h2><span style=\"color: #0000ff;\">Ngo\u1ea1i th\u1ea5t v\u00e0 n\u1ed9i th\u1ea5t h\u01b0\u1edbng \u0111\u1ebfn s\u1ef1 ti\u1ec7n nghi t\u1ed1i \u01b0u<\/span><\/h2>\n<p>Xe \u0110\u1ea7u K\u00e9o Howo 380Hp C\u1ea7u D\u1ea7u N\u00f3c Th\u1ea5p c\u00f3 \u0111\u1ea7y \u0111\u1ee7 v\u1edbi 3 phi\u00ean b\u1ea3n m\u00e0u xanh, m\u00e0u n\u00e2u, m\u00e0u b\u1ea1c cho kh\u00e1ch h\u00e0ng l\u1ef1a ch\u1ecdn mang \u0111\u1ebfn s\u1ef1 n\u0103ng \u0111\u1ed9ng, \u0111a d\u1ea1ng t\u1ecfng l\u00ecnh v\u1ef1c s\u1ea3n xu\u1ea5t xe \u0111\u1ea7u k\u00e9o howo, th\u1ec3 hi\u1ec7n \u0111\u01b0\u1ee3c nh\u1eefng n\u00e9t tinh t\u1ebf, m\u1ea1nh m\u1ebd trong thi\u1ebft k\u1ebfchi ti\u1ebft t\u1eeb h\u00ecnh d\u00e1ng b\u00ean ngo\u00e0i \u0111\u1ebfn n\u1ed9i th\u1ea5t b\u00ean trong sang tr\u1ecdng v\u00e0 mang t\u00ednh ch\u1ea5t ti\u1ec7n nghi hi\u1ec7n \u0111\u1ea1i.<\/p>\n<h4><span style=\"color: #0000ff;\">Ngo\u1ea1i th\u1ea5t<\/span><\/h4>\n<p>Chi\u1ebfc Xe \u0110\u1ea7u K\u00e9o Howo 380Hp C\u1ea7u D\u1ea7u N\u00f3c Th\u1ea5p v\u1edbi m\u1eabu cabin New A7P \u0111\u01b0\u1ee3c c\u1ea3i ti\u1ebfn v\u00e0 n\u00e2ng c\u1ea5p t\u1eeb m\u1eabu cabin A7 \u0111\u01b0\u1ee3c m\u1ec7nh danh l\u00e0 kh\u00f4ng bao gi\u1edd l\u1ed7i th\u1eddi c\u1ee7a t\u1eadp \u0111o\u00e0n xe t\u1ea3i n\u1eb7ng Qu\u1ed1c gia Trung Qu\u1ed1c. C\u1ee5m \u0111\u00e8n pha \u0111\u01b0\u1ee3c n\u00e2ng c\u1ea5p th\u00e0nh c\u00f4ng ngh\u1ec7 chi\u1ebfu s\u00e1ng \u0111a \u0111i\u1ec3m v\u1edbi g\u00f3c chi\u1ebfu r\u1ed9ng h\u01a1n, c\u01b0\u1eddng \u0111\u1ed9 \u00e1nh s\u00e1ng cao h\u01a1n nh\u1edd c\u00e1c b\u00f3ng \u0111\u00e8n halogen \u0111\u01b0\u1ee3c l\u00e0m t\u00e1ch bi\u1ec7t nhau k\u1ebft h\u1ee3p v\u1edbi c\u00e1c c\u1ee5m b\u00f3ng xinhan v\u00e0 \u0111\u00e8n s\u01b0\u01a1ng m\u00f9 t\u1ea1o n\u00ean m\u1ed9t h\u1ec7 th\u1ed1ng \u0111\u00e8n h\u00ecnh t\u1ed5 ong, v\u1edbi thi\u1ebft k\u1ebf \u0111\u1ed9c \u0111\u00e1o n\u00e0y gi\u00fap chi\u1ebfc xe Xe \u0110\u1ea7u K\u00e9o Howo 380Hp C\u1ea7u D\u1ea7u N\u00f3c Th\u1ea5p c\u00f3 kh\u1ea3 n\u0103ng nh\u1eadn di\u1ec7n cao h\u01a1n \u0111\u1ed3ng th\u1eddi d\u1ec5 thay th\u1ebf, s\u1eeda ch\u1eefa c\u00e1c b\u00f3ng \u0111\u00e8n. B\u00ean c\u1ea1nh \u0111\u00f3 c\u1ee5m g\u01b0\u01a1ng chi\u1ebfu h\u1eadu c\u0169ng l\u00e0 \u0111i\u1ec3m c\u1ed9ng c\u1ee7a d\u00f2ng xe n\u00e0y khi \u0111\u01b0\u1ee3c trang b\u1ecb h\u1ec7 th\u1ed1ng g\u01b0\u01a1ng ch\u1ec9nh \u0111i\u1ec7n v\u00e0 s\u1ea5y k\u00ednh gi\u00fap ng\u01b0\u1eddi v\u1eadn h\u00e0nh d\u1ec5 d\u00e0ng \u0111i\u1ec1u ch\u1ec9nh g\u01b0\u01a1ng ph\u00f9 h\u1ee3p v\u1edbi t\u1ea7m nh\u00ecn l\u00e1i n\u00e2ng cao ch\u1ec9 s\u1ed1 an to\u00e0n trong qu\u00e1\u00a0 tr\u00ecnh l\u00e1i xe.<\/p>\n<p><img class=\"aligncenter size-full wp-image-13410\" src=\"https:\/\/demo8.thuythu.com\/dailyxetai\/wp-content\/uploads\/2021\/08\/dau-keo-howo-380hp-cau-dau-noc-thap.jpg\" alt=\"\" width=\"800\" height=\"600\" srcset=\"https:\/\/demo8.thuythu.com\/dailyxetai\/wp-content\/uploads\/2021\/08\/dau-keo-howo-380hp-cau-dau-noc-thap.jpg 800w, https:\/\/demo8.thuythu.com\/dailyxetai\/wp-content\/uploads\/2021\/08\/dau-keo-howo-380hp-cau-dau-noc-thap-280x210.jpg 280w, https:\/\/demo8.thuythu.com\/dailyxetai\/wp-content\/uploads\/2021\/08\/dau-keo-howo-380hp-cau-dau-noc-thap-467x350.jpg 467w, https:\/\/demo8.thuythu.com\/dailyxetai\/wp-content\/uploads\/2021\/08\/dau-keo-howo-380hp-cau-dau-noc-thap-768x576.jpg 768w, https:\/\/demo8.thuythu.com\/dailyxetai\/wp-content\/uploads\/2021\/08\/dau-keo-howo-380hp-cau-dau-noc-thap-600x450.jpg 600w\" sizes=\"(max-width: 800px) 100vw, 800px\" \/><\/p>\n<h4><span style=\"color: #0000ff;\">N\u1ed9i th\u1ea5t<\/span><\/h4>\n<p>Xe \u0110\u1ea7u K\u00e9o Howo 380Hp C\u1ea7u D\u1ea7u N\u00f3c Th\u1ea5p c\u00f3 n\u1ed9i th\u1ea5t\u00a0 \u0111\u1ea7y \u0111\u1ee7 nh\u1eefng ti\u00eau chu\u1ea9n c\u1ee7a m\u1ed9t chi\u1ebfc xe \u0111\u01b0\u1eddng tr\u01b0\u1eddng khi m\u00e0 n\u00f3 \u0111\u01b0\u1ee3c trang b\u1ecb kh\u00e1 nhi\u1ec1u options ti\u1ec7n nghi v\u1edbi m\u1ee5c \u0111\u00edch an to\u00e0n v\u00e0 tho\u1ea3i m\u00e1i nh\u1ea5t cho ng\u01b0\u1eddi c\u1ea7m l\u00e1i. Khonag n\u1ed9i th\u1ea5t r\u1ed9ng r\u00e3i 2 gh\u00ea ng\u1ed3i \u0111i k\u00e8m v\u1edbi 1 gi\u01b0\u1eddng n\u1eb1m ph\u00eda sau, c\u1ea3 2 gh\u1ebf l\u00e1i v\u00e0 gh\u1ebf ph\u1ee5 \u0111\u1ec1u \u0111\u01b0\u1ee3c trang b\u1ecb h\u1ec7 th\u1ed1ng tr\u1ee3 l\u1ef1c h\u01a1i \u00eam \u00e1i khi li\u00ean t\u1ee5c ph\u1ea3i di chuy\u1ec3n tr\u00ean nh\u1eefng cung \u0111\u01b0\u1eddng d\u00e0i \u0111\u00e8o d\u1ed1c v\u00e0 g\u1ed3 gh. V\u00f4 l\u0103ng l\u00e1i c\u00f3 tr\u1ee3 l\u1ef1c th\u1ee7y l\u1ef1c cho c\u1ea3m gi\u00e1c nh\u1eb9 nh\u00e0ng v\u00e0 th\u1ef1c t\u1ebf \u0111i k\u00e8m v\u1edbi ch\u1ebf \u0111\u1ed9 g\u1eadt g\u00f9 c\u00f3c th\u1ec3 \u0111i\u1ec1u ch\u1ec9nh sao cho ph\u00f9 h\u1ee3p v\u1edbi t\u01b0 th\u1ebf c\u1ee7a ng\u01b0\u1eddi c\u1ea7m l\u00e1i. Ngo\u00e0i ra, nh\u1eefng ph\u00edm \u0111i\u1ec1u khi\u1ec3n ch\u1ee9c n\u0103ng nh\u01b0 FM radio, b\u1eadt t\u1eaf \u0111i\u1ec1u h\u00f2a nhi\u1ec7t \u0111\u1ed9, \u0111i\u1ec1u ch\u1ec9nh \u00e2m l\u01b0\u1ee3ng radio, k\u00e8n h\u01a1i, g\u00e0i c\u1ea7u v\u00e0 \u0111i\u1ec1u ch\u1ec9nh ga \u0111\u1ed9ng c\u01a1 c\u0169ng \u0111\u01b0\u1ee3c b\u1ed1 tr\u00ed xung quanh v\u1ecb tr\u00ed ng\u01b0\u1eddi l\u00e1i \u0111\u1ec3 thu\u1eadn ti\u1ec7n cho vi\u1ec7c \u0111i\u1ec1u ch\u1ec9nh trong qu\u00e1 tr\u00ecnh v\u1eadn h\u00e0nh xe.<\/p>\n<p><img class=\"aligncenter size-full wp-image-13441\" src=\"https:\/\/demo8.thuythu.com\/dailyxetai\/wp-content\/uploads\/2021\/08\/dau-keo-howo-380hp-cau-dau-noc-thap-10-1.jpg\" alt=\"\" width=\"800\" height=\"600\" srcset=\"https:\/\/demo8.thuythu.com\/dailyxetai\/wp-content\/uploads\/2021\/08\/dau-keo-howo-380hp-cau-dau-noc-thap-10-1.jpg 800w, https:\/\/demo8.thuythu.com\/dailyxetai\/wp-content\/uploads\/2021\/08\/dau-keo-howo-380hp-cau-dau-noc-thap-10-1-280x210.jpg 280w, https:\/\/demo8.thuythu.com\/dailyxetai\/wp-content\/uploads\/2021\/08\/dau-keo-howo-380hp-cau-dau-noc-thap-10-1-467x350.jpg 467w, https:\/\/demo8.thuythu.com\/dailyxetai\/wp-content\/uploads\/2021\/08\/dau-keo-howo-380hp-cau-dau-noc-thap-10-1-768x576.jpg 768w, https:\/\/demo8.thuythu.com\/dailyxetai\/wp-content\/uploads\/2021\/08\/dau-keo-howo-380hp-cau-dau-noc-thap-10-1-600x450.jpg 600w\" sizes=\"(max-width: 800px) 100vw, 800px\" \/><\/p>\n","protected":false},"excerpt":{"rendered":"<p>Nhu c\u1ea7u s\u1eed d\u1ee5ng Xe \u0110\u1ea7u K\u00e9o Howo 380Hp t\u1ea1i th\u1ecb tr\u01b0\u1eddng Vi\u1ec7t Nam Nhu c\u1ea7u v\u1eadn t\u1ea3i h\u00e0ng h\u00f3a ng\u00e0y m\u1ed9t t\u0103ng m\u1ea1nh nh\u1ea5t l\u00e0 trong nh\u1eefng n\u0103m tr\u1edf l\u1ea1i \u0111\u00e2y, khi m\u00e0 c\u00e1c lo\u1ea1i ph\u01b0\u01a1ng ti\u1ec7n v\u1eadn t\u1ea3i \u0111\u01b0\u1eddng b\u1ed9 \u0111i\u1ec3n h\u00ecnh l\u00e0 Xe T\u1ea3i d\u1ea7n d\u1ea7n kh\u00f4ng \u0111\u00e1p \u1ee9ng \u0111\u1ee7 s\u1ed1 l\u01b0\u1ee3ng [&hellip;]<\/p>\n","protected":false},"featured_media":13408,"comment_status":"open","ping_status":"closed","template":"","meta":[],"yoast_head":"<!-- This site is optimized with the Yoast SEO plugin v14.8 - https:\/\/yoast.com\/wordpress\/plugins\/seo\/ -->\n<title>Xe \u0110\u1ea7u K\u00e9o Howo 380Hp C\u1ea7u D\u1ea7u N\u00f3c Th\u1ea5p - Dailyxetai.com.vn<\/title>\n<meta name=\"description\" content=\"Xe \u0110\u1ea7u K\u00e9o Howo 380Hp C\u1ea7u D\u1ea7u N\u00f3c Th\u1ea5p c\u00f3 \u0111\u1ea7y \u0111\u1ee7 v\u1edbi 3 phi\u00ean b\u1ea3n m\u00e0u xanh, m\u00e0u n\u00e2u, m\u00e0u b\u1ea1c cho kh\u00e1ch h\u00e0ng l\u1ef1a ch\u1ecdn mang \u0111\u1ebfn s\u1ef1 n\u0103ng \u0111\u1ed9ng\" \/>\n<meta name=\"robots\" content=\"noindex, follow\" \/>\n<meta property=\"og:locale\" content=\"vi_VN\" \/>\n<meta property=\"og:type\" content=\"article\" \/>\n<meta property=\"og:title\" content=\"Xe \u0110\u1ea7u K\u00e9o Howo 380Hp C\u1ea7u D\u1ea7u N\u00f3c Th\u1ea5p - Dailyxetai.com.vn\" \/>\n<meta property=\"og:description\" content=\"Xe \u0110\u1ea7u K\u00e9o Howo 380Hp C\u1ea7u D\u1ea7u N\u00f3c Th\u1ea5p c\u00f3 \u0111\u1ea7y \u0111\u1ee7 v\u1edbi 3 phi\u00ean b\u1ea3n m\u00e0u xanh, m\u00e0u n\u00e2u, m\u00e0u b\u1ea1c cho kh\u00e1ch h\u00e0ng l\u1ef1a ch\u1ecdn mang \u0111\u1ebfn s\u1ef1 n\u0103ng \u0111\u1ed9ng\" \/>\n<meta property=\"og:url\" content=\"https:\/\/demo8.thuythu.com\/dailyxetai\/san-pham\/xe-dau-keo-howo-380hp-cau-dau-noc-thap\/\" \/>\n<meta property=\"og:site_name\" content=\"Dailyxetai.com.vn\" \/>\n<meta property=\"article:modified_time\" content=\"2021-11-29T15:09:21+00:00\" \/>\n<meta property=\"og:image\" content=\"https:\/\/demo8.thuythu.com\/dailyxetai\/wp-content\/uploads\/2021\/08\/dau-keo-howo-380hp-cau-dau-noc-thap-1.jpg\" \/>\n\t<meta property=\"og:image:width\" content=\"800\" \/>\n\t<meta property=\"og:image:height\" content=\"600\" \/>\n<meta name=\"twitter:card\" content=\"summary_large_image\" \/>\n<script type=\"application\/ld+json\" class=\"yoast-schema-graph\">{\"@context\":\"https:\/\/schema.org\",\"@graph\":[{\"@type\":\"WebSite\",\"@id\":\"https:\/\/demo8.thuythu.com\/dailyxetai\/#website\",\"url\":\"https:\/\/demo8.thuythu.com\/dailyxetai\/\",\"name\":\"Dailyxetai.com.vn\",\"description\":\"\",\"potentialAction\":[{\"@type\":\"SearchAction\",\"target\":\"https:\/\/demo8.thuythu.com\/dailyxetai\/?s={search_term_string}\",\"query-input\":\"required name=search_term_string\"}],\"inLanguage\":\"vi\"},{\"@type\":\"ImageObject\",\"@id\":\"https:\/\/demo8.thuythu.com\/dailyxetai\/san-pham\/xe-dau-keo-howo-380hp-cau-dau-noc-thap\/#primaryimage\",\"inLanguage\":\"vi\",\"url\":\"https:\/\/demo8.thuythu.com\/dailyxetai\/wp-content\/uploads\/2021\/08\/dau-keo-howo-380hp-cau-dau-noc-thap-1.jpg\",\"width\":800,\"height\":600,\"caption\":\"dailyxetai.com.vn\"},{\"@type\":\"WebPage\",\"@id\":\"https:\/\/demo8.thuythu.com\/dailyxetai\/san-pham\/xe-dau-keo-howo-380hp-cau-dau-noc-thap\/#webpage\",\"url\":\"https:\/\/demo8.thuythu.com\/dailyxetai\/san-pham\/xe-dau-keo-howo-380hp-cau-dau-noc-thap\/\",\"name\":\"Xe \\u0110\\u1ea7u K\\u00e9o Howo 380Hp C\\u1ea7u D\\u1ea7u N\\u00f3c Th\\u1ea5p - Dailyxetai.com.vn\",\"isPartOf\":{\"@id\":\"https:\/\/demo8.thuythu.com\/dailyxetai\/#website\"},\"primaryImageOfPage\":{\"@id\":\"https:\/\/demo8.thuythu.com\/dailyxetai\/san-pham\/xe-dau-keo-howo-380hp-cau-dau-noc-thap\/#primaryimage\"},\"datePublished\":\"2021-08-09T17:58:34+00:00\",\"dateModified\":\"2021-11-29T15:09:21+00:00\",\"description\":\"Xe \\u0110\\u1ea7u K\\u00e9o Howo 380Hp C\\u1ea7u D\\u1ea7u N\\u00f3c Th\\u1ea5p c\\u00f3 \\u0111\\u1ea7y \\u0111\\u1ee7 v\\u1edbi 3 phi\\u00ean b\\u1ea3n m\\u00e0u xanh, m\\u00e0u n\\u00e2u, m\\u00e0u b\\u1ea1c cho kh\\u00e1ch h\\u00e0ng l\\u1ef1a ch\\u1ecdn mang \\u0111\\u1ebfn s\\u1ef1 n\\u0103ng \\u0111\\u1ed9ng\",\"inLanguage\":\"vi\",\"potentialAction\":[{\"@type\":\"ReadAction\",\"target\":[\"https:\/\/demo8.thuythu.com\/dailyxetai\/san-pham\/xe-dau-keo-howo-380hp-cau-dau-noc-thap\/\"]}]}]}<\/script>\n<!-- \/ Yoast SEO plugin. -->","_links":{"self":[{"href":"https:\/\/demo8.thuythu.com\/dailyxetai\/wp-json\/wp\/v2\/product\/13407"}],"collection":[{"href":"https:\/\/demo8.thuythu.com\/dailyxetai\/wp-json\/wp\/v2\/product"}],"about":[{"href":"https:\/\/demo8.thuythu.com\/dailyxetai\/wp-json\/wp\/v2\/types\/product"}],"replies":[{"embeddable":true,"href":"https:\/\/demo8.thuythu.com\/dailyxetai\/wp-json\/wp\/v2\/comments?post=13407"}],"wp:featuredmedia":[{"embeddable":true,"href":"https:\/\/demo8.thuythu.com\/dailyxetai\/wp-json\/wp\/v2\/media\/13408"}],"wp:attachment":[{"href":"https:\/\/demo8.thuythu.com\/dailyxetai\/wp-json\/wp\/v2\/media?parent=13407"}],"curies":[{"name":"wp","href":"https:\/\/api.w.org\/{rel}","templated":true}]}}