{"id":13758,"date":"2021-10-19T22:29:01","date_gmt":"2021-10-19T15:29:01","guid":{"rendered":"https:\/\/demo8.thuythu.com\/dailyxetai\/?post_type=product&#038;p=13758"},"modified":"2021-10-19T22:29:02","modified_gmt":"2021-10-19T15:29:02","slug":"xe-ben-hyundai-3-chan-hd270","status":"publish","type":"product","link":"https:\/\/demo8.thuythu.com\/dailyxetai\/san-pham\/xe-ben-hyundai-3-chan-hd270\/","title":{"rendered":"Xe Ben Hyundai 3 Ch\u00e2n HD270"},"content":{"rendered":"","protected":false},"excerpt":{"rendered":"","protected":false},"featured_media":13761,"comment_status":"open","ping_status":"closed","template":"","meta":[],"yoast_head":"<!-- This site is optimized with the Yoast SEO plugin v14.8 - https:\/\/yoast.com\/wordpress\/plugins\/seo\/ -->\n<title>Xe Ben Hyundai 3 Ch\u00e2n HD270 - Dailyxetai.com.vn<\/title>\n<meta name=\"description\" content=\"Xe Ben Hyundai 3 Ch\u00e2n HD270 6x4 \u0111\u1eddi m\u1edbi v\u1edbi th\u1ec3 t\u00edch th\u00f9ng ben l\u00ean \u0111\u1ebfn 11 kh\u1ed1i, m\u1ecdi th\u00f4ng tin chi ti\u1ebft xin li\u00ean h\u1ec7 hotline: 0903.312.475\" \/>\n<meta name=\"robots\" content=\"noindex, follow\" \/>\n<meta property=\"og:locale\" content=\"vi_VN\" \/>\n<meta property=\"og:type\" content=\"article\" \/>\n<meta property=\"og:title\" content=\"Xe Ben Hyundai 3 Ch\u00e2n HD270 - Dailyxetai.com.vn\" \/>\n<meta property=\"og:description\" content=\"Xe Ben Hyundai 3 Ch\u00e2n HD270 6x4 \u0111\u1eddi m\u1edbi v\u1edbi th\u1ec3 t\u00edch th\u00f9ng ben l\u00ean \u0111\u1ebfn 11 kh\u1ed1i, m\u1ecdi th\u00f4ng tin chi ti\u1ebft xin li\u00ean h\u1ec7 hotline: 0903.312.475\" \/>\n<meta property=\"og:url\" content=\"https:\/\/demo8.thuythu.com\/dailyxetai\/product\/xe-ben-hyundai-3-chan-hd270\/\" \/>\n<meta property=\"og:site_name\" content=\"Dailyxetai.com.vn\" \/>\n<meta property=\"article:modified_time\" content=\"2021-10-19T15:29:02+00:00\" \/>\n<meta property=\"og:image\" content=\"https:\/\/demo8.thuythu.com\/dailyxetai\/wp-content\/uploads\/2021\/10\/xe-ben-hyundai-hd270-2.jpg\" \/>\n\t<meta property=\"og:image:width\" content=\"800\" \/>\n\t<meta property=\"og:image:height\" content=\"599\" \/>\n<meta name=\"twitter:card\" content=\"summary_large_image\" \/>\n<script type=\"application\/ld+json\" class=\"yoast-schema-graph\">{\"@context\":\"https:\/\/schema.org\",\"@graph\":[{\"@type\":\"WebSite\",\"@id\":\"https:\/\/demo8.thuythu.com\/dailyxetai\/#website\",\"url\":\"https:\/\/demo8.thuythu.com\/dailyxetai\/\",\"name\":\"Dailyxetai.com.vn\",\"description\":\"\",\"potentialAction\":[{\"@type\":\"SearchAction\",\"target\":\"https:\/\/demo8.thuythu.com\/dailyxetai\/?s={search_term_string}\",\"query-input\":\"required name=search_term_string\"}],\"inLanguage\":\"vi\"},{\"@type\":\"ImageObject\",\"@id\":\"https:\/\/demo8.thuythu.com\/dailyxetai\/product\/xe-ben-hyundai-3-chan-hd270\/#primaryimage\",\"inLanguage\":\"vi\",\"url\":\"https:\/\/demo8.thuythu.com\/dailyxetai\/wp-content\/uploads\/2021\/10\/xe-ben-hyundai-hd270-2.jpg\",\"width\":800,\"height\":599,\"caption\":\"dailyxetai.com.vn\"},{\"@type\":\"WebPage\",\"@id\":\"https:\/\/demo8.thuythu.com\/dailyxetai\/product\/xe-ben-hyundai-3-chan-hd270\/#webpage\",\"url\":\"https:\/\/demo8.thuythu.com\/dailyxetai\/product\/xe-ben-hyundai-3-chan-hd270\/\",\"name\":\"Xe Ben Hyundai 3 Ch\\u00e2n HD270 - Dailyxetai.com.vn\",\"isPartOf\":{\"@id\":\"https:\/\/demo8.thuythu.com\/dailyxetai\/#website\"},\"primaryImageOfPage\":{\"@id\":\"https:\/\/demo8.thuythu.com\/dailyxetai\/product\/xe-ben-hyundai-3-chan-hd270\/#primaryimage\"},\"datePublished\":\"2021-10-19T15:29:01+00:00\",\"dateModified\":\"2021-10-19T15:29:02+00:00\",\"description\":\"Xe Ben Hyundai 3 Ch\\u00e2n HD270 6x4 \\u0111\\u1eddi m\\u1edbi v\\u1edbi th\\u1ec3 t\\u00edch th\\u00f9ng ben l\\u00ean \\u0111\\u1ebfn 11 kh\\u1ed1i, m\\u1ecdi th\\u00f4ng tin chi ti\\u1ebft xin li\\u00ean h\\u1ec7 hotline: 0903.312.475\",\"inLanguage\":\"vi\",\"potentialAction\":[{\"@type\":\"ReadAction\",\"target\":[\"https:\/\/demo8.thuythu.com\/dailyxetai\/product\/xe-ben-hyundai-3-chan-hd270\/\"]}]}]}<\/script>\n<!-- \/ Yoast SEO plugin. -->","_links":{"self":[{"href":"https:\/\/demo8.thuythu.com\/dailyxetai\/wp-json\/wp\/v2\/product\/13758"}],"collection":[{"href":"https:\/\/demo8.thuythu.com\/dailyxetai\/wp-json\/wp\/v2\/product"}],"about":[{"href":"https:\/\/demo8.thuythu.com\/dailyxetai\/wp-json\/wp\/v2\/types\/product"}],"replies":[{"embeddable":true,"href":"https:\/\/demo8.thuythu.com\/dailyxetai\/wp-json\/wp\/v2\/comments?post=13758"}],"wp:featuredmedia":[{"embeddable":true,"href":"https:\/\/demo8.thuythu.com\/dailyxetai\/wp-json\/wp\/v2\/media\/13761"}],"wp:attachment":[{"href":"https:\/\/demo8.thuythu.com\/dailyxetai\/wp-json\/wp\/v2\/media?parent=13758"}],"curies":[{"name":"wp","href":"https:\/\/api.w.org\/{rel}","templated":true}]}}