{"id":13769,"date":"2021-10-19T23:15:21","date_gmt":"2021-10-19T16:15:21","guid":{"rendered":"https:\/\/demo8.thuythu.com\/dailyxetai\/?post_type=product&#038;p=13769"},"modified":"2021-10-19T23:15:21","modified_gmt":"2021-10-19T16:15:21","slug":"xe-ben-daewoo-3-chan-15-tan","status":"publish","type":"product","link":"https:\/\/demo8.thuythu.com\/dailyxetai\/san-pham\/xe-ben-daewoo-3-chan-15-tan\/","title":{"rendered":"Xe Ben Daewoo 3 Ch\u00e2n 15 T\u1ea5n"},"content":{"rendered":"","protected":false},"excerpt":{"rendered":"","protected":false},"featured_media":13770,"comment_status":"open","ping_status":"closed","template":"","meta":[],"yoast_head":"<!-- This site is optimized with the Yoast SEO plugin v14.8 - https:\/\/yoast.com\/wordpress\/plugins\/seo\/ -->\n<title>Xe Ben Daewoo 3 Ch\u00e2n 15 T\u1ea5n - Dailyxetai.com.vn<\/title>\n<meta name=\"description\" content=\"Xe ben Daewoo 3 ch\u00e2n 15 t\u1ea5n l\u00e0 lo\u1ea1i xe ben 2 c\u1ea7u th\u1eadt \u0111\u01b0\u1ee3c nh\u1eadp kh\u1ea9u nguy\u00ean chi\u1ebfc v\u00e0o th\u1ecb tr\u01b0\u1eddng Vi\u1ec7t Nam, kh\u1ed1i l\u01b0\u1ee3ng th\u00f9ng l\u00ean \u0111\u1ebfn 11 kh\u1ed1i\" \/>\n<meta name=\"robots\" content=\"noindex, follow\" \/>\n<meta property=\"og:locale\" content=\"vi_VN\" \/>\n<meta property=\"og:type\" content=\"article\" \/>\n<meta property=\"og:title\" content=\"Xe Ben Daewoo 3 Ch\u00e2n 15 T\u1ea5n - Dailyxetai.com.vn\" \/>\n<meta property=\"og:description\" content=\"Xe ben Daewoo 3 ch\u00e2n 15 t\u1ea5n l\u00e0 lo\u1ea1i xe ben 2 c\u1ea7u th\u1eadt \u0111\u01b0\u1ee3c nh\u1eadp kh\u1ea9u nguy\u00ean chi\u1ebfc v\u00e0o th\u1ecb tr\u01b0\u1eddng Vi\u1ec7t Nam, kh\u1ed1i l\u01b0\u1ee3ng th\u00f9ng l\u00ean \u0111\u1ebfn 11 kh\u1ed1i\" \/>\n<meta property=\"og:url\" content=\"https:\/\/demo8.thuythu.com\/dailyxetai\/product\/xe-ben-daewoo-3-chan-15-tan\/\" \/>\n<meta property=\"og:site_name\" content=\"Dailyxetai.com.vn\" \/>\n<meta property=\"og:image\" content=\"https:\/\/demo8.thuythu.com\/dailyxetai\/wp-content\/uploads\/2021\/10\/xe-ben-daewoo-3-chan.jpg\" \/>\n\t<meta property=\"og:image:width\" content=\"800\" \/>\n\t<meta property=\"og:image:height\" content=\"600\" \/>\n<meta name=\"twitter:card\" content=\"summary_large_image\" \/>\n<script type=\"application\/ld+json\" class=\"yoast-schema-graph\">{\"@context\":\"https:\/\/schema.org\",\"@graph\":[{\"@type\":\"WebSite\",\"@id\":\"https:\/\/demo8.thuythu.com\/dailyxetai\/#website\",\"url\":\"https:\/\/demo8.thuythu.com\/dailyxetai\/\",\"name\":\"Dailyxetai.com.vn\",\"description\":\"\",\"potentialAction\":[{\"@type\":\"SearchAction\",\"target\":\"https:\/\/demo8.thuythu.com\/dailyxetai\/?s={search_term_string}\",\"query-input\":\"required name=search_term_string\"}],\"inLanguage\":\"vi\"},{\"@type\":\"ImageObject\",\"@id\":\"https:\/\/demo8.thuythu.com\/dailyxetai\/product\/xe-ben-daewoo-3-chan-15-tan\/#primaryimage\",\"inLanguage\":\"vi\",\"url\":\"https:\/\/demo8.thuythu.com\/dailyxetai\/wp-content\/uploads\/2021\/10\/xe-ben-daewoo-3-chan.jpg\",\"width\":800,\"height\":600,\"caption\":\"dailyxetai.com.vn\"},{\"@type\":\"WebPage\",\"@id\":\"https:\/\/demo8.thuythu.com\/dailyxetai\/product\/xe-ben-daewoo-3-chan-15-tan\/#webpage\",\"url\":\"https:\/\/demo8.thuythu.com\/dailyxetai\/product\/xe-ben-daewoo-3-chan-15-tan\/\",\"name\":\"Xe Ben Daewoo 3 Ch\\u00e2n 15 T\\u1ea5n - Dailyxetai.com.vn\",\"isPartOf\":{\"@id\":\"https:\/\/demo8.thuythu.com\/dailyxetai\/#website\"},\"primaryImageOfPage\":{\"@id\":\"https:\/\/demo8.thuythu.com\/dailyxetai\/product\/xe-ben-daewoo-3-chan-15-tan\/#primaryimage\"},\"datePublished\":\"2021-10-19T16:15:21+00:00\",\"dateModified\":\"2021-10-19T16:15:21+00:00\",\"description\":\"Xe ben Daewoo 3 ch\\u00e2n 15 t\\u1ea5n l\\u00e0 lo\\u1ea1i xe ben 2 c\\u1ea7u th\\u1eadt \\u0111\\u01b0\\u1ee3c nh\\u1eadp kh\\u1ea9u nguy\\u00ean chi\\u1ebfc v\\u00e0o th\\u1ecb tr\\u01b0\\u1eddng Vi\\u1ec7t Nam, kh\\u1ed1i l\\u01b0\\u1ee3ng th\\u00f9ng l\\u00ean \\u0111\\u1ebfn 11 kh\\u1ed1i\",\"inLanguage\":\"vi\",\"potentialAction\":[{\"@type\":\"ReadAction\",\"target\":[\"https:\/\/demo8.thuythu.com\/dailyxetai\/product\/xe-ben-daewoo-3-chan-15-tan\/\"]}]}]}<\/script>\n<!-- \/ Yoast SEO plugin. -->","_links":{"self":[{"href":"https:\/\/demo8.thuythu.com\/dailyxetai\/wp-json\/wp\/v2\/product\/13769"}],"collection":[{"href":"https:\/\/demo8.thuythu.com\/dailyxetai\/wp-json\/wp\/v2\/product"}],"about":[{"href":"https:\/\/demo8.thuythu.com\/dailyxetai\/wp-json\/wp\/v2\/types\/product"}],"replies":[{"embeddable":true,"href":"https:\/\/demo8.thuythu.com\/dailyxetai\/wp-json\/wp\/v2\/comments?post=13769"}],"wp:featuredmedia":[{"embeddable":true,"href":"https:\/\/demo8.thuythu.com\/dailyxetai\/wp-json\/wp\/v2\/media\/13770"}],"wp:attachment":[{"href":"https:\/\/demo8.thuythu.com\/dailyxetai\/wp-json\/wp\/v2\/media?parent=13769"}],"curies":[{"name":"wp","href":"https:\/\/api.w.org\/{rel}","templated":true}]}}