{"id":13776,"date":"2021-10-20T22:10:17","date_gmt":"2021-10-20T15:10:17","guid":{"rendered":"https:\/\/demo8.thuythu.com\/dailyxetai\/?post_type=product&#038;p=13776"},"modified":"2021-10-20T22:10:17","modified_gmt":"2021-10-20T15:10:17","slug":"xe-dau-keo-daewoo-novus-440ps","status":"publish","type":"product","link":"https:\/\/demo8.thuythu.com\/dailyxetai\/san-pham\/xe-dau-keo-daewoo-novus-440ps\/","title":{"rendered":"Xe \u0110\u1ea7u K\u00e9o Daewoo Novus 440ps"},"content":{"rendered":"","protected":false},"excerpt":{"rendered":"","protected":false},"featured_media":13787,"comment_status":"open","ping_status":"closed","template":"","meta":[],"yoast_head":"<!-- This site is optimized with the Yoast SEO plugin v14.8 - https:\/\/yoast.com\/wordpress\/plugins\/seo\/ -->\n<title>Xe \u0110\u1ea7u K\u00e9o Daewoo Novus 440ps - Dailyxetai.com.vn<\/title>\n<meta name=\"description\" content=\"Xe \u0110\u1ea7u K\u00e9o Daewoo Novus CL4TF 440ps \u0111\u01b0\u1ee3c nh\u1eadp kh\u1ea9u nguy\u00ean chi\u1ebfc t\u1eeb nh\u00e0 m\u00e1y Daewoo H\u00e0n Qu\u1ed1c s\u1eed d\u1ee5ng kh\u1ed1i \u0111\u1ed9ng c\u01a1 Doosan th\u1ebf h\u1ec7 Euro 5 hi\u1ec7n \u0111\u1ea1i\" \/>\n<meta name=\"robots\" content=\"noindex, follow\" \/>\n<meta property=\"og:locale\" content=\"vi_VN\" \/>\n<meta property=\"og:type\" content=\"article\" \/>\n<meta property=\"og:title\" content=\"Xe \u0110\u1ea7u K\u00e9o Daewoo Novus 440ps - Dailyxetai.com.vn\" \/>\n<meta property=\"og:description\" content=\"Xe \u0110\u1ea7u K\u00e9o Daewoo Novus CL4TF 440ps \u0111\u01b0\u1ee3c nh\u1eadp kh\u1ea9u nguy\u00ean chi\u1ebfc t\u1eeb nh\u00e0 m\u00e1y Daewoo H\u00e0n Qu\u1ed1c s\u1eed d\u1ee5ng kh\u1ed1i \u0111\u1ed9ng c\u01a1 Doosan th\u1ebf h\u1ec7 Euro 5 hi\u1ec7n \u0111\u1ea1i\" \/>\n<meta property=\"og:url\" content=\"https:\/\/demo8.thuythu.com\/dailyxetai\/product\/xe-dau-keo-daewoo-novus-440ps\/\" \/>\n<meta property=\"og:site_name\" content=\"Dailyxetai.com.vn\" \/>\n<meta property=\"og:image\" content=\"https:\/\/demo8.thuythu.com\/dailyxetai\/wp-content\/uploads\/2021\/10\/xe-dau-keo-daewoo-440ps.jpg\" \/>\n\t<meta property=\"og:image:width\" content=\"800\" \/>\n\t<meta property=\"og:image:height\" content=\"600\" \/>\n<meta name=\"twitter:card\" content=\"summary_large_image\" \/>\n<script type=\"application\/ld+json\" class=\"yoast-schema-graph\">{\"@context\":\"https:\/\/schema.org\",\"@graph\":[{\"@type\":\"WebSite\",\"@id\":\"https:\/\/demo8.thuythu.com\/dailyxetai\/#website\",\"url\":\"https:\/\/demo8.thuythu.com\/dailyxetai\/\",\"name\":\"Dailyxetai.com.vn\",\"description\":\"\",\"potentialAction\":[{\"@type\":\"SearchAction\",\"target\":\"https:\/\/demo8.thuythu.com\/dailyxetai\/?s={search_term_string}\",\"query-input\":\"required name=search_term_string\"}],\"inLanguage\":\"vi\"},{\"@type\":\"ImageObject\",\"@id\":\"https:\/\/demo8.thuythu.com\/dailyxetai\/product\/xe-dau-keo-daewoo-novus-440ps\/#primaryimage\",\"inLanguage\":\"vi\",\"url\":\"https:\/\/demo8.thuythu.com\/dailyxetai\/wp-content\/uploads\/2021\/10\/xe-dau-keo-daewoo-440ps.jpg\",\"width\":800,\"height\":600,\"caption\":\"dailyxetai.com.vn\"},{\"@type\":\"WebPage\",\"@id\":\"https:\/\/demo8.thuythu.com\/dailyxetai\/product\/xe-dau-keo-daewoo-novus-440ps\/#webpage\",\"url\":\"https:\/\/demo8.thuythu.com\/dailyxetai\/product\/xe-dau-keo-daewoo-novus-440ps\/\",\"name\":\"Xe \\u0110\\u1ea7u K\\u00e9o Daewoo Novus 440ps - Dailyxetai.com.vn\",\"isPartOf\":{\"@id\":\"https:\/\/demo8.thuythu.com\/dailyxetai\/#website\"},\"primaryImageOfPage\":{\"@id\":\"https:\/\/demo8.thuythu.com\/dailyxetai\/product\/xe-dau-keo-daewoo-novus-440ps\/#primaryimage\"},\"datePublished\":\"2021-10-20T15:10:17+00:00\",\"dateModified\":\"2021-10-20T15:10:17+00:00\",\"description\":\"Xe \\u0110\\u1ea7u K\\u00e9o Daewoo Novus CL4TF 440ps \\u0111\\u01b0\\u1ee3c nh\\u1eadp kh\\u1ea9u nguy\\u00ean chi\\u1ebfc t\\u1eeb nh\\u00e0 m\\u00e1y Daewoo H\\u00e0n Qu\\u1ed1c s\\u1eed d\\u1ee5ng kh\\u1ed1i \\u0111\\u1ed9ng c\\u01a1 Doosan th\\u1ebf h\\u1ec7 Euro 5 hi\\u1ec7n \\u0111\\u1ea1i\",\"inLanguage\":\"vi\",\"potentialAction\":[{\"@type\":\"ReadAction\",\"target\":[\"https:\/\/demo8.thuythu.com\/dailyxetai\/product\/xe-dau-keo-daewoo-novus-440ps\/\"]}]}]}<\/script>\n<!-- \/ Yoast SEO plugin. -->","_links":{"self":[{"href":"https:\/\/demo8.thuythu.com\/dailyxetai\/wp-json\/wp\/v2\/product\/13776"}],"collection":[{"href":"https:\/\/demo8.thuythu.com\/dailyxetai\/wp-json\/wp\/v2\/product"}],"about":[{"href":"https:\/\/demo8.thuythu.com\/dailyxetai\/wp-json\/wp\/v2\/types\/product"}],"replies":[{"embeddable":true,"href":"https:\/\/demo8.thuythu.com\/dailyxetai\/wp-json\/wp\/v2\/comments?post=13776"}],"wp:featuredmedia":[{"embeddable":true,"href":"https:\/\/demo8.thuythu.com\/dailyxetai\/wp-json\/wp\/v2\/media\/13787"}],"wp:attachment":[{"href":"https:\/\/demo8.thuythu.com\/dailyxetai\/wp-json\/wp\/v2\/media?parent=13776"}],"curies":[{"name":"wp","href":"https:\/\/api.w.org\/{rel}","templated":true}]}}