{"id":13790,"date":"2021-10-21T20:06:00","date_gmt":"2021-10-21T13:06:00","guid":{"rendered":"https:\/\/demo8.thuythu.com\/dailyxetai\/?post_type=product&#038;p=13790"},"modified":"2021-10-21T20:06:01","modified_gmt":"2021-10-21T13:06:01","slug":"xe-dau-keo-hyundai-xcient-440ps","status":"publish","type":"product","link":"https:\/\/demo8.thuythu.com\/dailyxetai\/san-pham\/xe-dau-keo-hyundai-xcient-440ps\/","title":{"rendered":"Xe \u0110\u1ea7u K\u00e9o Hyundai Xcient 440Ps"},"content":{"rendered":"","protected":false},"excerpt":{"rendered":"","protected":false},"featured_media":13791,"comment_status":"open","ping_status":"closed","template":"","meta":[],"yoast_head":"<!-- This site is optimized with the Yoast SEO plugin v14.8 - https:\/\/yoast.com\/wordpress\/plugins\/seo\/ -->\n<title>Xe \u0110\u1ea7u K\u00e9o Hyundai Xcient 440Ps - Dailyxetai.com.vn<\/title>\n<meta name=\"description\" content=\"Xe \u0111\u1ea7u k\u00e9o Hyundai Xcient 440ps nh\u1eadp kh\u1ea9u nguy\u00ean chi\u1ebfc t\u1eeb Hyundai H\u00e0n Qu\u1ed1c \u0111\u01b0\u1ee3c trang b\u1ecb c\u00f4ng ngh\u1ec7 h\u00e0ng \u0111\u1ea7u trong ph\u00e2n kh\u00fac xe \u0111\u1ea7u k\u00e9o,...\" \/>\n<meta name=\"robots\" content=\"noindex, follow\" \/>\n<meta property=\"og:locale\" content=\"vi_VN\" \/>\n<meta property=\"og:type\" content=\"article\" \/>\n<meta property=\"og:title\" content=\"Xe \u0110\u1ea7u K\u00e9o Hyundai Xcient 440Ps - Dailyxetai.com.vn\" \/>\n<meta property=\"og:description\" content=\"Xe \u0111\u1ea7u k\u00e9o Hyundai Xcient 440ps nh\u1eadp kh\u1ea9u nguy\u00ean chi\u1ebfc t\u1eeb Hyundai H\u00e0n Qu\u1ed1c \u0111\u01b0\u1ee3c trang b\u1ecb c\u00f4ng ngh\u1ec7 h\u00e0ng \u0111\u1ea7u trong ph\u00e2n kh\u00fac xe \u0111\u1ea7u k\u00e9o,...\" \/>\n<meta property=\"og:url\" content=\"https:\/\/demo8.thuythu.com\/dailyxetai\/product\/xe-dau-keo-hyundai-xcient-440ps\/\" \/>\n<meta property=\"og:site_name\" content=\"Dailyxetai.com.vn\" \/>\n<meta property=\"article:modified_time\" content=\"2021-10-21T13:06:01+00:00\" \/>\n<meta property=\"og:image\" content=\"https:\/\/demo8.thuythu.com\/dailyxetai\/wp-content\/uploads\/2021\/10\/xe-dau-keo-hyundai-xcent-440ps-1.jpg\" \/>\n\t<meta property=\"og:image:width\" content=\"800\" \/>\n\t<meta property=\"og:image:height\" content=\"600\" \/>\n<meta name=\"twitter:card\" content=\"summary_large_image\" \/>\n<script type=\"application\/ld+json\" class=\"yoast-schema-graph\">{\"@context\":\"https:\/\/schema.org\",\"@graph\":[{\"@type\":\"WebSite\",\"@id\":\"https:\/\/demo8.thuythu.com\/dailyxetai\/#website\",\"url\":\"https:\/\/demo8.thuythu.com\/dailyxetai\/\",\"name\":\"Dailyxetai.com.vn\",\"description\":\"\",\"potentialAction\":[{\"@type\":\"SearchAction\",\"target\":\"https:\/\/demo8.thuythu.com\/dailyxetai\/?s={search_term_string}\",\"query-input\":\"required name=search_term_string\"}],\"inLanguage\":\"vi\"},{\"@type\":\"ImageObject\",\"@id\":\"https:\/\/demo8.thuythu.com\/dailyxetai\/product\/xe-dau-keo-hyundai-xcient-440ps\/#primaryimage\",\"inLanguage\":\"vi\",\"url\":\"https:\/\/demo8.thuythu.com\/dailyxetai\/wp-content\/uploads\/2021\/10\/xe-dau-keo-hyundai-xcent-440ps-1.jpg\",\"width\":800,\"height\":600,\"caption\":\"dailyxetai.com.vn\"},{\"@type\":\"WebPage\",\"@id\":\"https:\/\/demo8.thuythu.com\/dailyxetai\/product\/xe-dau-keo-hyundai-xcient-440ps\/#webpage\",\"url\":\"https:\/\/demo8.thuythu.com\/dailyxetai\/product\/xe-dau-keo-hyundai-xcient-440ps\/\",\"name\":\"Xe \\u0110\\u1ea7u K\\u00e9o Hyundai Xcient 440Ps - Dailyxetai.com.vn\",\"isPartOf\":{\"@id\":\"https:\/\/demo8.thuythu.com\/dailyxetai\/#website\"},\"primaryImageOfPage\":{\"@id\":\"https:\/\/demo8.thuythu.com\/dailyxetai\/product\/xe-dau-keo-hyundai-xcient-440ps\/#primaryimage\"},\"datePublished\":\"2021-10-21T13:06:00+00:00\",\"dateModified\":\"2021-10-21T13:06:01+00:00\",\"description\":\"Xe \\u0111\\u1ea7u k\\u00e9o Hyundai Xcient 440ps nh\\u1eadp kh\\u1ea9u nguy\\u00ean chi\\u1ebfc t\\u1eeb Hyundai H\\u00e0n Qu\\u1ed1c \\u0111\\u01b0\\u1ee3c trang b\\u1ecb c\\u00f4ng ngh\\u1ec7 h\\u00e0ng \\u0111\\u1ea7u trong ph\\u00e2n kh\\u00fac xe \\u0111\\u1ea7u k\\u00e9o,...\",\"inLanguage\":\"vi\",\"potentialAction\":[{\"@type\":\"ReadAction\",\"target\":[\"https:\/\/demo8.thuythu.com\/dailyxetai\/product\/xe-dau-keo-hyundai-xcient-440ps\/\"]}]}]}<\/script>\n<!-- \/ Yoast SEO plugin. -->","_links":{"self":[{"href":"https:\/\/demo8.thuythu.com\/dailyxetai\/wp-json\/wp\/v2\/product\/13790"}],"collection":[{"href":"https:\/\/demo8.thuythu.com\/dailyxetai\/wp-json\/wp\/v2\/product"}],"about":[{"href":"https:\/\/demo8.thuythu.com\/dailyxetai\/wp-json\/wp\/v2\/types\/product"}],"replies":[{"embeddable":true,"href":"https:\/\/demo8.thuythu.com\/dailyxetai\/wp-json\/wp\/v2\/comments?post=13790"}],"wp:featuredmedia":[{"embeddable":true,"href":"https:\/\/demo8.thuythu.com\/dailyxetai\/wp-json\/wp\/v2\/media\/13791"}],"wp:attachment":[{"href":"https:\/\/demo8.thuythu.com\/dailyxetai\/wp-json\/wp\/v2\/media?parent=13790"}],"curies":[{"name":"wp","href":"https:\/\/api.w.org\/{rel}","templated":true}]}}