{"id":268,"date":"2022-01-18T01:52:42","date_gmt":"2022-01-18T01:52:42","guid":{"rendered":"https:\/\/demo8.thuythu.com\/dgtc\/?page_id=268"},"modified":"2022-01-18T02:03:09","modified_gmt":"2022-01-18T02:03:09","slug":"trang-linh-vuc-hoat-dong","status":"publish","type":"page","link":"https:\/\/demo8.thuythu.com\/dgtc\/trang-linh-vuc-hoat-dong\/","title":{"rendered":"L\u0129nh v\u1ef1c ho\u1ea1t \u0111\u1ed9ng"},"content":{"rendered":"<p>\u0110a d\u1ea1ng h\u00f3a ng\u00e0nh ngh\u1ec1, lu\u00f4n lu\u00f4n <strong>s\u00e1ng t\u1ea1o v\u00e0 m\u1edf r\u1ed9ng<\/strong><br \/>\nngu\u1ed3n t\u00e0i nguy\u00ean v\u00e0 quy m\u00f4 ho\u1ea1t \u0111\u1ed9ng<\/p>\n","protected":false},"excerpt":{"rendered":"<p>\u0110a d\u1ea1ng h\u00f3a ng\u00e0nh ngh\u1ec1, lu\u00f4n lu\u00f4n s\u00e1ng t\u1ea1o v\u00e0 m\u1edf r\u1ed9ng ngu\u1ed3n t\u00e0i nguy\u00ean v\u00e0 quy m\u00f4 ho\u1ea1t \u0111\u1ed9ng<\/p>\n","protected":false},"author":1,"featured_media":0,"parent":0,"menu_order":0,"comment_status":"closed","ping_status":"closed","template":"templates\/linh_vuc_hoat_dong.php","meta":[],"_links":{"self":[{"href":"https:\/\/demo8.thuythu.com\/dgtc\/wp-json\/wp\/v2\/pages\/268"}],"collection":[{"href":"https:\/\/demo8.thuythu.com\/dgtc\/wp-json\/wp\/v2\/pages"}],"about":[{"href":"https:\/\/demo8.thuythu.com\/dgtc\/wp-json\/wp\/v2\/types\/page"}],"author":[{"embeddable":true,"href":"https:\/\/demo8.thuythu.com\/dgtc\/wp-json\/wp\/v2\/users\/1"}],"replies":[{"embeddable":true,"href":"https:\/\/demo8.thuythu.com\/dgtc\/wp-json\/wp\/v2\/comments?post=268"}],"version-history":[{"count":4,"href":"https:\/\/demo8.thuythu.com\/dgtc\/wp-json\/wp\/v2\/pages\/268\/revisions"}],"predecessor-version":[{"id":274,"href":"https:\/\/demo8.thuythu.com\/dgtc\/wp-json\/wp\/v2\/pages\/268\/revisions\/274"}],"wp:attachment":[{"href":"https:\/\/demo8.thuythu.com\/dgtc\/wp-json\/wp\/v2\/media?parent=268"}],"curies":[{"name":"wp","href":"https:\/\/api.w.org\/{rel}","templated":true}]}}