{"id":292,"date":"2022-01-18T06:35:49","date_gmt":"2022-01-18T06:35:49","guid":{"rendered":"https:\/\/demo8.thuythu.com\/dgtc\/?page_id=292"},"modified":"2022-09-27T01:43:56","modified_gmt":"2022-09-27T01:43:56","slug":"tin-tuc","status":"publish","type":"page","link":"https:\/\/demo8.thuythu.com\/dgtc\/tin-tuc\/","title":{"rendered":"Tin t\u1ee9c"},"content":{"rendered":"<p>\u0110a d\u1ea1ng h\u00f3a ng\u00e0nh ngh\u1ec1, lu\u00f4n lu\u00f4n <strong>s\u00e1ng t\u1ea1o v\u00e0 m\u1edf r\u1ed9ng ngu\u1ed3n<\/strong><br \/>\nt\u00e0i nguy\u00ean v\u00e0 quy m\u00f4 ho\u1ea1t \u0111\u1ed9ng<\/p>\n","protected":false},"excerpt":{"rendered":"<p>\u0110a d\u1ea1ng h\u00f3a ng\u00e0nh ngh\u1ec1, lu\u00f4n lu\u00f4n s\u00e1ng t\u1ea1o v\u00e0 m\u1edf r\u1ed9ng ngu\u1ed3n t\u00e0i nguy\u00ean v\u00e0 quy m\u00f4 ho\u1ea1t \u0111\u1ed9ng<\/p>\n","protected":false},"author":1,"featured_media":0,"parent":0,"menu_order":0,"comment_status":"closed","ping_status":"closed","template":"templates\/news.php","meta":[],"_links":{"self":[{"href":"https:\/\/demo8.thuythu.com\/dgtc\/wp-json\/wp\/v2\/pages\/292"}],"collection":[{"href":"https:\/\/demo8.thuythu.com\/dgtc\/wp-json\/wp\/v2\/pages"}],"about":[{"href":"https:\/\/demo8.thuythu.com\/dgtc\/wp-json\/wp\/v2\/types\/page"}],"author":[{"embeddable":true,"href":"https:\/\/demo8.thuythu.com\/dgtc\/wp-json\/wp\/v2\/users\/1"}],"replies":[{"embeddable":true,"href":"https:\/\/demo8.thuythu.com\/dgtc\/wp-json\/wp\/v2\/comments?post=292"}],"version-history":[{"count":5,"href":"https:\/\/demo8.thuythu.com\/dgtc\/wp-json\/wp\/v2\/pages\/292\/revisions"}],"predecessor-version":[{"id":3900,"href":"https:\/\/demo8.thuythu.com\/dgtc\/wp-json\/wp\/v2\/pages\/292\/revisions\/3900"}],"wp:attachment":[{"href":"https:\/\/demo8.thuythu.com\/dgtc\/wp-json\/wp\/v2\/media?parent=292"}],"curies":[{"name":"wp","href":"https:\/\/api.w.org\/{rel}","templated":true}]}}