{"id":482,"date":"2022-01-23T23:19:56","date_gmt":"2022-01-23T23:19:56","guid":{"rendered":"https:\/\/demo8.thuythu.com\/dgtc\/?page_id=482"},"modified":"2023-05-10T07:28:05","modified_gmt":"2023-05-10T07:28:05","slug":"don-vi-thanh-vien","status":"publish","type":"page","link":"https:\/\/demo8.thuythu.com\/dgtc\/don-vi-thanh-vien\/","title":{"rendered":"\u0110\u01a1n v\u1ecb th\u00e0nh vi\u00ean"},"content":{"rendered":"<p>5 \u0111\u01a1n v\u1ecb th\u00e0nh vi\u00ean ho\u1ea1t \u0111\u1ed9ng tr\u00ean <strong>c\u00e1c l\u0129nh v\u1ef1c c\u1ed1t l\u00f5i<\/strong><br \/>\nX\u00e2y d\u1ef1ng c\u00f4ng tr\u00ecnh, khai th\u00e1c kho\u00e1ng s\u1ea3n, s\u1ea3n xu\u1ea5t nh\u1ef1a n\u00f3ng &amp; B\u0110S<\/p>\n","protected":false},"excerpt":{"rendered":"<p>5 \u0111\u01a1n v\u1ecb th\u00e0nh vi\u00ean ho\u1ea1t \u0111\u1ed9ng tr\u00ean c\u00e1c l\u0129nh v\u1ef1c c\u1ed1t l\u00f5i X\u00e2y d\u1ef1ng c\u00f4ng tr\u00ecnh, khai th\u00e1c kho\u00e1ng s\u1ea3n, s\u1ea3n xu\u1ea5t nh\u1ef1a n\u00f3ng &amp; B\u0110S<\/p>\n","protected":false},"author":1,"featured_media":0,"parent":0,"menu_order":0,"comment_status":"closed","ping_status":"closed","template":"templates\/don-vi-thanh-vien.php","meta":[],"_links":{"self":[{"href":"https:\/\/demo8.thuythu.com\/dgtc\/wp-json\/wp\/v2\/pages\/482"}],"collection":[{"href":"https:\/\/demo8.thuythu.com\/dgtc\/wp-json\/wp\/v2\/pages"}],"about":[{"href":"https:\/\/demo8.thuythu.com\/dgtc\/wp-json\/wp\/v2\/types\/page"}],"author":[{"embeddable":true,"href":"https:\/\/demo8.thuythu.com\/dgtc\/wp-json\/wp\/v2\/users\/1"}],"replies":[{"embeddable":true,"href":"https:\/\/demo8.thuythu.com\/dgtc\/wp-json\/wp\/v2\/comments?post=482"}],"version-history":[{"count":11,"href":"https:\/\/demo8.thuythu.com\/dgtc\/wp-json\/wp\/v2\/pages\/482\/revisions"}],"predecessor-version":[{"id":4137,"href":"https:\/\/demo8.thuythu.com\/dgtc\/wp-json\/wp\/v2\/pages\/482\/revisions\/4137"}],"wp:attachment":[{"href":"https:\/\/demo8.thuythu.com\/dgtc\/wp-json\/wp\/v2\/media?parent=482"}],"curies":[{"name":"wp","href":"https:\/\/api.w.org\/{rel}","templated":true}]}}