{"id":2847,"date":"2021-04-19T13:37:05","date_gmt":"2021-04-19T06:37:05","guid":{"rendered":"https:\/\/demo8.thuythu.com\/diatang\/?page_id=2847"},"modified":"2021-05-14T00:11:13","modified_gmt":"2021-05-13T17:11:13","slug":"thien-thoi","status":"publish","type":"page","link":"https:\/\/demo8.thuythu.com\/diatang\/thien-thoi\/","title":{"rendered":"Thi\u00ean th\u1eddi"},"content":{"rendered":"\t\t<div data-elementor-type=\"wp-page\" data-elementor-id=\"2847\" class=\"elementor elementor-2847\" data-elementor-settings=\"[]\">\n\t\t\t\t\t\t<div class=\"elementor-inner\">\n\t\t\t\t\t\t\t<div class=\"elementor-section-wrap\">\n\t\t\t\t\t\t\t<section class=\"elementor-section elementor-top-section elementor-element elementor-element-06a7b13 elementor-section-boxed elementor-section-height-default elementor-section-height-default\" data-id=\"06a7b13\" data-element_type=\"section\">\n\t\t\t\t\t\t<div class=\"elementor-container elementor-column-gap-extended\">\n\t\t\t\t\t\t\t<div class=\"elementor-row\">\n\t\t\t\t\t<div class=\"elementor-column elementor-col-100 elementor-top-column elementor-element elementor-element-49cd0b6 sc_inner_width_none sc_layouts_column_icons_position_left\" data-id=\"49cd0b6\" data-element_type=\"column\">\n\t\t\t<div class=\"elementor-column-wrap elementor-element-populated\">\n\t\t\t\t\t\t\t<div class=\"elementor-widget-wrap\">\n\t\t\t\t\t\t<div class=\"elementor-element elementor-element-2ed544c sc_fly_static elementor-widget elementor-widget-text-editor\" data-id=\"2ed544c\" data-element_type=\"widget\" data-widget_type=\"text-editor.default\">\n\t\t\t\t<div class=\"elementor-widget-container\">\n\t\t\t\t\t<div class=\"elementor-text-editor elementor-clearfix\"><p>&#8211; Y\u1ebfu t\u1ed1 ti\u00ean thi\u00ean nh\u01b0 l\u00e0 \u0111\u1ecbnh m\u1ec7nh &#8211; L\u00e1 s\u1ed1 m\u1ec7nh l\u00fd \u0111\u01b0\u1ee3c xem kh\u00f4ng th\u1ec3 thay \u0111\u1ed5i trong su\u1ed1t cu\u1ed9c \u0111\u1eddi, nh\u01b0ng v\u1eadn tr\u00ecnh c\u1ee7a m\u1ed9t ng\u01b0\u1eddi l\u1ea1i thay \u0111\u1ed5i theo th\u1eddi gian 5 n\u0103m,10 n\u0103m,n\u1eafm b\u1eaft \u0111\u01b0\u1ee3c v\u1eadn kh\u00ed c\u1ee7a b\u1ea3n th\u00e2n ch\u00ednh l\u00e0 bi\u1ebft th\u1eddi \u0111i\u1ec3m c\u00f3 l\u1ee3i \u0111\u1ec3 ho\u1ea1ch \u0111\u1ecbnh k\u1ebf ho\u1ea1ch cho t\u01b0\u01a1ng lai.<\/p><p>&#8211; D\u1ef1a tr\u00ean xu th\u1ebf c\u1ee7a x\u00e3 h\u1ed9i m\u00e0 h\u00e0nh \u0111\u1ed9ng \u0111\u00fang th\u1eddi \u0111i\u1ec3m h\u00f2ng mang l\u1ea1i \u01b0u th\u1ebf cho b\u1ea3n th\u00e2n t\u1ee9c l\u00e0 \u0111\u01b0\u1ee3c thi\u00ean th\u1eddi.<\/p><p>\u00a0<\/p><p><img decoding=\"async\" loading=\"lazy\" class=\"aligncenter wp-image-3116 size-full\" src=\"https:\/\/demo8.thuythu.com\/diatang\/wp-content\/uploads\/2021\/05\/thienthoi.jpg\" alt=\"\" width=\"800\" height=\"533\" srcset=\"https:\/\/demo8.thuythu.com\/diatang\/wp-content\/uploads\/2021\/05\/thienthoi.jpg 800w, https:\/\/demo8.thuythu.com\/diatang\/wp-content\/uploads\/2021\/05\/thienthoi-300x200.jpg 300w, https:\/\/demo8.thuythu.com\/diatang\/wp-content\/uploads\/2021\/05\/thienthoi-768x512.jpg 768w, https:\/\/demo8.thuythu.com\/diatang\/wp-content\/uploads\/2021\/05\/thienthoi-370x247.jpg 370w, https:\/\/demo8.thuythu.com\/diatang\/wp-content\/uploads\/2021\/05\/thienthoi-760x506.jpg 760w\" sizes=\"(max-width: 800px) 100vw, 800px\" \/><\/p><\/div>\n\t\t\t\t<\/div>\n\t\t\t\t<\/div>\n\t\t\t\t\t\t<\/div>\n\t\t\t\t\t<\/div>\n\t\t<\/div>\n\t\t\t\t\t\t\t\t<\/div>\n\t\t\t\t\t<\/div>\n\t\t<\/section>\n\t\t\t\t\t\t<\/div>\n\t\t\t\t\t\t<\/div>\n\t\t\t\t\t<\/div>\n\t\t","protected":false},"excerpt":{"rendered":"<p>&#8211; Y\u1ebfu t\u1ed1 ti\u00ean thi\u00ean nh\u01b0 l\u00e0 \u0111\u1ecbnh m\u1ec7nh &#8211; L\u00e1 s\u1ed1 m\u1ec7nh l\u00fd \u0111\u01b0\u1ee3c xem kh\u00f4ng th\u1ec3 thay \u0111\u1ed5i trong su\u1ed1t cu\u1ed9c \u0111\u1eddi, nh\u01b0ng v\u1eadn tr\u00ecnh c\u1ee7a m\u1ed9t ng\u01b0\u1eddi&hellip;<\/p>\n","protected":false},"author":990002,"featured_media":3116,"parent":0,"menu_order":0,"comment_status":"closed","ping_status":"closed","template":"","meta":[],"_links":{"self":[{"href":"https:\/\/demo8.thuythu.com\/diatang\/wp-json\/wp\/v2\/pages\/2847"}],"collection":[{"href":"https:\/\/demo8.thuythu.com\/diatang\/wp-json\/wp\/v2\/pages"}],"about":[{"href":"https:\/\/demo8.thuythu.com\/diatang\/wp-json\/wp\/v2\/types\/page"}],"author":[{"embeddable":true,"href":"https:\/\/demo8.thuythu.com\/diatang\/wp-json\/wp\/v2\/users\/990002"}],"replies":[{"embeddable":true,"href":"https:\/\/demo8.thuythu.com\/diatang\/wp-json\/wp\/v2\/comments?post=2847"}],"version-history":[{"count":8,"href":"https:\/\/demo8.thuythu.com\/diatang\/wp-json\/wp\/v2\/pages\/2847\/revisions"}],"predecessor-version":[{"id":3154,"href":"https:\/\/demo8.thuythu.com\/diatang\/wp-json\/wp\/v2\/pages\/2847\/revisions\/3154"}],"wp:featuredmedia":[{"embeddable":true,"href":"https:\/\/demo8.thuythu.com\/diatang\/wp-json\/wp\/v2\/media\/3116"}],"wp:attachment":[{"href":"https:\/\/demo8.thuythu.com\/diatang\/wp-json\/wp\/v2\/media?parent=2847"}],"curies":[{"name":"wp","href":"https:\/\/api.w.org\/{rel}","templated":true}]}}