{"id":2852,"date":"2021-04-19T13:40:34","date_gmt":"2021-04-19T06:40:34","guid":{"rendered":"https:\/\/demo8.thuythu.com\/diatang\/?page_id=2852"},"modified":"2021-05-14T00:13:19","modified_gmt":"2021-05-13T17:13:19","slug":"dia-loi","status":"publish","type":"page","link":"https:\/\/demo8.thuythu.com\/diatang\/dia-loi\/","title":{"rendered":"\u0110\u1ecba l\u1ee3i"},"content":{"rendered":"\t\t<div data-elementor-type=\"wp-page\" data-elementor-id=\"2852\" class=\"elementor elementor-2852\" data-elementor-settings=\"[]\">\n\t\t\t\t\t\t<div class=\"elementor-inner\">\n\t\t\t\t\t\t\t<div class=\"elementor-section-wrap\">\n\t\t\t\t\t\t\t<section class=\"elementor-section elementor-top-section elementor-element elementor-element-027ea00 elementor-section-boxed elementor-section-height-default elementor-section-height-default\" data-id=\"027ea00\" data-element_type=\"section\">\n\t\t\t\t\t\t<div class=\"elementor-container elementor-column-gap-extended\">\n\t\t\t\t\t\t\t<div class=\"elementor-row\">\n\t\t\t\t\t<div class=\"elementor-column elementor-col-100 elementor-top-column elementor-element elementor-element-8cb6ed4 sc_inner_width_none sc_layouts_column_icons_position_left\" data-id=\"8cb6ed4\" data-element_type=\"column\">\n\t\t\t<div class=\"elementor-column-wrap elementor-element-populated\">\n\t\t\t\t\t\t\t<div class=\"elementor-widget-wrap\">\n\t\t\t\t\t\t<div class=\"elementor-element elementor-element-d3a884b sc_fly_static elementor-widget elementor-widget-text-editor\" data-id=\"d3a884b\" data-element_type=\"widget\" data-widget_type=\"text-editor.default\">\n\t\t\t\t<div class=\"elementor-widget-container\">\n\t\t\t\t\t<div class=\"elementor-text-editor elementor-clearfix\"><p>&#8211; D\u1ef1a v\u00e0o \u01b0u \u0111i\u1ec3m c\u00e1 nh\u00e2n, n\u1ec1n t\u1ea3ng c\u1ee7a gia \u0111\u00ecnh hay ho\u00e0n c\u1ea3nh hi\u1ec7n t\u1ea1i m\u00e0 ch\u1ecdn n\u01a1i c\u00f3 m\u00f4i tr\u01b0\u1eddng th\u00edch h\u1ee3p \u0111\u1ec3 sinh s\u1ed1ng, m\u01b0u s\u1ef1 l\u00e0m \u0103n. S\u1eeda sang b\u1ed1 tr\u00ed nh\u00e0 c\u1eeda h\u1ee3p c\u00e1ch \u0111\u1ec3 thay \u0111\u1ed5i kh\u00ed ng\u0169 h\u00e0nh c\u1ea7n thi\u1ebft b\u1ed5 tr\u1ee3 v\u1eadn kh\u00ed b\u1ea3n th\u00e2n.<br \/>&#8211; Ch\u1ecdn v\u00f9ng \u0111\u1ea5t c\u00f3 \u0111\u1ecba kh\u00ed h\u1ed9i t\u1ee5, n\u01a1i c\u00f3 huy\u1ec7t v\u1ecb sinh kh\u00ed l\u00e0m n\u01a1i t\u00e1ng ph\u1ea7n m\u1ed9 \u00f4ng b\u00e0 ng\u01b0\u1eddi th\u00e2n \u0111\u00e3 qua \u0111\u1eddi, k\u1ebft n\u1ed1i linh kh\u00ed d\u00f2ng h\u1ecd gia t\u0103ng ph\u00f9 tr\u1ee3 cho ng\u01b0\u1eddi \u0111ang s\u1ed1ng.<br \/>&#8211; \u0110\u1ecba l\u1ee3i c\u0169ng ch\u00ednh l\u00e0 nh\u00e2n t\u1ed1 quy\u1ebft \u0111\u1ecbnh \u0111\u1ebfn may m\u1eafn c\u1ee7a m\u1ed9t ng\u01b0\u1eddi<\/p><p><img decoding=\"async\" loading=\"lazy\" class=\"aligncenter wp-image-3114 size-full\" src=\"https:\/\/demo8.thuythu.com\/diatang\/wp-content\/uploads\/2021\/05\/dialoi.jpg\" alt=\"\" width=\"800\" height=\"533\" srcset=\"https:\/\/demo8.thuythu.com\/diatang\/wp-content\/uploads\/2021\/05\/dialoi.jpg 800w, https:\/\/demo8.thuythu.com\/diatang\/wp-content\/uploads\/2021\/05\/dialoi-300x200.jpg 300w, https:\/\/demo8.thuythu.com\/diatang\/wp-content\/uploads\/2021\/05\/dialoi-768x512.jpg 768w, https:\/\/demo8.thuythu.com\/diatang\/wp-content\/uploads\/2021\/05\/dialoi-370x247.jpg 370w, https:\/\/demo8.thuythu.com\/diatang\/wp-content\/uploads\/2021\/05\/dialoi-760x506.jpg 760w\" sizes=\"(max-width: 800px) 100vw, 800px\" \/><\/p><\/div>\n\t\t\t\t<\/div>\n\t\t\t\t<\/div>\n\t\t\t\t\t\t<\/div>\n\t\t\t\t\t<\/div>\n\t\t<\/div>\n\t\t\t\t\t\t\t\t<\/div>\n\t\t\t\t\t<\/div>\n\t\t<\/section>\n\t\t\t\t\t\t<\/div>\n\t\t\t\t\t\t<\/div>\n\t\t\t\t\t<\/div>\n\t\t","protected":false},"excerpt":{"rendered":"<p>&#8211; D\u1ef1a v\u00e0o \u01b0u \u0111i\u1ec3m c\u00e1 nh\u00e2n, n\u1ec1n t\u1ea3ng c\u1ee7a gia \u0111\u00ecnh hay ho\u00e0n c\u1ea3nh hi\u1ec7n t\u1ea1i m\u00e0 ch\u1ecdn n\u01a1i c\u00f3 m\u00f4i tr\u01b0\u1eddng th\u00edch h\u1ee3p \u0111\u1ec3 sinh s\u1ed1ng, m\u01b0u s\u1ef1&hellip;<\/p>\n","protected":false},"author":990002,"featured_media":0,"parent":0,"menu_order":0,"comment_status":"closed","ping_status":"closed","template":"","meta":[],"_links":{"self":[{"href":"https:\/\/demo8.thuythu.com\/diatang\/wp-json\/wp\/v2\/pages\/2852"}],"collection":[{"href":"https:\/\/demo8.thuythu.com\/diatang\/wp-json\/wp\/v2\/pages"}],"about":[{"href":"https:\/\/demo8.thuythu.com\/diatang\/wp-json\/wp\/v2\/types\/page"}],"author":[{"embeddable":true,"href":"https:\/\/demo8.thuythu.com\/diatang\/wp-json\/wp\/v2\/users\/990002"}],"replies":[{"embeddable":true,"href":"https:\/\/demo8.thuythu.com\/diatang\/wp-json\/wp\/v2\/comments?post=2852"}],"version-history":[{"count":7,"href":"https:\/\/demo8.thuythu.com\/diatang\/wp-json\/wp\/v2\/pages\/2852\/revisions"}],"predecessor-version":[{"id":3157,"href":"https:\/\/demo8.thuythu.com\/diatang\/wp-json\/wp\/v2\/pages\/2852\/revisions\/3157"}],"wp:attachment":[{"href":"https:\/\/demo8.thuythu.com\/diatang\/wp-json\/wp\/v2\/media?parent=2852"}],"curies":[{"name":"wp","href":"https:\/\/api.w.org\/{rel}","templated":true}]}}