{"id":2857,"date":"2021-04-19T13:42:56","date_gmt":"2021-04-19T06:42:56","guid":{"rendered":"https:\/\/demo8.thuythu.com\/diatang\/?page_id=2857"},"modified":"2021-05-14T00:13:40","modified_gmt":"2021-05-13T17:13:40","slug":"nhan-hoa","status":"publish","type":"page","link":"https:\/\/demo8.thuythu.com\/diatang\/nhan-hoa\/","title":{"rendered":"Nh\u00e2n ho\u00e0"},"content":{"rendered":"\t\t<div data-elementor-type=\"wp-page\" data-elementor-id=\"2857\" class=\"elementor elementor-2857\" data-elementor-settings=\"[]\">\n\t\t\t\t\t\t<div class=\"elementor-inner\">\n\t\t\t\t\t\t\t<div class=\"elementor-section-wrap\">\n\t\t\t\t\t\t\t<section class=\"elementor-section elementor-top-section elementor-element elementor-element-3012a9c elementor-section-boxed elementor-section-height-default elementor-section-height-default\" data-id=\"3012a9c\" data-element_type=\"section\">\n\t\t\t\t\t\t<div class=\"elementor-container elementor-column-gap-extended\">\n\t\t\t\t\t\t\t<div class=\"elementor-row\">\n\t\t\t\t\t<div class=\"elementor-column elementor-col-100 elementor-top-column elementor-element elementor-element-b8055fa sc_inner_width_none sc_layouts_column_icons_position_left\" data-id=\"b8055fa\" data-element_type=\"column\">\n\t\t\t<div class=\"elementor-column-wrap elementor-element-populated\">\n\t\t\t\t\t\t\t<div class=\"elementor-widget-wrap\">\n\t\t\t\t\t\t<div class=\"elementor-element elementor-element-3f33bf6 sc_fly_static elementor-widget elementor-widget-text-editor\" data-id=\"3f33bf6\" data-element_type=\"widget\" data-widget_type=\"text-editor.default\">\n\t\t\t\t<div class=\"elementor-widget-container\">\n\t\t\t\t\t<div class=\"elementor-text-editor elementor-clearfix\"><p>&#8211; N\u1ed5 l\u1ef1c h\u1ecdc t\u1eadp, t\u00edch c\u1ef1c r\u00e8n luy\u1ec7n th\u1ec3 ch\u1ea5t, trau d\u1ed3i ki\u1ebfn th\u1ee9c, m\u1edf r\u1ed9ng m\u1ed1i quan h\u1ec7, t\u1ea1o nh\u00e2n duy\u00ean t\u1ed1t c\u0169ng l\u00e0 t\u1ea1o c\u01a1 h\u1ed9i cho b\u1ea3n th\u00e2n. \u0110\u01b0\u1ee3c ng\u01b0\u1eddi kh\u00e1c y\u00eau m\u1ebfn v\u00e0 s\u1eb3n s\u00e0ng gi\u00fap \u0111\u1ee1 m\u00ecnh ch\u00ednh l\u00e0 th\u00e0nh c\u00f4ng c\u1ee7a m\u00ecnh.<\/p><p><img decoding=\"async\" loading=\"lazy\" class=\"aligncenter wp-image-3120 size-full\" src=\"https:\/\/demo8.thuythu.com\/diatang\/wp-content\/uploads\/2021\/05\/nhanhoa.jpg\" alt=\"\" width=\"800\" height=\"533\" srcset=\"https:\/\/demo8.thuythu.com\/diatang\/wp-content\/uploads\/2021\/05\/nhanhoa.jpg 800w, https:\/\/demo8.thuythu.com\/diatang\/wp-content\/uploads\/2021\/05\/nhanhoa-300x200.jpg 300w, https:\/\/demo8.thuythu.com\/diatang\/wp-content\/uploads\/2021\/05\/nhanhoa-768x512.jpg 768w, https:\/\/demo8.thuythu.com\/diatang\/wp-content\/uploads\/2021\/05\/nhanhoa-370x247.jpg 370w, https:\/\/demo8.thuythu.com\/diatang\/wp-content\/uploads\/2021\/05\/nhanhoa-760x506.jpg 760w\" sizes=\"(max-width: 800px) 100vw, 800px\" \/><\/p><\/div>\n\t\t\t\t<\/div>\n\t\t\t\t<\/div>\n\t\t\t\t\t\t<\/div>\n\t\t\t\t\t<\/div>\n\t\t<\/div>\n\t\t\t\t\t\t\t\t<\/div>\n\t\t\t\t\t<\/div>\n\t\t<\/section>\n\t\t\t\t\t\t<\/div>\n\t\t\t\t\t\t<\/div>\n\t\t\t\t\t<\/div>\n\t\t","protected":false},"excerpt":{"rendered":"<p>&#8211; N\u1ed5 l\u1ef1c h\u1ecdc t\u1eadp, t\u00edch c\u1ef1c r\u00e8n luy\u1ec7n th\u1ec3 ch\u1ea5t, trau d\u1ed3i ki\u1ebfn th\u1ee9c, m\u1edf r\u1ed9ng m\u1ed1i quan h\u1ec7, t\u1ea1o nh\u00e2n duy\u00ean t\u1ed1t c\u0169ng l\u00e0 t\u1ea1o c\u01a1 h\u1ed9i cho&hellip;<\/p>\n","protected":false},"author":990002,"featured_media":0,"parent":0,"menu_order":0,"comment_status":"closed","ping_status":"closed","template":"","meta":[],"_links":{"self":[{"href":"https:\/\/demo8.thuythu.com\/diatang\/wp-json\/wp\/v2\/pages\/2857"}],"collection":[{"href":"https:\/\/demo8.thuythu.com\/diatang\/wp-json\/wp\/v2\/pages"}],"about":[{"href":"https:\/\/demo8.thuythu.com\/diatang\/wp-json\/wp\/v2\/types\/page"}],"author":[{"embeddable":true,"href":"https:\/\/demo8.thuythu.com\/diatang\/wp-json\/wp\/v2\/users\/990002"}],"replies":[{"embeddable":true,"href":"https:\/\/demo8.thuythu.com\/diatang\/wp-json\/wp\/v2\/comments?post=2857"}],"version-history":[{"count":7,"href":"https:\/\/demo8.thuythu.com\/diatang\/wp-json\/wp\/v2\/pages\/2857\/revisions"}],"predecessor-version":[{"id":3160,"href":"https:\/\/demo8.thuythu.com\/diatang\/wp-json\/wp\/v2\/pages\/2857\/revisions\/3160"}],"wp:attachment":[{"href":"https:\/\/demo8.thuythu.com\/diatang\/wp-json\/wp\/v2\/media?parent=2857"}],"curies":[{"name":"wp","href":"https:\/\/api.w.org\/{rel}","templated":true}]}}