{"id":2858,"date":"2021-04-19T13:43:05","date_gmt":"2021-04-19T06:43:05","guid":{"rendered":"https:\/\/demo8.thuythu.com\/diatang\/?page_id=2858"},"modified":"2021-04-19T13:46:04","modified_gmt":"2021-04-19T06:46:04","slug":"than-tro","status":"publish","type":"page","link":"https:\/\/demo8.thuythu.com\/diatang\/than-tro\/","title":{"rendered":"Th\u1ea7n tr\u1ee3"},"content":{"rendered":"\t\t<div data-elementor-type=\"wp-page\" data-elementor-id=\"2858\" class=\"elementor elementor-2858\" data-elementor-settings=\"[]\">\n\t\t\t\t\t\t<div class=\"elementor-inner\">\n\t\t\t\t\t\t\t<div class=\"elementor-section-wrap\">\n\t\t\t\t\t\t\t<section class=\"elementor-section elementor-top-section elementor-element elementor-element-2fdb041 elementor-section-boxed elementor-section-height-default elementor-section-height-default\" data-id=\"2fdb041\" data-element_type=\"section\">\n\t\t\t\t\t\t<div class=\"elementor-container elementor-column-gap-extended\">\n\t\t\t\t\t\t\t<div class=\"elementor-row\">\n\t\t\t\t\t<div class=\"elementor-column elementor-col-100 elementor-top-column elementor-element elementor-element-953ae3c sc_inner_width_none sc_layouts_column_icons_position_left\" data-id=\"953ae3c\" data-element_type=\"column\">\n\t\t\t<div class=\"elementor-column-wrap elementor-element-populated\">\n\t\t\t\t\t\t\t<div class=\"elementor-widget-wrap\">\n\t\t\t\t\t\t<div class=\"elementor-element elementor-element-d36410d sc_fly_static elementor-widget elementor-widget-text-editor\" data-id=\"d36410d\" data-element_type=\"widget\" data-widget_type=\"text-editor.default\">\n\t\t\t\t<div class=\"elementor-widget-container\">\n\t\t\t\t\t<div class=\"elementor-text-editor elementor-clearfix\"><p>&#8211; May m\u1eafn \u0111\u01b0\u1ee3c bi\u1ec3u hi\u1ec7n b\u1eb1ng m\u1ed9t ng\u0169 h\u00e0nh c\u00f3 l\u1ee3i trong l\u00e1 s\u1ed1 m\u1ec7nh l\u00fd c\u00e1 nh\u00e2n, n\u00f3 ch\u1ec9 xu\u1ea5t hi\u1ec7n v\u00e0o m\u1ed9t th\u1eddi \u0111i\u1ec3m c\u1ee5 th\u1ec3, \u0111\u01b0\u1ee3c k\u00edch ho\u1ea1t trong m\u1ed9t ho\u00e0n c\u1ea3nh hay m\u00f4i tr\u01b0\u1eddng c\u00f3 li\u00ean quan \u0111\u1ebfn ng\u0169 h\u00e0nh \u0111\u00f3. D\u01b0\u01a1ng Qu\u00fd nh\u00e2n ch\u00ednh l\u00e0 ng\u01b0\u1eddi mang ng\u0169 h\u00e0nh d\u1ee5ng th\u1ea7n b\u1ed5 tr\u1ee3, c\u00f3 th\u1ec3 l\u00e0 ng\u01b0\u1eddi th\u00e2n b\u00ean c\u1ea1nh m\u00ecnh, hay b\u1ea1n b\u00e8 \u0111\u1ed1i t\u00e1c ngo\u00e0i x\u00e3 h\u1ed9i. \u00c2m Qu\u00fd nh\u00e2n ch\u00ednh Linh kh\u00ed \u00f4ng b\u00e0 t\u1ed5 ti\u00ean lu\u00f4n b\u00ean c\u1ea1nh \u0111\u1ec3 ph\u00f9 tr\u1ee3 m\u00ecnh trong b\u1ea5t c\u1ee9 ho\u00e0n c\u1ea3nh n\u00e0o, m\u00f4i tr\u01b0\u1eddng n\u00e0o. <br \/>&#8211; Vi\u1ec7c \u0111i\u1ec1u ch\u1ec9nh h\u01b0\u1edbng \u0111\u1ed9 s\u1eeda sang nh\u00e0 c\u1eeda, hay c\u1ea3i t\u1ea1o m\u1ed9 ph\u1ea7n \u0111i\u1ec1u ch\u1ec9nh ph\u00e2n kim tr\u00ean bia m\u1ed9 \u00f4ng b\u00e0 ng\u01b0\u1eddi th\u00e2n qu\u00e1 c\u1ed1 ch\u00ednh l\u00e0 k\u1ebft n\u1ed1i Qu\u00fd nh\u00e2n c\u1ee7a m\u00ecnh.<\/p><p><img decoding=\"async\" loading=\"lazy\" class=\"aligncenter wp-image-1615 size-full\" src=\"https:\/\/demo8.thuythu.com\/diatang\/wp-content\/uploads\/2019\/07\/new-post-11-copyright.jpg\" alt=\"\" width=\"1620\" height=\"1080\" srcset=\"https:\/\/demo8.thuythu.com\/diatang\/wp-content\/uploads\/2019\/07\/new-post-11-copyright.jpg 1620w, https:\/\/demo8.thuythu.com\/diatang\/wp-content\/uploads\/2019\/07\/new-post-11-copyright-300x200.jpg 300w, https:\/\/demo8.thuythu.com\/diatang\/wp-content\/uploads\/2019\/07\/new-post-11-copyright-768x512.jpg 768w, https:\/\/demo8.thuythu.com\/diatang\/wp-content\/uploads\/2019\/07\/new-post-11-copyright-1024x683.jpg 1024w, https:\/\/demo8.thuythu.com\/diatang\/wp-content\/uploads\/2019\/07\/new-post-11-copyright-370x247.jpg 370w, https:\/\/demo8.thuythu.com\/diatang\/wp-content\/uploads\/2019\/07\/new-post-11-copyright-760x507.jpg 760w\" sizes=\"(max-width: 1620px) 100vw, 1620px\" \/><\/p><\/div>\n\t\t\t\t<\/div>\n\t\t\t\t<\/div>\n\t\t\t\t\t\t<\/div>\n\t\t\t\t\t<\/div>\n\t\t<\/div>\n\t\t\t\t\t\t\t\t<\/div>\n\t\t\t\t\t<\/div>\n\t\t<\/section>\n\t\t\t\t\t\t<\/div>\n\t\t\t\t\t\t<\/div>\n\t\t\t\t\t<\/div>\n\t\t","protected":false},"excerpt":{"rendered":"<p>&#8211; May m\u1eafn \u0111\u01b0\u1ee3c bi\u1ec3u hi\u1ec7n b\u1eb1ng m\u1ed9t ng\u0169 h\u00e0nh c\u00f3 l\u1ee3i trong l\u00e1 s\u1ed1 m\u1ec7nh l\u00fd c\u00e1 nh\u00e2n, n\u00f3 ch\u1ec9 xu\u1ea5t hi\u1ec7n v\u00e0o m\u1ed9t th\u1eddi \u0111i\u1ec3m c\u1ee5 th\u1ec3, \u0111\u01b0\u1ee3c&hellip;<\/p>\n","protected":false},"author":990002,"featured_media":0,"parent":0,"menu_order":0,"comment_status":"closed","ping_status":"closed","template":"","meta":[],"_links":{"self":[{"href":"https:\/\/demo8.thuythu.com\/diatang\/wp-json\/wp\/v2\/pages\/2858"}],"collection":[{"href":"https:\/\/demo8.thuythu.com\/diatang\/wp-json\/wp\/v2\/pages"}],"about":[{"href":"https:\/\/demo8.thuythu.com\/diatang\/wp-json\/wp\/v2\/types\/page"}],"author":[{"embeddable":true,"href":"https:\/\/demo8.thuythu.com\/diatang\/wp-json\/wp\/v2\/users\/990002"}],"replies":[{"embeddable":true,"href":"https:\/\/demo8.thuythu.com\/diatang\/wp-json\/wp\/v2\/comments?post=2858"}],"version-history":[{"count":4,"href":"https:\/\/demo8.thuythu.com\/diatang\/wp-json\/wp\/v2\/pages\/2858\/revisions"}],"predecessor-version":[{"id":2866,"href":"https:\/\/demo8.thuythu.com\/diatang\/wp-json\/wp\/v2\/pages\/2858\/revisions\/2866"}],"wp:attachment":[{"href":"https:\/\/demo8.thuythu.com\/diatang\/wp-json\/wp\/v2\/media?parent=2858"}],"curies":[{"name":"wp","href":"https:\/\/api.w.org\/{rel}","templated":true}]}}