{"id":332,"date":"2018-12-11T15:23:23","date_gmt":"2018-12-11T15:23:23","guid":{"rendered":"https:\/\/demo8.thuythu.com\/diatang\/?page_id=332"},"modified":"2021-05-19T11:39:28","modified_gmt":"2021-05-19T04:39:28","slug":"dich-vu","status":"publish","type":"page","link":"https:\/\/demo8.thuythu.com\/diatang\/dich-vu\/","title":{"rendered":"D\u1ecbch v\u1ee5"},"content":{"rendered":"\t\t<div data-elementor-type=\"wp-post\" data-elementor-id=\"332\" class=\"elementor elementor-332\" data-elementor-settings=\"[]\">\n\t\t\t\t\t\t<div class=\"elementor-inner\">\n\t\t\t\t\t\t\t<div class=\"elementor-section-wrap\">\n\t\t\t\t\t\t\t<section class=\"elementor-section elementor-top-section elementor-element elementor-element-8a50e77 elementor-section-boxed elementor-section-height-default elementor-section-height-default\" data-id=\"8a50e77\" data-element_type=\"section\">\n\t\t\t\t\t\t<div class=\"elementor-container elementor-column-gap-extended\">\n\t\t\t\t\t\t\t<div class=\"elementor-row\">\n\t\t\t\t\t<div class=\"elementor-column elementor-col-100 elementor-top-column elementor-element elementor-element-6d8a7bb sc_inner_width_none sc_layouts_column_icons_position_left\" data-id=\"6d8a7bb\" data-element_type=\"column\">\n\t\t\t<div class=\"elementor-column-wrap elementor-element-populated\">\n\t\t\t\t\t\t\t<div class=\"elementor-widget-wrap\">\n\t\t\t\t\t\t<div class=\"elementor-element elementor-element-edd6049 sc_fly_static elementor-widget elementor-widget-trx_sc_services\" data-id=\"edd6049\" data-element_type=\"widget\" data-widget_type=\"trx_sc_services.default\">\n\t\t\t\t<div class=\"elementor-widget-container\">\n\t\t\t<div id=\"trx_sc_services_1798042445\" class=\"sc_services sc_services_default sc_services_featured_top\"><div class=\"sc_services_columns_wrap sc_item_columns sc_item_posts_container sc_item_columns_3 trx_addons_columns_wrap columns_padding_bottom\"><div class=\"trx_addons_column-1_3\"><div class=\"sc_services_item no_links with_content with_image sc_services_item_featured_top post-2887 cpt_services type-cpt_services status-publish has-post-thumbnail hentry cpt_services_group-duong-trach\">\n\t<div class=\"post_featured with_thumb hover_icon sc_services_item_thumb\"><img width=\"370\" height=\"230\" src=\"https:\/\/demo8.thuythu.com\/diatang\/wp-content\/uploads\/2019\/07\/dv1-370x230.jpg\" class=\"attachment-vihara-thumb-services size-vihara-thumb-services wp-post-image\" alt=\"\" decoding=\"async\" loading=\"lazy\" \/>\t\t\t\t\t\t<div class=\"mask\"><\/div>\n\t\t\t\t\t\t\t\t\t<div class=\"icons\"><a href=\"https:\/\/demo8.thuythu.com\/diatang\/services\/to-chuc-le-khai-truong-dong-tho-xay-dung-cong-trinh-khai-quang\/\"  aria-hidden=\"true\" class=\"icon-add\"><\/a><\/div>\n\t\t\t<\/div>\t\n\t<div class=\"sc_services_item_info\">\n\t\t\t\t<div class=\"sc_services_item_header\">\n\t\t\t\t\t\t<h4 class=\"sc_services_item_title\"><a href=\"https:\/\/demo8.thuythu.com\/diatang\/services\/to-chuc-le-khai-truong-dong-tho-xay-dung-cong-trinh-khai-quang\/\">Xem Phong th\u1ee7y nh\u00e0 c\u1eeda, c\u1ea3i t\u1ea1o b\u1ed1 tr\u00ed n\u1ed9i th\u1ea5t&#8230;<\/a><\/h4>\n\t\t\t\t\t\t\t\t<\/div>\n\t\t\t\t\t\t\t<div class=\"sc_services_item_content\"><p>\u2013 di\u1ec7n t\u00edch x\u00e2y d\u1ef1ng 300m2 &#8211; &#8211;\tT\u1eeb 14 tri\u1ec7u<\/p>\n<\/div><div class=\"sc_services_item_button sc_item_button\"><a href=\"https:\/\/demo8.thuythu.com\/diatang\/services\/to-chuc-le-khai-truong-dong-tho-xay-dung-cong-trinh-khai-quang\/\" class=\"sc_button sc_button_default sc_button_size_small\">Xem Th\u00eam<\/a><\/div><\/div>\n<\/div>\n<\/div><div class=\"trx_addons_column-1_3\"><div class=\"sc_services_item no_links with_content with_image sc_services_item_featured_top post-2886 cpt_services type-cpt_services status-publish has-post-thumbnail hentry cpt_services_group-duong-trach\">\n\t<div class=\"post_featured with_thumb hover_icon sc_services_item_thumb\"><img width=\"370\" height=\"230\" src=\"https:\/\/demo8.thuythu.com\/diatang\/wp-content\/uploads\/2019\/07\/dv12-370x230.jpg\" class=\"attachment-vihara-thumb-services size-vihara-thumb-services wp-post-image\" alt=\"\" decoding=\"async\" loading=\"lazy\" \/>\t\t\t\t\t\t<div class=\"mask\"><\/div>\n\t\t\t\t\t\t\t\t\t<div class=\"icons\"><a href=\"https:\/\/demo8.thuythu.com\/diatang\/services\/chon-tim-nha-o-dat-o\/\"  aria-hidden=\"true\" class=\"icon-add\"><\/a><\/div>\n\t\t\t<\/div>\t\n\t<div class=\"sc_services_item_info\">\n\t\t\t\t<div class=\"sc_services_item_header\">\n\t\t\t\t\t\t<h4 class=\"sc_services_item_title\"><a href=\"https:\/\/demo8.thuythu.com\/diatang\/services\/chon-tim-nha-o-dat-o\/\">Xem Phong th\u1ee7y khu V\u0103n ph\u00f2ng, C\u00f4ng ty,&#8230;<\/a><\/h4>\n\t\t\t\t\t\t\t\t<\/div>\n\t\t\t\t\t\t\t<div class=\"sc_services_item_content\"><p>\u2013 Di\u1ec7n t\u00edch 450m2 &#8211; T\u1eeb 19 tri\u1ec7u<\/p>\n<\/div><div class=\"sc_services_item_button sc_item_button\"><a href=\"https:\/\/demo8.thuythu.com\/diatang\/services\/chon-tim-nha-o-dat-o\/\" class=\"sc_button sc_button_default sc_button_size_small\">Xem Th\u00eam<\/a><\/div><\/div>\n<\/div>\n<\/div><div class=\"trx_addons_column-1_3\"><div class=\"sc_services_item no_links with_content with_image sc_services_item_featured_top post-320 cpt_services type-cpt_services status-publish has-post-thumbnail hentry cpt_services_group-duong-trach\">\n\t<div class=\"post_featured with_thumb hover_icon sc_services_item_thumb\"><img width=\"370\" height=\"230\" src=\"https:\/\/demo8.thuythu.com\/diatang\/wp-content\/uploads\/2019\/07\/dv13-370x230.jpg\" class=\"attachment-vihara-thumb-services size-vihara-thumb-services wp-post-image\" alt=\"\" decoding=\"async\" loading=\"lazy\" \/>\t\t\t\t\t\t<div class=\"mask\"><\/div>\n\t\t\t\t\t\t\t\t\t<div class=\"icons\"><a href=\"https:\/\/demo8.thuythu.com\/diatang\/services\/xem-phong-thuy-khu-van-phong-cong-ty-mat-bang-kinh-doanh\/\"  aria-hidden=\"true\" class=\"icon-add\"><\/a><\/div>\n\t\t\t<\/div>\t\n\t<div class=\"sc_services_item_info\">\n\t\t\t\t<div class=\"sc_services_item_header\">\n\t\t\t\t\t\t<h4 class=\"sc_services_item_title\"><a href=\"https:\/\/demo8.thuythu.com\/diatang\/services\/xem-phong-thuy-khu-van-phong-cong-ty-mat-bang-kinh-doanh\/\">T\u01b0 v\u1ea5n l\u1ef1a ch\u1ecdn v\u1ecb tr\u00ed mua \u0111\u1ea5t x\u00e2y d\u1ef1ng<\/a><\/h4>\n\t\t\t\t\t\t\t\t<\/div>\n\t\t\t\t\t\t\t<div class=\"sc_services_item_content\"><p>&#8211; Li\u00ean h\u1ec7<\/p>\n<\/div><div class=\"sc_services_item_button sc_item_button\"><a href=\"https:\/\/demo8.thuythu.com\/diatang\/services\/xem-phong-thuy-khu-van-phong-cong-ty-mat-bang-kinh-doanh\/\" class=\"sc_button sc_button_default sc_button_size_small\">Xem Th\u00eam<\/a><\/div><\/div>\n<\/div>\n<\/div><div class=\"trx_addons_column-1_3\"><div class=\"sc_services_item no_links with_content with_image sc_services_item_featured_top post-319 cpt_services type-cpt_services status-publish has-post-thumbnail hentry cpt_services_group-duong-trach\">\n\t<div class=\"post_featured with_thumb hover_icon sc_services_item_thumb\"><img width=\"370\" height=\"230\" src=\"https:\/\/demo8.thuythu.com\/diatang\/wp-content\/uploads\/2019\/07\/dv1fr-370x230.jpg\" class=\"attachment-vihara-thumb-services size-vihara-thumb-services wp-post-image\" alt=\"\" decoding=\"async\" loading=\"lazy\" \/>\t\t\t\t\t\t<div class=\"mask\"><\/div>\n\t\t\t\t\t\t\t\t\t<div class=\"icons\"><a href=\"https:\/\/demo8.thuythu.com\/diatang\/services\/tu-van-thiet-ke-dua-tren-ban-ve-bo-cuc-truoc-khi-xay-dung-bo-tri-nha-cua\/\"  aria-hidden=\"true\" class=\"icon-add\"><\/a><\/div>\n\t\t\t<\/div>\t\n\t<div class=\"sc_services_item_info\">\n\t\t\t\t<div class=\"sc_services_item_header\">\n\t\t\t\t\t\t<h4 class=\"sc_services_item_title\"><a href=\"https:\/\/demo8.thuythu.com\/diatang\/services\/tu-van-thiet-ke-dua-tren-ban-ve-bo-cuc-truoc-khi-xay-dung-bo-tri-nha-cua\/\">T\u1ed5 ch\u1ee9c l\u1ec5 khai tr\u01b0\u01a1ng \u0111\u1ed9ng th\u1ed5 x\u00e2y d\u1ef1ng c\u00f4ng tr\u00ecnh&#8230;<\/a><\/h4>\n\t\t\t\t\t\t\t\t<\/div>\n\t\t\t\t\t\t\t<div class=\"sc_services_item_content\"><p> &#8211;  Li\u00ean h\u1ec7<\/p>\n<\/div><div class=\"sc_services_item_button sc_item_button\"><a href=\"https:\/\/demo8.thuythu.com\/diatang\/services\/tu-van-thiet-ke-dua-tren-ban-ve-bo-cuc-truoc-khi-xay-dung-bo-tri-nha-cua\/\" class=\"sc_button sc_button_default sc_button_size_small\">Xem Th\u00eam<\/a><\/div><\/div>\n<\/div>\n<\/div><\/div><\/div><!-- \/.sc_services -->\t\t<\/div>\n\t\t\t\t<\/div>\n\t\t\t\t\t\t<\/div>\n\t\t\t\t\t<\/div>\n\t\t<\/div>\n\t\t\t\t\t\t\t\t<\/div>\n\t\t\t\t\t<\/div>\n\t\t<\/section>\n\t\t\t\t<section class=\"sc_parallax elementor-section elementor-top-section elementor-element elementor-element-e3da182 elementor-section-stretched scheme_dark elementor-section-boxed elementor-section-height-default elementor-section-height-default\" data-parallax-blocks=\"[{&quot;type&quot;:&quot;scroll&quot;,&quot;image&quot;:{&quot;url&quot;:&quot;&quot;,&quot;id&quot;:&quot;&quot;},&quot;left&quot;:{&quot;unit&quot;:&quot;px&quot;,&quot;size&quot;:50,&quot;sizes&quot;:[]},&quot;top&quot;:{&quot;unit&quot;:&quot;px&quot;,&quot;size&quot;:-150,&quot;sizes&quot;:[]},&quot;_id&quot;:&quot;4d5bb4f&quot;,&quot;animation_prop&quot;:&quot;background&quot;,&quot;bg_size&quot;:&quot;background&quot;,&quot;speed&quot;:{&quot;unit&quot;:&quot;px&quot;,&quot;size&quot;:50,&quot;sizes&quot;:[]},&quot;z_index&quot;:{&quot;unit&quot;:&quot;px&quot;,&quot;size&quot;:&quot;&quot;,&quot;sizes&quot;:[]},&quot;class&quot;:&quot;&quot;}]\" data-id=\"e3da182\" data-element_type=\"section\" data-settings=\"{&quot;stretch_section&quot;:&quot;section-stretched&quot;,&quot;background_background&quot;:&quot;classic&quot;}\">\n\t\t\t\t\t\t\t<div class=\"elementor-background-overlay\"><\/div>\n\t\t\t\t\t\t\t<div class=\"elementor-container elementor-column-gap-extended\">\n\t\t\t\t\t\t\t<div class=\"elementor-row\">\n\t\t\t\t\t<div class=\"elementor-column elementor-col-100 elementor-top-column elementor-element elementor-element-0856b45 scheme_default sc_inner_width_none sc_layouts_column_icons_position_left\" data-id=\"0856b45\" data-element_type=\"column\">\n\t\t\t<div class=\"elementor-column-wrap elementor-element-populated\">\n\t\t\t\t\t\t\t<div class=\"elementor-widget-wrap\">\n\t\t\t\t\t\t<div class=\"elementor-element elementor-element-7ad5c64 sc_fly_static elementor-widget elementor-widget-trx_sc_title\" data-id=\"7ad5c64\" data-element_type=\"widget\" data-widget_type=\"trx_sc_title.default\">\n\t\t\t\t<div class=\"elementor-widget-container\">\n\t\t\t<div id=\"trx_sc_title_602918105\"\n\t\tclass=\"sc_title sc_title_default\"><span class=\"sc_item_subtitle sc_title_subtitle sc_align_center sc_item_subtitle_above sc_item_title_style_default\">B\u1ea0N C\u1ea6N T\u01af V\u1ea4N<\/span><h1 class=\"sc_item_title sc_title_title sc_align_center sc_item_title_style_default sc_item_title_tag trx_addons_inline_1012654877\"><span class=\"sc_item_title_text\">H\u00e3y li\u00ean h\u1ec7 ngay<\/span><\/h1><div class=\"sc_item_descr sc_title_descr sc_align_center\"><p>Qu\u00fd kh\u00e1ch h\u00e0ng c\u00f3 quan t\u00e2m \u0111\u1ebfn c\u00e1c g\u00f3i d\u1ecbch v\u1ee5 t\u01b0 v\u1ea5n phong th\u1ee7y c\u1ee7a ch\u00fang t\u00f4i, vui l\u00f2ng g\u1ecdi \u0111i\u1ec7n v\u00e0o s\u1ed1 hotline \u0111\u1ec3 \u0111\u01b0\u1ee3c cung c\u1ea5p th\u00f4ng tin c\u1ee5 th\u1ec3 v\u00e0 b\u00e1o gi\u00e1.<\/p>\n<\/div><\/div><!-- \/.sc_title -->\t\t<\/div>\n\t\t\t\t<\/div>\n\t\t\t\t<div class=\"elementor-element elementor-element-8143484 sc_fly_static elementor-widget elementor-widget-shortcode\" data-id=\"8143484\" data-element_type=\"widget\" data-widget_type=\"shortcode.default\">\n\t\t\t\t<div class=\"elementor-widget-container\">\n\t\t\t\t\t<div class=\"elementor-shortcode\"><div role=\"form\" class=\"wpcf7\" id=\"wpcf7-f334-o1\" lang=\"en-US\" dir=\"ltr\">\n<div class=\"screen-reader-response\"><p role=\"status\" aria-live=\"polite\" aria-atomic=\"true\"><\/p> <ul><\/ul><\/div>\n<form action=\"\/diatang\/wp-json\/wp\/v2\/pages\/332#wpcf7-f334-o1\" method=\"post\" class=\"wpcf7-form init\" novalidate=\"novalidate\" data-status=\"init\">\n<div style=\"display: none;\">\n<input type=\"hidden\" name=\"_wpcf7\" value=\"334\" \/>\n<input type=\"hidden\" name=\"_wpcf7_version\" value=\"5.4.2\" \/>\n<input type=\"hidden\" name=\"_wpcf7_locale\" value=\"en_US\" \/>\n<input type=\"hidden\" name=\"_wpcf7_unit_tag\" value=\"wpcf7-f334-o1\" \/>\n<input type=\"hidden\" name=\"_wpcf7_container_post\" value=\"0\" \/>\n<input type=\"hidden\" name=\"_wpcf7_posted_data_hash\" value=\"\" \/>\n<\/div>\n<div class=\"elementor-column-gap-extended\">\n<div class=\"elementor-row\">\n<div class=\"elementor-column elementor-col-33\">\n<div class=\"elementor-column-wrap elementor-element-populated\">\n<span class=\"wpcf7-form-control-wrap your-name\"><input type=\"text\" name=\"your-name\" value=\"\" size=\"40\" class=\"wpcf7-form-control wpcf7-text wpcf7-validates-as-required\" aria-required=\"true\" aria-invalid=\"false\" placeholder=\"H\u1ecd v\u00e0 t\u00ean*\" \/><\/span>\n<\/div>\n<\/div>\n<div class=\"elementor-column elementor-col-33\">\n<div class=\"elementor-column-wrap elementor-element-populated\">\n<span class=\"wpcf7-form-control-wrap your-tel\"><input type=\"tel\" name=\"your-tel\" value=\"\" size=\"40\" class=\"wpcf7-form-control wpcf7-text wpcf7-tel wpcf7-validates-as-required wpcf7-validates-as-tel\" aria-required=\"true\" aria-invalid=\"false\" placeholder=\"S\u1ed1 \u0111i\u1ec7n tho\u1ea1i*\" \/><\/span>\n<\/div>\n<\/div>\n<div class=\"elementor-column elementor-col-33\">\n<div class=\"elementor-column-wrap elementor-element-populated\">\n<span class=\"wpcf7-form-control-wrap your-email\"><input type=\"email\" name=\"your-email\" value=\"\" size=\"40\" class=\"wpcf7-form-control wpcf7-text wpcf7-email wpcf7-validates-as-email\" aria-invalid=\"false\" placeholder=\"Email\" \/><\/span>\n<\/div>\n<\/div>\n<\/div>\n<\/div>\n<div class=\"text-center\">\n <input type=\"submit\" value=\"G\u1eedi ngay\" class=\"wpcf7-form-control wpcf7-submit\" \/>\n<\/div>\n<div class=\"wpcf7-response-output\" aria-hidden=\"true\"><\/div><\/form><\/div><\/div>\n\t\t\t\t<\/div>\n\t\t\t\t<\/div>\n\t\t\t\t\t\t<\/div>\n\t\t\t\t\t<\/div>\n\t\t<\/div>\n\t\t\t\t\t\t\t\t<\/div>\n\t\t\t\t\t<\/div>\n\t\t<\/section>\n\t\t\t\t\t\t<\/div>\n\t\t\t\t\t\t<\/div>\n\t\t\t\t\t<\/div>\n\t\t","protected":false},"excerpt":{"rendered":"<p>T\u1ed5 ch\u1ee9c l\u1ec5 khai tr\u01b0\u01a1ng \u0111\u1ed9ng th\u1ed5 x\u00e2y d\u1ef1ng c\u00f4ng tr\u00ecnh, khai quang,&#8230; Ph\u00ed tham kh\u1ea3o: Tho\u1ea3 thu\u1eadn Xem Th\u00eam Ch\u1ecdn t\u00ecm nh\u00e0 \u1edf, \u0111\u1ea5t \u1edf\u2026 Ph\u00ed tham kh\u1ea3o: Tho\u1ea3&hellip;<\/p>\n","protected":false},"author":990002,"featured_media":0,"parent":0,"menu_order":0,"comment_status":"closed","ping_status":"closed","template":"","meta":[],"_links":{"self":[{"href":"https:\/\/demo8.thuythu.com\/diatang\/wp-json\/wp\/v2\/pages\/332"}],"collection":[{"href":"https:\/\/demo8.thuythu.com\/diatang\/wp-json\/wp\/v2\/pages"}],"about":[{"href":"https:\/\/demo8.thuythu.com\/diatang\/wp-json\/wp\/v2\/types\/page"}],"author":[{"embeddable":true,"href":"https:\/\/demo8.thuythu.com\/diatang\/wp-json\/wp\/v2\/users\/990002"}],"replies":[{"embeddable":true,"href":"https:\/\/demo8.thuythu.com\/diatang\/wp-json\/wp\/v2\/comments?post=332"}],"version-history":[{"count":22,"href":"https:\/\/demo8.thuythu.com\/diatang\/wp-json\/wp\/v2\/pages\/332\/revisions"}],"predecessor-version":[{"id":3224,"href":"https:\/\/demo8.thuythu.com\/diatang\/wp-json\/wp\/v2\/pages\/332\/revisions\/3224"}],"wp:attachment":[{"href":"https:\/\/demo8.thuythu.com\/diatang\/wp-json\/wp\/v2\/media?parent=332"}],"curies":[{"name":"wp","href":"https:\/\/api.w.org\/{rel}","templated":true}]}}