{"id":710,"date":"2022-04-12T03:37:20","date_gmt":"2022-04-12T03:37:20","guid":{"rendered":"https:\/\/demo8.thuythu.com\/dnphawaco\/giai-phap\/"},"modified":"2023-12-12T02:53:16","modified_gmt":"2023-12-12T02:53:16","slug":"giai-phap","status":"publish","type":"page","link":"https:\/\/demo8.thuythu.com\/dnphawaco\/en\/giai-phap\/","title":{"rendered":"Gi\u1ea3i ph\u00e1p"},"content":{"rendered":"<h1><span style=\"font-family: tahoma, arial, helvetica, sans-serif;\"><b>GI\u1ea2I PH\u00c1P N\u01af\u1edaC S\u1ea0CH\u00a0<\/b><\/span><\/h1>\n<p style=\"font-weight: 400;\"><span style=\"font-family: tahoma, arial, helvetica, sans-serif; font-size: 16px;\"><b>CREATIVE<\/b><span style=\"font-weight: 400;\"> l\u00e0 \u0111\u01a1n v\u1ecb h\u00e0ng \u0111\u1ea7u <\/span><span style=\"font-weight: 400;\">cung c\u1ea5p c\u00e1c gi\u1ea3i ph\u00e1p c\u00f4ng ngh\u1ec7 trong x\u00e2y d\u1ef1ng, qu\u1ea3n tr\u1ecb v\u00e0 v\u1eadn h\u00e0nh h\u1ec7 th\u1ed1ng x\u1eed l\u00fd n\u01b0\u1edbc s\u1ea1ch; cung c\u1ea5p thi\u1ebft b\u1ecb, v\u1eadt t\u01b0 ti\u00ean ti\u1ebfn, th\u00f4ng minh theo ti\u00eau chu\u1ea9n h\u00e0ng \u0111\u1ea7u th\u1ebf gi\u1edbi \u0111\u1ea3m b\u1ea3o mang l\u1ea1i hi\u1ec7u qu\u1ea3 kinh t\u1ebf, gi\u00fap kh\u00e1ch h\u00e0ng gi\u1ea3i quy\u1ebft \u0111\u01b0\u1ee3c c\u00e1c v\u1ea5n \u0111\u1ec1 trong l\u0129nh v\u1ef1c n\u01b0\u1edbc s\u1ea1ch. <\/span><span style=\"font-weight: 400;\">\u0110em \u0111\u1ebfn ngu\u1ed3n n\u01b0\u1edbc s\u1ea1ch an to\u00e0n v\u00e0 \u0111\u1ea3m b\u1ea3o cho c\u00e1c h\u1ed9 gia \u0111\u00ecnh, nh\u00e0 m\u00e1y, khu c\u00f4ng nghi\u1ec7p&#8230;<\/span><\/span><\/p>\n<p style=\"font-weight: 400;\"><span style=\"font-weight: 400; font-family: tahoma, arial, helvetica, sans-serif; font-size: 16px;\"><span style=\"font-family: tahoma, arial, helvetica, sans-serif; font-size: 16px;\"><b>CREATIVE<\/b><\/span> \u0111em \u0111\u1ebfn nh\u1eefng gi\u1ea3i ph\u00e1p c\u00f4ng ngh\u1ec7 t\u00edch h\u1ee3p, t\u1ef1 \u0111\u1ed9ng h\u00f3a, gi\u1ea3i ph\u00e1p 4.0 b\u1eb1ng nhi\u1ec1u ph\u01b0\u01a1ng ph\u00e1p, thi\u1ebft b\u1ecb \u0111ang \u0111\u01b0\u1ee3c \u1ee9ng d\u1ee5ng r\u1ed9ng r\u00e3i trong ng\u00e0nh n\u01b0\u1edbc s\u1ea1ch.<\/span><\/p>\n<ul style=\"font-weight: 400;\">\n<li style=\"font-weight: 400;\" aria-level=\"1\"><span style=\"font-weight: 400; font-family: tahoma, arial, helvetica, sans-serif; font-size: 16px;\">Gi\u1ea3i ph\u00e1p x\u1eed l\u00fd n\u01b0\u1edbc ng\u1ea7m<\/span><\/li>\n<li style=\"font-weight: 400;\" aria-level=\"1\"><span style=\"font-weight: 400; font-family: tahoma, arial, helvetica, sans-serif; font-size: 16px;\">Gi\u1ea3i ph\u00e1p x\u1eed l\u00fd n\u01b0\u1edbc m\u1eb7t\u00a0<\/span><\/li>\n<li style=\"font-weight: 400;\" aria-level=\"1\"><span style=\"font-weight: 400; font-family: tahoma, arial, helvetica, sans-serif; font-size: 16px;\">Gi\u1ea3i ph\u00e1p x\u1eed l\u00fd n\u01b0\u1edbc m\u1eb7n, n\u01b0\u1edbc l\u1ee3<\/span><\/li>\n<li style=\"font-weight: 400;\" aria-level=\"1\"><span style=\"font-weight: 400; font-family: tahoma, arial, helvetica, sans-serif; font-size: 16px;\">Cung c\u1ea5p thi\u1ebft b\u1ecb, v\u1eadt t\u01b0 to\u00e0n di\u1ec7n ng\u00e0nh n\u01b0\u1edbc: \u0110\u1ed3ng h\u1ed3, h\u1ec7 th\u1ed1ng b\u01a1m, van, \u0111i\u1ec1u khi\u1ec3n t\u1ef1 \u0111\u1ed9ng scada, t\u1ea5m l\u1eafng, h\u00f3a ch\u1ea5t, \u1ed1ng\u2026.<\/span><\/li>\n<li style=\"font-weight: 400;\" aria-level=\"1\"><span style=\"font-weight: 400; font-family: tahoma, arial, helvetica, sans-serif; font-size: 16px;\">N\u00e2ng c\u1ea5p, c\u1ea3i t\u1ea1o nh\u00e0 m\u00e1y n\u01b0\u1edbc<\/span><\/li>\n<li style=\"font-weight: 400;\" aria-level=\"1\"><span style=\"font-weight: 400; font-family: tahoma, arial, helvetica, sans-serif; font-size: 16px;\">Gi\u1ea3i ph\u00e1p t\u1ef1 \u0111\u1ed9ng h\u00f3a trong nh\u00e0 m\u00e1y n\u01b0\u1edbc<\/span><\/li>\n<li style=\"font-weight: 400;\" aria-level=\"1\"><span style=\"font-weight: 400; font-family: tahoma, arial, helvetica, sans-serif; font-size: 16px;\">Gi\u1ea3i ph\u00e1p qu\u1ea3n l\u00fd m\u1ea1ng v\u00e0 ch\u1ed1ng th\u1ea5t tho\u00e1t m\u1ea1ng l\u01b0\u1edbi c\u1ea5p n\u01b0\u1edbc<\/span><\/li>\n<li style=\"font-weight: 400;\" aria-level=\"1\"><span style=\"font-weight: 400; font-family: tahoma, arial, helvetica, sans-serif; font-size: 16px;\">Gi\u1ea3i ph\u00e1p qu\u1ea3n l\u00fd \u0111\u1ed3ng h\u1ed3 n\u01b0\u1edbc th\u00f4ng minh<\/span><\/li>\n<\/ul>\n<ul>\n<li aria-level=\"1\">\n<h1><span style=\"font-family: tahoma, arial, helvetica, sans-serif;\"><b>GI\u1ea2I PH\u00c1P N\u01af\u1edaC TH\u1ea2I\u00a0<\/b><\/span><\/h1>\n<\/li>\n<\/ul>\n<p style=\"font-weight: 400;\"><span style=\"font-family: tahoma, arial, helvetica, sans-serif;\"><span style=\"font-weight: 400;\"><span style=\"font-family: tahoma, arial, helvetica, sans-serif; font-size: 16px;\"><b>CREATIVE<\/b><\/span> l\u00e0 \u0111\u01a1n v\u1ecb ti\u00ean phong cung c\u1ea5p c\u00e1c s\u1ea3n ph\u1ea9m, thi\u1ebft b\u1ecb thu\u1ed9c c\u00e1c gi\u1ea3i ph\u00e1p c\u1ea5p tho\u00e1t n\u01b0\u1edbc uy t\u00edn t\u1ea1i Vi\u1ec7t Nam. <span style=\"font-family: tahoma, arial, helvetica, sans-serif; font-size: 16px;\"><b>CREATIVE<\/b><\/span><\/span><b>\u00a0<\/b><span style=\"font-weight: 400;\">lu\u00f4n t\u00ecm t\u00f2i nh\u1eefng gi\u1ea3i ph\u00e1p chuy\u00ean s\u00e2u nh\u1eb1m kh\u1eafc ph\u1ee5c, h\u1ed7 tr\u1ee3 qu\u1ea3n l\u00fd m\u1ea1ng l\u01b0\u1edbi n\u01b0\u1edbc th\u1ea3i sinh ho\u1ea1t, c\u00f4ng nghi\u1ec7p, gi\u1ea3i quy\u1ebft v\u1ea5n \u0111\u1ec1 n\u01b0\u1edbc th\u1ea3i \u00f4 nhi\u1ec5m n\u1eb7ng n\u1ec1 hi\u1ec7n nay. V\u1edbi m\u1ee5c ti\u00eau an to\u00e0n, v\u00e0 b\u1ea3o v\u1ec7 \u0111\u1ea7u ra ngu\u1ed3n n\u01b0\u1edbc th\u1ea3i, gi\u1ea3i ph\u00e1p ch\u00fang t\u00f4i \u0111\u01b0a ra lu\u00f4n \u0111\u1ea3m b\u1ea3o ch\u1ea5t l\u01b0\u1ee3ng quy tr\u00ecnh kh\u00e9p k\u00edn, an to\u00e0n khi \u1ee9ng d\u1ee5ng trong c\u00e1c h\u1ed9 gia \u0111\u00ecnh, nh\u00e0 m\u00e1y, x\u00ed nghi\u1ec7p,&#8230;.<\/span><\/span><\/p>\n<p style=\"font-weight: 400;\"><span style=\"font-family: tahoma, arial, helvetica, sans-serif;\"><span style=\"font-weight: 400;\"><span style=\"font-family: tahoma, arial, helvetica, sans-serif; font-size: 16px;\"><b>CREATIVE<\/b><\/span> \u0111em \u0111\u1ebfn nh\u1eefng gi\u1ea3i ph\u00e1p c\u00f4ng ngh\u1ec7 t\u00edch h\u1ee3p, t\u1ef1 \u0111\u1ed9ng h\u00f3a, gi\u1ea3i ph\u00e1p 4.0 b\u1eb1ng nhi\u1ec1u ph\u01b0\u01a1ng ph\u00e1p, thi\u1ebft b\u1ecb \u0111ang \u0111\u01b0\u1ee3c \u1ee9ng d\u1ee5ng r\u1ed9ng r\u00e3i trong ng\u00e0nh x\u1eed l\u00fd n\u01b0\u1edbc th\u1ea3i.\u00a0<\/span><\/span><\/p>\n<ul style=\"font-weight: 400;\">\n<li style=\"font-weight: 400;\" aria-level=\"1\"><span style=\"font-weight: 400; font-family: tahoma, arial, helvetica, sans-serif;\">Gi\u1ea3i ph\u00e1p h\u1ec7 th\u1ed1ng tho\u00e1t n\u01b0\u1edbc<\/span><\/li>\n<li style=\"font-weight: 400;\" aria-level=\"1\"><span style=\"font-weight: 400; font-family: tahoma, arial, helvetica, sans-serif;\">Gi\u1ea3i ph\u00e1p x\u1eed l\u00fd n\u01b0\u1edbc th\u1ea3i\u00a0<\/span><\/li>\n<li style=\"font-weight: 400;\" aria-level=\"1\"><span style=\"font-weight: 400; font-family: tahoma, arial, helvetica, sans-serif;\">Gi\u1ea3i ph\u00e1p t\u1ef1 \u0111\u1ed9ng h\u00f3a trong nh\u00e0 m\u00e1y x\u1eed l\u00fd n\u01b0\u1edbc th\u1ea3i\u00a0<\/span><\/li>\n<li style=\"font-weight: 400;\" aria-level=\"1\"><span style=\"font-weight: 400; font-family: tahoma, arial, helvetica, sans-serif;\">Gi\u1ea3i ph\u00e1p qu\u1ea3n l\u00fd v\u00e0 v\u1eadn h\u00e0nh t\u1ef1 \u0111\u1ed9ng h\u1ec7 th\u1ed1ng thu gom n\u01b0\u1edbc th\u1ea3i<\/span><\/li>\n<li style=\"font-weight: 400;\" aria-level=\"1\"><span style=\"font-weight: 400; font-family: tahoma, arial, helvetica, sans-serif;\">N\u00e2ng c\u1ea5p, c\u1ea3i t\u1ea1o nh\u00e0 m\u00e1y x\u1eed l\u00fd n\u01b0\u1edbc th\u1ea3i<\/span><\/li>\n<li style=\"font-weight: 400;\" aria-level=\"1\"><span style=\"font-weight: 400; font-family: tahoma, arial, helvetica, sans-serif;\">Cung c\u1ea5p thi\u1ebft b\u1ecb, v\u1eadt t\u01b0 to\u00e0n di\u1ec7n ng\u00e0nh n\u01b0\u1edbc th\u1ea3i\/tho\u00e1t n\u01b0\u1edbc\u2026<\/span><\/li>\n<li aria-level=\"1\">\n<h1><span style=\"font-family: tahoma, arial, helvetica, sans-serif;\"><b>GI\u1ea2I PH\u00c1P TH\u1ee6Y L\u1ee2I<\/b><\/span><\/h1>\n<\/li>\n<\/ul>\n<p style=\"font-weight: 400;\"><span style=\"font-family: tahoma, arial, helvetica, sans-serif;\"><span style=\"font-weight: 400;\">Nh\u1eb1m gi\u1ea3i quy\u1ebft nh\u1eefng v\u1ea5n \u0111\u1ec1 g\u1ea5p b\u00e1ch nh\u01b0 thi\u1ebfu n\u01b0\u1edbc, c\u1ea5p tho\u00e1t n\u01b0\u1edbc v\u00f9ng l\u0169, ph\u00f2ng ch\u1ed1ng h\u1ea1n h\u00e1n, x\u00e2m nh\u1eadp m\u1eb7n v\u00e0 nhu c\u1ea7u sinh ho\u1ea1t c\u1ee7a ng\u01b0\u1eddi d\u00e2n, <span style=\"font-family: tahoma, arial, helvetica, sans-serif; font-size: 16px;\"><b>CREATIVE<\/b><\/span><\/span><b>\u00a0l\u00e0 \u0111\u01a1n v\u1ecb ti\u00ean phong <\/b><span style=\"font-weight: 400;\">\u0111em \u0111\u1ebfn nh\u1eefng gi\u1ea3i ph\u00e1p trong l\u0129nh v\u1ef1c th\u1ee7y l\u1ee3i.\u00a0<\/span><\/span><\/p>\n<p style=\"font-weight: 400;\"><span style=\"font-weight: 400; font-family: tahoma, arial, helvetica, sans-serif;\">C\u00e1c gi\u1ea3i ph\u00e1p th\u1ee7y l\u1ee3i m\u00e0 ch\u00fang t\u00f4i \u0111\u1ec1 xu\u1ea5t \u0111\u01b0\u1ee3c \u00e1p d\u1ee5ng t\u1eeb c\u00f4ng ngh\u1ec7 t\u00edch h\u1ee3p 4.0 hi\u1ec7n \u0111\u1ea1i b\u1eb1ng c\u00e1ch s\u1eed d\u1ee5ng c\u00e1c thi\u1ebft b\u1ecb, \u1ee9ng d\u1ee5ng \u0111i\u1ec1u khi\u1ec3n t\u1eeb xa, nh\u1eb1m ki\u1ec3m so\u00e1t, qu\u1ea3n l\u00fd m\u1ea1ng n\u01b0\u1edbc cho c\u00e1c khu v\u1ef1c l\u1edbn.\u00a0\u00a0<\/span><\/p>\n<ul style=\"font-weight: 400;\">\n<li style=\"font-weight: 400;\" aria-level=\"1\"><span style=\"font-weight: 400; font-family: tahoma, arial, helvetica, sans-serif;\">Gi\u1ea3i ph\u00e1p qu\u1ea3n l\u00fd v\u00e0 v\u1eadn h\u00e0nh t\u1ef1 \u0111\u1ed9ng h\u1ec7 th\u1ed1ng th\u1ee7y l\u1ee3i<\/span><\/li>\n<li style=\"font-weight: 400;\" aria-level=\"1\"><span style=\"font-weight: 400; font-family: tahoma, arial, helvetica, sans-serif;\">Gi\u1ea3i ph\u00e1p c\u00f4ng ngh\u1ec7 ph\u1ea7n m\u1ec1m qu\u1ea3n tr\u1ecb h\u1ec7 th\u1ed1ng th\u1ee7y l\u1ee3i<\/span><\/li>\n<li style=\"font-weight: 400;\" aria-level=\"1\"><span style=\"font-weight: 400; font-family: tahoma, arial, helvetica, sans-serif;\">Cung c\u1ea5p thi\u1ebft b\u1ecb, v\u1eadt t\u01b0 to\u00e0n di\u1ec7n ng\u00e0nh th\u1ee7y l\u1ee3i\u2026<\/span><\/li>\n<\/ul>\n","protected":false},"excerpt":{"rendered":"<p>GI\u1ea2I PH\u00c1P N\u01af\u1edaC S\u1ea0CH\u00a0 CREATIVE l\u00e0 \u0111\u01a1n v\u1ecb h\u00e0ng \u0111\u1ea7u cung c\u1ea5p c\u00e1c gi\u1ea3i ph\u00e1p c\u00f4ng ngh\u1ec7 trong x\u00e2y d\u1ef1ng, qu\u1ea3n tr\u1ecb v\u00e0 v\u1eadn h\u00e0nh h\u1ec7 th\u1ed1ng x\u1eed l\u00fd n\u01b0\u1edbc s\u1ea1ch; cung c\u1ea5p thi\u1ebft b\u1ecb, v\u1eadt t\u01b0 ti\u00ean ti\u1ebfn, th\u00f4ng minh theo ti\u00eau chu\u1ea9n h\u00e0ng \u0111\u1ea7u th\u1ebf gi\u1edbi \u0111\u1ea3m b\u1ea3o mang l\u1ea1i hi\u1ec7u qu\u1ea3 kinh &#8230; <a title=\"Gi\u1ea3i ph\u00e1p\" class=\"read-more\" href=\"https:\/\/demo8.thuythu.com\/dnphawaco\/en\/giai-phap\/\" aria-label=\"More on Gi\u1ea3i ph\u00e1p\">Read more<\/a><\/p>\n","protected":false},"author":1,"featured_media":0,"parent":0,"menu_order":0,"comment_status":"closed","ping_status":"closed","template":"templates\/solution.php","meta":[],"acf":[],"yoast_head":"<!-- This site is optimized with the Yoast SEO plugin v18.5.1 - https:\/\/yoast.com\/wordpress\/plugins\/seo\/ -->\n<title>Gi\u1ea3i ph\u00e1p - T\u00ean C\u00f4ng Ty<\/title>\n<meta name=\"robots\" content=\"noindex, follow, max-snippet:-1, max-image-preview:large, max-video-preview:-1\" \/>\n<meta property=\"og:locale\" content=\"en_US\" \/>\n<meta property=\"og:type\" content=\"article\" \/>\n<meta property=\"og:title\" content=\"Gi\u1ea3i ph\u00e1p - T\u00ean C\u00f4ng Ty\" \/>\n<meta property=\"og:description\" content=\"GI\u1ea2I PH\u00c1P N\u01af\u1edaC S\u1ea0CH\u00a0 CREATIVE l\u00e0 \u0111\u01a1n v\u1ecb h\u00e0ng \u0111\u1ea7u cung c\u1ea5p c\u00e1c gi\u1ea3i ph\u00e1p c\u00f4ng ngh\u1ec7 trong x\u00e2y d\u1ef1ng, qu\u1ea3n tr\u1ecb v\u00e0 v\u1eadn h\u00e0nh h\u1ec7 th\u1ed1ng x\u1eed l\u00fd n\u01b0\u1edbc s\u1ea1ch; cung c\u1ea5p thi\u1ebft b\u1ecb, v\u1eadt t\u01b0 ti\u00ean ti\u1ebfn, th\u00f4ng minh theo ti\u00eau chu\u1ea9n h\u00e0ng \u0111\u1ea7u th\u1ebf gi\u1edbi \u0111\u1ea3m b\u1ea3o mang l\u1ea1i hi\u1ec7u qu\u1ea3 kinh ... Read more\" \/>\n<meta property=\"og:url\" content=\"https:\/\/demo8.thuythu.com\/dnphawaco\/en\/giai-phap\/\" \/>\n<meta property=\"og:site_name\" content=\"T\u00ean C\u00f4ng Ty\" \/>\n<meta property=\"article:modified_time\" content=\"2023-12-12T02:53:16+00:00\" \/>\n<meta name=\"twitter:card\" content=\"summary_large_image\" \/>\n<meta name=\"twitter:label1\" content=\"Est. reading time\" \/>\n\t<meta name=\"twitter:data1\" content=\"4 minutes\" \/>\n<script type=\"application\/ld+json\" class=\"yoast-schema-graph\">{\"@context\":\"https:\/\/schema.org\",\"@graph\":[{\"@type\":\"WebSite\",\"@id\":\"https:\/\/demo8.thuythu.com\/dnphawaco\/#website\",\"url\":\"https:\/\/demo8.thuythu.com\/dnphawaco\/\",\"name\":\"T\u00ean C\u00f4ng Ty\",\"description\":\"\",\"potentialAction\":[{\"@type\":\"SearchAction\",\"target\":{\"@type\":\"EntryPoint\",\"urlTemplate\":\"https:\/\/demo8.thuythu.com\/dnphawaco\/?s={search_term_string}\"},\"query-input\":\"required name=search_term_string\"}],\"inLanguage\":\"en-US\"},{\"@type\":\"WebPage\",\"@id\":\"https:\/\/demo8.thuythu.com\/dnphawaco\/en\/giai-phap\/#webpage\",\"url\":\"https:\/\/demo8.thuythu.com\/dnphawaco\/en\/giai-phap\/\",\"name\":\"Gi\u1ea3i ph\u00e1p - T\u00ean C\u00f4ng Ty\",\"isPartOf\":{\"@id\":\"https:\/\/demo8.thuythu.com\/dnphawaco\/#website\"},\"datePublished\":\"2022-04-12T03:37:20+00:00\",\"dateModified\":\"2023-12-12T02:53:16+00:00\",\"breadcrumb\":{\"@id\":\"https:\/\/demo8.thuythu.com\/dnphawaco\/en\/giai-phap\/#breadcrumb\"},\"inLanguage\":\"en-US\",\"potentialAction\":[{\"@type\":\"ReadAction\",\"target\":[\"https:\/\/demo8.thuythu.com\/dnphawaco\/en\/giai-phap\/\"]}]},{\"@type\":\"BreadcrumbList\",\"@id\":\"https:\/\/demo8.thuythu.com\/dnphawaco\/en\/giai-phap\/#breadcrumb\",\"itemListElement\":[{\"@type\":\"ListItem\",\"position\":1,\"name\":\"Home\",\"item\":\"https:\/\/demo8.thuythu.com\/dnphawaco\/en\/\"},{\"@type\":\"ListItem\",\"position\":2,\"name\":\"Gi\u1ea3i ph\u00e1p\"}]}]}<\/script>\n<!-- \/ Yoast SEO plugin. -->","yoast_head_json":{"title":"Gi\u1ea3i ph\u00e1p - T\u00ean C\u00f4ng Ty","robots":{"index":"noindex","follow":"follow","max-snippet":"max-snippet:-1","max-image-preview":"max-image-preview:large","max-video-preview":"max-video-preview:-1"},"og_locale":"en_US","og_type":"article","og_title":"Gi\u1ea3i ph\u00e1p - T\u00ean C\u00f4ng Ty","og_description":"GI\u1ea2I PH\u00c1P N\u01af\u1edaC S\u1ea0CH\u00a0 CREATIVE l\u00e0 \u0111\u01a1n v\u1ecb h\u00e0ng \u0111\u1ea7u cung c\u1ea5p c\u00e1c gi\u1ea3i ph\u00e1p c\u00f4ng ngh\u1ec7 trong x\u00e2y d\u1ef1ng, qu\u1ea3n tr\u1ecb v\u00e0 v\u1eadn h\u00e0nh h\u1ec7 th\u1ed1ng x\u1eed l\u00fd n\u01b0\u1edbc s\u1ea1ch; cung c\u1ea5p thi\u1ebft b\u1ecb, v\u1eadt t\u01b0 ti\u00ean ti\u1ebfn, th\u00f4ng minh theo ti\u00eau chu\u1ea9n h\u00e0ng \u0111\u1ea7u th\u1ebf gi\u1edbi \u0111\u1ea3m b\u1ea3o mang l\u1ea1i hi\u1ec7u qu\u1ea3 kinh ... Read more","og_url":"https:\/\/demo8.thuythu.com\/dnphawaco\/en\/giai-phap\/","og_site_name":"T\u00ean C\u00f4ng Ty","article_modified_time":"2023-12-12T02:53:16+00:00","twitter_card":"summary_large_image","twitter_misc":{"Est. reading time":"4 minutes"},"schema":{"@context":"https:\/\/schema.org","@graph":[{"@type":"WebSite","@id":"https:\/\/demo8.thuythu.com\/dnphawaco\/#website","url":"https:\/\/demo8.thuythu.com\/dnphawaco\/","name":"T\u00ean C\u00f4ng Ty","description":"","potentialAction":[{"@type":"SearchAction","target":{"@type":"EntryPoint","urlTemplate":"https:\/\/demo8.thuythu.com\/dnphawaco\/?s={search_term_string}"},"query-input":"required name=search_term_string"}],"inLanguage":"en-US"},{"@type":"WebPage","@id":"https:\/\/demo8.thuythu.com\/dnphawaco\/en\/giai-phap\/#webpage","url":"https:\/\/demo8.thuythu.com\/dnphawaco\/en\/giai-phap\/","name":"Gi\u1ea3i ph\u00e1p - T\u00ean C\u00f4ng Ty","isPartOf":{"@id":"https:\/\/demo8.thuythu.com\/dnphawaco\/#website"},"datePublished":"2022-04-12T03:37:20+00:00","dateModified":"2023-12-12T02:53:16+00:00","breadcrumb":{"@id":"https:\/\/demo8.thuythu.com\/dnphawaco\/en\/giai-phap\/#breadcrumb"},"inLanguage":"en-US","potentialAction":[{"@type":"ReadAction","target":["https:\/\/demo8.thuythu.com\/dnphawaco\/en\/giai-phap\/"]}]},{"@type":"BreadcrumbList","@id":"https:\/\/demo8.thuythu.com\/dnphawaco\/en\/giai-phap\/#breadcrumb","itemListElement":[{"@type":"ListItem","position":1,"name":"Home","item":"https:\/\/demo8.thuythu.com\/dnphawaco\/en\/"},{"@type":"ListItem","position":2,"name":"Gi\u1ea3i ph\u00e1p"}]}]}},"_links":{"self":[{"href":"https:\/\/demo8.thuythu.com\/dnphawaco\/en\/wp-json\/wp\/v2\/pages\/710"}],"collection":[{"href":"https:\/\/demo8.thuythu.com\/dnphawaco\/en\/wp-json\/wp\/v2\/pages"}],"about":[{"href":"https:\/\/demo8.thuythu.com\/dnphawaco\/en\/wp-json\/wp\/v2\/types\/page"}],"author":[{"embeddable":true,"href":"https:\/\/demo8.thuythu.com\/dnphawaco\/en\/wp-json\/wp\/v2\/users\/1"}],"replies":[{"embeddable":true,"href":"https:\/\/demo8.thuythu.com\/dnphawaco\/en\/wp-json\/wp\/v2\/comments?post=710"}],"version-history":[{"count":5,"href":"https:\/\/demo8.thuythu.com\/dnphawaco\/en\/wp-json\/wp\/v2\/pages\/710\/revisions"}],"predecessor-version":[{"id":1607,"href":"https:\/\/demo8.thuythu.com\/dnphawaco\/en\/wp-json\/wp\/v2\/pages\/710\/revisions\/1607"}],"wp:attachment":[{"href":"https:\/\/demo8.thuythu.com\/dnphawaco\/en\/wp-json\/wp\/v2\/media?parent=710"}],"curies":[{"name":"wp","href":"https:\/\/api.w.org\/{rel}","templated":true}]}}