{"id":293,"date":"2021-08-15T21:03:17","date_gmt":"2021-08-15T14:03:17","guid":{"rendered":"https:\/\/demo8.thuythu.com\/fdmart\/?page_id=293"},"modified":"2023-10-04T16:18:05","modified_gmt":"2023-10-04T09:18:05","slug":"chinh-sach-giao-hang","status":"publish","type":"page","link":"https:\/\/demo8.thuythu.com\/fdmart\/chinh-sach-giao-hang\/","title":{"rendered":"Ch\u00ednh s\u00e1ch giao h\u00e0ng"},"content":{"rendered":"<div class=\"main1 firstbox\">\n<div class=\"info-freeship\">\n<div class=\"info-weight-text\">\n<h1>PH\u00cd GIAO H\u00c0NG THEO TR\u1eccNG L\u01af\u1ee2NG<\/h1>\n<\/div>\n<table class=\"table-delivery\">\n<tbody>\n<tr>\n<th class=\"line_color_1\" rowspan=\"2\">\n<div>Tr\u1ecdng l\u01b0\u1ee3ng (Kg)<\/div>\n<\/th>\n<th class=\"line_color_3\" colspan=\"3\">\n<div>Ph\u00ed Giao (8h-21h)<\/div>\n<\/th>\n<\/tr>\n<tr class=\"tr-delivery\">\n<td>\n<div>Ph\u00ed chu\u1ea9n<\/div>\n<\/td>\n<td>\n<div>B\u1ea1c<\/div>\n<\/td>\n<td>\n<div>V\u00e0ng<\/div>\n<\/td>\n<\/tr>\n<tr>\n<td>D\u01b0\u1edbi 5kg<\/td>\n<td>15.000\u0111<\/td>\n<td rowspan=\"6\" align=\"center\">Ho\u00e0n ph\u00ed giao 50% cho m\u1ecdi \u0111\u01a1n h\u00e0ng v\u00e0 4 l\u1ea7n mi\u1ec5n ph\u00ed giao\/th\u00e1ng cho \u0111\u01a1n t\u1eeb 150.000\u0111<\/td>\n<td rowspan=\"6\" align=\"center\">Ho\u00e0n 100% ph\u00ed giao cho \u0111\u01a1n h\u00e0ng t\u1eeb 150.000\u0111<br \/>\n\u0110\u01a1n d\u01b0\u1edbi 150.000\u0111 t\u00ednh ph\u00ed d\u1ef1a theo tr\u1ecdng l\u01b0\u1ee3ng<\/td>\n<\/tr>\n<tr>\n<td>T\u1eeb 5 \u0111\u1ebfn d\u01b0\u1edbi 10 Kg<\/td>\n<td>20.000\u0111<\/td>\n<\/tr>\n<tr>\n<td>T\u1eeb 10 \u0111\u1ebfn d\u01b0\u1edbi 15 Kg<\/td>\n<td>25.000\u0111<\/td>\n<\/tr>\n<tr>\n<td>T\u1eeb 15 \u0111\u1ebfn d\u01b0\u1edbi 20 Kg<\/td>\n<td>30.000\u0111<\/td>\n<\/tr>\n<tr>\n<td>T\u1eeb 20 \u0111\u1ebfn d\u01b0\u1edbi 30 Kg<\/td>\n<td>35.000\u0111<\/td>\n<\/tr>\n<tr>\n<td>Tr\u00ean 30kg<\/td>\n<td>40.000\u0111<\/p>\n<div>(Ho\u1eb7c 3% gi\u00e1 tr\u1ecb \u0111\u01a1n h\u00e0ng)<\/div>\n<\/td>\n<\/tr>\n<\/tbody>\n<\/table>\n<div id=\"surcharge\" class=\"surcharge\">** S\u1ea3n ph\u1ea9m c\u00f3 tr\u1ecdng l\u01b0\u1ee3ng tr\u00ean 9kg v\u00e0 d\u01b0\u1edbi 600.000\u0111\/ s\u1ea3n ph\u1ea9m s\u1ebd ph\u1ee5 thu ph\u00ed giao h\u00e0ng n\u1eb7ng, c\u1ed3ng k\u1ec1nh l\u00e0 9.000\u0111\/ l\u1ea7n giao<br \/>\n** \u0110\u01a1n h\u00e0ng \u0111\u01b0\u1ee3c mi\u1ec5n ph\u00ed giao (theo gi\u00e1 tr\u1ecb \u0111\u01a1n h\u00e0ng ho\u1eb7c ch\u00ednh s\u00e1ch kh\u00e1ch h\u00e0ng V\u00e0ng, B\u1ea1c, \u0110\u1ed3ng) v\u1eabn thu ph\u1ee5 ph\u00ed h\u00e0ng n\u1eb7ng.<br \/>\n** Ch\u00ednh s\u00e1ch \u0111\u01b0\u1ee3c c\u1eadp nh\u1eadt ng\u00e0y 01\/07\/2023<\/div>\n<\/div>\n<\/div>\n<div class=\"main-now\">\n<div class=\"info-feeship-now\">\n<div class=\"info-text-now\">PH\u00cd GIAO NGAY<\/div>\n<table class=\"table-delivery-now\">\n<tbody>\n<tr class=\"line_color_1\">\n<th>Kho\u1ea3ng c\u00e1ch (Km)<\/th>\n<th>K\u00edch th\u01b0\u1edbc, tr\u1ecdng l\u01b0\u1ee3ng<\/th>\n<th>Ph\u00ed giao (8h-21h)<\/th>\n<\/tr>\n<tr>\n<td>T\u1eeb 3km tr\u1edf xu\u1ed1ng<\/td>\n<td rowspan=\"3\">K\u00edch th\u01b0\u1edbc: T\u1ed1i \u0111a 50x40x50cm<br \/>\nTr\u1ecdng l\u01b0\u1ee3ng: T\u1ed1i \u0111a 30kg<\/td>\n<td>23.000\u0111<\/td>\n<\/tr>\n<tr>\n<td>Tr\u00ean 3km \u0111\u1ebfn 4km<\/td>\n<td>25.000\u0111<\/td>\n<\/tr>\n<tr>\n<td>M\u1ed7i km ti\u1ebfp theo<\/td>\n<td>5.000\u0111<\/td>\n<\/tr>\n<\/tbody>\n<\/table>\n<div class=\"surcharge\">** S\u1ea3n ph\u1ea9m c\u00f3 k\u00edch th\u01b0\u1edbc tr\u00ean 50x40x50 (cm) v\u00e0 tr\u1ecdng l\u01b0\u1ee3ng tr\u00ean 30kg s\u1ebd ph\u1ee5 thu ph\u00ed giao h\u00e0ng n\u1eb7ng, c\u1ed3ng k\u1ec1nh l\u00e0 15.000\u0111\/l\u1ea7n giao<br \/>\n** K\u00edch c\u1ee1, kh\u1ed1i l\u01b0\u1ee3ng t\u1ed1i \u0111a cho ph\u00e9p c\u1ee7a h\u00e0ng c\u1ed3ng k\u1ec1nh l\u00e0 60x60x70 (cm) v\u00e0 50kg<br \/>\n** Ch\u00ednh s\u00e1ch mi\u1ec5n ph\u00ed giao theo gi\u00e1 tr\u1ecb \u0111\u01a1n h\u00e0ng ho\u1eb7c kh\u00e1ch h\u00e0ng V\u00e0ng, B\u1ea1c, \u0110\u1ed3ng kh\u00f4ng \u00e1p d\u1ee5ng v\u1edbi h\u00ecnh th\u1ee9c Giao ngay<\/p>\n<p><b>\u0110\u1ed1i v\u1edbi h\u00ecnh th\u1ee9c Giao ngay, B\u00e1ch h\u00f3a XANH \u00e1p d\u1ee5ng ch\u00ednh s\u00e1ch tr\u1ee3 gi\u00e1 ph\u00ed giao h\u00e0ng nh\u01b0 sau:<\/b><\/p>\n<ul>\n<li>\u2022 \u0110\u01a1n h\u00e0ng d\u01b0\u1edbi 150.000\u0111: Kh\u00f4ng \u00e1p d\u1ee5ng<\/li>\n<li>\u2022 \u0110\u01a1n h\u00e0ng t\u1eeb 150.000\u0111 \u0111\u1ebfn d\u01b0\u1edbi 300.000\u0111: \u00c1p d\u1ee5ng tr\u1ee3 gi\u00e1 10.000\u0111\/1 \u0111\u01a1n h\u00e0ng<\/li>\n<li>\u2022 \u0110\u01a1n h\u00e0ng t\u1eeb 300.000\u0111 tr\u1edf l\u00ean: \u00c1p d\u1ee5ng tr\u1ee3 gi\u00e1 15.000\u0111\/1 \u0111\u01a1n h\u00e0ng<\/li>\n<\/ul>\n<\/div>\n<\/div>\n<\/div>\n<div class=\"main2\">\n<div class=\"slogan\">GIAO H\u00c0NG T\u1eacN C\u1eecA &#8211; \u0110\u00daNG CAM K\u1ebeT<\/div>\n<div class=\"shiptool\">\n<div class=\"ship\"><img loading=\"lazy\" class=\"img2\" src=\"https:\/\/cdn.tgdd.vn\/bachhoaxanh\/www\/Content\/images\/ship\/2.png\" width=\"85\" height=\"85\" \/><\/p>\n<div class=\"main\">\n<h2>1. Giao h\u00e0ng t\u1eadn c\u1eeda<\/h2>\n<div class=\"content-ship\">D\u00f9 b\u1ea1n \u1edf v\u0103n ph\u00f2ng hay chung c\u01b0 cao t\u1ea7ng, th\u1eadm ch\u00ed kh\u00f4ng c\u00f3 thang m\u00e1y, BachhoaXANH.com \u0111\u1ea3m b\u1ea3o giao h\u00e0ng t\u1eadn c\u1eeda, b\u1ea1n kh\u00f4ng c\u1ea7n d\u1eebng c\u00f4ng vi\u1ec7c \u0111\u1ec3 xu\u1ed1ng l\u1ea5y h\u00e0ng!<\/p>\n<p>Khu v\u1ef1c giao h\u00e0ng hi\u1ec7n t\u1ea1i: TP. H\u1ed3 Ch\u00ed Minh (Tr\u1eeb C\u1ea7n Gi\u1edd),TP. Phan Thi\u1ebft, TP. Nha Trang, TP. Bi\u00ean H\u00f2a, B\u00ecnh D\u01b0\u01a1ng: Th\u1ecb X\u00e3 B\u1ebfn C\u00e1t (Tr\u1eeb X\u00e3 An T\u00e2y), Huy\u1ec7n Ph\u00fa Gi\u00e1o (\u00c1p d\u1ee5ng t\u1ea1i X\u00e3 V\u0129nh H\u00f2a, X\u00e3 Ph\u01b0\u1edbc H\u00f2a, Th\u1ecb Tr\u1ea5n Ph\u01b0\u1edbc V\u0129nh), Th\u1ecb X\u00e3 T\u00e2n Uy\u00ean (Tr\u1eeb Ph\u01b0\u1eddng H\u1ed9i Ngh\u0129a, Ph\u01b0\u1eddng V\u0129nh T\u00e2n), TP. Thu\u1eadn An, TP. D\u0129 An, TP. Th\u1ee7 D\u1ea7u M\u1ed9t, TP. C\u1ea7n Th\u01a1: Qu\u1eadn Ninh Ki\u1ec1u, Qu\u1eadn C\u00e1i R\u0103ng, Qu\u1eadn B\u00ecnh Th\u1ee7y, TP. T\u00e2n An (Long An), TP. M\u1ef9 Tho, TP. Bu\u00f4n Ma Thu\u1ed9t, TP. V\u0169ng T\u00e0u, Tp. T\u00e2y Ninh (Tr\u1eeb X\u00e3 Th\u1ea1nh T\u00e2n, X\u00e3 T\u00e2n B\u00ecnh), Huy\u1ec7n Ch\u00e2u Th\u00e0nh (Tr\u1eeb X\u00e3 H\u1ea3o \u0110\u01b0\u1edbc, X\u00e3 Ph\u01b0\u1edbc Vinh, X\u00e3 \u0110\u1ed3ng Kh\u1edfi, X\u00e3 An C\u01a1, X\u00e3 Bi\u00ean Gi\u1edbi, X\u00e3 H\u00f2a Th\u1ea1nh, X\u00e3 H\u00f2a H\u1ed9i, X\u00e3 Th\u00e0nh Long, X\u00e3 Ninh \u0110i\u1ec1n, X\u00e3 Long V\u0129nh), Th\u1ecb X\u00e3 H\u00f2a Th\u00e0nh (Tr\u1eeb Tr\u01b0\u1eddng H\u00f2a, Tr\u01b0\u1eddng \u0110\u00f4ng) (BachhoaXANH.com \u0111ang m\u1edf r\u1ed9ng th\u00eam).<\/p>\n<p>Khu v\u1ef1c \u00e1p d\u1ee5ng h\u00ecnh th\u1ee9c Giao ngay: TP. H\u1ed3 Ch\u00ed Minh (tr\u1eeb C\u1ea7n Gi\u1edd), TP. Thu\u1eadn An, TP. D\u0129 An, TP. Bi\u00ean H\u00f2a<\/p><\/div>\n<\/div>\n<\/div>\n<\/div>\n<\/div>\n","protected":false},"excerpt":{"rendered":"<p>PH\u00cd GIAO H\u00c0NG THEO TR\u1eccNG L\u01af\u1ee2NG Tr\u1ecdng l\u01b0\u1ee3ng (Kg) Ph\u00ed Giao (8h-21h) Ph\u00ed chu\u1ea9n B\u1ea1c V\u00e0ng D\u01b0\u1edbi 5kg 15.000\u0111 Ho\u00e0n ph\u00ed giao 50% cho m\u1ecdi \u0111\u01a1n h\u00e0ng v\u00e0 4 l\u1ea7n mi\u1ec5n ph\u00ed giao\/th\u00e1ng cho \u0111\u01a1n t\u1eeb 150.000\u0111 Ho\u00e0n 100% ph\u00ed giao cho \u0111\u01a1n h\u00e0ng t\u1eeb 150.000\u0111 \u0110\u01a1n d\u01b0\u1edbi 150.000\u0111 t\u00ednh ph\u00ed d\u1ef1a theo tr\u1ecdng l\u01b0\u1ee3ng [&hellip;]<\/p>\n","protected":false},"author":2,"featured_media":0,"parent":0,"menu_order":0,"comment_status":"closed","ping_status":"closed","template":"templates\/template-policy.php","meta":[],"_links":{"self":[{"href":"https:\/\/demo8.thuythu.com\/fdmart\/wp-json\/wp\/v2\/pages\/293"}],"collection":[{"href":"https:\/\/demo8.thuythu.com\/fdmart\/wp-json\/wp\/v2\/pages"}],"about":[{"href":"https:\/\/demo8.thuythu.com\/fdmart\/wp-json\/wp\/v2\/types\/page"}],"author":[{"embeddable":true,"href":"https:\/\/demo8.thuythu.com\/fdmart\/wp-json\/wp\/v2\/users\/2"}],"replies":[{"embeddable":true,"href":"https:\/\/demo8.thuythu.com\/fdmart\/wp-json\/wp\/v2\/comments?post=293"}],"version-history":[{"count":7,"href":"https:\/\/demo8.thuythu.com\/fdmart\/wp-json\/wp\/v2\/pages\/293\/revisions"}],"predecessor-version":[{"id":35202,"href":"https:\/\/demo8.thuythu.com\/fdmart\/wp-json\/wp\/v2\/pages\/293\/revisions\/35202"}],"wp:attachment":[{"href":"https:\/\/demo8.thuythu.com\/fdmart\/wp-json\/wp\/v2\/media?parent=293"}],"curies":[{"name":"wp","href":"https:\/\/api.w.org\/{rel}","templated":true}]}}