{"id":22783,"date":"2022-09-29T22:09:04","date_gmt":"2022-09-29T15:09:04","guid":{"rendered":"https:\/\/demo8.thuythu.com\/fdmart\/san-pham\/_043-6a-hop-xe-hoi-ferrari-hoa-van-dk-7-d-tac-co-sac-tl-114-model-car-_042\/"},"modified":"2022-09-29T22:09:04","modified_gmt":"2022-09-29T15:09:04","slug":"_043-6a-hop-xe-hoi-ferrari-hoa-van-dk-7-d-tac-co-sac-tl-114-model-car-_042","status":"publish","type":"product","link":"https:\/\/demo8.thuythu.com\/fdmart\/san-pham\/_043-6a-hop-xe-hoi-ferrari-hoa-van-dk-7-d-tac-co-sac-tl-114-model-car-_042\/","title":{"rendered":"_043-6a H\u1ed9p Xe H\u01a1i Ferrari Hoa V\u0103n \u0110k 7 \u0110.T\u00e1c, C\u00f3 S\u1ea1c Tl 1:14 Model Car _042-"},"content":{"rendered":"","protected":false},"excerpt":{"rendered":"","protected":false},"featured_media":22782,"comment_status":"open","ping_status":"closed","template":"","meta":[],"product_cat":[541],"product_tag":[],"_links":{"self":[{"href":"https:\/\/demo8.thuythu.com\/fdmart\/wp-json\/wp\/v2\/product\/22783"}],"collection":[{"href":"https:\/\/demo8.thuythu.com\/fdmart\/wp-json\/wp\/v2\/product"}],"about":[{"href":"https:\/\/demo8.thuythu.com\/fdmart\/wp-json\/wp\/v2\/types\/product"}],"replies":[{"embeddable":true,"href":"https:\/\/demo8.thuythu.com\/fdmart\/wp-json\/wp\/v2\/comments?post=22783"}],"wp:featuredmedia":[{"embeddable":true,"href":"https:\/\/demo8.thuythu.com\/fdmart\/wp-json\/wp\/v2\/media\/22782"}],"wp:attachment":[{"href":"https:\/\/demo8.thuythu.com\/fdmart\/wp-json\/wp\/v2\/media?parent=22783"}],"wp:term":[{"taxonomy":"product_cat","embeddable":true,"href":"https:\/\/demo8.thuythu.com\/fdmart\/wp-json\/wp\/v2\/product_cat?post=22783"},{"taxonomy":"product_tag","embeddable":true,"href":"https:\/\/demo8.thuythu.com\/fdmart\/wp-json\/wp\/v2\/product_tag?post=22783"}],"curies":[{"name":"wp","href":"https:\/\/api.w.org\/{rel}","templated":true}]}}